{"id":1207,"date":"2016-09-05T20:01:09","date_gmt":"2016-09-05T20:01:09","guid":{"rendered":"http:\/\/demos.famethemes.com\/screenr-plus\/?page_id=15"},"modified":"2025-11-06T09:58:54","modified_gmt":"2025-11-06T09:58:54","slug":"concu-pour-chaque-apprenant","status":"publish","type":"page","link":"https:\/\/holaspain.agency\/fr\/designed-for-every-learner\/","title":{"rendered":"Con\u00e7u pour chaque apprenant"},"content":{"rendered":"<div class=\"wpb-content-wrapper\"><div class=\"vc_row wpb_row vc_row-fluid\"><div class=\"wpb_column vc_column_container vc_col-sm-12\"><div class=\"vc_column-inner\"><div class=\"wpb_wrapper\">\n\t<div class=\"wpb_text_column wpb_content_element\" >\n\t\t<div class=\"wpb_wrapper\">\n\t\t\t<h1 style=\"text-align: justify;\">Cours d'espagnol con\u00e7us pour tous les apprenants<\/h1>\n<p style=\"text-align: justify;\">Que vous soyez un d\u00e9butant ou un orateur chevronn\u00e9, notre <strong>Cours d'espagnol pour adolescents et adultes<\/strong> sont adapt\u00e9s \u00e0 vos objectifs d'apprentissage individuels. Chaque programme est soigneusement structur\u00e9 pour combiner des le\u00e7ons interactives avec des exp\u00e9riences pratiques, garantissant que vos comp\u00e9tences en espagnol s'am\u00e9liorent rapidement et en toute confiance.<\/p>\n<h2 style=\"text-align: justify;\">Programmes sur mesure<\/h2>\n<p style=\"text-align: justify;\">Nos cours sont con\u00e7us pour tous les niveaux et tous les \u00e2ges. Des d\u00e9butants qui font leurs premiers pas en espagnol aux apprenants avanc\u00e9s qui cherchent \u00e0 parler couramment, nous proposons des programmes adapt\u00e9s \u00e0 vos capacit\u00e9s et \u00e0 votre style d'apprentissage.<\/p>\n<h2 style=\"text-align: justify;\">Options d'apprentissage flexibles<\/h2>\n<p style=\"text-align: justify;\">Vous avez le choix entre des cours de courte dur\u00e9e, des programmes d'\u00e9t\u00e9 ou des exp\u00e9riences d'immersion \u00e0 long terme. Notre approche flexible vous permet d'\u00e9tudier \u00e0 votre rythme tout en profitant de la culture et du mode de vie espagnols.<\/p>\n<h2 style=\"text-align: justify;\">Exp\u00e9rience pratique<\/h2>\n<p style=\"text-align: justify;\">Nous combinons les cours en classe avec des exp\u00e9riences de la vie r\u00e9elle - des excursions culturelles aux interactions sociales avec des locuteurs natifs - vous aidant \u00e0 appliquer ce que vous apprenez dans des situations authentiques et \u00e0 gagner en confiance pour parler espagnol.<\/p>\n<p style=\"text-align: justify;\"><strong>Trouvez le cours qui vous convient le mieux et commencez \u00e0 parler couramment l'espagnol d\u00e8s aujourd'hui !<\/strong><\/p>\n\n\t\t<\/div>\n\t<\/div>\n<section class=\"vc_cta3-container\"><div class=\"vc_general vc_do_cta3 vc_cta3 vc_cta3-style-outline vc_cta3-shape-rounded vc_cta3-align-left vc_cta3-color-classic vc_cta3-icon-size-md vc_cta3-icons-left vc_cta3-actions-right\"><div class=\"vc_cta3-icons\"><div class=\"vc_icon_element vc_icon_element-outer vc_do_icon vc_icon_element-align-left\"><div class=\"vc_icon_element-inner vc_icon_element-color-turquoise vc_icon_element-size-md vc_icon_element-style- vc_icon_element-background-color-grey\" ><span class=\"vc_icon_element-icon fa fa-solid fa-arrow-right-from-bracket\" ><\/span><\/div><\/div><\/div><div class=\"vc_cta3_content-container\"><div class=\"vc_cta3-content\"><header class=\"vc_cta3-content-header\"><h2>Commencez votre aventure espagnole d\u00e8s aujourd'hui !<\/h2><\/header><p>Vous avez des questions ou vous souhaitez trouver le cours d'espagnol id\u00e9al ? Contactez HolaSpain aujourd'hui et laissez-nous vous aider \u00e0 planifier votre exp\u00e9rience d'apprentissage en Espagne.<\/p>\n<\/div><div class=\"vc_cta3-actions\"><div class=\"vc_btn3-container vc_btn3-inline vc_do_btn\" ><a class=\"vc_general vc_btn3 vc_btn3-size-md vc_btn3-shape-rounded vc_btn3-style-modern vc_btn3-color-info\" href=\"https:\/\/holaspain.agency\/fr\/#contact\" title=\"\">Prendre contact aujourd'hui<\/a><\/div><\/div><\/div><\/div><\/section><\/div><\/div><\/div><\/div>\n<\/div>","protected":false},"excerpt":{"rendered":"<p>Des programmes sur mesure pour tous les \u00e2ges et tous les niveaux - que vous soyez d\u00e9butant ou que vous parliez couramment, nous rendons l'apprentissage de l'espagnol attrayant et efficace pour tout le monde.<\/p>","protected":false},"author":1,"featured_media":1402,"parent":0,"menu_order":0,"comment_status":"closed","ping_status":"closed","template":"","meta":{"_seopress_robots_primary_cat":"","_seopress_titles_title":"Hola Spain %%sep%% %%post_title%%","_seopress_titles_desc":"","_seopress_robots_index":"","_daextam_enable_autolinks":"","footnotes":""},"categories":[],"tags":[],"class_list":["post-1207","page","type-page","status-publish","has-post-thumbnail","hentry"],"_links":{"self":[{"href":"https:\/\/holaspain.agency\/fr\/wp-json\/wp\/v2\/pages\/1207","targetHints":{"allow":["GET"]}}],"collection":[{"href":"https:\/\/holaspain.agency\/fr\/wp-json\/wp\/v2\/pages"}],"about":[{"href":"https:\/\/holaspain.agency\/fr\/wp-json\/wp\/v2\/types\/page"}],"author":[{"embeddable":true,"href":"https:\/\/holaspain.agency\/fr\/wp-json\/wp\/v2\/users\/1"}],"replies":[{"embeddable":true,"href":"https:\/\/holaspain.agency\/fr\/wp-json\/wp\/v2\/comments?post=1207"}],"version-history":[{"count":8,"href":"https:\/\/holaspain.agency\/fr\/wp-json\/wp\/v2\/pages\/1207\/revisions"}],"predecessor-version":[{"id":2026,"href":"https:\/\/holaspain.agency\/fr\/wp-json\/wp\/v2\/pages\/1207\/revisions\/2026"}],"wp:featuredmedia":[{"embeddable":true,"href":"https:\/\/holaspain.agency\/fr\/wp-json\/wp\/v2\/media\/1402"}],"wp:attachment":[{"href":"https:\/\/holaspain.agency\/fr\/wp-json\/wp\/v2\/media?parent=1207"}],"wp:term":[{"taxonomy":"category","embeddable":true,"href":"https:\/\/holaspain.agency\/fr\/wp-json\/wp\/v2\/categories?post=1207"},{"taxonomy":"post_tag","embeddable":true,"href":"https:\/\/holaspain.agency\/fr\/wp-json\/wp\/v2\/tags?post=1207"}],"curies":[{"name":"wp","href":"https:\/\/api.w.org\/{rel}","templated":true}]}}