{"id":1206,"date":"2016-09-05T20:00:36","date_gmt":"2016-09-05T20:00:36","guid":{"rendered":"http:\/\/demos.famethemes.com\/screenr-plus\/?page_id=14"},"modified":"2025-10-19T13:07:05","modified_gmt":"2025-10-19T13:07:05","slug":"decouvrir-se-connecter-et-grandir","status":"publish","type":"page","link":"https:\/\/holaspain.agency\/fr\/discover-connect-and-grow\/","title":{"rendered":"D\u00e9couvrir, se connecter et se d\u00e9velopper"},"content":{"rendered":"<div class=\"wpb-content-wrapper\"><div class=\"vc_row wpb_row vc_row-fluid\"><div class=\"wpb_column vc_column_container vc_col-sm-12\"><div class=\"vc_column-inner\"><div class=\"wpb_wrapper\">\n\t<div class=\"wpb_text_column wpb_content_element\" >\n\t\t<div class=\"wpb_wrapper\">\n\t\t\t<h1 style=\"text-align: justify;\">D\u00e9couvrir, se connecter et se d\u00e9velopper en Espagne<\/h1>\n<p style=\"text-align: justify;\">Plongez dans la vie espagnole tout en apprenant la langue. Chaque jour offre la possibilit\u00e9 de <strong>entrer en contact avec les habitants<\/strong>, Les \u00e9l\u00e8ves peuvent ainsi d\u00e9couvrir de riches traditions et s'\u00e9panouir sur le plan personnel et acad\u00e9mique. Nos programmes sont con\u00e7us pour aider les \u00e9tudiants de tous \u00e2ges \u00e0 vivre la langue, \u00e0 \u00e9tablir des liens significatifs et \u00e0 prendre confiance en leurs comp\u00e9tences en espagnol.<\/p>\n<h2 style=\"text-align: justify;\">Se connecter avec les gens<\/h2>\n<p style=\"text-align: justify;\">Rencontrez des camarades de classe du monde entier et participez \u00e0 des activit\u00e9s sociales et culturelles. Construisez des amiti\u00e9s qui dureront toute votre vie tout en profitant d'exp\u00e9riences espagnoles authentiques au sein d'une communaut\u00e9 accueillante.<\/p>\n<h2 style=\"text-align: justify;\">D\u00e9couvrir la culture espagnole<\/h2>\n<p style=\"text-align: justify;\">Des ateliers de flamenco aux visites guid\u00e9es de la ville et aux festivals locaux, vous vous immergerez dans les traditions vibrantes de l'Espagne. Chaque activit\u00e9 est con\u00e7ue pour compl\u00e9ter votre apprentissage de la langue et approfondir votre compr\u00e9hension de la culture.<\/p>\n<h2 style=\"text-align: justify;\">D\u00e9veloppez vos comp\u00e9tences linguistiques<\/h2>\n<p style=\"text-align: justify;\">L'interaction quotidienne avec des locuteurs natifs, les le\u00e7ons structur\u00e9es et la pratique en situation r\u00e9elle garantissent une am\u00e9lioration rapide. Que vous soyez d\u00e9butant ou avanc\u00e9, notre <strong>Programmes d'immersion en espagnol<\/strong> rendre l'apprentissage attrayant et efficace.<\/p>\n<p style=\"text-align: justify;\"><strong>Commencez votre aventure espagnole d\u00e8s aujourd'hui - vivez, connectez-vous et d\u00e9veloppez vos activit\u00e9s en Espagne !<\/strong><\/p>\n\n\t\t<\/div>\n\t<\/div>\n<\/div><\/div><\/div><\/div>\n<\/div>","protected":false},"excerpt":{"rendered":"<p>Explorez de nouvelles cultures, cr\u00e9ez des liens durables et am\u00e9liorez vos comp\u00e9tences linguistiques gr\u00e2ce \u00e0 des exp\u00e9riences immersives d'apprentissage de l'espagnol.<\/p>","protected":false},"author":1,"featured_media":1394,"parent":0,"menu_order":0,"comment_status":"closed","ping_status":"closed","template":"","meta":{"_seopress_robots_primary_cat":"","_seopress_titles_title":"Hola Spain %%sep%% Spanish Immersion Programmes in Spain","_seopress_titles_desc":"Explore Spanish immersion programmes that combine language learning, culture, and travel. Study Spanish in Spain and live an unforgettable adventure.","_seopress_robots_index":"","_daextam_enable_autolinks":"","footnotes":""},"categories":[],"tags":[],"class_list":["post-1206","page","type-page","status-publish","has-post-thumbnail","hentry"],"_links":{"self":[{"href":"https:\/\/holaspain.agency\/fr\/wp-json\/wp\/v2\/pages\/1206","targetHints":{"allow":["GET"]}}],"collection":[{"href":"https:\/\/holaspain.agency\/fr\/wp-json\/wp\/v2\/pages"}],"about":[{"href":"https:\/\/holaspain.agency\/fr\/wp-json\/wp\/v2\/types\/page"}],"author":[{"embeddable":true,"href":"https:\/\/holaspain.agency\/fr\/wp-json\/wp\/v2\/users\/1"}],"replies":[{"embeddable":true,"href":"https:\/\/holaspain.agency\/fr\/wp-json\/wp\/v2\/comments?post=1206"}],"version-history":[{"count":8,"href":"https:\/\/holaspain.agency\/fr\/wp-json\/wp\/v2\/pages\/1206\/revisions"}],"predecessor-version":[{"id":1401,"href":"https:\/\/holaspain.agency\/fr\/wp-json\/wp\/v2\/pages\/1206\/revisions\/1401"}],"wp:featuredmedia":[{"embeddable":true,"href":"https:\/\/holaspain.agency\/fr\/wp-json\/wp\/v2\/media\/1394"}],"wp:attachment":[{"href":"https:\/\/holaspain.agency\/fr\/wp-json\/wp\/v2\/media?parent=1206"}],"wp:term":[{"taxonomy":"category","embeddable":true,"href":"https:\/\/holaspain.agency\/fr\/wp-json\/wp\/v2\/categories?post=1206"},{"taxonomy":"post_tag","embeddable":true,"href":"https:\/\/holaspain.agency\/fr\/wp-json\/wp\/v2\/tags?post=1206"}],"curies":[{"name":"wp","href":"https:\/\/api.w.org\/{rel}","templated":true}]}}