{"id":1204,"date":"2016-09-05T18:36:04","date_gmt":"2016-09-05T18:36:04","guid":{"rendered":"http:\/\/demos.famethemes.com\/screenr-plus\/?page_id=5"},"modified":"2025-10-24T11:19:03","modified_gmt":"2025-10-24T11:19:03","slug":"homepage","status":"publish","type":"page","link":"https:\/\/holaspain.agency\/fr\/","title":{"rendered":"Agence pour l'\u00e9ducation"},"content":{"rendered":"<div class=\"wpb-content-wrapper\"><div class=\"vc_row wpb_row vc_row-fluid\"><div class=\"wpb_column vc_column_container vc_col-sm-12\"><div class=\"vc_column-inner\"><div class=\"wpb_wrapper\">\n\t<div class=\"wpb_text_column wpb_content_element\" >\n\t\t<div class=\"wpb_wrapper\">\n\t\t\t<h1 data-pm-slice=\"0 0 &#091;&#093;\">Apprendre l'espagnol en Espagne<\/h1>\n<h2>Cours d'espagnol en Espagne<\/h2>\n<h3>Programmes d'immersion en espagnol<\/h3>\n<h4>\u00c9tudier l'espagnol \u00e0 l'\u00e9tranger<\/h4>\n<h2>Programmes d'espagnol pour les adolescents<\/h2>\n<h3>Groupes scolaires Espagne<\/h3>\n<h4>Immersion culturelle Espagne<\/h4>\n<h2>Cours intensifs d'espagnol<\/h2>\n<h3>Programmes de langue espagnole<\/h3>\n<h4>\u00c9tudier \u00e0 l'\u00e9tranger en Espagne<\/h4>\n\n\t\t<\/div>\n\t<\/div>\n<\/div><\/div><\/div><\/div>\n<\/div>","protected":false},"excerpt":{"rendered":"Apprendre l'espagnol en Espagne Cours d'espagnol en Espagne Programmes d'immersion en Espagne \u00c9tudier l'espagnol \u00e0 l'\u00e9tranger Programmes d'espagnol pour adolescents Groupes scolaires Espagne Immersion culturelle Espagne Cours intensifs d'espagnol Programmes de langue espagnole \u00c9tudier \u00e0 l'\u00e9tranger Espagne","protected":false},"author":1,"featured_media":1411,"parent":0,"menu_order":0,"comment_status":"closed","ping_status":"closed","template":"template-frontpage.php","meta":{"_seopress_robots_primary_cat":"","_seopress_titles_title":"%%sitetitle%% %%sep%% %%post_title%%","_seopress_titles_desc":"Learn Spanish in Spain with Hola Spain \u2014 immersive courses, cultural experiences, and tailored programmes for individual students and school groups.","_seopress_robots_index":"","_daextam_enable_autolinks":"","footnotes":""},"categories":[],"tags":[],"class_list":["post-1204","page","type-page","status-publish","has-post-thumbnail","hentry"],"_links":{"self":[{"href":"https:\/\/holaspain.agency\/fr\/wp-json\/wp\/v2\/pages\/1204","targetHints":{"allow":["GET"]}}],"collection":[{"href":"https:\/\/holaspain.agency\/fr\/wp-json\/wp\/v2\/pages"}],"about":[{"href":"https:\/\/holaspain.agency\/fr\/wp-json\/wp\/v2\/types\/page"}],"author":[{"embeddable":true,"href":"https:\/\/holaspain.agency\/fr\/wp-json\/wp\/v2\/users\/1"}],"replies":[{"embeddable":true,"href":"https:\/\/holaspain.agency\/fr\/wp-json\/wp\/v2\/comments?post=1204"}],"version-history":[{"count":4,"href":"https:\/\/holaspain.agency\/fr\/wp-json\/wp\/v2\/pages\/1204\/revisions"}],"predecessor-version":[{"id":1650,"href":"https:\/\/holaspain.agency\/fr\/wp-json\/wp\/v2\/pages\/1204\/revisions\/1650"}],"wp:featuredmedia":[{"embeddable":true,"href":"https:\/\/holaspain.agency\/fr\/wp-json\/wp\/v2\/media\/1411"}],"wp:attachment":[{"href":"https:\/\/holaspain.agency\/fr\/wp-json\/wp\/v2\/media?parent=1204"}],"wp:term":[{"taxonomy":"category","embeddable":true,"href":"https:\/\/holaspain.agency\/fr\/wp-json\/wp\/v2\/categories?post=1204"},{"taxonomy":"post_tag","embeddable":true,"href":"https:\/\/holaspain.agency\/fr\/wp-json\/wp\/v2\/tags?post=1204"}],"curies":[{"name":"wp","href":"https:\/\/api.w.org\/{rel}","templated":true}]}}