{"id":12,"date":"2016-09-05T19:52:33","date_gmt":"2016-09-05T19:52:33","guid":{"rendered":"http:\/\/demos.famethemes.com\/screenr-plus\/?page_id=12"},"modified":"2025-11-06T09:59:08","modified_gmt":"2025-11-06T09:59:08","slug":"apprendre-lespagnol-de-la-vraie-facon","status":"publish","type":"page","link":"https:\/\/holaspain.agency\/fr\/learn-spanish-the-real-way\/","title":{"rendered":"Apprendre l'espagnol de la vraie mani\u00e8re"},"content":{"rendered":"<div class=\"wpb-content-wrapper\"><div class=\"vc_row wpb_row vc_row-fluid\"><div class=\"wpb_column vc_column_container vc_col-sm-12\"><div class=\"vc_column-inner\"><div class=\"wpb_wrapper\">\n\t<div class=\"wpb_text_column wpb_content_element\" >\n\t\t<div class=\"wpb_wrapper\">\n\t\t\t<h1 style=\"text-align: justify;\">Apprendre l'espagnol de la vraie mani\u00e8re<\/h1>\n<p style=\"text-align: justify;\">Immergez-vous dans la vie espagnole - pratiquez tous les jours, vivez la culture et gagnez en aisance au-del\u00e0 de la salle de classe. Nos programmes se concentrent sur <strong>l'utilisation pratique des langues<\/strong>, Vous pourrez ainsi communiquer en toute confiance dans les situations de la vie quotidienne tout en d\u00e9couvrant le mode de vie authentique des Espagnols.<\/p>\n<h2 style=\"text-align: justify;\">Une immersion quotidienne pour des progr\u00e8s rapides<\/h2>\n<p style=\"text-align: justify;\">Des cours du matin aux activit\u00e9s culturelles de l'apr\u00e8s-midi, chaque instant en Espagne est une occasion de pratiquer votre espagnol. Le fait de parler quotidiennement avec des locuteurs natifs acc\u00e9l\u00e8re votre apprentissage et renforce votre confiance en vous plus rapidement que les cours traditionnels en salle de classe.<\/p>\n<h2 style=\"text-align: justify;\">D\u00e9couvrir la culture<\/h2>\n<p style=\"text-align: justify;\">D\u00e9couvrez les traditions espagnoles, la cuisine, les festivals et la vie locale. Nos programmes int\u00e8grent des exp\u00e9riences culturelles \u00e0 l'apprentissage de la langue, ce qui vous permet non seulement de parler espagnol, mais aussi de comprendre le contexte et les coutumes du pays.<\/p>\n<h2 style=\"text-align: justify;\">La fluidit\u00e9 pratique au-del\u00e0 de la salle de classe<\/h2>\n<p style=\"text-align: justify;\">Notre objectif est que vous <strong>utiliser l'espagnol dans des situations de la vie courante<\/strong> - de la commande dans un caf\u00e9 \u00e0 la navigation sur les march\u00e9s locaux, en passant par la conversation avec des amis. Cette approche pratique garantit des comp\u00e9tences linguistiques durables qui vont bien au-del\u00e0 des examens ou des manuels.<\/p>\n<p style=\"text-align: justify;\"><strong>Commencez d\u00e8s aujourd'hui votre voyage immersif en espagnol et apprenez vraiment la langue de la vraie mani\u00e8re !<\/strong><\/p>\n\n\t\t<\/div>\n\t<\/div>\n<section class=\"vc_cta3-container\"><div class=\"vc_general vc_do_cta3 vc_cta3 vc_cta3-style-outline vc_cta3-shape-rounded vc_cta3-align-left vc_cta3-color-classic vc_cta3-icon-size-md vc_cta3-icons-left vc_cta3-actions-right\"><div class=\"vc_cta3-icons\"><div class=\"vc_icon_element vc_icon_element-outer vc_do_icon vc_icon_element-align-left\"><div class=\"vc_icon_element-inner vc_icon_element-color-turquoise vc_icon_element-size-md vc_icon_element-style- vc_icon_element-background-color-grey\" ><span class=\"vc_icon_element-icon fa fa-solid fa-arrow-right-from-bracket\" ><\/span><\/div><\/div><\/div><div class=\"vc_cta3_content-container\"><div class=\"vc_cta3-content\"><header class=\"vc_cta3-content-header\"><h2>Commencez votre aventure espagnole d\u00e8s aujourd'hui !<\/h2><\/header><p>Vous avez des questions ou vous souhaitez trouver le cours d'espagnol id\u00e9al ? Contactez HolaSpain aujourd'hui et laissez-nous vous aider \u00e0 planifier votre exp\u00e9rience d'apprentissage en Espagne.<\/p>\n<\/div><div class=\"vc_cta3-actions\"><div class=\"vc_btn3-container vc_btn3-inline vc_do_btn\" ><a class=\"vc_general vc_btn3 vc_btn3-size-md vc_btn3-shape-rounded vc_btn3-style-modern vc_btn3-color-info\" href=\"https:\/\/holaspain.agency\/fr\/#contact\" title=\"\">Prendre contact aujourd'hui<\/a><\/div><\/div><\/div><\/div><\/section><\/div><\/div><\/div><\/div>\n<\/div>","protected":false},"excerpt":{"rendered":"<p>Immergez-vous dans la vie espagnole - pratiquez tous les jours, vivez la culture et gagnez en aisance au-del\u00e0 de la salle de classe.<\/p>","protected":false},"author":1,"featured_media":1405,"parent":0,"menu_order":0,"comment_status":"closed","ping_status":"closed","template":"","meta":{"_seopress_robots_primary_cat":"","_seopress_titles_title":"","_seopress_titles_desc":"","_seopress_robots_index":"yes","_daextam_enable_autolinks":"","footnotes":""},"categories":[],"tags":[],"class_list":["post-12","page","type-page","status-publish","has-post-thumbnail","hentry"],"_links":{"self":[{"href":"https:\/\/holaspain.agency\/fr\/wp-json\/wp\/v2\/pages\/12","targetHints":{"allow":["GET"]}}],"collection":[{"href":"https:\/\/holaspain.agency\/fr\/wp-json\/wp\/v2\/pages"}],"about":[{"href":"https:\/\/holaspain.agency\/fr\/wp-json\/wp\/v2\/types\/page"}],"author":[{"embeddable":true,"href":"https:\/\/holaspain.agency\/fr\/wp-json\/wp\/v2\/users\/1"}],"replies":[{"embeddable":true,"href":"https:\/\/holaspain.agency\/fr\/wp-json\/wp\/v2\/comments?post=12"}],"version-history":[{"count":7,"href":"https:\/\/holaspain.agency\/fr\/wp-json\/wp\/v2\/pages\/12\/revisions"}],"predecessor-version":[{"id":2027,"href":"https:\/\/holaspain.agency\/fr\/wp-json\/wp\/v2\/pages\/12\/revisions\/2027"}],"wp:featuredmedia":[{"embeddable":true,"href":"https:\/\/holaspain.agency\/fr\/wp-json\/wp\/v2\/media\/1405"}],"wp:attachment":[{"href":"https:\/\/holaspain.agency\/fr\/wp-json\/wp\/v2\/media?parent=12"}],"wp:term":[{"taxonomy":"category","embeddable":true,"href":"https:\/\/holaspain.agency\/fr\/wp-json\/wp\/v2\/categories?post=12"},{"taxonomy":"post_tag","embeddable":true,"href":"https:\/\/holaspain.agency\/fr\/wp-json\/wp\/v2\/tags?post=12"}],"curies":[{"name":"wp","href":"https:\/\/api.w.org\/{rel}","templated":true}]}}