{"id":2524,"date":"2026-02-12T15:59:34","date_gmt":"2026-02-12T15:59:34","guid":{"rendered":"https:\/\/holaspain.agency\/?page_id=2524"},"modified":"2026-02-12T16:02:06","modified_gmt":"2026-02-12T16:02:06","slug":"gastos-adicionales-visado-de-estudiante-para-espana","status":"publish","type":"page","link":"https:\/\/holaspain.agency\/es\/additional-costs-student-visa-for-spain\/","title":{"rendered":"Costes adicionales Visado de estudiante para Espa\u00f1a"},"content":{"rendered":"<div class=\"wpb-content-wrapper\"><div class=\"vc_row wpb_row vc_row-fluid\"><div class=\"wpb_column vc_column_container vc_col-sm-12\"><div class=\"vc_column-inner\"><div class=\"wpb_wrapper\">\n\t<div class=\"wpb_text_column wpb_content_element\" >\n\t\t<div class=\"wpb_wrapper\">\n\t\t\t<h1>Costes adicionales para obtener un visado de estudiante para Espa\u00f1a<\/h1>\n<blockquote><p>\nEstudiar en Espa\u00f1a es una experiencia que cambia la vida. Si no eres ciudadano de la Uni\u00f3n Europea y piensas quedarte m\u00e1s de 90 d\u00edas, tendr\u00e1s que solicitar un visado de estudiante. Adem\u00e1s de las tasas acad\u00e9micas del curso, hay otros gastos y tr\u00e1mites obligatorios que debes planificar cuidadosamente.\n<\/p><\/blockquote>\n<p>Si tiene intenci\u00f3n de matricularse en un curso de larga duraci\u00f3n en Espa\u00f1a (m\u00e1s de 90 d\u00edas), deber\u00e1 solicitar un <strong>Visado de estudiante (tipo D)<\/strong> en el Consulado o Embajada de Espa\u00f1a en su pa\u00eds de residencia.<\/p>\n<p>A continuaci\u00f3n encontrar\u00e1 un desglose claro de los <strong>principales costes adicionales<\/strong> que debes tener en cuenta, aparte del precio del curso.<\/p>\n<h2>1. Tasa de solicitud de visado<\/h2>\n<p>La tasa de visado se paga directamente en el Consulado espa\u00f1ol al presentar la solicitud.<\/p>\n<ul>\n<li>El importe var\u00eda en funci\u00f3n de su nacionalidad.<\/li>\n<li>La tasa no es reembolsable, incluso si se deniega el visado.<\/li>\n<\/ul>\n<p><strong>Coste estimado:<\/strong> entre 60 y 160 euros (o su equivalente en moneda local).<\/p>\n<h2>2. Seguro de enfermedad obligatorio<\/h2>\n<p>El seguro m\u00e9dico es un requisito obligatorio para la aprobaci\u00f3n del visado de estudiante.<\/p>\n<p>La p\u00f3liza debe cumplir las siguientes condiciones:<\/p>\n<ul>\n<li>V\u00e1lido en toda Espa\u00f1a<\/li>\n<li>Sin copagos<\/li>\n<li>V\u00e1lido para toda la estancia<\/li>\n<li>Cobertura equivalente a la del sistema sanitario p\u00fablico espa\u00f1ol<\/li>\n<li>Cobertura m\u00e9dica completa (normalmente hasta 10.000.000 de euros)<\/li>\n<\/ul>\n<p><strong>Coste estimado:<\/strong><\/p>\n<ul>\n<li>6 meses: 250 - 450 euros<\/li>\n<li>12 meses: 400 - 700 euros<\/li>\n<\/ul>\n<p>El precio depende de su edad y del proveedor de seguros.<\/p>\n<h2>3. Prueba de medios econ\u00f3micos<\/h2>\n<p>Debe demostrar que dispone de fondos suficientes para mantenerse durante su estancia en Espa\u00f1a.<\/p>\n<p>La referencia est\u00e1ndar es 100% del IPREM de Espa\u00f1a al mes (aproximadamente 600 - 700 euros al mes).<\/p>\n<p><strong>Ejemplo (estimado):<\/strong><\/p>\n<ul>\n<li>6 meses \u2192 aproximadamente 3.600 - 4.200 euros<\/li>\n<li>12 meses \u2192 aproximadamente 7.200 - 8.400 euros<\/li>\n<\/ul>\n<p>No se trata de un pago al gobierno, pero debe presentar extractos bancarios oficiales o documentaci\u00f3n financiera como prueba.<\/p>\n<h2>4. 4. Certificado m\u00e9dico<\/h2>\n<p>Debe presentar un certificado m\u00e9dico que confirme que no padece ninguna enfermedad que pueda tener consecuencias graves para la salud p\u00fablica.<\/p>\n<p><strong>Coste estimado:<\/strong> Entre 30 y 100 euros, seg\u00fan el pa\u00eds.<\/p>\n<h2>5. Certificado de antecedentes penales<\/h2>\n<p>Obligatorio para estancias superiores a 6 meses.<\/p>\n<p>Puede ser necesario legalizar o apostillar este documento.<\/p>\n<p><strong>Coste estimado:<\/strong> De 10 a 50 euros (seg\u00fan el pa\u00eds).<\/p>\n<h2>6. Traducciones oficiales y apostilla<\/h2>\n<p>Muchos documentos deben serlo:<\/p>\n<ul>\n<li>Traducido al espa\u00f1ol<\/li>\n<li>Cumplimentado por un traductor jurado (certificado)<\/li>\n<li>Apostillado o legalizado si es necesario<\/li>\n<\/ul>\n<p><strong>Coste estimado:<\/strong><\/p>\n<ul>\n<li>Traducci\u00f3n jurada: 30 - 60 euros por p\u00e1gina<\/li>\n<li>Apostilla\/legalizaci\u00f3n: var\u00eda seg\u00fan el pa\u00eds<\/li>\n<\/ul>\n<h2>7. TIE (Tarjeta de identidad de extranjero)<\/h2>\n<p>Si su estancia es superior a 6 meses, deber\u00e1 solicitar la TIE (Tarjeta de Identidad de Extranjero) en los 30 d\u00edas siguientes a su llegada a Espa\u00f1a.<\/p>\n<p><strong>Coste estimado:<\/strong> aproximadamente entre 16 y 22 euros.<\/p>\n<h2>Costes adicionales totales estimados<\/h2>\n<table>\n<tbody>\n<tr>\n<th>Art\u00edculo<\/th>\n<th>Coste estimado<\/th>\n<\/tr>\n<tr>\n<td>Tasa de solicitud de visado<\/td>\n<td>\u20ac60 - \u20ac160<\/td>\n<\/tr>\n<tr>\n<td>Seguro de enfermedad<\/td>\n<td>\u20ac250 - \u20ac700<\/td>\n<\/tr>\n<tr>\n<td>Certificado m\u00e9dico<\/td>\n<td>\u20ac30 - \u20ac100<\/td>\n<\/tr>\n<tr>\n<td>Certificado de antecedentes penales<\/td>\n<td>\u20ac10 - \u20ac50<\/td>\n<\/tr>\n<tr>\n<td>Traducciones y apostillas<\/td>\n<td>\u20ac100 - \u20ac300<\/td>\n<\/tr>\n<tr>\n<td>TIE en Espa\u00f1a<\/td>\n<td>\u20ac16 - \u20ac22<\/td>\n<\/tr>\n<tr>\n<td><strong>Total adicional estimado<\/strong><\/td>\n<td><strong>Aproximadamente 470 - 1.300 euros<\/strong><\/td>\n<\/tr>\n<\/tbody>\n<\/table>\n<p><em>Este total no incluye las tasas acad\u00e9micas ni el alojamiento.<\/em><\/p>\n<h2>Notas importantes<\/h2>\n<ul>\n<li>Los requisitos pueden variar en funci\u00f3n de su nacionalidad.<\/li>\n<li>Cada Consulado espa\u00f1ol puede solicitar documentaci\u00f3n adicional.<\/li>\n<li>Compruebe siempre los \u00faltimos requisitos en la p\u00e1gina web oficial del Consulado de Espa\u00f1a en su pa\u00eds.<\/li>\n<\/ul>\n<p>Planificar estos gastos adicionales con antelaci\u00f3n le ayudar\u00e1 a evitar retrasos y a preparar una solicitud de visado s\u00f3lida y completa.<\/p>\n<blockquote><p>\nLa solicitud de un visado de estudiante es el primer paso oficial para comenzar su viaje acad\u00e9mico en Espa\u00f1a. Estar plenamente informado sobre los procedimientos y costes necesarios te permitir\u00e1 avanzar con claridad y confianza.\n<\/p><\/blockquote>\n\n\t\t<\/div>\n\t<\/div>\n<\/div><\/div><\/div><\/div>\n<\/div>","protected":false},"excerpt":{"rendered":"<p>Descubra los costes adicionales para obtener un visado de estudiante espa\u00f1ol. Seguro m\u00e9dico, tasas de visado, tarjeta TIE, requisitos financieros y documentos necesarios explicados paso a paso.<\/p>","protected":false},"author":1,"featured_media":1762,"parent":0,"menu_order":0,"comment_status":"closed","ping_status":"closed","template":"","meta":{"_seopress_robots_primary_cat":"","_seopress_titles_title":"%%sitetitle%% %%sep%% %%post_title%%","_seopress_titles_desc":"Discover the additional costs for obtaining a Spanish Student Visa. Health insurance, visa fees, TIE card, financial requirements and required documents explained step by step.","_seopress_robots_index":"","_daextam_enable_autolinks":"1","footnotes":""},"categories":[73],"tags":[],"class_list":["post-2524","page","type-page","status-publish","has-post-thumbnail","hentry","category-visa"],"_links":{"self":[{"href":"https:\/\/holaspain.agency\/es\/wp-json\/wp\/v2\/pages\/2524","targetHints":{"allow":["GET"]}}],"collection":[{"href":"https:\/\/holaspain.agency\/es\/wp-json\/wp\/v2\/pages"}],"about":[{"href":"https:\/\/holaspain.agency\/es\/wp-json\/wp\/v2\/types\/page"}],"author":[{"embeddable":true,"href":"https:\/\/holaspain.agency\/es\/wp-json\/wp\/v2\/users\/1"}],"replies":[{"embeddable":true,"href":"https:\/\/holaspain.agency\/es\/wp-json\/wp\/v2\/comments?post=2524"}],"version-history":[{"count":2,"href":"https:\/\/holaspain.agency\/es\/wp-json\/wp\/v2\/pages\/2524\/revisions"}],"predecessor-version":[{"id":2528,"href":"https:\/\/holaspain.agency\/es\/wp-json\/wp\/v2\/pages\/2524\/revisions\/2528"}],"wp:featuredmedia":[{"embeddable":true,"href":"https:\/\/holaspain.agency\/es\/wp-json\/wp\/v2\/media\/1762"}],"wp:attachment":[{"href":"https:\/\/holaspain.agency\/es\/wp-json\/wp\/v2\/media?parent=2524"}],"wp:term":[{"taxonomy":"category","embeddable":true,"href":"https:\/\/holaspain.agency\/es\/wp-json\/wp\/v2\/categories?post=2524"},{"taxonomy":"post_tag","embeddable":true,"href":"https:\/\/holaspain.agency\/es\/wp-json\/wp\/v2\/tags?post=2524"}],"curies":[{"name":"wp","href":"https:\/\/api.w.org\/{rel}","templated":true}]}}