{"id":2393,"date":"2026-01-13T18:13:04","date_gmt":"2026-01-13T18:13:04","guid":{"rendered":"https:\/\/holaspain.agency\/?page_id=2393"},"modified":"2026-01-13T18:15:27","modified_gmt":"2026-01-13T18:15:27","slug":"cursos-de-espanol-de-larga-duracion-faqs","status":"publish","type":"page","link":"https:\/\/holaspain.agency\/es\/long-term-spanish-courses-faqs\/","title":{"rendered":"Preguntas frecuentes sobre los cursos de espa\u00f1ol de larga duraci\u00f3n"},"content":{"rendered":"<div class=\"wpb-content-wrapper\"><div class=\"vc_row wpb_row vc_row-fluid\"><div class=\"wpb_column vc_column_container vc_col-sm-12\"><div class=\"vc_column-inner\"><div class=\"wpb_wrapper\">\n\t<div class=\"wpb_text_column wpb_content_element\" >\n\t\t<div class=\"wpb_wrapper\">\n\t\t\t<h1 style=\"text-align: justify;\">Preguntas frecuentes sobre el visado de estudiante espa\u00f1ol y los cursos de larga duraci\u00f3n<\/h1>\n<p style=\"text-align: justify;\" data-start=\"307\" data-end=\"456\">Preguntas frecuentes sobre los cursos de espa\u00f1ol de larga duraci\u00f3n en Espa\u00f1a. Inf\u00f3rmate sobre visados de estudiante, trabajar mientras estudias, vacaciones, renovaciones y c\u00f3mo elegir la mejor ciudad.<\/p>\n\n\t\t<\/div>\n\t<\/div>\n<div  class=\"vc_do_toggle vc_toggle vc_toggle_default vc_toggle_color_default  vc_toggle_size_md\"><div class=\"vc_toggle_title\"><h4>\u00bfPor qu\u00e9 elegir Espa\u00f1a para cursar estudios de larga duraci\u00f3n?<\/h4><i class=\"vc_toggle_icon\"><\/i><\/div><div class=\"vc_toggle_content\"><p style=\"text-align: justify;\" data-start=\"317\" data-end=\"452\">Espa\u00f1a es uno de los pa\u00edses m\u00e1s f\u00e1ciles y asequibles de Europa para los adultos internacionales que quieran estudiar, vivir y trabajar legalmente.<\/p>\n<\/div><\/div><div  class=\"vc_do_toggle vc_toggle vc_toggle_default vc_toggle_color_default  vc_toggle_size_md\"><div class=\"vc_toggle_title\"><h4>\u00bfNecesito visado para estudiar en Espa\u00f1a?<\/h4><i class=\"vc_toggle_icon\"><\/i><\/div><div class=\"vc_toggle_content\"><p data-start=\"505\" data-end=\"609\">S\u00ed. Si no es ciudadano de la UE y va a permanecer m\u00e1s de 90 d\u00edas, necesita un visado de estudiante espa\u00f1ol antes de su llegada.<\/p>\n<\/div><\/div><div  class=\"vc_do_toggle vc_toggle vc_toggle_default vc_toggle_color_default  vc_toggle_size_md\"><div class=\"vc_toggle_title\"><h4>\u00bfSon v\u00e1lidos estos programas para solicitar un visado de estudiante?<\/h4><i class=\"vc_toggle_icon\"><\/i><\/div><div class=\"vc_toggle_content\"><p data-start=\"684\" data-end=\"781\">S\u00ed. Todos los programas de 6 y 12 meses enumerados est\u00e1n dise\u00f1ados para cumplir los requisitos espa\u00f1oles de visado de estudiante.<\/p>\n<\/div><\/div><div  class=\"vc_do_toggle vc_toggle vc_toggle_default vc_toggle_color_default  vc_toggle_size_md\"><div class=\"vc_toggle_title\"><h4>\u00bfPuedo trabajar en Espa\u00f1a con un visado de estudiante?<\/h4><i class=\"vc_toggle_icon\"><\/i><\/div><div class=\"vc_toggle_content\"><p data-start=\"839\" data-end=\"943\">S\u00ed. Los titulares de un visado de estudiante pueden trabajar a tiempo parcial, siempre que el trabajo sea compatible con el horario de sus cursos.<\/p>\n<\/div><\/div><div  class=\"vc_do_toggle vc_toggle vc_toggle_default vc_toggle_color_default  vc_toggle_size_md\"><div class=\"vc_toggle_title\"><h4>\u00bfCu\u00e1ntas horas puedo trabajar mientras estudio?<\/h4><i class=\"vc_toggle_icon\"><\/i><\/div><div class=\"vc_toggle_content\"><p data-start=\"1002\" data-end=\"1108\">En la mayor\u00eda de los casos, hasta <strong data-start=\"1023\" data-end=\"1044\">30 horas semanales<\/strong>, en funci\u00f3n de la normativa vigente y de su contrato de trabajo.<\/p>\n<\/div><\/div><div  class=\"vc_do_toggle vc_toggle vc_toggle_default vc_toggle_color_default  vc_toggle_size_md\"><div class=\"vc_toggle_title\"><h4>\u00bfLos cursos de espa\u00f1ol de larga duraci\u00f3n incluyen vacaciones?<\/h4><i class=\"vc_toggle_icon\"><\/i><\/div><div class=\"vc_toggle_content\"><p data-start=\"1172\" data-end=\"1264\">S\u00ed. Los programas a largo plazo incluyen <strong data-start=\"1206\" data-end=\"1234\">periodos de vacaciones oficiales<\/strong> dentro del calendario acad\u00e9mico.<\/p>\n<\/div><\/div><div  class=\"vc_do_toggle vc_toggle vc_toggle_default vc_toggle_color_default  vc_toggle_size_md\"><div class=\"vc_toggle_title\"><h4>\u00bfAfectan las vacaciones a mi visado o situaci\u00f3n legal?<\/h4><i class=\"vc_toggle_icon\"><\/i><\/div><div class=\"vc_toggle_content\"><p data-start=\"1325\" data-end=\"1420\">No. Las vacaciones forman parte de la duraci\u00f3n del programa y <strong data-start=\"1377\" data-end=\"1419\">no anule ni afecte a su residencia<\/strong>.<\/p>\n<\/div><\/div><div  class=\"vc_do_toggle vc_toggle vc_toggle_default vc_toggle_color_default  vc_toggle_size_md\"><div class=\"vc_toggle_title\"><h4>\u00bfPuedo viajar durante las vacaciones?<\/h4><i class=\"vc_toggle_icon\"><\/i><\/div><div class=\"vc_toggle_content\"><p data-start=\"1471\" data-end=\"1574\">S\u00ed. Puede viajar durante los d\u00edas festivos oficiales siempre que respete las condiciones de su visado y residencia.<\/p>\n<\/div><\/div><div  class=\"vc_do_toggle vc_toggle vc_toggle_default vc_toggle_color_default  vc_toggle_size_md\"><div class=\"vc_toggle_title\"><h4>\u00bfQu\u00e9 nivel de espa\u00f1ol necesito para empezar?<\/h4><i class=\"vc_toggle_icon\"><\/i><\/div><div class=\"vc_toggle_content\"><p data-start=\"1630\" data-end=\"1731\">No es necesario tener conocimientos previos de espa\u00f1ol. Los cursos est\u00e1n disponibles en <strong data-start=\"1690\" data-end=\"1730\">niveles de principiante absoluto a avanzado<\/strong>.<\/p>\n<\/div><\/div><div  class=\"vc_do_toggle vc_toggle vc_toggle_default vc_toggle_color_default  vc_toggle_size_md\"><div class=\"vc_toggle_title\"><h4>\u00bfExiste un l\u00edmite de edad para estos cursos?<\/h4><i class=\"vc_toggle_icon\"><\/i><\/div><div class=\"vc_toggle_content\"><p data-start=\"1789\" data-end=\"1863\">No. Estos programas est\u00e1n dise\u00f1ados para <strong data-start=\"1827\" data-end=\"1862\">estudiantes adultos mayores de 18 a\u00f1os<\/strong>.<\/p>\n<\/div><\/div><div  class=\"vc_do_toggle vc_toggle vc_toggle_default vc_toggle_color_default  vc_toggle_size_md\"><div class=\"vc_toggle_title\"><h4>\u00bfQu\u00e9 ciudad es la m\u00e1s econ\u00f3mica?<\/h4><i class=\"vc_toggle_icon\"><\/i><\/div><div class=\"vc_toggle_content\"><p data-start=\"1928\" data-end=\"2020\">Alicante offers the <strong data-start=\"1948\" data-end=\"1984\">precios m\u00e1s asequibles a largo plazo<\/strong>, especialmente para programas de 20 horas.<\/p>\n<\/div><\/div><div  class=\"vc_do_toggle vc_toggle vc_toggle_default vc_toggle_color_default  vc_toggle_size_md\"><div class=\"vc_toggle_title\"><h4>\u00bfCu\u00e1l es la mejor ciudad en cuanto a oportunidades laborales y estilo de vida?<\/h4><i class=\"vc_toggle_icon\"><\/i><\/div><div class=\"vc_toggle_content\"><p data-start=\"2094\" data-end=\"2192\">Valencia is a modern, international city with strong job opportunities and a high quality of life.<\/p>\n<\/div><\/div><div  class=\"vc_do_toggle vc_toggle vc_toggle_default vc_toggle_color_default  vc_toggle_size_md\"><div class=\"vc_toggle_title\"><h4>\u00bfQu\u00e9 ciudad es mejor para una inmersi\u00f3n cultural?<\/h4><i class=\"vc_toggle_icon\"><\/i><\/div><div class=\"vc_toggle_content\"><p data-start=\"2252\" data-end=\"2341\">Granada is a traditional university city, ideal for full language and cultural immersion.<\/p>\n<\/div><\/div><div  class=\"vc_do_toggle vc_toggle vc_toggle_default vc_toggle_color_default  vc_toggle_size_md\"><div class=\"vc_toggle_title\"><h4>\u00bfPuedo prolongar o renovar mi estancia despu\u00e9s de 12 meses?<\/h4><i class=\"vc_toggle_icon\"><\/i><\/div><div class=\"vc_toggle_content\"><p data-start=\"2405\" data-end=\"2515\">En muchos casos, s\u00ed. Los visados de estudiante pueden <strong data-start=\"2452\" data-end=\"2463\">renovado<\/strong> si sigues estudiando y cumples los requisitos.<\/p>\n<\/div><\/div><div  class=\"vc_do_toggle vc_toggle vc_toggle_default vc_toggle_color_default  vc_toggle_size_md\"><div class=\"vc_toggle_title\"><h4>\u00bfAyuda HolaSpain con el alojamiento?<\/h4><i class=\"vc_toggle_icon\"><\/i><\/div><div class=\"vc_toggle_content\"><p data-start=\"2572\" data-end=\"2690\">S\u00ed. Las opciones de alojamiento, como familias de acogida, residencias de estudiantes y apartamentos privados, est\u00e1n disponibles previa solicitud.<\/p>\n<\/div><\/div><div  class=\"vc_do_toggle vc_toggle vc_toggle_default vc_toggle_color_default  vc_toggle_size_md\"><div class=\"vc_toggle_title\"><h4>\u00bfAyuda HolaSpain con el proceso de visado?<\/h4><i class=\"vc_toggle_icon\"><\/i><\/div><div class=\"vc_toggle_content\"><p data-start=\"2752\" data-end=\"2888\">HolaSpain le orienta sobre la matr\u00edcula escolar y la documentaci\u00f3n necesaria, ayud\u00e1ndole a prepararse correctamente antes de solicitar su visado.<\/p>\n<\/div><\/div><\/div><\/div><\/div><\/div>\n<\/div>","protected":false},"excerpt":{"rendered":"<p>Cursos acreditados de espa\u00f1ol de larga duraci\u00f3n para adultos que quieren vivir y estudiar en Espa\u00f1a durante 6-12 meses, combinando clases intensivas, inmersi\u00f3n cultural y apoyo local y para la obtenci\u00f3n de visados.<\/p>","protected":false},"author":1,"featured_media":2394,"parent":0,"menu_order":0,"comment_status":"closed","ping_status":"closed","template":"","meta":{"_seopress_robots_primary_cat":"","_seopress_titles_title":"%%sitetitle%% %%sep%% %%post_title%%","_seopress_titles_desc":"Accredited long-term Spanish courses in Spain for adults. Visa-ready programmes with 20\u201325 hours weekly, full support, and top destinations.","_seopress_robots_index":"","_daextam_enable_autolinks":"1","footnotes":""},"categories":[62],"tags":[],"class_list":["post-2393","page","type-page","status-publish","has-post-thumbnail","hentry","category-courses"],"_links":{"self":[{"href":"https:\/\/holaspain.agency\/es\/wp-json\/wp\/v2\/pages\/2393","targetHints":{"allow":["GET"]}}],"collection":[{"href":"https:\/\/holaspain.agency\/es\/wp-json\/wp\/v2\/pages"}],"about":[{"href":"https:\/\/holaspain.agency\/es\/wp-json\/wp\/v2\/types\/page"}],"author":[{"embeddable":true,"href":"https:\/\/holaspain.agency\/es\/wp-json\/wp\/v2\/users\/1"}],"replies":[{"embeddable":true,"href":"https:\/\/holaspain.agency\/es\/wp-json\/wp\/v2\/comments?post=2393"}],"version-history":[{"count":3,"href":"https:\/\/holaspain.agency\/es\/wp-json\/wp\/v2\/pages\/2393\/revisions"}],"predecessor-version":[{"id":2397,"href":"https:\/\/holaspain.agency\/es\/wp-json\/wp\/v2\/pages\/2393\/revisions\/2397"}],"wp:featuredmedia":[{"embeddable":true,"href":"https:\/\/holaspain.agency\/es\/wp-json\/wp\/v2\/media\/2394"}],"wp:attachment":[{"href":"https:\/\/holaspain.agency\/es\/wp-json\/wp\/v2\/media?parent=2393"}],"wp:term":[{"taxonomy":"category","embeddable":true,"href":"https:\/\/holaspain.agency\/es\/wp-json\/wp\/v2\/categories?post=2393"},{"taxonomy":"post_tag","embeddable":true,"href":"https:\/\/holaspain.agency\/es\/wp-json\/wp\/v2\/tags?post=2393"}],"curies":[{"name":"wp","href":"https:\/\/api.w.org\/{rel}","templated":true}]}}