{"id":2310,"date":"2026-01-06T10:40:09","date_gmt":"2026-01-06T10:40:09","guid":{"rendered":"https:\/\/holaspain.agency\/?page_id=2310"},"modified":"2026-01-06T13:44:33","modified_gmt":"2026-01-06T13:44:33","slug":"programe-su-videollamada","status":"publish","type":"page","link":"https:\/\/holaspain.agency\/es\/schedule-your-video-call\/","title":{"rendered":"Programe su videollamada"},"content":{"rendered":"<div class=\"wpb-content-wrapper\"><div class=\"vc_row wpb_row vc_row-fluid\"><div class=\"wpb_column vc_column_container vc_col-sm-12\"><div class=\"vc_column-inner\"><div class=\"wpb_wrapper\">\n\t<div class=\"wpb_text_column wpb_content_element\" >\n\t\t<div class=\"wpb_wrapper\">\n\t\t\t<h2 style=\"text-align: justify;\" data-pm-slice=\"0 0 &#091;&#093;\">Hablemos de su plan para Espa\u00f1a<\/h2>\n<blockquote>\n<p style=\"text-align: justify;\" data-pm-slice=\"0 0 &#091;&#093;\">\u00bfEst\u00e1 pensando en mudarse a Espa\u00f1a, estudiar espa\u00f1ol o explorar oportunidades de trabajo en Espa\u00f1a? La mejor manera de obtener respuestas claras es hablar directamente con nuestro equipo.<\/p>\n<\/blockquote>\n<p style=\"text-align: justify;\">Reserve una videollamada gratuita con un asesor y h\u00e1blenos de sus objetivos. Te ayudaremos a entender tus opciones, te explicaremos el proceso paso a paso y veremos c\u00f3mo podemos apoyarte, sin compromiso.<\/p>\n<h3 style=\"text-align: justify;\">Lo que obtendr\u00e1 en la llamada:<\/h3>\n<ul>\n<li style=\"text-align: justify;\">Orientaci\u00f3n personalizada basada en su situaci\u00f3n<\/li>\n<li style=\"text-align: justify;\">Respuestas claras sobre visados, estudios, trabajo o traslado<\/li>\n<li style=\"text-align: justify;\">Asesoramiento honesto sobre los pr\u00f3ximos pasos y plazos<\/li>\n<\/ul>\n<p style=\"text-align: justify;\">Elija la hora que m\u00e1s le convenga y reserve su videollamada a continuaci\u00f3n. Estamos deseando conocerte.<\/p>\n\n\t\t<\/div>\n\t<\/div>\n\n\t<div class=\"wpb_text_column wpb_content_element\" >\n\t\t<div class=\"wpb_wrapper\">\n\t\t\t<div class=\"meetings-iframe-container\" data-src=\"https:\/\/meetings-eu1.hubspot.com\/marcelo-lopez-anido?embed=true\"><\/div>\n<p><script type=\"text\/javascript\" src=\"https:\/\/static.hsappstatic.net\/MeetingsEmbed\/ex\/MeetingsEmbedCode.js\"><\/script><br \/>\n<!-- End of Meetings Embed Script --><\/p>\n\n\t\t<\/div>\n\t<\/div>\n<\/div><\/div><\/div><\/div>\n<\/div>","protected":false},"excerpt":{"rendered":"Let\u2019s Talk About Your Spain Plan Thinking about moving to Spain, studying Spanish, or exploring work opportunities in Spain? The best way to get clear answers is to talk directly with our team. Book a free video call with an advisor and tell us about your goals. We\u2019ll help you...","protected":false},"author":1,"featured_media":0,"parent":0,"menu_order":0,"comment_status":"closed","ping_status":"closed","template":"","meta":{"_seopress_robots_primary_cat":"","_seopress_titles_title":"","_seopress_titles_desc":"","_seopress_robots_index":"","_daextam_enable_autolinks":"1","footnotes":""},"categories":[],"tags":[],"class_list":["post-2310","page","type-page","status-publish","hentry"],"_links":{"self":[{"href":"https:\/\/holaspain.agency\/es\/wp-json\/wp\/v2\/pages\/2310","targetHints":{"allow":["GET"]}}],"collection":[{"href":"https:\/\/holaspain.agency\/es\/wp-json\/wp\/v2\/pages"}],"about":[{"href":"https:\/\/holaspain.agency\/es\/wp-json\/wp\/v2\/types\/page"}],"author":[{"embeddable":true,"href":"https:\/\/holaspain.agency\/es\/wp-json\/wp\/v2\/users\/1"}],"replies":[{"embeddable":true,"href":"https:\/\/holaspain.agency\/es\/wp-json\/wp\/v2\/comments?post=2310"}],"version-history":[{"count":6,"href":"https:\/\/holaspain.agency\/es\/wp-json\/wp\/v2\/pages\/2310\/revisions"}],"predecessor-version":[{"id":2326,"href":"https:\/\/holaspain.agency\/es\/wp-json\/wp\/v2\/pages\/2310\/revisions\/2326"}],"wp:attachment":[{"href":"https:\/\/holaspain.agency\/es\/wp-json\/wp\/v2\/media?parent=2310"}],"wp:term":[{"taxonomy":"category","embeddable":true,"href":"https:\/\/holaspain.agency\/es\/wp-json\/wp\/v2\/categories?post=2310"},{"taxonomy":"post_tag","embeddable":true,"href":"https:\/\/holaspain.agency\/es\/wp-json\/wp\/v2\/tags?post=2310"}],"curies":[{"name":"wp","href":"https:\/\/api.w.org\/{rel}","templated":true}]}}