{"id":2250,"date":"2025-11-24T12:59:14","date_gmt":"2025-11-24T12:59:14","guid":{"rendered":"https:\/\/holaspain.agency\/?page_id=2250"},"modified":"2026-01-13T12:12:09","modified_gmt":"2026-01-13T12:12:09","slug":"precios-de-los-cursos-profesionales-erasmus-plus","status":"publish","type":"page","link":"https:\/\/holaspain.agency\/es\/erasmus-plus-professional-courses-prices\/","title":{"rendered":"Cursos y precios de Erasmus Plus Professional"},"content":{"rendered":"<div class=\"wpb-content-wrapper\"><div class=\"vc_row wpb_row vc_row-fluid\"><div class=\"wpb_column vc_column_container vc_col-sm-12\"><div class=\"vc_column-inner\"><div class=\"wpb_wrapper\">\n\t<div class=\"wpb_text_column wpb_content_element\" >\n\t\t<div class=\"wpb_wrapper\">\n\t\t\t<h1>Cursos de espa\u00f1ol Erasmus+ en Espa\u00f1a<\/h1>\n<h2>Elige tu destino: Madrid, Barcelona, Valencia, Alicante o Granada<\/h2>\n<p>Spanish programmes for Erasmus+ students who need a minimum of 20 hours per week. Below you can compare 1-week and 2-week all-inclusive packages (course + accommodation + airport transfers).<\/p>\n<h3>Comparaci\u00f3n de 1 semana con todo incluido<\/h3>\n<h5>(20h curso + alojamiento + traslados aeropuerto)<\/h5>\n<p>Alojamiento incluido en esta comparaci\u00f3n: habitaci\u00f3n individual en piso compartido. Los totales incluyen la inscripci\u00f3n y las tasas de alojamiento aplicables.<\/p>\n<table>\n<thead>\n<tr>\n<th>Ciudad<\/th>\n<th>Curso de 20h<\/th>\n<th>Alojamiento<\/th>\n<th>Derechos de inscripci\u00f3n<\/th>\n<th>Tasa de alojamiento<\/th>\n<th>Traslados (llegada + salida)<\/th>\n<th>Estimaci\u00f3n total (todo incluido)<\/th>\n<\/tr>\n<\/thead>\n<tbody>\n<tr>\n<td class=\"city\">Alicante<\/td>\n<td>125 \u20ac<\/td>\n<td>120 \u20ac<\/td>\n<td>60 \u20ac<\/td>\n<td>\u2014<\/td>\n<td>100 \u20ac<\/td>\n<td><strong>405 \u20ac<\/strong><\/td>\n<\/tr>\n<tr>\n<td class=\"city\">Granada<\/td>\n<td>125 \u20ac<\/td>\n<td>120 \u20ac<\/td>\n<td>60 \u20ac<\/td>\n<td>\u2014<\/td>\n<td>80 \u20ac<\/td>\n<td><strong>385 \u20ac<\/strong><\/td>\n<\/tr>\n<tr>\n<td class=\"city\">Barcelona<\/td>\n<td>135 \u20ac<\/td>\n<td>165 \u20ac<\/td>\n<td>60 \u20ac<\/td>\n<td>80 \u20ac<\/td>\n<td>180 \u20ac<\/td>\n<td><strong>620 \u20ac<\/strong><\/td>\n<\/tr>\n<tr>\n<td class=\"city\">Madrid<\/td>\n<td>170 \u20ac<\/td>\n<td>175 \u20ac<\/td>\n<td>60 \u20ac<\/td>\n<td>35 \u20ac<\/td>\n<td>130 \u20ac<\/td>\n<td><strong>570 \u20ac<\/strong><\/td>\n<\/tr>\n<tr>\n<td class=\"city\">Valencia<\/td>\n<td>162 \u20ac<\/td>\n<td>215 \u20ac<\/td>\n<td>\u2014<\/td>\n<td>\u2014<\/td>\n<td>140 \u20ac<\/td>\n<td><strong>517 \u20ac<\/strong><\/td>\n<\/tr>\n<\/tbody>\n<\/table>\n<h3>Comparaci\u00f3n de 2 semanas con todo incluido<\/h3>\n<h5>(20h curso + alojamiento + traslados aeropuerto)<\/h5>\n<p>Alojamiento incluido en esta comparaci\u00f3n: habitaci\u00f3n individual en piso compartido. Los totales incluyen la inscripci\u00f3n y las tasas de alojamiento aplicables.<\/p>\n<table>\n<thead>\n<tr>\n<th>Ciudad<\/th>\n<th>Curso de 20h<\/th>\n<th>Alojamiento<\/th>\n<th>Derechos de inscripci\u00f3n<\/th>\n<th>Tasa de alojamiento<\/th>\n<th>Traslados (llegada + salida)<\/th>\n<th>Estimaci\u00f3n total (todo incluido)<\/th>\n<\/tr>\n<\/thead>\n<tbody>\n<tr>\n<td class=\"city\">Alicante<\/td>\n<td>250 \u20ac<\/td>\n<td>240 \u20ac<\/td>\n<td>60 \u20ac<\/td>\n<td>\u2014<\/td>\n<td>100 \u20ac<\/td>\n<td><strong>650 \u20ac<\/strong><\/td>\n<\/tr>\n<tr>\n<td class=\"city\">Granada<\/td>\n<td>250 \u20ac<\/td>\n<td>240 \u20ac<\/td>\n<td>60 \u20ac<\/td>\n<td>\u2014<\/td>\n<td>80 \u20ac<\/td>\n<td><strong>630 \u20ac<\/strong><\/td>\n<\/tr>\n<tr>\n<td class=\"city\">Barcelona<\/td>\n<td>270 \u20ac<\/td>\n<td>330 \u20ac<\/td>\n<td>60 \u20ac<\/td>\n<td>80 \u20ac<\/td>\n<td>180 \u20ac<\/td>\n<td><strong>920 \u20ac<\/strong><\/td>\n<\/tr>\n<tr>\n<td class=\"city\">Madrid<\/td>\n<td>340 \u20ac<\/td>\n<td>350 \u20ac<\/td>\n<td>60 \u20ac<\/td>\n<td>35 \u20ac<\/td>\n<td>130 \u20ac<\/td>\n<td><strong>915 \u20ac<\/strong><\/td>\n<\/tr>\n<tr>\n<td class=\"city\">Valencia<\/td>\n<td>284 \u20ac<\/td>\n<td>430 \u20ac<\/td>\n<td>\u2014<\/td>\n<td>\u2014<\/td>\n<td>140 \u20ac<\/td>\n<td><strong>854 \u20ac<\/strong><\/td>\n<\/tr>\n<\/tbody>\n<\/table>\n<h3>Requisito Erasmus+: 20 horas semanales<\/h3>\n<p>To meet Erasmus+ requirements, the recommended option is a 20-hour per week intensive course. A placement test and a participation certificate are provided.<\/p>\n<h2>Informaci\u00f3n sobre el cuarto de ba\u00f1o del alojamiento<\/h2>\n<p>El alojamiento suele ser con ba\u00f1o compartido. Si prefieres un ba\u00f1o privado, puedes solicitarlo; est\u00e1 sujeto a disponibilidad y puede suponer un coste adicional.<\/p>\n<h2>Qu\u00e9 incluye la experiencia<\/h2>\n<ul>\n<li>Curso de espa\u00f1ol de 20 horas semanales (compatible con Erasmus+)<\/li>\n<li>Prueba de nivel<\/li>\n<li>Certificado de participaci\u00f3n<\/li>\n<li>Clases y actividades culturales diarias<\/li>\n<li>Actividades de fin de semana disponibles (gratuitas y de pago). Las actividades de pago deben reservarse el primer d\u00eda de clase.<\/li>\n<\/ul>\n<h2>Nota de transferencia<\/h2>\n<p>Los traslados al aeropuerto pueden organizarse como un suplemento, pero le recomendamos encarecidamente que los incluya para su total tranquilidad a la llegada y a la salida. Por eso los totales anteriores se muestran como todo incluido.<\/p>\n<h2>C\u00f3mo reservar<\/h2>\n<ol>\n<li>Elija su ciudad y duraci\u00f3n (1 o 2 semanas)<\/li>\n<li>Confirme su nivel y fecha de inicio preferida<\/li>\n<li>Solicitamos confirmaci\u00f3n de disponibilidad (curso + alojamiento + traslados)<\/li>\n<li>Completa el registro y el pago<\/li>\n<li>Recibir\u00e1 confirmaci\u00f3n y documentaci\u00f3n oficiales<\/li>\n<li>En tu primer d\u00eda, puedes reservar las actividades de fin de semana de pago a las que quieras apuntarte<\/li>\n<\/ol>\n\n\t\t<\/div>\n\t<\/div>\n<section class=\"vc_cta3-container\"><div class=\"vc_general vc_do_cta3 vc_cta3 vc_cta3-style-outline vc_cta3-shape-rounded vc_cta3-align-left vc_cta3-color-classic vc_cta3-icon-size-md vc_cta3-icons-left vc_cta3-actions-right\"><div class=\"vc_cta3-icons\"><div class=\"vc_icon_element vc_icon_element-outer vc_do_icon vc_icon_element-align-left\"><div class=\"vc_icon_element-inner vc_icon_element-color-turquoise vc_icon_element-size-md vc_icon_element-style- vc_icon_element-background-color-grey\" ><span class=\"vc_icon_element-icon fa fa-solid fa-arrow-right-from-bracket\" ><\/span><\/div><\/div><\/div><div class=\"vc_cta3_content-container\"><div class=\"vc_cta3-content\"><header class=\"vc_cta3-content-header\"><h2>\u00bfListo para planificar tu viaje Erasmus+?<\/h2><\/header><p style=\"text-align: justify;\" data-pm-slice=\"0 0 &#091;&#093;\">D\u00edganos la ciudad que prefiere, la fecha de inicio y la duraci\u00f3n, y le enviaremos un presupuesto personalizado con todo incluido. Te ayudaremos paso a paso con la disponibilidad, la reserva, los detalles de llegada y todo lo que necesites para empezar con total tranquilidad.<\/p>\n<\/div><div class=\"vc_cta3-actions\"><div class=\"vc_btn3-container vc_btn3-inline vc_do_btn\" ><a class=\"vc_general vc_btn3 vc_btn3-size-md vc_btn3-shape-rounded vc_btn3-style-modern vc_btn3-color-info\" href=\"https:\/\/holaspain.agency\/es\/#contact\" title=\"\">P\u00f3ngase en contacto con nosotros<\/a><\/div><\/div><\/div><\/div><\/section><\/div><\/div><\/div><\/div>\n<\/div>","protected":false},"excerpt":{"rendered":"<p>All-inclusive Erasmus+ Spanish courses in Spain. Study 20h\/week in Madrid, Barcelona, Valencia, Alicante or Granada with accommodation, activities and transfers.<\/p>","protected":false},"author":1,"featured_media":2372,"parent":0,"menu_order":0,"comment_status":"closed","ping_status":"closed","template":"","meta":{"_seopress_robots_primary_cat":"","_seopress_titles_title":"%%sitetitle%% %%sep%% Erasmus+ \u2013 Courses and Prices","_seopress_titles_desc":"All-inclusive Erasmus+ courses in Spain. Study 20h\/week in Madrid, Barcelona, Valencia, Alicante or Granada with accommodation, activities and transfers.","_seopress_robots_index":"","_daextam_enable_autolinks":"1","footnotes":""},"categories":[],"tags":[],"class_list":["post-2250","page","type-page","status-publish","has-post-thumbnail","hentry"],"_links":{"self":[{"href":"https:\/\/holaspain.agency\/es\/wp-json\/wp\/v2\/pages\/2250","targetHints":{"allow":["GET"]}}],"collection":[{"href":"https:\/\/holaspain.agency\/es\/wp-json\/wp\/v2\/pages"}],"about":[{"href":"https:\/\/holaspain.agency\/es\/wp-json\/wp\/v2\/types\/page"}],"author":[{"embeddable":true,"href":"https:\/\/holaspain.agency\/es\/wp-json\/wp\/v2\/users\/1"}],"replies":[{"embeddable":true,"href":"https:\/\/holaspain.agency\/es\/wp-json\/wp\/v2\/comments?post=2250"}],"version-history":[{"count":14,"href":"https:\/\/holaspain.agency\/es\/wp-json\/wp\/v2\/pages\/2250\/revisions"}],"predecessor-version":[{"id":2375,"href":"https:\/\/holaspain.agency\/es\/wp-json\/wp\/v2\/pages\/2250\/revisions\/2375"}],"wp:featuredmedia":[{"embeddable":true,"href":"https:\/\/holaspain.agency\/es\/wp-json\/wp\/v2\/media\/2372"}],"wp:attachment":[{"href":"https:\/\/holaspain.agency\/es\/wp-json\/wp\/v2\/media?parent=2250"}],"wp:term":[{"taxonomy":"category","embeddable":true,"href":"https:\/\/holaspain.agency\/es\/wp-json\/wp\/v2\/categories?post=2250"},{"taxonomy":"post_tag","embeddable":true,"href":"https:\/\/holaspain.agency\/es\/wp-json\/wp\/v2\/tags?post=2250"}],"curies":[{"name":"wp","href":"https:\/\/api.w.org\/{rel}","templated":true}]}}