{"id":2185,"date":"2025-11-17T13:17:46","date_gmt":"2025-11-17T13:17:46","guid":{"rendered":"https:\/\/holaspain.agency\/?page_id=2185"},"modified":"2025-11-17T13:54:06","modified_gmt":"2025-11-17T13:54:06","slug":"ano-de-transicion-espana","status":"publish","type":"page","link":"https:\/\/holaspain.agency\/es\/transition-year-spain\/","title":{"rendered":"A\u00f1o de Transici\u00f3n Espa\u00f1a"},"content":{"rendered":"<div class=\"wpb-content-wrapper\"><div class=\"vc_row wpb_row vc_row-fluid\"><div class=\"wpb_column vc_column_container vc_col-sm-12\"><div class=\"vc_column-inner\"><div class=\"wpb_wrapper\">\n\t<div class=\"wpb_text_column wpb_content_element\" >\n\t\t<div class=\"wpb_wrapper\">\n\t\t\t<h1>A\u00f1o de Transici\u00f3n en Espa\u00f1a - Vivir, aprender y prosperar<\/h1>\n<p><em>Experimenta la vida en un colegio espa\u00f1ol, acelera tus conocimientos del idioma y descubre una nueva cultura. Elige entre estancias diurnas o en internado, desde 4 semanas hasta un curso acad\u00e9mico completo.<\/em><\/p>\n<blockquote><p>\nAsistir a un instituto espa\u00f1ol es una experiencia que te cambiar\u00e1 la vida. La cultura, la comida, el clima y la c\u00e1lida comunidad de Espa\u00f1a la convierten en el entorno perfecto para mejorar tu espa\u00f1ol mientras vives como un lugare\u00f1o.\n<\/p><\/blockquote>\n<h2>Resumen del programa - Bachillerato en Espa\u00f1a<\/h2>\n<p>El programa Transition Year Spain coloca a estudiantes irlandeses (de 15 a 17 a\u00f1os) en centros de ense\u00f1anza secundaria espa\u00f1oles consolidados. Cada plaza se adapta a tus intereses, nivel de idioma y preferencias de ubicaci\u00f3n. Las estancias oscilan entre 4 semanas y un a\u00f1o acad\u00e9mico completo, y limitamos el n\u00famero de estudiantes irlandeses por colegio para mantener una inmersi\u00f3n total.<\/p>\n<h3>Caracter\u00edsticas principales del Programa TY Espa\u00f1a<\/h3>\n<ul>\n<li>Estancia individual en un internado o colegio espa\u00f1ol<\/li>\n<li>Alojamiento en r\u00e9gimen de pensi\u00f3n completa (familia de acogida o pensi\u00f3n)<\/li>\n<li>Todos los gastos de escolaridad incluidos<\/li>\n<li>Coordinador local en el pa\u00eds y apoyo de emergencia 24 horas al d\u00eda, 7 d\u00edas a la semana<\/li>\n<li>Traslados aeropuerto\/tren y sesiones de orientaci\u00f3n previa solicitud<\/li>\n<li>Certificado de fin de programa<\/li>\n<\/ul>\n<h2>Requisitos para estudiar en Espa\u00f1a<\/h2>\n<p>Encajas perfectamente si:<\/p>\n<ul>\n<li>Tienes entre 15 y 17 a\u00f1os<\/li>\n<li>Haber estudiado espa\u00f1ol durante al menos 2 a\u00f1os<\/li>\n<li>Est\u00e1s motivado para hablar espa\u00f1ol y abierto a nuevas experiencias culturales<\/li>\n<\/ul>\n<h2>Los mejores lugares de Espa\u00f1a<\/h2>\n<p>Ofrecemos pr\u00e1cticas en muchas ciudades espa\u00f1olas populares, entre ellas:<br \/>\n<strong>Madrid \u2022 Valencia \u2022 Alicante \u2022 Seville \u2022 Salamanca \u2022 Cadiz \u2022 Barcelona<\/strong><br \/>\nEn la medida de lo posible, garantizamos la colocaci\u00f3n en uno de los dos lugares elegidos.<\/p>\n<h2>\u00bfEscuela diurna o internado?<\/h2>\n<h3>Escuela de d\u00eda en Espa\u00f1a<\/h3>\n<ul>\n<li>Vivir con una familia de acogida cuidadosamente seleccionada<\/li>\n<li>Desayuno y cena en casa, almuerzo en la escuela<\/li>\n<li>Las escuelas suelen estar situadas a menos de 20 minutos de la familia de acogida<\/li>\n<li>Ideal para quienes desean un ambiente familiar y acogedor<\/li>\n<\/ul>\n<h3>Internado en Espa\u00f1a<\/h3>\n<ul>\n<li>Estancia en la pensi\u00f3n de lunes a viernes (dormitorios peque\u00f1os)<\/li>\n<li>Fines de semana y vacaciones con la misma familia de acogida<\/li>\n<li>Perfecto para estudiantes que prefieren estructura y supervisi\u00f3n in situ<\/li>\n<\/ul>\n<h2>Familias de acogida espa\u00f1olas<\/h2>\n<p>Nuestras familias anfitrionas son totalmente seleccionadas, tienen experiencia y son visitadas regularmente por el Coordinador Local. Te dan la bienvenida a su casa, te ayudan a adaptarte y apoyan tu progreso en espa\u00f1ol. La mayor\u00eda de los estudiantes crean v\u00ednculos para toda la vida con sus familias de acogida.<\/p>\n<h2>Proceso de solicitud<\/h2>\n<ol>\n<li><strong>Reuni\u00f3n inicial<\/strong> - Visite nuestra oficina de Dubl\u00edn o re\u00fanase por Skype para explorar opciones y hacer preguntas.<\/li>\n<li><strong>Aplicaci\u00f3n<\/strong> - Env\u00eda el formulario, dos informes escolares y un breve p\u00e1rrafo en espa\u00f1ol para tu familia de acogida.<\/li>\n<li><strong>Colocaci\u00f3n escolar<\/strong> - Nuestro socio presenta una solicitud a la escuela y le asigna una familia de acogida.<\/li>\n<li><strong>Contacto previo a la llegada<\/strong> - Se recomienda a los estudiantes que se pongan en contacto con su familia de acogida antes de viajar.<\/li>\n<li><strong>Orientaci\u00f3n<\/strong> - Se imparten en Dubl\u00edn o por Skype y abarcan normas, seguridad y consejos de preparaci\u00f3n.<\/li>\n<li><strong>Viaje y llegada<\/strong> - Ser\u00e1 recibido en el aeropuerto o estaci\u00f3n de tren por su familia anfitriona o Coordinador Local.<\/li>\n<\/ol>\n<h2>Fechas y viajes - Flexibilidad total<\/h2>\n<p>No hay salidas en grupo ni fechas fijas. Los estudiantes eligen sus propias fechas de viaje y son colocados individualmente para garantizar una inmersi\u00f3n total. S\u00f3lo 0-3 estudiantes irlandeses de nuestra organizaci\u00f3n se colocan en cualquier escuela al mismo tiempo.<\/p>\n<p>Cuanto m\u00e1s tiempo permanezca, mayor ser\u00e1 su fluidez. Muchos estudiantes progresan significativamente despu\u00e9s de varios meses.<\/p>\n<h2>Qu\u00e9 incluye<\/h2>\n<ul>\n<li>Estancia en un colegio o internado espa\u00f1ol<\/li>\n<li>Alojamiento en pensi\u00f3n completa<\/li>\n<li>Todos los gastos de matr\u00edcula<\/li>\n<li>Coordinador local asignado en Espa\u00f1a<\/li>\n<li>Recepci\u00f3n y traslado al aeropuerto o estaci\u00f3n de tren<\/li>\n<li>Orientaci\u00f3n previa a la salida<\/li>\n<li>Asistencia de emergencia 24 horas<\/li>\n<li>Orientaci\u00f3n y asistencia durante toda la estancia<\/li>\n<li>Certificado de finalizaci\u00f3n<\/li>\n<\/ul>\n<h2>Informaci\u00f3n para los padres<\/h2>\n<p>Entendemos que se trata de una decisi\u00f3n importante, por eso los padres participan desde el principio. La seguridad, el apoyo y la comunicaci\u00f3n son prioridades absolutas. Las familias de acogida son examinadas, existen procedimientos de emergencia y el Coordinador Local es tu principal punto de contacto durante todo el programa.<\/p>\n\n\t\t<\/div>\n\t<\/div>\n<div  class=\"vc_do_toggle vc_toggle vc_toggle_default vc_toggle_color_default  vc_toggle_size_md\"><div class=\"vc_toggle_title\"><h4>\u00bfCu\u00e1nto tiempo puedo quedarme?<\/h4><i class=\"vc_toggle_icon\"><\/i><\/div><div class=\"vc_toggle_content\"><p>En <strong data-start=\"5369\" data-end=\"5380\">4 semanas<\/strong> a un <strong data-start=\"5386\" data-end=\"5408\">a\u00f1o acad\u00e9mico completo<\/strong>. Las estancias m\u00e1s largas suelen dar mejores resultados ling\u00fc\u00edsticos.<\/p>\n<\/div><\/div><div  class=\"vc_do_toggle vc_toggle vc_toggle_default vc_toggle_color_default  vc_toggle_size_md\"><div class=\"vc_toggle_title\"><h4>\u00bfPuedo solicitar un lugar o una escuela concretos?<\/h4><i class=\"vc_toggle_icon\"><\/i><\/div><div class=\"vc_toggle_content\"><p>S\u00ed, le pedimos sus preferencias de ubicaci\u00f3n y tratamos de colocarle en una de sus dos primeras opciones.<\/p>\n<\/div><\/div><div  class=\"vc_do_toggle vc_toggle vc_toggle_default vc_toggle_color_default  vc_toggle_size_md\"><div class=\"vc_toggle_title\"><h4>\u00bfHabr\u00e1 otros estudiantes irlandeses en mi colegio?<\/h4><i class=\"vc_toggle_icon\"><\/i><\/div><div class=\"vc_toggle_content\"><p>Limitamos el n\u00famero de estudiantes irlandeses por colegio (normalmente un m\u00e1ximo de 3-4) para mantener la inmersi\u00f3n.<\/p>\n<\/div><\/div><div  class=\"vc_do_toggle vc_toggle vc_toggle_default vc_toggle_color_default  vc_toggle_size_md\"><div class=\"vc_toggle_title\"><h4>\u00bfNecesito dominar el espa\u00f1ol?<\/h4><i class=\"vc_toggle_icon\"><\/i><\/div><div class=\"vc_toggle_content\"><p>No. Deber\u00edas tener al menos <strong data-start=\"5850\" data-end=\"5861\">2 a\u00f1os<\/strong> de estudio y estar motivado para utilizar el espa\u00f1ol.<\/p>\n<\/div><\/div><div  class=\"vc_do_toggle vc_toggle vc_toggle_default vc_toggle_color_default  vc_toggle_size_md\"><div class=\"vc_toggle_title\"><h4>\u00bfQu\u00e9 ayudas hay en Espa\u00f1a?<\/h4><i class=\"vc_toggle_icon\"><\/i><\/div><div class=\"vc_toggle_content\"><p>Cada estudiante tiene asignado un Coordinador Local y un contacto de emergencia 24 horas al d\u00eda, 7 d\u00edas a la semana.<\/p>\n<\/div><\/div><div  class=\"vc_do_toggle vc_toggle vc_toggle_default vc_toggle_color_default  vc_toggle_size_md\"><div class=\"vc_toggle_title\"><h4>\u00bfPuedo seguir haciendo deporte o m\u00fasica?<\/h4><i class=\"vc_toggle_icon\"><\/i><\/div><div class=\"vc_toggle_content\"><p>S\u00ed, intentamos que las pr\u00e1cticas coincidan con tus intereses para que puedas seguir practicando deportes, m\u00fasica u otras actividades.<\/p>\n<\/div><\/div><section class=\"vc_cta3-container\"><div class=\"vc_general vc_do_cta3 vc_cta3 vc_cta3-style-outline vc_cta3-shape-rounded vc_cta3-align-left vc_cta3-color-classic vc_cta3-icon-size-md vc_cta3-icons-left vc_cta3-actions-right\"><div class=\"vc_cta3-icons\"><div class=\"vc_icon_element vc_icon_element-outer vc_do_icon vc_icon_element-align-left\"><div class=\"vc_icon_element-inner vc_icon_element-color-turquoise vc_icon_element-size-md vc_icon_element-style- vc_icon_element-background-color-grey\" ><span class=\"vc_icon_element-icon fa fa-solid fa-arrow-right-from-bracket\" ><\/span><\/div><\/div><\/div><div class=\"vc_cta3_content-container\"><div class=\"vc_cta3-content\"><header class=\"vc_cta3-content-header\"><h2>Comience su a\u00f1o de transici\u00f3n en Espa\u00f1a<\/h2><\/header><p>Si deseas m\u00e1s informaci\u00f3n sobre centros escolares, familias de acogida o fechas de viaje, nuestro equipo est\u00e1 a tu disposici\u00f3n para ayudarte a planificar un A\u00f1o de Transici\u00f3n en el extranjero seguro, gratificante y personalizado.<\/p>\n<\/div><div class=\"vc_cta3-actions\"><div class=\"vc_btn3-container vc_btn3-inline vc_do_btn\" ><a class=\"vc_general vc_btn3 vc_btn3-size-md vc_btn3-shape-rounded vc_btn3-style-modern vc_btn3-color-info\" href=\"https:\/\/holaspain.agency\/es\/#contact\" title=\"\">P\u00f3ngase en contacto con nosotros<\/a><\/div><\/div><\/div><\/div><\/section><\/div><\/div><\/div><\/div>\n<\/div>","protected":false},"excerpt":{"rendered":"<p>Ofrezca a su hijo un gratificante A\u00f1o de Transici\u00f3n en el extranjero. Nuestro programa TY Spain ofrece plazas seguras, familias de acogida atentas, colegios de confianza y apoyo personalizado durante toda la estancia.<\/p>","protected":false},"author":1,"featured_media":2186,"parent":0,"menu_order":0,"comment_status":"closed","ping_status":"closed","template":"","meta":{"_seopress_robots_primary_cat":"","_seopress_titles_title":"%%sitetitle%% %%sep%% Study in a Spanish Secondary School","_seopress_titles_desc":"Transition Year Spain programme for Irish students to study in a Spanish secondary school, live with a host family and improve Spanish with full support.","_seopress_robots_index":"","_daextam_enable_autolinks":"1","footnotes":""},"categories":[62],"tags":[],"class_list":["post-2185","page","type-page","status-publish","has-post-thumbnail","hentry","category-courses"],"_links":{"self":[{"href":"https:\/\/holaspain.agency\/es\/wp-json\/wp\/v2\/pages\/2185","targetHints":{"allow":["GET"]}}],"collection":[{"href":"https:\/\/holaspain.agency\/es\/wp-json\/wp\/v2\/pages"}],"about":[{"href":"https:\/\/holaspain.agency\/es\/wp-json\/wp\/v2\/types\/page"}],"author":[{"embeddable":true,"href":"https:\/\/holaspain.agency\/es\/wp-json\/wp\/v2\/users\/1"}],"replies":[{"embeddable":true,"href":"https:\/\/holaspain.agency\/es\/wp-json\/wp\/v2\/comments?post=2185"}],"version-history":[{"count":11,"href":"https:\/\/holaspain.agency\/es\/wp-json\/wp\/v2\/pages\/2185\/revisions"}],"predecessor-version":[{"id":2201,"href":"https:\/\/holaspain.agency\/es\/wp-json\/wp\/v2\/pages\/2185\/revisions\/2201"}],"wp:featuredmedia":[{"embeddable":true,"href":"https:\/\/holaspain.agency\/es\/wp-json\/wp\/v2\/media\/2186"}],"wp:attachment":[{"href":"https:\/\/holaspain.agency\/es\/wp-json\/wp\/v2\/media?parent=2185"}],"wp:term":[{"taxonomy":"category","embeddable":true,"href":"https:\/\/holaspain.agency\/es\/wp-json\/wp\/v2\/categories?post=2185"},{"taxonomy":"post_tag","embeddable":true,"href":"https:\/\/holaspain.agency\/es\/wp-json\/wp\/v2\/tags?post=2185"}],"curies":[{"name":"wp","href":"https:\/\/api.w.org\/{rel}","templated":true}]}}