{"id":2124,"date":"2025-11-10T16:04:06","date_gmt":"2025-11-10T16:04:06","guid":{"rendered":"https:\/\/holaspain.agency\/?page_id=2124"},"modified":"2026-01-13T14:03:37","modified_gmt":"2026-01-13T14:03:37","slug":"viajes-a-espana-para-grupos-escolares","status":"publish","type":"page","link":"https:\/\/holaspain.agency\/es\/spanish-trips-for-school-groups\/","title":{"rendered":"Viajes en espa\u00f1ol para grupos escolares"},"content":{"rendered":"<div class=\"wpb-content-wrapper\"><div class=\"vc_row wpb_row vc_row-fluid\"><div class=\"wpb_column vc_column_container vc_col-sm-8\"><div class=\"vc_column-inner\"><div class=\"wpb_wrapper\">\n\t<div class=\"wpb_text_column wpb_content_element\" >\n\t\t<div class=\"wpb_wrapper\">\n\t\t\t<h1 style=\"text-align: justify;\">Viajes en espa\u00f1ol para grupos escolares<\/h1>\n<p style=\"text-align: justify;\"><em>Programas a medida para centros de ense\u00f1anza secundaria - Viajes en grupo - Inmersi\u00f3n educativa<\/em><\/p>\n\n\t\t<\/div>\n\t<\/div>\n<\/div><\/div><\/div><div class=\"wpb_column vc_column_container vc_col-sm-4\"><div class=\"vc_column-inner\"><div class=\"wpb_wrapper\"><div class=\"vc_btn3-container vc_btn3-inline vc_do_btn\" ><a class=\"vc_general vc_btn3 vc_btn3-size-md vc_btn3-shape-rounded vc_btn3-style-modern vc_btn3-color-juicy-pink\" href=\"https:\/\/holaspain.agency\/wp-content\/uploads\/2026\/01\/holaspain-brochure-for-school-groups.pdf\" title=\"\" target=\"_blank\">Descargue nuestro folleto para grupos escolares<\/a><\/div><\/div><\/div><\/div><\/div><div class=\"vc_row wpb_row vc_row-fluid\"><div class=\"wpb_column vc_column_container vc_col-sm-12\"><div class=\"vc_column-inner\"><div class=\"wpb_wrapper\">\n\t<div class=\"wpb_text_column wpb_content_element\" >\n\t\t<div class=\"wpb_wrapper\">\n\t\t\t<p style=\"text-align: justify;\">HolaSpain organiza programas acreditados de inmersi\u00f3n en espa\u00f1ol en Espa\u00f1a para grupos escolares. Cada viaje combina un aprendizaje din\u00e1mico de la lengua con experiencias culturales, sociales y educativas, dise\u00f1adas para motivar a los estudiantes y reforzar su espa\u00f1ol en contextos reales.<\/p>\n<h2 style=\"text-align: justify;\">Opciones de programas - Cursos de espa\u00f1ol para grupos escolares<\/h2>\n<ul style=\"text-align: justify;\">\n<li><strong>Inmersi\u00f3n de 1 semana<\/strong> - Ideal para viajes escolares y primeras experiencias culturales en el extranjero.<\/li>\n<li><strong>Programa de 2 semanas<\/strong> - Aprendizaje equilibrado de idiomas y descubrimiento cultural.<\/li>\n<li><strong>Estancia prolongada de 3 semanas<\/strong> - Profundizaci\u00f3n en el progreso ling\u00fc\u00edstico y plena integraci\u00f3n en la vida espa\u00f1ola.<\/li>\n<\/ul>\n<p style=\"text-align: justify;\">Los cursos suelen incluir <strong>De 15 a 20 horas de clases de espa\u00f1ol a la semana<\/strong>, combinados con talleres culturales, excursiones y actividades supervisadas.<\/p>\n<h3 style=\"text-align: justify;\">Qu\u00e9 incluye cada programa<\/h3>\n<ul style=\"text-align: justify;\">\n<li>Clases de espa\u00f1ol (todos los niveles) con profesores nativos titulados<\/li>\n<li>Actividades culturales y recreativas diarias<\/li>\n<li>Alojamiento en familias o residencias en r\u00e9gimen de pensi\u00f3n completa<\/li>\n<li>Traslados al aeropuerto, transporte local y excursiones guiadas<\/li>\n<li>Supervisi\u00f3n local y apoyo de emergencia 24 horas al d\u00eda, 7 d\u00edas a la semana<\/li>\n<li>Certificado de participaci\u00f3n para cada estudiante<\/li>\n<\/ul>\n<h3 style=\"text-align: justify;\">Resultados del aprendizaje - Inmersi\u00f3n educativa y cultural<\/h3>\n<ul style=\"text-align: justify;\">\n<li>Mejorar las habilidades comunicativas en espa\u00f1ol mediante la pr\u00e1ctica real<\/li>\n<li>Desarrollar la conciencia cultural y la independencia en un entorno seguro<\/li>\n<li>Experimente las aut\u00e9nticas tradiciones, gastronom\u00eda y vida cotidiana espa\u00f1olas<\/li>\n<li>Fomentar el trabajo en equipo y la confianza fuera del aula<\/li>\n<\/ul>\n<h3 style=\"text-align: justify;\">Destinos para grupos escolares en Espa\u00f1a<\/h3>\n<p style=\"text-align: justify;\">HolaSpain colabora con escuelas acreditadas en <strong>Alicante, Valencia, Madrid, Barcelona, Malaga, Salamanca, Seville and Granada<\/strong>. Cada destino ofrece entornos seguros, un rico patrimonio cultural e instalaciones educativas de calidad.<\/p>\n<h3 style=\"text-align: justify;\">Coordinaci\u00f3n y apoyo a los grupos<\/h3>\n<p style=\"text-align: justify;\">Desde la primera consulta hasta el regreso del grupo, HolaSpain gestiona todos los detalles: planificaci\u00f3n del curso, documentaci\u00f3n, traslados, alojamiento y asistencia en caso de emergencia. Un coordinador local est\u00e1 disponible las 24 horas del d\u00eda, los 7 d\u00edas de la semana, para garantizar una experiencia fluida y segura tanto para los estudiantes como para los profesores.<\/p>\n<blockquote>\n<p style=\"text-align: justify;\">These programmes are designed for secondary schools, colleges and educational institutions seeking authentic language immersion experiences in Spain. All programmes are flexible and can be adapted to each group\u2019s age, level and educational goals. Available for Erasmus+ and PCTO .<\/p>\n<\/blockquote>\n\n\t\t<\/div>\n\t<\/div>\n<section class=\"vc_cta3-container\"><div class=\"vc_general vc_do_cta3 vc_cta3 vc_cta3-style-outline vc_cta3-shape-rounded vc_cta3-align-left vc_cta3-color-classic vc_cta3-icon-size-md vc_cta3-icons-left vc_cta3-actions-right\"><div class=\"vc_cta3-icons\"><div class=\"vc_icon_element vc_icon_element-outer vc_do_icon vc_icon_element-align-left\"><div class=\"vc_icon_element-inner vc_icon_element-color-turquoise vc_icon_element-size-md vc_icon_element-style- vc_icon_element-background-color-grey\" ><span class=\"vc_icon_element-icon fa fa-solid fa-arrow-right-from-bracket\" ><\/span><\/div><\/div><\/div><div class=\"vc_cta3_content-container\"><div class=\"vc_cta3-content\"><header class=\"vc_cta3-content-header\"><h2>Empieza hoy tu aventura espa\u00f1ola<\/h2><\/header><p>\u00bfTiene preguntas o quiere encontrar el curso de espa\u00f1ol perfecto? P\u00f3ngase en contacto con HolaSpain hoy mismo y perm\u00edtanos ayudarle a planificar su experiencia de aprendizaje en Espa\u00f1a.<\/p>\n<\/div><div class=\"vc_cta3-actions\"><div class=\"vc_btn3-container vc_btn3-inline vc_do_btn\" ><a class=\"vc_general vc_btn3 vc_btn3-size-md vc_btn3-shape-rounded vc_btn3-style-modern vc_btn3-color-info\" href=\"https:\/\/holaspain.agency\/es\/#contact\" title=\"\">P\u00f3ngase en contacto con nosotros<\/a><\/div><\/div><\/div><\/div><\/section><\/div><\/div><\/div><\/div>\n<\/div>","protected":false},"excerpt":{"rendered":"<p>Viajes de inmersi\u00f3n personalizados para grupos escolares con clases de espa\u00f1ol, visitas culturales y experiencias reales. Cada programa se adapta a la edad y nivel del grupo, garantizando total seguridad y coordinaci\u00f3n.<\/p>","protected":false},"author":1,"featured_media":2149,"parent":0,"menu_order":0,"comment_status":"closed","ping_status":"closed","template":"","meta":{"_seopress_robots_primary_cat":"","_seopress_titles_title":"%%sitetitle%% %%sep%% %%post_title%%","_seopress_titles_desc":"Spanish trips for school groups. Learn Spanish in Spain with lessons, activities, host families, and full supervision.","_seopress_robots_index":"","_daextam_enable_autolinks":"1","footnotes":""},"categories":[62],"tags":[],"class_list":["post-2124","page","type-page","status-publish","has-post-thumbnail","hentry","category-courses"],"_links":{"self":[{"href":"https:\/\/holaspain.agency\/es\/wp-json\/wp\/v2\/pages\/2124","targetHints":{"allow":["GET"]}}],"collection":[{"href":"https:\/\/holaspain.agency\/es\/wp-json\/wp\/v2\/pages"}],"about":[{"href":"https:\/\/holaspain.agency\/es\/wp-json\/wp\/v2\/types\/page"}],"author":[{"embeddable":true,"href":"https:\/\/holaspain.agency\/es\/wp-json\/wp\/v2\/users\/1"}],"replies":[{"embeddable":true,"href":"https:\/\/holaspain.agency\/es\/wp-json\/wp\/v2\/comments?post=2124"}],"version-history":[{"count":11,"href":"https:\/\/holaspain.agency\/es\/wp-json\/wp\/v2\/pages\/2124\/revisions"}],"predecessor-version":[{"id":2384,"href":"https:\/\/holaspain.agency\/es\/wp-json\/wp\/v2\/pages\/2124\/revisions\/2384"}],"wp:featuredmedia":[{"embeddable":true,"href":"https:\/\/holaspain.agency\/es\/wp-json\/wp\/v2\/media\/2149"}],"wp:attachment":[{"href":"https:\/\/holaspain.agency\/es\/wp-json\/wp\/v2\/media?parent=2124"}],"wp:term":[{"taxonomy":"category","embeddable":true,"href":"https:\/\/holaspain.agency\/es\/wp-json\/wp\/v2\/categories?post=2124"},{"taxonomy":"post_tag","embeddable":true,"href":"https:\/\/holaspain.agency\/es\/wp-json\/wp\/v2\/tags?post=2124"}],"curies":[{"name":"wp","href":"https:\/\/api.w.org\/{rel}","templated":true}]}}