{"id":2123,"date":"2025-11-10T16:04:04","date_gmt":"2025-11-10T16:04:04","guid":{"rendered":"https:\/\/holaspain.agency\/?page_id=2123"},"modified":"2026-02-05T18:23:18","modified_gmt":"2026-02-05T18:23:18","slug":"cursos-de-espanol-de-larga-duracion-para-adultos","status":"publish","type":"page","link":"https:\/\/holaspain.agency\/es\/long-term-spanish-courses-for-adults\/","title":{"rendered":"Cursos de espa\u00f1ol de larga duraci\u00f3n para adultos"},"content":{"rendered":"<div class=\"wpb-content-wrapper\"><div class=\"vc_row wpb_row vc_row-fluid\"><div class=\"wpb_column vc_column_container vc_col-sm-12\"><div class=\"vc_column-inner\"><div class=\"wpb_wrapper\">\n\t<div class=\"wpb_text_column wpb_content_element\" >\n\t\t<div class=\"wpb_wrapper\">\n\t\t\t<h1 style=\"text-align: justify;\">Cursos de espa\u00f1ol de larga duraci\u00f3n en Espa\u00f1a para adultos<\/h1>\n<p style=\"text-align: justify;\"><em>V\u00e1lido para solicitudes de visado 2026-2027<\/em><\/p>\n<blockquote>\n<p style=\"text-align: justify;\">HolaSpain ofrece cursos acreditados de espa\u00f1ol de larga duraci\u00f3n en Espa\u00f1a para estudiantes que necesitan un visado de estudios. Nuestros programas combinan ense\u00f1anza del idioma, inmersi\u00f3n cultural y apoyo completo antes y durante su estancia en Espa\u00f1a.<\/p>\n<\/blockquote>\n\n\t\t<\/div>\n\t<\/div>\n<\/div><\/div><\/div><\/div><div class=\"vc_row wpb_row vc_row-fluid\"><div class=\"wpb_column vc_column_container vc_col-sm-12\"><div class=\"vc_column-inner\"><div class=\"wpb_wrapper\">\n\t<div class=\"wpb_text_column wpb_content_element\" >\n\t\t<div class=\"wpb_wrapper\">\n\t\t\t<h2 style=\"text-align: justify;\">Opciones de programas - Cursos de espa\u00f1ol de larga duraci\u00f3n<\/h2>\n<ul style=\"text-align: justify;\">\n<li><strong>Curso semestral<\/strong> - 22 semanas de clases + 4 semanas de vacaciones<\/li>\n<li><strong>Curso completo<\/strong> - 44 semanas de clases + 8 semanas de vacaciones<\/li>\n<\/ul>\n<p style=\"text-align: justify;\">Los cursos est\u00e1n disponibles con <strong>20 \u00f3 25 horas semanales<\/strong>, dependiendo de sus objetivos de aprendizaje y de los requisitos del visado.<\/p>\n<h3 style=\"text-align: justify;\">Qu\u00e9 incluye su curso de espa\u00f1ol<\/h3>\n<ul style=\"text-align: justify;\">\n<li>Clases intensivas (todos los niveles) con profesores cualificados<\/li>\n<li>Certificado de asistencia y aprovechamiento<\/li>\n<li>Asistencia en transporte local y excursiones culturales<\/li>\n<li>Asistencia local y orientaci\u00f3n sobre visados 24 horas al d\u00eda, 7 d\u00edas a la semana<\/li>\n<li>Alojamiento y traslados al aeropuerto previa petici\u00f3n<\/li>\n<\/ul>\n<h3 style=\"text-align: justify;\">Resultados del aprendizaje - Aprender espa\u00f1ol en Espa\u00f1a<\/h3>\n<ul style=\"text-align: justify;\">\n<li>Desarrollar la confianza para hablar espa\u00f1ol en situaciones cotidianas<\/li>\n<li>Mejorar la gram\u00e1tica, el vocabulario y la pronunciaci\u00f3n<\/li>\n<li>Comprender la cultura y las tradiciones espa\u00f1olas<\/li>\n<li>Prepararse para ex\u00e1menes oficiales como el DELE o el SIELE (opcional)<\/li>\n<\/ul>\n<h3 style=\"text-align: justify;\">Opciones de alojamiento para estudiantes<\/h3>\n<ul style=\"text-align: justify;\">\n<li>Cuidadosamente seleccionados <strong>familias de acogida<\/strong> para una inmersi\u00f3n total<\/li>\n<li><strong>Residencias de estudiantes<\/strong> con supervisi\u00f3n e instalaciones compartidas<\/li>\n<li>Apartamentos privados disponibles previa petici\u00f3n<\/li>\n<\/ul>\n<h3 style=\"text-align: justify;\">Destinos de estudio en Espa\u00f1a<\/h3>\n<p style=\"text-align: justify;\">Elija entre los principales destinos de Espa\u00f1a, como <strong>Alicante, Valencia, Madrid, Barcelona, M\u00e1laga, Salamanca y Sevilla<\/strong>. Todas las escuelas asociadas est\u00e1n acreditadas y c\u00e9ntricas, y ofrecen instalaciones modernas y entornos acogedores.<\/p>\n<h3 style=\"text-align: justify;\">Apoyo a los estudiantes y orientaci\u00f3n sobre visados<\/h3>\n<p style=\"text-align: justify;\">HolaSpain proporciona todos los documentos necesarios para la solicitud de visados, incluido el documento oficial <strong>carta de inscripci\u00f3n<\/strong> y <strong>confirmaci\u00f3n de pago<\/strong>. Nuestro equipo le asiste durante todo el proceso hasta su llegada a Espa\u00f1a.<\/p>\n<blockquote>\n<p style=\"text-align: justify;\">These programmes are designed for adult learners aged 18 and over who wish to live and study in Spain for 6 to 12 months. No previous Spanish knowledge is required. Available for Bildungsurlaub, Erasmus+ and CSN (Centrala studiest\u00f6dsn\u00e4mnden).<\/p>\n<\/blockquote>\n\n\t\t<\/div>\n\t<\/div>\n<\/div><\/div><\/div><\/div><div class=\"vc_row wpb_row vc_row-fluid\"><div class=\"wpb_column vc_column_container vc_col-sm-6\"><div class=\"vc_column-inner\"><div class=\"wpb_wrapper\"><div class=\"vc_btn3-container vc_btn3-center vc_do_btn\" ><a class=\"vc_general vc_btn3 vc_btn3-size-lg vc_btn3-shape-rounded vc_btn3-style-modern vc_btn3-color-black\" href=\"https:\/\/holaspain.agency\/es\/tarifas-de-los-cursos-de-espanol-de-larga-duracion\/\" title=\"Precios de los cursos de espa\u00f1ol de larga duraci\u00f3n\">Comparar precios y obtener mi mejor opci\u00f3n<\/a><\/div><\/div><\/div><\/div><div class=\"wpb_column vc_column_container vc_col-sm-6\"><div class=\"vc_column-inner\"><div class=\"wpb_wrapper\"><div class=\"vc_btn3-container vc_btn3-center vc_do_btn\" ><a class=\"vc_general vc_btn3 vc_btn3-size-lg vc_btn3-shape-rounded vc_btn3-style-modern vc_btn3-color-black\" href=\"https:\/\/holaspain.agency\/es\/cursos-de-espanol-de-larga-duracion-faqs\/\" title=\"Precios de los cursos de espa\u00f1ol de larga duraci\u00f3n\">Obtener respuestas para Mi plan de estudios en Espa\u00f1a<\/a><\/div><\/div><\/div><\/div><\/div><div class=\"vc_row wpb_row vc_row-fluid\"><div class=\"wpb_column vc_column_container vc_col-sm-12\"><div class=\"vc_column-inner\"><div class=\"wpb_wrapper\"><section class=\"vc_cta3-container\"><div class=\"vc_general vc_do_cta3 vc_cta3 vc_cta3-style-outline vc_cta3-shape-rounded vc_cta3-align-left vc_cta3-color-classic vc_cta3-icon-size-md vc_cta3-icons-left vc_cta3-actions-right\"><div class=\"vc_cta3-icons\"><div class=\"vc_icon_element vc_icon_element-outer vc_do_icon vc_icon_element-align-left\"><div class=\"vc_icon_element-inner vc_icon_element-color-turquoise vc_icon_element-size-md vc_icon_element-style- vc_icon_element-background-color-grey\" ><span class=\"vc_icon_element-icon fa fa-solid fa-arrow-right-from-bracket\" ><\/span><\/div><\/div><\/div><div class=\"vc_cta3_content-container\"><div class=\"vc_cta3-content\"><header class=\"vc_cta3-content-header\"><h2>Empieza hoy tu aventura espa\u00f1ola<\/h2><\/header><p>\u00bfTiene preguntas o quiere encontrar el curso de espa\u00f1ol perfecto? P\u00f3ngase en contacto con HolaSpain hoy mismo y perm\u00edtanos ayudarle a planificar su experiencia de aprendizaje en Espa\u00f1a.<\/p>\n<\/div><div class=\"vc_cta3-actions\"><div class=\"vc_btn3-container vc_btn3-inline vc_do_btn\" ><a class=\"vc_general vc_btn3 vc_btn3-size-md vc_btn3-shape-rounded vc_btn3-style-modern vc_btn3-color-info\" href=\"https:\/\/holaspain.agency\/es\/#contact\" title=\"\">P\u00f3ngase en contacto con nosotros<\/a><\/div><\/div><\/div><\/div><\/section><\/div><\/div><\/div><\/div>\n<\/div>","protected":false},"excerpt":{"rendered":"<p>Cursos acreditados de espa\u00f1ol de larga duraci\u00f3n para adultos que quieren vivir y estudiar en Espa\u00f1a durante 6-12 meses, combinando clases intensivas, inmersi\u00f3n cultural y apoyo local y para la obtenci\u00f3n de visados.<\/p>","protected":false},"author":1,"featured_media":2143,"parent":0,"menu_order":0,"comment_status":"closed","ping_status":"closed","template":"","meta":{"_seopress_robots_primary_cat":"","_seopress_titles_title":"%%sitetitle%% %%sep%% %%post_title%%","_seopress_titles_desc":"Accredited long-term Spanish courses in Spain for adults. Visa-ready programmes with 20\u201325 hours weekly, full support, and top destinations.","_seopress_robots_index":"","_daextam_enable_autolinks":"1","footnotes":""},"categories":[62],"tags":[],"class_list":["post-2123","page","type-page","status-publish","has-post-thumbnail","hentry","category-courses"],"_links":{"self":[{"href":"https:\/\/holaspain.agency\/es\/wp-json\/wp\/v2\/pages\/2123","targetHints":{"allow":["GET"]}}],"collection":[{"href":"https:\/\/holaspain.agency\/es\/wp-json\/wp\/v2\/pages"}],"about":[{"href":"https:\/\/holaspain.agency\/es\/wp-json\/wp\/v2\/types\/page"}],"author":[{"embeddable":true,"href":"https:\/\/holaspain.agency\/es\/wp-json\/wp\/v2\/users\/1"}],"replies":[{"embeddable":true,"href":"https:\/\/holaspain.agency\/es\/wp-json\/wp\/v2\/comments?post=2123"}],"version-history":[{"count":21,"href":"https:\/\/holaspain.agency\/es\/wp-json\/wp\/v2\/pages\/2123\/revisions"}],"predecessor-version":[{"id":2497,"href":"https:\/\/holaspain.agency\/es\/wp-json\/wp\/v2\/pages\/2123\/revisions\/2497"}],"wp:featuredmedia":[{"embeddable":true,"href":"https:\/\/holaspain.agency\/es\/wp-json\/wp\/v2\/media\/2143"}],"wp:attachment":[{"href":"https:\/\/holaspain.agency\/es\/wp-json\/wp\/v2\/media?parent=2123"}],"wp:term":[{"taxonomy":"category","embeddable":true,"href":"https:\/\/holaspain.agency\/es\/wp-json\/wp\/v2\/categories?post=2123"},{"taxonomy":"post_tag","embeddable":true,"href":"https:\/\/holaspain.agency\/es\/wp-json\/wp\/v2\/tags?post=2123"}],"curies":[{"name":"wp","href":"https:\/\/api.w.org\/{rel}","templated":true}]}}