{"id":21,"date":"2016-09-05T20:27:12","date_gmt":"2016-09-05T20:27:12","guid":{"rendered":"http:\/\/demos.famethemes.com\/screenr-plus\/?page_id=21"},"modified":"2025-11-05T11:41:28","modified_gmt":"2025-11-05T11:41:28","slug":"servicios-a-medida-para-grupos-escolares","status":"publish","type":"page","link":"https:\/\/holaspain.agency\/es\/tailored-services-for-schools-groups\/","title":{"rendered":"Servicios a medida para grupos escolares"},"content":{"rendered":"<div class=\"wpb-content-wrapper\"><div class=\"vc_row wpb_row vc_row-fluid\"><div class=\"wpb_column vc_column_container vc_col-sm-12\"><div class=\"vc_column-inner\"><div class=\"wpb_wrapper\">\n\t<div class=\"wpb_text_column wpb_content_element\" >\n\t\t<div class=\"wpb_wrapper\">\n\t\t\t<h1>Servicios a medida para grupos escolares<\/h1>\n<h2>Programas de grupo personalizados para centros de ense\u00f1anza secundaria<\/h2>\n<p>Hola Espa\u00f1a ofrece <strong>servicios adaptados a los centros escolares<\/strong>, El objetivo es ofrecer una experiencia inolvidable de inmersi\u00f3n en el espa\u00f1ol a grupos de secundaria. Nuestros programas combinan el aprendizaje de idiomas, actividades culturales y un apoyo completo para garantizar que todos los estudiantes se beneficien y disfruten de su estancia.<\/p>\n<h2>Por qu\u00e9 elegir Hola Spain para grupos escolares<\/h2>\n<ul>\n<li>Experiencia en la acogida de grupos escolares internacionales<\/li>\n<li>Alojamientos seguros y vigilados<\/li>\n<li>Inmersi\u00f3n total en la lengua y la cultura espa\u00f1olas<\/li>\n<li>Programas flexibles adaptados a las necesidades de las escuelas<\/li>\n<\/ul>\n<h2>Opciones de alojamiento para grupos de estudiantes<\/h2>\n<h3>Familias de acogida - Aprende espa\u00f1ol de forma natural<\/h3>\n<p>Al\u00f3jese con <strong>Familias de acogida espa\u00f1olas<\/strong> para experimentar la vida cotidiana en Espa\u00f1a. Los estudiantes mejoran sus habilidades ling\u00fc\u00edsticas mientras comparten comidas, actividades y conversaciones en un ambiente de apoyo.<\/p>\n<h3>Residencias de estudiantes - Comodidad e independencia<\/h3>\n<p>Nuestra <strong>residencias de estudiantes en Espa\u00f1a<\/strong> son perfectas para grupos escolares que buscan independencia sin renunciar a un entorno seguro y estructurado. Las residencias ofrecen habitaciones compartidas, zonas comunes y acceso a actividades de grupo.<\/p>\n<h3>Pisos compartidos - Flexibilidad para grupos<\/h3>\n<p>Para estudiantes mayores o grupos que buscan flexibilidad, <strong>apartamentos compartidos<\/strong> ofrecen un equilibrio entre independencia y comunidad. Los apartamentos est\u00e1n totalmente equipados y situados en el centro para facilitar el acceso a actividades y clases.<\/p>\n<h2>Servicios de apoyo a grupos escolares<\/h2>\n<p>Hola Spain se asegura de que cada grupo reciba <strong>servicios de apoyo<\/strong> durante toda su estancia:<\/p>\n<ul>\n<li><strong>Recogida y traslado al aeropuerto<\/strong> para unas llegadas y salidas fluidas<\/li>\n<li><strong>Asistencia de emergencia 24 horas al d\u00eda, 7 d\u00edas a la semana<\/strong> para todos los estudiantes<\/li>\n<li><strong>Coordinadores de grupo especializados<\/strong> gestionar calendarios y actividades<\/li>\n<li><strong>Excursiones y talleres culturales<\/strong> a la medida de los intereses del grupo<\/li>\n<\/ul>\n\n\t\t<\/div>\n\t<\/div>\n<section class=\"vc_cta3-container\"><div class=\"vc_general vc_do_cta3 vc_cta3 vc_cta3-style-outline vc_cta3-shape-rounded vc_cta3-align-left vc_cta3-color-classic vc_cta3-icon-size-md vc_cta3-icons-left vc_cta3-actions-right\"><div class=\"vc_cta3-icons\"><div class=\"vc_icon_element vc_icon_element-outer vc_do_icon vc_icon_element-align-left\"><div class=\"vc_icon_element-inner vc_icon_element-color-turquoise vc_icon_element-size-md vc_icon_element-style- vc_icon_element-background-color-grey\" ><span class=\"vc_icon_element-icon fa fa-solid fa-arrow-right-from-bracket\" ><\/span><\/div><\/div><\/div><div class=\"vc_cta3_content-container\"><div class=\"vc_cta3-content\"><header class=\"vc_cta3-content-header\"><h2>Planifique el programa de inmersi\u00f3n en espa\u00f1ol de su centro escolar<\/h2><\/header><p style=\"text-align: justify;\">Tanto si su centro escolar est\u00e1 planeando un viaje corto como un programa de estudios m\u00e1s largo, Hola Spain le ofrece una completa <strong>soluciones personalizadas para grupos escolares<\/strong>. Le ayudamos a dise\u00f1ar la combinaci\u00f3n perfecta de aprendizaje de idiomas, experiencias culturales y supervisi\u00f3n para garantizar que cada estudiante tenga una experiencia segura, divertida y educativa.<\/p>\n<\/div><div class=\"vc_cta3-actions\"><div class=\"vc_btn3-container vc_btn3-inline vc_do_btn\" ><a class=\"vc_general vc_btn3 vc_btn3-size-md vc_btn3-shape-rounded vc_btn3-style-modern vc_btn3-color-info\" href=\"https:\/\/holaspain.agency\/es\/#contact\" title=\"\">P\u00f3ngase en contacto con nosotros<\/a><\/div><\/div><\/div><\/div><\/section><\/div><\/div><\/div><\/div>\n<\/div>","protected":false},"excerpt":{"rendered":"<p>Nuestros programas combinan el aprendizaje de idiomas, actividades culturales y un apoyo total para garantizar que todos los estudiantes se beneficien y disfruten de su estancia.<\/p>","protected":false},"author":1,"featured_media":1404,"parent":0,"menu_order":0,"comment_status":"closed","ping_status":"closed","template":"","meta":{"_seopress_robots_primary_cat":"","_seopress_titles_title":"%%sitetitle%% %%sep%% %%post_title%%","_seopress_titles_desc":"Tailored Services for Schools Groups \u2014 Hola Spain helps secondary schools send student groups for a safe, immersive Spanish experience.","_seopress_robots_index":"","_daextam_enable_autolinks":"","footnotes":""},"categories":[61],"tags":[],"class_list":["post-21","page","type-page","status-publish","has-post-thumbnail","hentry","category-services"],"_links":{"self":[{"href":"https:\/\/holaspain.agency\/es\/wp-json\/wp\/v2\/pages\/21","targetHints":{"allow":["GET"]}}],"collection":[{"href":"https:\/\/holaspain.agency\/es\/wp-json\/wp\/v2\/pages"}],"about":[{"href":"https:\/\/holaspain.agency\/es\/wp-json\/wp\/v2\/types\/page"}],"author":[{"embeddable":true,"href":"https:\/\/holaspain.agency\/es\/wp-json\/wp\/v2\/users\/1"}],"replies":[{"embeddable":true,"href":"https:\/\/holaspain.agency\/es\/wp-json\/wp\/v2\/comments?post=21"}],"version-history":[{"count":7,"href":"https:\/\/holaspain.agency\/es\/wp-json\/wp\/v2\/pages\/21\/revisions"}],"predecessor-version":[{"id":1708,"href":"https:\/\/holaspain.agency\/es\/wp-json\/wp\/v2\/pages\/21\/revisions\/1708"}],"wp:featuredmedia":[{"embeddable":true,"href":"https:\/\/holaspain.agency\/es\/wp-json\/wp\/v2\/media\/1404"}],"wp:attachment":[{"href":"https:\/\/holaspain.agency\/es\/wp-json\/wp\/v2\/media?parent=21"}],"wp:term":[{"taxonomy":"category","embeddable":true,"href":"https:\/\/holaspain.agency\/es\/wp-json\/wp\/v2\/categories?post=21"},{"taxonomy":"post_tag","embeddable":true,"href":"https:\/\/holaspain.agency\/es\/wp-json\/wp\/v2\/tags?post=21"}],"curies":[{"name":"wp","href":"https:\/\/api.w.org\/{rel}","templated":true}]}}