{"id":2034,"date":"2025-11-06T10:06:46","date_gmt":"2025-11-06T10:06:46","guid":{"rendered":"https:\/\/holaspain.agency\/?page_id=2034"},"modified":"2026-01-20T10:40:23","modified_gmt":"2026-01-20T10:40:23","slug":"cursos-de-inmersion-en-espanol-espana","status":"publish","type":"page","link":"https:\/\/holaspain.agency\/es\/spanish-immersion-courses-spain\/","title":{"rendered":"Cursos de inmersi\u00f3n en espa\u00f1ol Espa\u00f1a"},"content":{"rendered":"<div class=\"wpb-content-wrapper\"><div class=\"vc_row wpb_row vc_row-fluid\"><div class=\"wpb_column vc_column_container vc_col-sm-12\"><div class=\"vc_column-inner\"><div class=\"wpb_wrapper\">\n\t<div class=\"wpb_text_column wpb_content_element\" >\n\t\t<div class=\"wpb_wrapper\">\n\t\t\t<h1 style=\"text-align: justify;\">Aprender espa\u00f1ol en Espa\u00f1a con asistencia completa e inmersi\u00f3n cultural<\/h1>\n<h2 style=\"text-align: justify;\">Programas de espa\u00f1ol para todas las edades y niveles<\/h2>\n<p style=\"text-align: justify;\">HolaSpain le conecta con cursos de espa\u00f1ol acreditados en toda Espa\u00f1a, adaptados a adolescentes, adultos, grupos escolares y profesionales. Nuestros programas van m\u00e1s all\u00e1 del aprendizaje en el aula, ya que integran la pr\u00e1ctica de la comunicaci\u00f3n en la vida real, la exploraci\u00f3n cultural y un completo apoyo log\u00edstico.<\/p>\n<h3 style=\"text-align: justify;\">Cursos de espa\u00f1ol con actividades y asistencia completa<\/h3>\n<p style=\"text-align: justify;\">Whether you\u2019re a beginner or already know Spanish, our partner schools deliver interactive lessons in top destinations such as Madrid, Barcelona, Seville, Malaga, and Salamanca. Your experience is enriched through cultural activities, accommodation options, and dedicated support from start to finish.<\/p>\n<h2 style=\"text-align: justify;\">Estudiar espa\u00f1ol en Espa\u00f1a: Cursos, visados, alojamiento y servicios de apoyo<\/h2>\n<p style=\"text-align: justify;\">HolaSpain ofrece un paquete de servicios completo: cursos de idiomas, alojamiento, orientaci\u00f3n sobre visados para estudiantes no comunitarios, seguro m\u00e9dico, programas de inmersi\u00f3n cultural y servicios a medida para grupos escolares. Nosotros nos ocupamos de los detalles y usted se centra en aprender y vivir la experiencia espa\u00f1ola.<\/p>\n<h3 style=\"text-align: justify;\">Experiencias de estudio del espa\u00f1ol en Espa\u00f1a con todo incluido<\/h3>\n<p style=\"text-align: justify;\">Desde la solicitud hasta la llegada, HolaSpain apoya a estudiantes, profesionales y grupos con orientaci\u00f3n personalizada. Opciones de financiaci\u00f3n como Erasmus+, Bildungsurlaub, PCTO y CSN tambi\u00e9n est\u00e1n disponibles en colaboraci\u00f3n con nuestras escuelas acreditadas. Descubra una forma sencilla y enriquecedora de aprender espa\u00f1ol mientras experimenta la cultura y el estilo de vida de Espa\u00f1a.<\/p>\n\n\t\t<\/div>\n\t<\/div>\n\n<div class=\"vc_grid-container-wrapper vc_clearfix vc_grid-animation-none\">\n\t<div class=\"vc_grid-container vc_clearfix wpb_content_element vc_masonry_grid\" data-initial-loading-animation=\"none\" data-vc-grid-settings=\"{&quot;page_id&quot;:2034,&quot;style&quot;:&quot;all-masonry&quot;,&quot;action&quot;:&quot;vc_get_vc_grid_data&quot;,&quot;shortcode_id&quot;:&quot;1768905610451-5efb7850-0f42-4&quot;,&quot;tag&quot;:&quot;vc_masonry_grid&quot;}\" data-vc-request=\"https:\/\/holaspain.agency\/wp-admin\/admin-ajax.php\" data-vc-post-id=\"2034\" data-vc-public-nonce=\"9ffa800287\">\n\t\t\n\t<\/div>\n<\/div><\/div><\/div><\/div><\/div>\n<\/div>","protected":false},"excerpt":{"rendered":"Learn Spanish in Spain with Complete Support and Cultural Immersion Spanish Language Programmes for All Ages and Levels HolaSpain connects you with accredited Spanish language courses across Spain, tailored to teenagers, adults, school groups, and professionals. Our programmes go beyond classroom learning by integrating real-life communication practice, cultural exploration, and...","protected":false},"author":1,"featured_media":2038,"parent":0,"menu_order":0,"comment_status":"closed","ping_status":"closed","template":"","meta":{"_seopress_robots_primary_cat":"","_seopress_titles_title":"%%sitetitle%% %%sep%% %%post_title%%","_seopress_titles_desc":"Spanish immersion courses in Spain with cultural activities, accommodation, and full support. Learn Spanish and live the culture with HolaSpain.","_seopress_robots_index":"","_daextam_enable_autolinks":"1","footnotes":""},"categories":[],"tags":[],"class_list":["post-2034","page","type-page","status-publish","has-post-thumbnail","hentry"],"_links":{"self":[{"href":"https:\/\/holaspain.agency\/es\/wp-json\/wp\/v2\/pages\/2034","targetHints":{"allow":["GET"]}}],"collection":[{"href":"https:\/\/holaspain.agency\/es\/wp-json\/wp\/v2\/pages"}],"about":[{"href":"https:\/\/holaspain.agency\/es\/wp-json\/wp\/v2\/types\/page"}],"author":[{"embeddable":true,"href":"https:\/\/holaspain.agency\/es\/wp-json\/wp\/v2\/users\/1"}],"replies":[{"embeddable":true,"href":"https:\/\/holaspain.agency\/es\/wp-json\/wp\/v2\/comments?post=2034"}],"version-history":[{"count":10,"href":"https:\/\/holaspain.agency\/es\/wp-json\/wp\/v2\/pages\/2034\/revisions"}],"predecessor-version":[{"id":2418,"href":"https:\/\/holaspain.agency\/es\/wp-json\/wp\/v2\/pages\/2034\/revisions\/2418"}],"wp:featuredmedia":[{"embeddable":true,"href":"https:\/\/holaspain.agency\/es\/wp-json\/wp\/v2\/media\/2038"}],"wp:attachment":[{"href":"https:\/\/holaspain.agency\/es\/wp-json\/wp\/v2\/media?parent=2034"}],"wp:term":[{"taxonomy":"category","embeddable":true,"href":"https:\/\/holaspain.agency\/es\/wp-json\/wp\/v2\/categories?post=2034"},{"taxonomy":"post_tag","embeddable":true,"href":"https:\/\/holaspain.agency\/es\/wp-json\/wp\/v2\/tags?post=2034"}],"curies":[{"name":"wp","href":"https:\/\/api.w.org\/{rel}","templated":true}]}}