{"id":1974,"date":"2025-11-05T11:12:43","date_gmt":"2025-11-05T11:12:43","guid":{"rendered":"https:\/\/holaspain.agency\/?page_id=1974"},"modified":"2026-02-12T16:00:44","modified_gmt":"2026-02-12T16:00:44","slug":"visado-de-estudiante-para-espana","status":"publish","type":"page","link":"https:\/\/holaspain.agency\/es\/student-visa-for-spain\/","title":{"rendered":"Visado de estudiante para Espa\u00f1a"},"content":{"rendered":"<div class=\"wpb-content-wrapper\"><div class=\"vc_row wpb_row vc_row-fluid\"><div class=\"wpb_column vc_column_container vc_col-sm-12\"><div class=\"vc_column-inner\"><div class=\"wpb_wrapper\">\n\t<div class=\"wpb_text_column wpb_content_element\" >\n\t\t<div class=\"wpb_wrapper\">\n\t\t\t<h1 style=\"text-align: justify;\">Visado de estudiante para Espa\u00f1a<\/h1>\n<blockquote>\n<p style=\"text-align: justify;\">Los estudiantes extracomunitarios que planean estudiar en Espa\u00f1a durante m\u00e1s de 90 d\u00edas generalmente necesitan un visado de estudiante de larga duraci\u00f3n (Tipo D). HolaSpain te ayuda a elegir una escuela acreditada, obtener los documentos oficiales de inscripci\u00f3n y preparar tu solicitud para que puedas centrarte en aprender espa\u00f1ol y disfrutar de la vida en Espa\u00f1a.<\/p>\n<\/blockquote>\n<p style=\"text-align: justify;\" data-pm-slice=\"0 0 &#091;&#093;\">Trabajamos exclusivamente con <strong>Escuelas de espa\u00f1ol acreditadas por el Instituto Cervantes<\/strong>, and we coordinate the documentation typically required for student visa applications. Our partner schools provide high-quality Spanish courses and support throughout the pre-arrival visa process.<\/p>\n<h2 style=\"text-align: justify;\">\u00bfQui\u00e9n necesita un visado de estudiante?<\/h2>\n<h4 style=\"text-align: justify;\">Estancias cortas (menos de 90 d\u00edas)<\/h4>\n<p style=\"text-align: justify;\">Para estancias inferiores a 90 d\u00edas, los requisitos de visado dependen de su nacionalidad. Algunos viajeros pueden entrar en el Espacio Schengen sin visado, mientras que otros deben solicitar un visado de corta duraci\u00f3n (Schengen). Confirme siempre los requisitos vigentes con su consulado espa\u00f1ol antes de viajar.<\/p>\n<h5 style=\"text-align: justify;\">Requisito de visado (referencia oficial)<\/h5>\n<p style=\"text-align: justify;\">En lugar de basarse en listas informales de pa\u00edses, le recomendamos que consulte las listas oficiales de la UE de nacionalidades que exigen (o no) visado Schengen para estancias cortas, y que confirme las normas espec\u00edficas del consulado en el que solicite el visado.<\/p>\n<h5 style=\"text-align: justify;\">ETIAS (futuro requisito para algunos viajeros exentos de visado)<\/h5>\n<p style=\"text-align: justify;\">ETIAS es <strong>a\u00fan no operativo<\/strong>. Una vez implantado, los viajeros de determinados pa\u00edses exentos de visado necesitar\u00e1n un ETIAS aprobado para estancias cortas. Si est\u00e1s planeando un viaje en el futuro, confirma la situaci\u00f3n y los requisitos m\u00e1s recientes del ETIAS antes de viajar.<\/p>\n<h4 style=\"text-align: justify;\">Largas estancias (m\u00e1s de 90 d\u00edas)<\/h4>\n<p style=\"text-align: justify;\">Si tiene previsto estudiar durante m\u00e1s de 90 d\u00edas, por lo general necesitar\u00e1 un <strong>Visado de estudiante de tipo D<\/strong> para entrar en Espa\u00f1a y permanecer legalmente mientras duren tus estudios. Los requisitos exactos y la documentaci\u00f3n pueden variar seg\u00fan el consulado y tu programa de estudios espec\u00edfico.<\/p>\n<h2 style=\"text-align: justify;\">Requisitos del curso<\/h2>\n<p style=\"text-align: justify;\">Para poder optar a un visado de estudiante, debe estar matriculado en un <strong>programa a tiempo completo<\/strong>. Para los cursos de espa\u00f1ol, muchos consulados suelen esperar un <strong>horario intensivo (a menudo unas 20 horas semanales)<\/strong>, pero los criterios exactos pueden variar seg\u00fan el consulado y el tipo de programa. Los socios de HolaSpain ofrecen cursos intensivos dise\u00f1ados para cumplir las expectativas consulares comunes para las solicitudes de estudios de larga duraci\u00f3n.<\/p>\n<h3 style=\"text-align: justify;\">Documentos necesarios (t\u00edpicos)<\/h3>\n<ul style=\"text-align: justify;\">\n<li>Impreso de solicitud de visado cumplimentado (seg\u00fan los requisitos de su consulado)<\/li>\n<li>Pasaporte en vigor (v\u00e1lido para toda la estancia prevista; pueden aplicarse normas de validez espec\u00edficas del consulado)<\/li>\n<li>Carta oficial de aceptaci\u00f3n\/matriculaci\u00f3n de la escuela espa\u00f1ola<\/li>\n<li>Prueba de medios econ\u00f3micos (los requisitos var\u00edan; muchos consulados hacen referencia a criterios basados en el IPREM)<\/li>\n<li>Seguro m\u00e9dico privado v\u00e1lido en Espa\u00f1a (cobertura completa; los consulados no suelen exigir copagos al solicitante)<\/li>\n<li>Comprobaci\u00f3n de antecedentes penales (certificado policial), si se requiere para su caso y duraci\u00f3n<\/li>\n<li>Fotos de pasaporte y tasas consulares aplicables<\/li>\n<\/ul>\n<h2 style=\"text-align: justify;\">C\u00f3mo ayuda HolaSpain - Paso a paso<\/h2>\n<ol style=\"text-align: justify;\">\n<li>P\u00f3ngase en contacto con HolaSpain y elija su escuela, ciudad y fechas del curso.<\/li>\n<li>Confirmamos la disponibilidad y las opciones de inscripci\u00f3n con la escuela y enviamos la factura para proceder.<\/li>\n<li>Realiza el pago para reservar su plaza y recibe la confirmaci\u00f3n del pago.<\/li>\n<li>Coordinamos los documentos de inscripci\u00f3n que suelen ser necesarios para la solicitud consular (carta de admisi\u00f3n, detalles del programa y factura\/recibo).<\/li>\n<li>Usted presenta su solicitud de visado en el consulado\/embajada espa\u00f1ol que corresponda a su lugar de residencia.<\/li>\n<li>Una vez aprobado el visado, organice el viaje y el alojamiento; podemos ayudarle con las opciones de alojamiento y el traslado al aeropuerto.<\/li>\n<\/ol>\n<h4 style=\"text-align: justify;\">Tiempo y plazos de tramitaci\u00f3n<\/h4>\n<p style=\"text-align: justify;\">Los plazos de tramitaci\u00f3n var\u00edan mucho seg\u00fan el consulado y la temporada. Como norma general, presente la solicitud con la mayor antelaci\u00f3n que le permita su consulado y deje tiempo extra para citas, legalizaci\u00f3n de documentos\/apostillas (si es necesario) y posibles retrasos.<\/p>\n<h4 style=\"text-align: justify;\">Tras la llegada a Espa\u00f1a (TIE)<\/h4>\n<p style=\"text-align: justify;\">Si su estancia autorizada es superior a <strong>6 meses<\/strong>, normalmente tendr\u00e1 que solicitar un <strong>TIE (Tarjeta de identidad de extranjero)<\/strong> despu\u00e9s de llegar a Espa\u00f1a. Esto se hace a trav\u00e9s de las oficinas pertinentes de polic\u00eda\/inmigraci\u00f3n y requiere una cita previa.<\/p>\n<h4 style=\"text-align: justify;\">Trabajo y pr\u00e1cticas<\/h4>\n<p style=\"text-align: justify;\">Los estudiantes pueden trabajar siempre que sea <strong>compatibles con sus estudios<\/strong>. En general, el trabajo no debe exceder <strong>30 horas semanales<\/strong>. La v\u00eda concreta (permiso autom\u00e1tico o autorizaci\u00f3n adicional) puede depender del tipo de estudios y de su situaci\u00f3n individual, por lo que le recomendamos que confirme las condiciones vinculadas a su autorizaci\u00f3n una vez concedida.<\/p>\n<h4 style=\"text-align: justify;\">Prorrogar o renovar su permiso<\/h4>\n<p style=\"text-align: justify;\">A menudo es posible renovar o prorrogar la estancia de un estudiante desde Espa\u00f1a si sigue cumpliendo los requisitos (por ejemplo, matr\u00edcula continua y progreso acad\u00e9mico). HolaSpain puede orientarle sobre las renovaciones y los tr\u00e1mites administrativos relacionados.<\/p>\n\n\t\t<\/div>\n\t<\/div>\n\n<div class=\"vc_grid-container-wrapper vc_clearfix vc_grid-animation-none\">\n\t<div class=\"vc_grid-container vc_clearfix wpb_content_element vc_masonry_grid\" data-initial-loading-animation=\"none\" data-vc-grid-settings=\"{&quot;page_id&quot;:1974,&quot;style&quot;:&quot;all-masonry&quot;,&quot;action&quot;:&quot;vc_get_vc_grid_data&quot;,&quot;shortcode_id&quot;:&quot;1770912021257-9600c44d-59dd-10&quot;,&quot;tag&quot;:&quot;vc_masonry_grid&quot;}\" data-vc-request=\"https:\/\/holaspain.agency\/wp-admin\/admin-ajax.php\" data-vc-post-id=\"1974\" data-vc-public-nonce=\"9ffa800287\">\n\t\t\n\t<\/div>\n<\/div><section class=\"vc_cta3-container\"><div class=\"vc_general vc_do_cta3 vc_cta3 vc_cta3-style-outline vc_cta3-shape-rounded vc_cta3-align-left vc_cta3-color-classic vc_cta3-icon-size-md vc_cta3-icons-left vc_cta3-actions-right\"><div class=\"vc_cta3-icons\"><div class=\"vc_icon_element vc_icon_element-outer vc_do_icon vc_icon_element-align-left\"><div class=\"vc_icon_element-inner vc_icon_element-color-turquoise vc_icon_element-size-md vc_icon_element-style- vc_icon_element-background-color-grey\" ><span class=\"vc_icon_element-icon fa fa-solid fa-arrow-right-from-bracket\" ><\/span><\/div><\/div><\/div><div class=\"vc_cta3_content-container\"><div class=\"vc_cta3-content\"><header class=\"vc_cta3-content-header\"><h2>Empieza hoy tu aventura espa\u00f1ola<\/h2><\/header><p>\u00bfTiene preguntas o quiere encontrar el curso de espa\u00f1ol perfecto? P\u00f3ngase en contacto con HolaSpain hoy mismo y perm\u00edtanos ayudarle a planificar su experiencia de aprendizaje en Espa\u00f1a.<\/p>\n<\/div><div class=\"vc_cta3-actions\"><div class=\"vc_btn3-container vc_btn3-inline vc_do_btn\" ><a class=\"vc_general vc_btn3 vc_btn3-size-md vc_btn3-shape-rounded vc_btn3-style-modern vc_btn3-color-info\" href=\"https:\/\/holaspain.agency\/es\/#contact\" title=\"\">P\u00f3ngase en contacto con nosotros<\/a><\/div><\/div><\/div><\/div><\/section><\/div><\/div><\/div><\/div>\n<\/div>","protected":false},"excerpt":{"rendered":"<p>Los estudiantes extracomunitarios que permanezcan en Espa\u00f1a m\u00e1s de 90 d\u00edas necesitan un visado de estudiante de larga duraci\u00f3n (Tipo D). HolaSpain te gu\u00eda a trav\u00e9s del papeleo y el proceso consular para que puedas centrarte en estudiar y disfrutar de Espa\u00f1a.<\/p>","protected":false},"author":1,"featured_media":1982,"parent":0,"menu_order":0,"comment_status":"closed","ping_status":"closed","template":"","meta":{"_seopress_robots_primary_cat":"","_seopress_titles_title":"%%sitetitle%% %%sep%% %%post_title%%","_seopress_titles_desc":"Complete guide to applying for a student visa for Spain. Learn about requirements, documents, and steps to successfully obtain your visa and study in Spain.","_seopress_robots_index":"","_daextam_enable_autolinks":"1","footnotes":""},"categories":[61],"tags":[],"class_list":["post-1974","page","type-page","status-publish","has-post-thumbnail","hentry","category-services"],"_links":{"self":[{"href":"https:\/\/holaspain.agency\/es\/wp-json\/wp\/v2\/pages\/1974","targetHints":{"allow":["GET"]}}],"collection":[{"href":"https:\/\/holaspain.agency\/es\/wp-json\/wp\/v2\/pages"}],"about":[{"href":"https:\/\/holaspain.agency\/es\/wp-json\/wp\/v2\/types\/page"}],"author":[{"embeddable":true,"href":"https:\/\/holaspain.agency\/es\/wp-json\/wp\/v2\/users\/1"}],"replies":[{"embeddable":true,"href":"https:\/\/holaspain.agency\/es\/wp-json\/wp\/v2\/comments?post=1974"}],"version-history":[{"count":17,"href":"https:\/\/holaspain.agency\/es\/wp-json\/wp\/v2\/pages\/1974\/revisions"}],"predecessor-version":[{"id":2526,"href":"https:\/\/holaspain.agency\/es\/wp-json\/wp\/v2\/pages\/1974\/revisions\/2526"}],"wp:featuredmedia":[{"embeddable":true,"href":"https:\/\/holaspain.agency\/es\/wp-json\/wp\/v2\/media\/1982"}],"wp:attachment":[{"href":"https:\/\/holaspain.agency\/es\/wp-json\/wp\/v2\/media?parent=1974"}],"wp:term":[{"taxonomy":"category","embeddable":true,"href":"https:\/\/holaspain.agency\/es\/wp-json\/wp\/v2\/categories?post=1974"},{"taxonomy":"post_tag","embeddable":true,"href":"https:\/\/holaspain.agency\/es\/wp-json\/wp\/v2\/tags?post=1974"}],"curies":[{"name":"wp","href":"https:\/\/api.w.org\/{rel}","templated":true}]}}