{"id":1956,"date":"2025-11-05T10:46:53","date_gmt":"2025-11-05T10:46:53","guid":{"rendered":"https:\/\/holaspain.agency\/?page_id=1956"},"modified":"2025-11-06T09:44:43","modified_gmt":"2025-11-06T09:44:43","slug":"csn-centrala-estudiostodsnamnden","status":"publish","type":"page","link":"https:\/\/holaspain.agency\/es\/csn-centrala-studiestodsnamnden\/","title":{"rendered":"CSN - Centrala studiest\u00f6dsn\u00e4mnden"},"content":{"rendered":"<div class=\"wpb-content-wrapper\"><div class=\"vc_row wpb_row vc_row-fluid\"><div class=\"wpb_column vc_column_container vc_col-sm-12\"><div class=\"vc_column-inner\"><div class=\"wpb_wrapper\">\n\t<div class=\"wpb_text_column wpb_content_element\" >\n\t\t<div class=\"wpb_wrapper\">\n\t\t\t<h1 style=\"text-align: justify;\">CSN - Estudiar espa\u00f1ol en Espa\u00f1a con apoyo financiero<\/h1>\n<blockquote>\n<p style=\"text-align: justify;\">Con el apoyo de CSN (Centrala studiest\u00f6dsn\u00e4mnden), los estudiantes suecos pueden estudiar espa\u00f1ol en Espa\u00f1a mientras reciben ayuda financiera. HolaSpain colabora con escuelas de espa\u00f1ol acreditadas que ofrecen cursos intensivos de idiomas aprobados por el CSN, lo que te permite aprender espa\u00f1ol, obtener cr\u00e9ditos y sumergirte por completo en la cultura espa\u00f1ola, todo ello mientras disfrutas del apoyo financiero del sistema nacional sueco de ayudas a los estudiantes.<\/p>\n<\/blockquote>\n<h2 style=\"text-align: justify;\">\u00bfPor qu\u00e9 elegir HolaSpain para los estudios financiados por el CSN?<\/h2>\n<ul style=\"text-align: justify;\">\n<li>Cursos homologados por el CSN en m\u00faltiples ciudades espa\u00f1olas<\/li>\n<li>Programas intensivos con 20-30 clases semanales<\/li>\n<li>Disponible para todos los niveles, desde principiante hasta avanzado<\/li>\n<li>Estudiar en destinos de primer orden como Madrid, Valencia, M\u00e1laga y C\u00e1diz<\/li>\n<li>Orientaci\u00f3n profesional sobre las solicitudes de CSN y la inscripci\u00f3n escolar<\/li>\n<\/ul>\n<h2 style=\"text-align: justify;\">C\u00f3mo solicitar el CSN para estudiar en Espa\u00f1a<\/h2>\n<ol style=\"text-align: justify;\">\n<li>Elige tu curso de espa\u00f1ol y tu destino con HolaSpain<\/li>\n<li>Env\u00ede sus documentos de inscripci\u00f3n al CSN para su aprobaci\u00f3n<\/li>\n<li>Recibir la beca (bidrag) y el pr\u00e9stamo (l\u00e5n) del CSN<\/li>\n<li>Empieza tu curso de espa\u00f1ol y experimenta la vida en el extranjero mientras aprendes<\/li>\n<\/ol>\n<h3 style=\"text-align: justify;\">Escuelas de espa\u00f1ol acreditadas para CSN<\/h3>\n<p style=\"text-align: justify;\">HolaSpain colabora con escuelas de espa\u00f1ol plenamente acreditadas que cumplen los requisitos para recibir ayudas econ\u00f3micas del CSN. Nuestros programas combinan una ense\u00f1anza de alta calidad con actividades culturales, ayud\u00e1ndote a desarrollar fluidez mientras disfrutas de las tradiciones locales, la comida y la vida cotidiana en Espa\u00f1a.<\/p>\n<blockquote>\n<p style=\"text-align: justify;\">Invierta en su futuro, ampl\u00ede sus horizontes y aprenda espa\u00f1ol en un entorno din\u00e1mico e inmersivo, con el apoyo financiero de CSN. HolaSpain hace que estudiar en Espa\u00f1a sea sencillo, enriquecedor e inolvidable.<\/p>\n<\/blockquote>\n\n\t\t<\/div>\n\t<\/div>\n<section class=\"vc_cta3-container\"><div class=\"vc_general vc_do_cta3 vc_cta3 vc_cta3-style-outline vc_cta3-shape-rounded vc_cta3-align-left vc_cta3-color-classic vc_cta3-icon-size-md vc_cta3-icons-left vc_cta3-actions-right\"><div class=\"vc_cta3-icons\"><div class=\"vc_icon_element vc_icon_element-outer vc_do_icon vc_icon_element-align-left\"><div class=\"vc_icon_element-inner vc_icon_element-color-turquoise vc_icon_element-size-md vc_icon_element-style- vc_icon_element-background-color-grey\" ><span class=\"vc_icon_element-icon fa fa-solid fa-arrow-right-from-bracket\" ><\/span><\/div><\/div><\/div><div class=\"vc_cta3_content-container\"><div class=\"vc_cta3-content\"><header class=\"vc_cta3-content-header\"><h2>Empieza hoy tu aventura espa\u00f1ola<\/h2><\/header><p>\u00bfTiene preguntas o quiere encontrar el curso de espa\u00f1ol perfecto? P\u00f3ngase en contacto con HolaSpain hoy mismo y perm\u00edtanos ayudarle a planificar su experiencia de aprendizaje en Espa\u00f1a.<\/p>\n<\/div><div class=\"vc_cta3-actions\"><div class=\"vc_btn3-container vc_btn3-inline vc_do_btn\" ><a class=\"vc_general vc_btn3 vc_btn3-size-md vc_btn3-shape-rounded vc_btn3-style-modern vc_btn3-color-info\" href=\"https:\/\/holaspain.agency\/es\/#contact\" title=\"\">P\u00f3ngase en contacto con nosotros<\/a><\/div><\/div><\/div><\/div><\/section><\/div><\/div><\/div><\/div>\n<\/div>","protected":false},"excerpt":{"rendered":"<p>Con el apoyo de CSN (Centrala studiest\u00f6dsn\u00e4mnden), los estudiantes suecos pueden estudiar espa\u00f1ol en Espa\u00f1a mientras reciben ayuda financiera. HolaSpain colabora con escuelas de espa\u00f1ol acreditadas que ofrecen cursos intensivos de idiomas aprobados por el CSN, lo que te permite aprender espa\u00f1ol, obtener cr\u00e9ditos y sumergirte por completo en la cultura espa\u00f1ola, todo ello mientras disfrutas del apoyo financiero del sistema nacional sueco de ayudas a los estudiantes.<\/p>","protected":false},"author":1,"featured_media":1960,"parent":0,"menu_order":0,"comment_status":"closed","ping_status":"closed","template":"","meta":{"_seopress_robots_primary_cat":"","_seopress_titles_title":"%%sitetitle%% %%sep%% %%post_title%%","_seopress_titles_desc":"Study Spanish in Spain with CSN support. HolaSpain offers CSN-approved intensive courses in cities like Madrid and Valencia for Swedish students.","_seopress_robots_index":"","_daextam_enable_autolinks":"","footnotes":""},"categories":[60],"tags":[],"class_list":["post-1956","page","type-page","status-publish","has-post-thumbnail","hentry","category-eu-programmes"],"_links":{"self":[{"href":"https:\/\/holaspain.agency\/es\/wp-json\/wp\/v2\/pages\/1956","targetHints":{"allow":["GET"]}}],"collection":[{"href":"https:\/\/holaspain.agency\/es\/wp-json\/wp\/v2\/pages"}],"about":[{"href":"https:\/\/holaspain.agency\/es\/wp-json\/wp\/v2\/types\/page"}],"author":[{"embeddable":true,"href":"https:\/\/holaspain.agency\/es\/wp-json\/wp\/v2\/users\/1"}],"replies":[{"embeddable":true,"href":"https:\/\/holaspain.agency\/es\/wp-json\/wp\/v2\/comments?post=1956"}],"version-history":[{"count":5,"href":"https:\/\/holaspain.agency\/es\/wp-json\/wp\/v2\/pages\/1956\/revisions"}],"predecessor-version":[{"id":2015,"href":"https:\/\/holaspain.agency\/es\/wp-json\/wp\/v2\/pages\/1956\/revisions\/2015"}],"wp:featuredmedia":[{"embeddable":true,"href":"https:\/\/holaspain.agency\/es\/wp-json\/wp\/v2\/media\/1960"}],"wp:attachment":[{"href":"https:\/\/holaspain.agency\/es\/wp-json\/wp\/v2\/media?parent=1956"}],"wp:term":[{"taxonomy":"category","embeddable":true,"href":"https:\/\/holaspain.agency\/es\/wp-json\/wp\/v2\/categories?post=1956"},{"taxonomy":"post_tag","embeddable":true,"href":"https:\/\/holaspain.agency\/es\/wp-json\/wp\/v2\/tags?post=1956"}],"curies":[{"name":"wp","href":"https:\/\/api.w.org\/{rel}","templated":true}]}}