{"id":19,"date":"2016-09-05T20:18:10","date_gmt":"2016-09-05T20:18:10","guid":{"rendered":"http:\/\/demos.famethemes.com\/screenr-plus\/?page_id=19"},"modified":"2025-11-05T11:41:23","modified_gmt":"2025-11-05T11:41:23","slug":"alojamiento-y-servicios-de-apoyo","status":"publish","type":"page","link":"https:\/\/holaspain.agency\/es\/accommodation-and-support-services\/","title":{"rendered":"Alojamiento y servicios de apoyo"},"content":{"rendered":"<div class=\"wpb-content-wrapper\"><div class=\"vc_row wpb_row vc_row-fluid\"><div class=\"wpb_column vc_column_container vc_col-sm-12\"><div class=\"vc_column-inner\"><div class=\"wpb_wrapper\">\n\t<div class=\"wpb_text_column wpb_content_element\" >\n\t\t<div class=\"wpb_wrapper\">\n\t\t\t<h1>Alojamiento y servicios de apoyo<\/h1>\n<h2>Si\u00e9ntase como en casa mientras aprende espa\u00f1ol<\/h2>\n<p>Elegir el lugar adecuado para alojarse puede transformar tu experiencia de estudios en el extranjero. En <strong>Hola Espa\u00f1a<\/strong>, Nos aseguramos de que cada estudiante se sienta seguro, c\u00f3modo y realmente inmerso en la vida espa\u00f1ola. Tanto si prefieres la calidez de una familia local, la independencia de una residencia de estudiantes o la flexibilidad de un piso compartido, te ayudamos a encontrar el hogar perfecto lejos de casa.<\/p>\n<h2>Tipos de alojamiento en Espa\u00f1a<\/h2>\n<h3>1. Familias de acogida - Vive a la espa\u00f1ola<\/h3>\n<p>Quedarse con un <strong>Familia de acogida espa\u00f1ola<\/strong> es la forma m\u00e1s aut\u00e9ntica de conocer la cultura local. Compartir\u00e1s comidas, conversaciones y tradiciones mientras practicas tu espa\u00f1ol de forma natural cada d\u00eda.<\/p>\n<ul>\n<li>Posibilidad de pensi\u00f3n completa o media pensi\u00f3n<\/li>\n<li>Familias cuidadosamente seleccionadas e inspeccionadas peri\u00f3dicamente<\/li>\n<li>Ideal para adultos, adolescentes y visitantes primerizos<\/li>\n<\/ul>\n<h3>2. Residencias de estudiantes: una opci\u00f3n social e independiente<\/h3>\n<p>Nuestra moderna <strong>residencias de estudiantes en Espa\u00f1a<\/strong> ofrecen la mezcla perfecta de comunidad e independencia. Conoce a nuevos amigos de todo el mundo y disfruta de instalaciones de primera calidad cerca de tu escuela de espa\u00f1ol.<\/p>\n<ul>\n<li>Habitaciones privadas o compartidas<\/li>\n<li>Zonas comunes, cocinas y espacios de estudio<\/li>\n<li>Wi-Fi, lavander\u00eda y limpieza semanal incluidos<\/li>\n<\/ul>\n<h3>3. Pisos compartidos - Libertad y flexibilidad<\/h3>\n<p>Si prefiere m\u00e1s independencia, nuestro <strong>apartamentos compartidos<\/strong> son ideales. Convive con otros estudiantes internacionales, disfruta de privacidad y explora Espa\u00f1a a tu ritmo.<\/p>\n<ul>\n<li>Cocinas totalmente equipadas y c\u00f3modas zonas de estar<\/li>\n<li>Duraci\u00f3n flexible de la estancia<\/li>\n<li>Perfecto para estudiantes de larga duraci\u00f3n y n\u00f3madas digitales<\/li>\n<\/ul>\n<h2>Servicios de apoyo a los estudiantes en Espa\u00f1a<\/h2>\n<p>Hola Spain ofrece una gama completa de <strong>servicios de apoyo al estudiante<\/strong> para que su estancia sea tranquila, agradable y sin preocupaciones, desde su llegada hasta su \u00faltimo d\u00eda en Espa\u00f1a.<\/p>\n<ul>\n<li><strong>Recogida en el aeropuerto y asistencia en el traslado<\/strong> para una llegada segura<\/li>\n<li><strong>Contacto de emergencia 24\/7<\/strong> para su tranquilidad<\/li>\n<li><strong>Sesiones de orientaci\u00f3n<\/strong> para ayudarle a adaptarse r\u00e1pidamente<\/li>\n<li><strong>Orientaci\u00f3n y actividades locales<\/strong> para ayudarle a conectar con la cultura espa\u00f1ola<\/li>\n<\/ul>\n<h2>Por qu\u00e9 elegir el alojamiento Hola Spain<\/h2>\n<ul>\n<li>Red de viviendas fiable y verificada<\/li>\n<li>Entornos seguros, c\u00e9ntricos y acogedores<\/li>\n<li>Opciones a medida para adultos, adolescentes y grupos<\/li>\n<li>Inmersi\u00f3n cultural completa y apoyo continuo<\/li>\n<\/ul>\n\n\t\t<\/div>\n\t<\/div>\n<section class=\"vc_cta3-container\"><div class=\"vc_general vc_do_cta3 vc_cta3 vc_cta3-style-outline vc_cta3-shape-rounded vc_cta3-align-left vc_cta3-color-classic vc_cta3-icon-size-md vc_cta3-icons-left vc_cta3-actions-right\"><div class=\"vc_cta3-icons\"><div class=\"vc_icon_element vc_icon_element-outer vc_do_icon vc_icon_element-align-left\"><div class=\"vc_icon_element-inner vc_icon_element-color-turquoise vc_icon_element-size-md vc_icon_element-style- vc_icon_element-background-color-grey\" ><span class=\"vc_icon_element-icon fa fa-solid fa-arrow-right-from-bracket\" ><\/span><\/div><\/div><\/div><div class=\"vc_cta3_content-container\"><div class=\"vc_cta3-content\"><header class=\"vc_cta3-content-header\"><h2>Empieza hoy tu aventura espa\u00f1ola<\/h2><\/header><p>\u00bfTiene preguntas o quiere encontrar el curso de espa\u00f1ol perfecto? P\u00f3ngase en contacto con HolaSpain hoy mismo y perm\u00edtanos ayudarle a planificar su experiencia de aprendizaje en Espa\u00f1a.<\/p>\n<\/div><div class=\"vc_cta3-actions\"><div class=\"vc_btn3-container vc_btn3-inline vc_do_btn\" ><a class=\"vc_general vc_btn3 vc_btn3-size-md vc_btn3-shape-rounded vc_btn3-style-modern vc_btn3-color-info\" href=\"https:\/\/holaspain.agency\/es\/#contact\" title=\"\">P\u00f3ngase en contacto con nosotros<\/a><\/div><\/div><\/div><\/div><\/section><\/div><\/div><\/div><\/div>\n<\/div>","protected":false},"excerpt":{"rendered":"<p>Tanto si prefieres el calor de una familia local, la independencia de una residencia de estudiantes o la flexibilidad de un piso compartido, te ayudamos a encontrar el hogar perfecto lejos de casa.<\/p>","protected":false},"author":1,"featured_media":1318,"parent":0,"menu_order":0,"comment_status":"closed","ping_status":"closed","template":"","meta":{"_seopress_robots_primary_cat":"","_seopress_titles_title":"%%sitetitle%% %%sep%% %%post_title%%","_seopress_titles_desc":"Live the Spanish Way \u2014 Hola Spain helps students find the best accommodation and host families while they study Spanish in Spain.","_seopress_robots_index":"","_daextam_enable_autolinks":"","footnotes":""},"categories":[61],"tags":[],"class_list":["post-19","page","type-page","status-publish","has-post-thumbnail","hentry","category-services"],"_links":{"self":[{"href":"https:\/\/holaspain.agency\/es\/wp-json\/wp\/v2\/pages\/19","targetHints":{"allow":["GET"]}}],"collection":[{"href":"https:\/\/holaspain.agency\/es\/wp-json\/wp\/v2\/pages"}],"about":[{"href":"https:\/\/holaspain.agency\/es\/wp-json\/wp\/v2\/types\/page"}],"author":[{"embeddable":true,"href":"https:\/\/holaspain.agency\/es\/wp-json\/wp\/v2\/users\/1"}],"replies":[{"embeddable":true,"href":"https:\/\/holaspain.agency\/es\/wp-json\/wp\/v2\/comments?post=19"}],"version-history":[{"count":10,"href":"https:\/\/holaspain.agency\/es\/wp-json\/wp\/v2\/pages\/19\/revisions"}],"predecessor-version":[{"id":1709,"href":"https:\/\/holaspain.agency\/es\/wp-json\/wp\/v2\/pages\/19\/revisions\/1709"}],"wp:featuredmedia":[{"embeddable":true,"href":"https:\/\/holaspain.agency\/es\/wp-json\/wp\/v2\/media\/1318"}],"wp:attachment":[{"href":"https:\/\/holaspain.agency\/es\/wp-json\/wp\/v2\/media?parent=19"}],"wp:term":[{"taxonomy":"category","embeddable":true,"href":"https:\/\/holaspain.agency\/es\/wp-json\/wp\/v2\/categories?post=19"},{"taxonomy":"post_tag","embeddable":true,"href":"https:\/\/holaspain.agency\/es\/wp-json\/wp\/v2\/tags?post=19"}],"curies":[{"name":"wp","href":"https:\/\/api.w.org\/{rel}","templated":true}]}}