{"id":1874,"date":"2025-11-04T12:59:24","date_gmt":"2025-11-04T12:59:24","guid":{"rendered":"https:\/\/holaspain.agency\/?page_id=1874"},"modified":"2025-11-06T09:44:32","modified_gmt":"2025-11-06T09:44:32","slug":"bildungsurlaub-aprender-espanol-en-espana","status":"publish","type":"page","link":"https:\/\/holaspain.agency\/es\/bildungsurlaub-learn-spanish-in-spain\/","title":{"rendered":"Bildungsurlaub - Aprender espa\u00f1ol en Espa\u00f1a"},"content":{"rendered":"<div class=\"wpb-content-wrapper\"><div class=\"vc_row wpb_row vc_row-fluid\"><div class=\"wpb_column vc_column_container vc_col-sm-12\"><div class=\"vc_column-inner\"><div class=\"wpb_wrapper\">\n\t<div class=\"wpb_text_column wpb_content_element\" >\n\t\t<div class=\"wpb_wrapper\">\n\t\t\t<h1 style=\"text-align: justify;\">Bildungsurlaub - Aprender espa\u00f1ol en Espa\u00f1a con permiso retribuido<\/h1>\n<blockquote>\n<p style=\"text-align: justify;\">Bildungsurlaub (permiso educativo) es su oportunidad de tomarse tiempo libre en Alemania y aprender espa\u00f1ol mientras descubre la vibrante cultura de Espa\u00f1a. Los programas intensivos de espa\u00f1ol de HolaSpain, de 30 clases semanales, est\u00e1n plenamente reconocidos como Bildungsurlaub en la mayor\u00eda de los estados federales alemanes, lo que facilita a los empleados combinar el crecimiento profesional con el enriquecimiento cultural.<\/p>\n<\/blockquote>\n<h2 style=\"text-align: justify;\">\u00bfPor qu\u00e9 elegir HolaSpain para Bildungsurlaub?<\/h2>\n<ul style=\"text-align: justify;\">\n<li>Programas reconocidos en m\u00e1s de 10 estados alemanes<\/li>\n<li>30 horas de instrucci\u00f3n a la semana - cumplimiento de los criterios oficiales<\/li>\n<li>Cursos para todos los niveles, desde principiantes hasta avanzados<\/li>\n<li>Aprende en ciudades populares: Barcelona, M\u00e1laga, Valencia, Sevilla y m\u00e1s<\/li>\n<\/ul>\n<h2 style=\"text-align: justify;\">C\u00f3mo solicitar el Bildungsurlaub<\/h2>\n<ol style=\"text-align: justify;\">\n<li>Solicite a su empleador un formulario de solicitud de excedencia<\/li>\n<li>Seleccione su destino y fecha de inicio<\/li>\n<li>HolaSpain proporciona los documentos oficiales de reconocimiento de su estado<\/li>\n<li>Reserve alojamiento y disfrute del estilo de vida mediterr\u00e1neo mientras aprende<\/li>\n<\/ol>\n<h3 style=\"text-align: justify;\">Cursos de espa\u00f1ol reconocidos para Bildungsurlaub<\/h3>\n<p style=\"text-align: justify;\">Nuestros cursos de espa\u00f1ol est\u00e1n totalmente acreditados y cumplen con los est\u00e1ndares educativos requeridos para Bildungsurlaub. Si est\u00e1s buscando desarrollo profesional, una escapada cultural o enriquecimiento personal, HolaSpain te conecta con las principales escuelas de idiomas en Espa\u00f1a que ofrecen clases atractivas, profesores nativos y experiencias culturales de inmersi\u00f3n.<\/p>\n<blockquote>\n<p style=\"text-align: justify;\">Desarrolle su carrera, enriquezca su mente y ad\u00e9ntrese en una nueva cultura, todo ello mientras aprende espa\u00f1ol al sol. Deja que HolaSpain te ayude a que tu experiencia Bildungsurlaub sea f\u00e1cil, agradable e inolvidable.<\/p>\n<\/blockquote>\n\n\t\t<\/div>\n\t<\/div>\n<section class=\"vc_cta3-container\"><div class=\"vc_general vc_do_cta3 vc_cta3 vc_cta3-style-outline vc_cta3-shape-rounded vc_cta3-align-left vc_cta3-color-classic vc_cta3-icon-size-md vc_cta3-icons-left vc_cta3-actions-right\"><div class=\"vc_cta3-icons\"><div class=\"vc_icon_element vc_icon_element-outer vc_do_icon vc_icon_element-align-left\"><div class=\"vc_icon_element-inner vc_icon_element-color-turquoise vc_icon_element-size-md vc_icon_element-style- vc_icon_element-background-color-grey\" ><span class=\"vc_icon_element-icon fa fa-solid fa-arrow-right-from-bracket\" ><\/span><\/div><\/div><\/div><div class=\"vc_cta3_content-container\"><div class=\"vc_cta3-content\"><header class=\"vc_cta3-content-header\"><h2>Empieza hoy tu aventura espa\u00f1ola<\/h2><\/header><p>\u00bfTiene preguntas o quiere encontrar el curso de espa\u00f1ol perfecto? P\u00f3ngase en contacto con HolaSpain hoy mismo y perm\u00edtanos ayudarle a planificar su experiencia de aprendizaje en Espa\u00f1a.<\/p>\n<\/div><div class=\"vc_cta3-actions\"><div class=\"vc_btn3-container vc_btn3-inline vc_do_btn\" ><a class=\"vc_general vc_btn3 vc_btn3-size-md vc_btn3-shape-rounded vc_btn3-style-modern vc_btn3-color-info\" href=\"https:\/\/holaspain.agency\/es\/#contact\" title=\"\">P\u00f3ngase en contacto con nosotros<\/a><\/div><\/div><\/div><\/div><\/section><\/div><\/div><\/div><\/div>\n<\/div>","protected":false},"excerpt":{"rendered":"<p>Bildungsurlaub (permiso educativo) es su oportunidad de tomarse tiempo libre en Alemania y aprender espa\u00f1ol mientras descubre la vibrante cultura de Espa\u00f1a. Los programas intensivos de espa\u00f1ol de HolaSpain, de 30 clases semanales, est\u00e1n plenamente reconocidos como Bildungsurlaub en la mayor\u00eda de los estados federales alemanes, lo que facilita a los empleados combinar el crecimiento profesional con el enriquecimiento cultural.<\/p>","protected":false},"author":1,"featured_media":1869,"parent":0,"menu_order":0,"comment_status":"closed","ping_status":"closed","template":"","meta":{"_seopress_robots_primary_cat":"","_seopress_titles_title":"%%sitetitle%% %%sep%% %%post_title%%","_seopress_titles_desc":"Take your Bildungsurlaub in Spain. Learn Spanish in accredited schools while enjoying cultural immersion during your paid educational leave.","_seopress_robots_index":"","_daextam_enable_autolinks":"","footnotes":""},"categories":[60],"tags":[],"class_list":["post-1874","page","type-page","status-publish","has-post-thumbnail","hentry","category-eu-programmes"],"_links":{"self":[{"href":"https:\/\/holaspain.agency\/es\/wp-json\/wp\/v2\/pages\/1874","targetHints":{"allow":["GET"]}}],"collection":[{"href":"https:\/\/holaspain.agency\/es\/wp-json\/wp\/v2\/pages"}],"about":[{"href":"https:\/\/holaspain.agency\/es\/wp-json\/wp\/v2\/types\/page"}],"author":[{"embeddable":true,"href":"https:\/\/holaspain.agency\/es\/wp-json\/wp\/v2\/users\/1"}],"replies":[{"embeddable":true,"href":"https:\/\/holaspain.agency\/es\/wp-json\/wp\/v2\/comments?post=1874"}],"version-history":[{"count":8,"href":"https:\/\/holaspain.agency\/es\/wp-json\/wp\/v2\/pages\/1874\/revisions"}],"predecessor-version":[{"id":2014,"href":"https:\/\/holaspain.agency\/es\/wp-json\/wp\/v2\/pages\/1874\/revisions\/2014"}],"wp:featuredmedia":[{"embeddable":true,"href":"https:\/\/holaspain.agency\/es\/wp-json\/wp\/v2\/media\/1869"}],"wp:attachment":[{"href":"https:\/\/holaspain.agency\/es\/wp-json\/wp\/v2\/media?parent=1874"}],"wp:term":[{"taxonomy":"category","embeddable":true,"href":"https:\/\/holaspain.agency\/es\/wp-json\/wp\/v2\/categories?post=1874"},{"taxonomy":"post_tag","embeddable":true,"href":"https:\/\/holaspain.agency\/es\/wp-json\/wp\/v2\/tags?post=1874"}],"curies":[{"name":"wp","href":"https:\/\/api.w.org\/{rel}","templated":true}]}}