{"id":1873,"date":"2025-11-04T12:59:29","date_gmt":"2025-11-04T12:59:29","guid":{"rendered":"https:\/\/holaspain.agency\/?page_id=1873"},"modified":"2025-11-06T09:45:09","modified_gmt":"2025-11-06T09:45:09","slug":"pcto-espanol-e-inmersion-cultural-en-espana","status":"publish","type":"page","link":"https:\/\/holaspain.agency\/es\/pcto-spanish-and-cultural-immersion-in-spain\/","title":{"rendered":"PCTO - Espa\u00f1ol e Inmersi\u00f3n Cultural en Espa\u00f1a"},"content":{"rendered":"<div class=\"wpb-content-wrapper\"><div class=\"vc_row wpb_row vc_row-fluid\"><div class=\"wpb_column vc_column_container vc_col-sm-12\"><div class=\"vc_column-inner\"><div class=\"wpb_wrapper\">\n\t<div class=\"wpb_text_column wpb_content_element\" >\n\t\t<div class=\"wpb_wrapper\">\n\t\t\t<h1 style=\"text-align: justify;\">PCTO - Aprendizaje del espa\u00f1ol en las escuelas italianas<\/h1>\n<blockquote>\n<p style=\"text-align: justify;\">Los programas PCTO (Percorsi per le Competenze Trasversali e l'Orientamento) son una excelente oportunidad para que los estudiantes italianos de secundaria mejoren su espa\u00f1ol y adquieran experiencia internacional. HolaSpain ofrece programas PCTO totalmente personalizados que combinan cursos de espa\u00f1ol con actividades culturales y oportunidades de aprendizaje profesional en Espa\u00f1a.<\/p>\n<\/blockquote>\n<h2 style=\"text-align: justify;\">Lo m\u00e1s destacado de nuestros programas PCTO<\/h2>\n<ul style=\"text-align: justify;\">\n<li>Dise\u00f1ado a medida para grupos escolares italianos<\/li>\n<li>Disponible todo el a\u00f1o en ciudades de toda Espa\u00f1a<\/li>\n<li>Clases de idiomas, talleres culturales y visitas educativas incluidas<\/li>\n<li>Opciones para a\u00f1adir formaci\u00f3n en competencias interpersonales y visitas a empresas locales<\/li>\n<\/ul>\n<h2 style=\"text-align: justify;\">C\u00f3mo funciona PCTO con HolaSpain<\/h2>\n<ol style=\"text-align: justify;\">\n<li>Los centros escolares eligen destino y duraci\u00f3n del programa<\/li>\n<li>HolaSpain prepara una propuesta personalizada con actividades educativas y culturales<\/li>\n<li>Ayudamos con la log\u00edstica, el material did\u00e1ctico y la coordinaci\u00f3n<\/li>\n<li>Los estudiantes asisten a clases de espa\u00f1ol y disfrutan de experiencias culturales de inmersi\u00f3n.<\/li>\n<\/ol>\n<h3 style=\"text-align: justify;\">Programas de espa\u00f1ol PCTO en Espa\u00f1a<\/h3>\n<p style=\"text-align: justify;\">Our PCTO programs give Italian students the chance to develop essential life skills \u2014 from communication and teamwork to cross-cultural awareness. With engaging Spanish lessons, cultural outings, and optional vocational experiences, these programs foster both academic and personal growth in inspiring Spanish settings like Malaga, Valencia, and Madrid.<\/p>\n<blockquote>\n<p style=\"text-align: justify;\">Ofrezca a sus estudiantes la oportunidad de vivir, aprender y crecer en un entorno aut\u00e9nticamente espa\u00f1ol. Desde la confianza en el idioma a la conciencia global, las habilidades adquiridas a trav\u00e9s de PCTO en Espa\u00f1a van m\u00e1s all\u00e1 del aula - la construcci\u00f3n de futuros m\u00e1s fuertes para los j\u00f3venes estudiantes.<\/p>\n<\/blockquote>\n\n\t\t<\/div>\n\t<\/div>\n<section class=\"vc_cta3-container\"><div class=\"vc_general vc_do_cta3 vc_cta3 vc_cta3-style-outline vc_cta3-shape-rounded vc_cta3-align-left vc_cta3-color-classic vc_cta3-icon-size-md vc_cta3-icons-left vc_cta3-actions-right\"><div class=\"vc_cta3-icons\"><div class=\"vc_icon_element vc_icon_element-outer vc_do_icon vc_icon_element-align-left\"><div class=\"vc_icon_element-inner vc_icon_element-color-turquoise vc_icon_element-size-md vc_icon_element-style- vc_icon_element-background-color-grey\" ><span class=\"vc_icon_element-icon fa fa-solid fa-arrow-right-from-bracket\" ><\/span><\/div><\/div><\/div><div class=\"vc_cta3_content-container\"><div class=\"vc_cta3-content\"><header class=\"vc_cta3-content-header\"><h2>Empieza hoy tu aventura espa\u00f1ola<\/h2><\/header><p>\u00bfTiene preguntas o quiere encontrar el curso de espa\u00f1ol perfecto? P\u00f3ngase en contacto con HolaSpain hoy mismo y perm\u00edtanos ayudarle a planificar su experiencia de aprendizaje en Espa\u00f1a.<\/p>\n<\/div><div class=\"vc_cta3-actions\"><div class=\"vc_btn3-container vc_btn3-inline vc_do_btn\" ><a class=\"vc_general vc_btn3 vc_btn3-size-md vc_btn3-shape-rounded vc_btn3-style-modern vc_btn3-color-info\" href=\"https:\/\/holaspain.agency\/es\/#contact\" title=\"\">P\u00f3ngase en contacto con nosotros<\/a><\/div><\/div><\/div><\/div><\/section><\/div><\/div><\/div><\/div>\n<\/div>","protected":false},"excerpt":{"rendered":"<p>Los programas PCTO (Percorsi per le Competenze Trasversali e l'Orientamento) son una excelente oportunidad para que los estudiantes italianos de secundaria mejoren su espa\u00f1ol y adquieran experiencia internacional. HolaSpain ofrece programas PCTO totalmente personalizados que combinan cursos de espa\u00f1ol con actividades culturales y oportunidades de aprendizaje profesional en Espa\u00f1a.<\/p>","protected":false},"author":1,"featured_media":1870,"parent":0,"menu_order":0,"comment_status":"closed","ping_status":"closed","template":"","meta":{"_seopress_robots_primary_cat":"","_seopress_titles_title":"%%sitetitle%% %%sep%% %%post_title%%","_seopress_titles_desc":"PCTO in Spain for Italian students. Learn Spanish and gain cultural and vocational experience with tailored school programs across Spain.","_seopress_robots_index":"","_daextam_enable_autolinks":"","footnotes":""},"categories":[60],"tags":[],"class_list":["post-1873","page","type-page","status-publish","has-post-thumbnail","hentry","category-eu-programmes"],"_links":{"self":[{"href":"https:\/\/holaspain.agency\/es\/wp-json\/wp\/v2\/pages\/1873","targetHints":{"allow":["GET"]}}],"collection":[{"href":"https:\/\/holaspain.agency\/es\/wp-json\/wp\/v2\/pages"}],"about":[{"href":"https:\/\/holaspain.agency\/es\/wp-json\/wp\/v2\/types\/page"}],"author":[{"embeddable":true,"href":"https:\/\/holaspain.agency\/es\/wp-json\/wp\/v2\/users\/1"}],"replies":[{"embeddable":true,"href":"https:\/\/holaspain.agency\/es\/wp-json\/wp\/v2\/comments?post=1873"}],"version-history":[{"count":13,"href":"https:\/\/holaspain.agency\/es\/wp-json\/wp\/v2\/pages\/1873\/revisions"}],"predecessor-version":[{"id":2017,"href":"https:\/\/holaspain.agency\/es\/wp-json\/wp\/v2\/pages\/1873\/revisions\/2017"}],"wp:featuredmedia":[{"embeddable":true,"href":"https:\/\/holaspain.agency\/es\/wp-json\/wp\/v2\/media\/1870"}],"wp:attachment":[{"href":"https:\/\/holaspain.agency\/es\/wp-json\/wp\/v2\/media?parent=1873"}],"wp:term":[{"taxonomy":"category","embeddable":true,"href":"https:\/\/holaspain.agency\/es\/wp-json\/wp\/v2\/categories?post=1873"},{"taxonomy":"post_tag","embeddable":true,"href":"https:\/\/holaspain.agency\/es\/wp-json\/wp\/v2\/tags?post=1873"}],"curies":[{"name":"wp","href":"https:\/\/api.w.org\/{rel}","templated":true}]}}