{"id":1871,"date":"2025-11-04T12:56:45","date_gmt":"2025-11-04T12:56:45","guid":{"rendered":"https:\/\/holaspain.agency\/?page_id=1871"},"modified":"2026-01-13T12:20:23","modified_gmt":"2026-01-13T12:20:23","slug":"erasmus-estudiar-espanol-en-espana","status":"publish","type":"page","link":"https:\/\/holaspain.agency\/es\/erasmus-study-spanish-in-spain\/","title":{"rendered":"Erasmus+ - Estudiar espa\u00f1ol en Espa\u00f1a"},"content":{"rendered":"<div class=\"wpb-content-wrapper\"><div class=\"vc_row wpb_row vc_row-fluid\"><div class=\"wpb_column vc_column_container vc_col-sm-12\"><div class=\"vc_column-inner\"><div class=\"wpb_wrapper\">\n\t<div class=\"wpb_text_column wpb_content_element\" >\n\t\t<div class=\"wpb_wrapper\">\n\t\t\t<h1 style=\"text-align: justify;\">Erasmus+ - Aprende espa\u00f1ol y descubre Espa\u00f1a<\/h1>\n<blockquote>\n<p style=\"text-align: justify;\">Participe en una experiencia ling\u00fc\u00edstica que le cambiar\u00e1 la vida con Erasmus+ en Espa\u00f1a. En HolaSpain, ofrecemos programas de espa\u00f1ol acreditados dise\u00f1ados para apoyar los proyectos de movilidad Erasmus+ para estudiantes, profesores y personal. Tanto si est\u00e1s mejorando tu espa\u00f1ol por objetivos acad\u00e9micos, profesionales o personales, nuestras escuelas asociadas en toda Espa\u00f1a cumplen con los m\u00e1s altos est\u00e1ndares de calidad.<\/p>\n<\/blockquote>\n<h2 style=\"text-align: justify;\">\u00bfPor qu\u00e9 elegir Erasmus+ para aprender espa\u00f1ol?<\/h2>\n<ul style=\"text-align: justify;\">\n<li>Acceda a los cursos financiados por la UE en toda Espa\u00f1a con una simple elegibilidad<\/li>\n<li>Participar en experiencias culturales de inmersi\u00f3n mientras se aprende<\/li>\n<li>Cursos adaptados a su nivel, de principiante a avanzado<\/li>\n<li>Asistencia con el papeleo y los acuerdos de aprendizaje Erasmus<\/li>\n<\/ul>\n<h2 style=\"text-align: justify;\">\u00bfQui\u00e9n puede solicitarlo?<\/h2>\n<p style=\"text-align: justify;\">La movilidad Erasmus+ est\u00e1 abierta a estudiantes, educadores y personal de centros u organizaciones admisibles que participen en un proyecto Erasmus+ activo. \u00bfNo est\u00e1s seguro de si cumples los requisitos? Nuestro equipo puede guiarte a trav\u00e9s del proceso.<\/p>\n<h2 style=\"text-align: justify;\">C\u00f3mo empezar<\/h2>\n<ol style=\"text-align: justify;\">\n<li>P\u00f3ngase en contacto con su coordinador Erasmus+ u organizaci\u00f3n de env\u00edo<\/li>\n<li>Seleccione su localidad y escuela de idiomas preferidas en Espa\u00f1a<\/li>\n<li>Deje que HolaSpain le ayude con la reserva, el papeleo y la log\u00edstica<\/li>\n<\/ol>\n<h3 style=\"text-align: justify;\">Cursos de espa\u00f1ol Erasmus+ en Espa\u00f1a<\/h3>\n<p style=\"text-align: justify;\">Our Erasmus+ eligible Spanish courses are perfect for anyone looking to build language confidence while immersing in authentic Spanish culture. Offered by partner schools in cities like Barcelona, Valencia, Alicante, Granada, and Madrid, these programs combine dynamic lessons with cultural activities and local experiences \u2014 ensuring your Erasmus+ stay is both educational and unforgettable. <strong>Consulte nuestras tarifas para adultos <a href=\"https:\/\/holaspain.agency\/es\/precios-de-los-cursos-profesionales-erasmus-plus\/\">aqu\u00ed<\/a><\/strong><\/p>\n<blockquote>\n<p style=\"text-align: justify;\">Ya sea para mejorar tus estudios, ampliar tu visi\u00f3n del mundo o adquirir nuevas habilidades para el futuro, aprender espa\u00f1ol con Erasmus+ cambia vidas. D\u00e9janos ayudarte a que tu experiencia de movilidad sea inolvidable. \u00a1Espa\u00f1a te espera!<\/p>\n<\/blockquote>\n\n\t\t<\/div>\n\t<\/div>\n<section class=\"vc_cta3-container\"><div class=\"vc_general vc_do_cta3 vc_cta3 vc_cta3-style-outline vc_cta3-shape-rounded vc_cta3-align-left vc_cta3-color-classic vc_cta3-icon-size-md vc_cta3-icons-left vc_cta3-actions-right\"><div class=\"vc_cta3-icons\"><div class=\"vc_icon_element vc_icon_element-outer vc_do_icon vc_icon_element-align-left\"><div class=\"vc_icon_element-inner vc_icon_element-color-turquoise vc_icon_element-size-md vc_icon_element-style- vc_icon_element-background-color-grey\" ><span class=\"vc_icon_element-icon fa fa-solid fa-arrow-right-from-bracket\" ><\/span><\/div><\/div><\/div><div class=\"vc_cta3_content-container\"><div class=\"vc_cta3-content\"><header class=\"vc_cta3-content-header\"><h2>Empieza hoy tu aventura espa\u00f1ola<\/h2><\/header><p>\u00bfTiene preguntas o quiere encontrar el curso de espa\u00f1ol perfecto? P\u00f3ngase en contacto con HolaSpain hoy mismo y perm\u00edtanos ayudarle a planificar su experiencia de aprendizaje en Espa\u00f1a.<\/p>\n<\/div><div class=\"vc_cta3-actions\"><div class=\"vc_btn3-container vc_btn3-inline vc_do_btn\" ><a class=\"vc_general vc_btn3 vc_btn3-size-md vc_btn3-shape-rounded vc_btn3-style-modern vc_btn3-color-info\" href=\"https:\/\/holaspain.agency\/es\/#contact\" title=\"\">P\u00f3ngase en contacto con nosotros<\/a><\/div><\/div><\/div><\/div><\/section><\/div><\/div><\/div><\/div>\n<\/div>","protected":false},"excerpt":{"rendered":"<p>Participe en una experiencia ling\u00fc\u00edstica que le cambiar\u00e1 la vida con Erasmus+ en Espa\u00f1a. En HolaSpain, ofrecemos programas de espa\u00f1ol acreditados dise\u00f1ados para apoyar los proyectos de movilidad Erasmus+ para estudiantes, profesores y personal. Tanto si est\u00e1s mejorando tu espa\u00f1ol por objetivos acad\u00e9micos, profesionales o personales, nuestras escuelas asociadas en toda Espa\u00f1a cumplen con los m\u00e1s altos est\u00e1ndares de calidad.<\/p>","protected":false},"author":1,"featured_media":1867,"parent":0,"menu_order":0,"comment_status":"closed","ping_status":"closed","template":"","meta":{"_seopress_robots_primary_cat":"","_seopress_titles_title":"%%sitetitle%% %%sep%% %%post_title%%","_seopress_titles_desc":"Learn Spanish in Spain with Erasmus+. HolaSpain connects you with accredited schools offering language programs fully compatible with Erasmus+ funding.","_seopress_robots_index":"","_daextam_enable_autolinks":"1","footnotes":""},"categories":[60],"tags":[],"class_list":["post-1871","page","type-page","status-publish","has-post-thumbnail","hentry","category-eu-programmes"],"_links":{"self":[{"href":"https:\/\/holaspain.agency\/es\/wp-json\/wp\/v2\/pages\/1871","targetHints":{"allow":["GET"]}}],"collection":[{"href":"https:\/\/holaspain.agency\/es\/wp-json\/wp\/v2\/pages"}],"about":[{"href":"https:\/\/holaspain.agency\/es\/wp-json\/wp\/v2\/types\/page"}],"author":[{"embeddable":true,"href":"https:\/\/holaspain.agency\/es\/wp-json\/wp\/v2\/users\/1"}],"replies":[{"embeddable":true,"href":"https:\/\/holaspain.agency\/es\/wp-json\/wp\/v2\/comments?post=1871"}],"version-history":[{"count":12,"href":"https:\/\/holaspain.agency\/es\/wp-json\/wp\/v2\/pages\/1871\/revisions"}],"predecessor-version":[{"id":2379,"href":"https:\/\/holaspain.agency\/es\/wp-json\/wp\/v2\/pages\/1871\/revisions\/2379"}],"wp:featuredmedia":[{"embeddable":true,"href":"https:\/\/holaspain.agency\/es\/wp-json\/wp\/v2\/media\/1867"}],"wp:attachment":[{"href":"https:\/\/holaspain.agency\/es\/wp-json\/wp\/v2\/media?parent=1871"}],"wp:term":[{"taxonomy":"category","embeddable":true,"href":"https:\/\/holaspain.agency\/es\/wp-json\/wp\/v2\/categories?post=1871"},{"taxonomy":"post_tag","embeddable":true,"href":"https:\/\/holaspain.agency\/es\/wp-json\/wp\/v2\/tags?post=1871"}],"curies":[{"name":"wp","href":"https:\/\/api.w.org\/{rel}","templated":true}]}}