{"id":1342,"date":"2025-10-18T11:48:36","date_gmt":"2025-10-18T11:48:36","guid":{"rendered":"https:\/\/holaspain.agency\/?post_type=portfolio&#038;p=1342"},"modified":"2026-01-07T16:12:32","modified_gmt":"2026-01-07T16:12:32","slug":"spanish-schools-in-madrid","status":"publish","type":"page","link":"https:\/\/holaspain.agency\/es\/spanish-schools-in-madrid\/","title":{"rendered":"Escuelas de espa\u00f1ol en Madrid"},"content":{"rendered":"<div class=\"wpb-content-wrapper\"><div class=\"vc_row wpb_row vc_row-fluid\"><div class=\"wpb_column vc_column_container vc_col-sm-12\"><div class=\"vc_column-inner\"><div class=\"wpb_wrapper\">\n\t<div class=\"wpb_text_column wpb_content_element\" >\n\t\t<div class=\"wpb_wrapper\">\n\t\t\t<h1 style=\"text-align: justify;\">Estudiar espa\u00f1ol en el extranjero<\/h1>\n<h3 style=\"text-align: justify;\"><strong>Aprender espa\u00f1ol en Madrid - El coraz\u00f3n de Espa\u00f1a, el pulso de la lengua<\/strong><\/h3>\n<blockquote>\n<p style=\"text-align: justify;\">Si quieres aprender espa\u00f1ol en un entorno verdaderamente din\u00e1mico, no hay mejor lugar que <strong>Madrid<\/strong> - la <strong>vibrante capital de Espa\u00f1a<\/strong> y el hogar de <em>castellano puro<\/em>. A city that never sleeps, Madrid combines <strong>escuelas de espa\u00f1ol de categor\u00eda mundial<\/strong>, Un rico patrimonio cultural y una energ\u00eda urbana inigualable.<\/p>\n<\/blockquote>\n<h3 style=\"text-align: justify;\"><strong>Por qu\u00e9 estudiar espa\u00f1ol en Madrid<\/strong><\/h3>\n<p><iframe loading=\"lazy\" title=\"Estudiar espa\u00f1ol en Madrid \ud83c\uddea\ud83c\uddf8 | Cultura, energ\u00eda e inmersi\u00f3n total\" width=\"790\" height=\"444\" src=\"https:\/\/www.youtube.com\/embed\/WgHWdZ0FiqI?feature=oembed\" frameborder=\"0\" allow=\"accelerometer; autoplay; clipboard-write; encrypted-media; gyroscope; picture-in-picture; web-share\" referrerpolicy=\"strict-origin-when-cross-origin\" allowfullscreen><\/iframe><\/p>\n<p style=\"text-align: justify;\"><span style=\"font-size: 0.9375rem;\">Tanto si eres un\u00a0<\/span><strong style=\"font-size: 0.9375rem;\">adolescente en busca de una aventura de verano<\/strong><span style=\"font-size: 0.9375rem;\">\u00a0o un\u00a0<\/span><strong style=\"font-size: 0.9375rem;\">estudiante adulto<\/strong><span style=\"font-size: 0.9375rem;\">\u00a0Buscando la inmersi\u00f3n total, Madrid ofrece un sinf\u00edn de oportunidades para estudiar, explorar y vivir el espa\u00f1ol cada d\u00eda.<\/span><\/p>\n<p style=\"text-align: justify;\">Madrid is the <strong>centro de cultura, historia y educaci\u00f3n espa\u00f1olas<\/strong> - una ciudad cosmopolita que mezcla la tradici\u00f3n con la vida moderna.<br \/>\nEst\u00e1 repleta de museos, teatros, parques verdes y una s\u00f3lida comunidad internacional, lo que la hace ideal para los estudiantes que desean combinar el aprendizaje con la exploraci\u00f3n.<\/p>\n<p style=\"text-align: justify;\">Students love Madrid because:<\/p>\n<ul style=\"text-align: justify;\">\n<li>Es el <strong>cuna del castellano<\/strong>, la forma est\u00e1ndar que se ense\u00f1a en todo el mundo.<\/li>\n<li>La ciudad ofrece <strong>escuelas de idiomas de calidad<\/strong> acreditado por el Instituto Cervantes.<\/li>\n<li>Disfrutar\u00e1s de <strong>una rica vida cultural<\/strong> - desde espect\u00e1culos de flamenco hasta museos de arte de categor\u00eda mundial.<\/li>\n<li>Madrid es <strong>seguros, acogedores y bien conectados<\/strong> a toda Espa\u00f1a.<\/li>\n<li>En <strong>ambiente estudiantil<\/strong> es animada, con gente de todo el mundo.<\/li>\n<\/ul>\n<p style=\"text-align: justify;\">In Madrid, every day offers a new chance to learn, discover, and enjoy Spanish life to the fullest.<\/p>\n<h3 style=\"text-align: justify;\"><strong>Las mejores escuelas de espa\u00f1ol en Madrid<\/strong><\/h3>\n<p style=\"text-align: justify;\">Estos son algunos de los <strong>best and most accredited Spanish schools in Madrid<\/strong>, que ofrece programas para todos los niveles, edades y objetivos:<\/p>\n<h4 style=\"text-align: justify;\"><strong>1. Enforex Madrid<\/strong><\/h4>\n<p style=\"text-align: justify;\">Situada cerca del famoso Parque del Retiro, Enforex ofrece cursos intensivos y superintensivos de espa\u00f1ol, preparaci\u00f3n para los ex\u00e1menes DELE y programas de verano para adolescentes. La escuela combina la excelencia acad\u00e9mica con un agradable ambiente internacional.<\/p>\n<h4 style=\"text-align: justify;\"><strong>2. Don Quijote Madrid<\/strong><\/h4>\n<p style=\"text-align: justify;\">Una de las escuelas m\u00e1s reconocidas de Espa\u00f1a, Don Quijote ofrece una experiencia de aprendizaje moderna con profesores altamente cualificados y clases reducidas. Los estudiantes disfrutan de actividades culturales, excursiones y talleres interactivos para practicar espa\u00f1ol en contextos reales.<\/p>\n<h4 style=\"text-align: justify;\"><strong>3. AIL Madrid<\/strong><\/h4>\n<p style=\"text-align: justify;\">Una escuela viva y moderna, conocida por su m\u00e9todo de ense\u00f1anza divertido y comunicativo. AIL ofrece horarios flexibles, grupos reducidos y un s\u00f3lido programa social, perfecto tanto para estudiantes adultos como j\u00f3venes.<\/p>\n<h4 style=\"text-align: justify;\"><strong>4. Academia Contacto<\/strong><\/h4>\n<p style=\"text-align: justify;\">Situada en el centro de la ciudad, la Academia Contacto ofrece clases de espa\u00f1ol personalizadas en grupos reducidos. Es ideal para los estudiantes que quieren un ambiente de aprendizaje \u00edntimo y un r\u00e1pido progreso en las habilidades de habla.<\/p>\n<h4 style=\"text-align: justify;\"><strong>5. T\u00e1ndem Madrid<\/strong><\/h4>\n<p style=\"text-align: justify;\">Accredited by Instituto Cervantes, Tandem focuses on cultural immersion through experiential learning. The school organizes regular language exchanges, cultural tours, and workshops that connect students with Madrid\u2019s daily life.<\/p>\n<h3 style=\"text-align: justify;\"><strong>Vivir la experiencia de Madrid<\/strong><\/h3>\n<p style=\"text-align: justify;\">Studying Spanish in Madrid means living in one of Europe\u2019s most exciting capitals \u2014 a city that\u2019s <strong>llena de cultura, arte y energ\u00eda<\/strong>.<br \/>\nLos estudiantes pueden:<\/p>\n<ul style=\"text-align: justify;\">\n<li>Pasear por <strong>Parque del Retiro<\/strong> o el <strong>Gran V\u00eda<\/strong>.<\/li>\n<li>Visite museos de fama mundial como el <strong>Prado<\/strong>, <strong>Reina Sof\u00eda<\/strong>, y <strong>Thyssen-Bornemisza<\/strong>.<\/li>\n<li>Descubra barrios con encanto como <strong>Malasa\u00f1a<\/strong>, <strong>La Latina<\/strong>, y <strong>Chueca<\/strong>.<\/li>\n<li>Disfruta de la tradici\u00f3n <strong>noches de tapas<\/strong>, espect\u00e1culos de flamenco y excursiones de fin de semana a ciudades cercanas como Toledo o Segovia.<\/li>\n<li>Disfrute de fiestas locales como <strong>San Isidro<\/strong> y la vibrante vida nocturna de Madrid.<\/li>\n<\/ul>\n<blockquote>\n<p style=\"text-align: justify;\">In Madrid, Spanish isn\u2019t just a language \u2014 it\u2019s <strong>un estilo de vida lleno de pasi\u00f3n, arte y conexi\u00f3n<\/strong>.\u00a0Learn Spanish and dive into the heart of Spanish culture \u2014 in Madrid, every street, museum, and caf\u00e9 gives you the chance to practice the language, experience local traditions, and make every moment unforgettable.<\/p>\n<\/blockquote>\n\n\t\t<\/div>\n\t<\/div>\n<section class=\"vc_cta3-container\"><div class=\"vc_general vc_do_cta3 vc_cta3 vc_cta3-style-outline vc_cta3-shape-rounded vc_cta3-align-left vc_cta3-color-classic vc_cta3-icon-size-md vc_cta3-icons-left vc_cta3-actions-right\"><div class=\"vc_cta3-icons\"><div class=\"vc_icon_element vc_icon_element-outer vc_do_icon vc_icon_element-align-left\"><div class=\"vc_icon_element-inner vc_icon_element-color-turquoise vc_icon_element-size-md vc_icon_element-style- vc_icon_element-background-color-grey\" ><span class=\"vc_icon_element-icon fa fa-solid fa-arrow-right-from-bracket\" ><\/span><\/div><\/div><\/div><div class=\"vc_cta3_content-container\"><div class=\"vc_cta3-content\"><header class=\"vc_cta3-content-header\"><h2>Comience hoy mismo su viaje a Madrid.<\/h2><\/header><p style=\"text-align: justify;\">Tanto si quiere estudiar espa\u00f1ol para viajar, trabajar o crecer personalmente, <strong>Madrid offers everything you need<\/strong> - escuelas de categor\u00eda mundial, un sinf\u00edn de experiencias culturales y la energ\u00eda del palpitante coraz\u00f3n de Espa\u00f1a.<\/p>\n<\/div><div class=\"vc_cta3-actions\"><div class=\"vc_btn3-container vc_btn3-inline vc_do_btn\" ><a class=\"vc_general vc_btn3 vc_btn3-size-md vc_btn3-shape-rounded vc_btn3-style-modern vc_btn3-color-info\" href=\"https:\/\/holaspain.agency\/es\/#contact\" title=\"\">P\u00f3ngase en contacto con nosotros<\/a><\/div><\/div><\/div><\/div><\/section><\/div><\/div><\/div><\/div>\n<\/div>","protected":false},"excerpt":{"rendered":"<p>Aprende espa\u00f1ol en Madrid, la en\u00e9rgica capital de Espa\u00f1a. Disfruta de escuelas excepcionales, lugares emblem\u00e1ticos, una cultura floreciente y un ambiente verdaderamente internacional.<\/p>","protected":false},"author":1,"featured_media":1823,"parent":0,"menu_order":0,"comment_status":"closed","ping_status":"closed","template":"","meta":{"_seopress_robots_primary_cat":"","_seopress_titles_title":"Hola Spain %%sep%% %%post_title%%","_seopress_titles_desc":"Learn Spanish in Madrid \u2014 study in Spain\u2019s vibrant capital, enjoy world-class culture, and practice the language in an energetic, cosmopolitan city.","_seopress_robots_index":"","_daextam_enable_autolinks":"1","footnotes":""},"categories":[57,53],"tags":[],"class_list":["post-1342","page","type-page","status-publish","has-post-thumbnail","hentry","category-madrid-community","category-spanish-schools"],"_links":{"self":[{"href":"https:\/\/holaspain.agency\/es\/wp-json\/wp\/v2\/pages\/1342","targetHints":{"allow":["GET"]}}],"collection":[{"href":"https:\/\/holaspain.agency\/es\/wp-json\/wp\/v2\/pages"}],"about":[{"href":"https:\/\/holaspain.agency\/es\/wp-json\/wp\/v2\/types\/page"}],"author":[{"embeddable":true,"href":"https:\/\/holaspain.agency\/es\/wp-json\/wp\/v2\/users\/1"}],"replies":[{"embeddable":true,"href":"https:\/\/holaspain.agency\/es\/wp-json\/wp\/v2\/comments?post=1342"}],"version-history":[{"count":5,"href":"https:\/\/holaspain.agency\/es\/wp-json\/wp\/v2\/pages\/1342\/revisions"}],"predecessor-version":[{"id":2331,"href":"https:\/\/holaspain.agency\/es\/wp-json\/wp\/v2\/pages\/1342\/revisions\/2331"}],"wp:featuredmedia":[{"embeddable":true,"href":"https:\/\/holaspain.agency\/es\/wp-json\/wp\/v2\/media\/1823"}],"wp:attachment":[{"href":"https:\/\/holaspain.agency\/es\/wp-json\/wp\/v2\/media?parent=1342"}],"wp:term":[{"taxonomy":"category","embeddable":true,"href":"https:\/\/holaspain.agency\/es\/wp-json\/wp\/v2\/categories?post=1342"},{"taxonomy":"post_tag","embeddable":true,"href":"https:\/\/holaspain.agency\/es\/wp-json\/wp\/v2\/tags?post=1342"}],"curies":[{"name":"wp","href":"https:\/\/api.w.org\/{rel}","templated":true}]}}