{"id":1228,"date":"2016-09-06T18:12:04","date_gmt":"2016-09-06T18:12:04","guid":{"rendered":"http:\/\/demos.famethemes.com\/screenr-plus\/?post_type=portfolio&#038;p=1198"},"modified":"2026-01-08T15:44:41","modified_gmt":"2026-01-08T15:44:41","slug":"escuelas-de-espanol-en-valencia","status":"publish","type":"page","link":"https:\/\/holaspain.agency\/es\/spanish-schools-in-valencia\/","title":{"rendered":"Escuelas de espa\u00f1ol en Valencia"},"content":{"rendered":"<div class=\"wpb-content-wrapper\"><div class=\"vc_row wpb_row vc_row-fluid\"><div class=\"wpb_column vc_column_container vc_col-sm-12\"><div class=\"vc_column-inner\"><div class=\"wpb_wrapper\">\n\t<div class=\"wpb_text_column wpb_content_element\" >\n\t\t<div class=\"wpb_wrapper\">\n\t\t\t<h1>Estudiar espa\u00f1ol en el extranjero<\/h1>\n<h3 style=\"text-align: justify;\"><strong>Aprender espa\u00f1ol en Valencia - Donde se unen cultura, sol y aprendizaje<\/strong><\/h3>\n<blockquote>\n<p style=\"text-align: justify;\">Si est\u00e1 buscando el destino perfecto para aprender espa\u00f1ol en Espa\u00f1a, <strong>Valencia<\/strong> lo ofrece todo: excelentes escuelas de espa\u00f1ol, playas mediterr\u00e1neas, un animado ambiente estudiantil y aut\u00e9ntica cultura espa\u00f1ola.<\/p>\n<\/blockquote>\n<p style=\"text-align: justify;\">Conocido por su <strong>ambiente moderno, bonito casco antiguo y famosas Fallas<\/strong>, Valencia combines history, art, and fun \u2014 making it one of the top destinations for international students who want to <strong>Estudiar espa\u00f1ol disfrutando de la vida en Espa\u00f1a<\/strong>.<\/p>\n<h3 style=\"text-align: justify;\"><strong>Por qu\u00e9 estudiar espa\u00f1ol en Valencia<\/strong><\/h3>\n<p><iframe loading=\"lazy\" title=\"Estudiar espa\u00f1ol en Valencia \ud83c\uddea\ud83c\uddf8 | Calidad de vida e inmersi\u00f3n\" width=\"790\" height=\"444\" src=\"https:\/\/www.youtube.com\/embed\/KG9szRBUHsE?feature=oembed\" frameborder=\"0\" allow=\"accelerometer; autoplay; clipboard-write; encrypted-media; gyroscope; picture-in-picture; web-share\" referrerpolicy=\"strict-origin-when-cross-origin\" allowfullscreen><\/iframe><\/p>\n<p style=\"text-align: justify;\">Valencia is Spain\u2019s <strong>tercera ciudad m\u00e1s grande<\/strong>, situada en la costa oriental, ofrece m\u00e1s de 300 d\u00edas de sol al a\u00f1o. Es lo bastante grande como para ser emocionante, pero lo bastante peque\u00f1a como para sentirse c\u00f3modo y acogedor. La ciudad mezcla tradici\u00f3n e innovaci\u00f3n: encontrar\u00e1 <strong>antiguas ruinas romanas, la futurista Ciudad de las Artes y las Ciencias<\/strong>, e innumerables bares de tapas y caf\u00e9s donde practicar espa\u00f1ol a diario.<\/p>\n<p style=\"text-align: justify;\">Students love Valencia because:<\/p>\n<ul style=\"text-align: justify;\">\n<li>Es <strong>asequible<\/strong> en comparaci\u00f3n con Madrid o Barcelona.<\/li>\n<li>Tiene <strong>escuelas de espa\u00f1ol de alta calidad<\/strong> con profesores experimentados.<\/li>\n<li>Hay un <strong>comunidad internacional activa<\/strong> de los alumnos.<\/li>\n<li>Puede <strong>vivir en la playa<\/strong> y explorar la ciudad f\u00e1cilmente a pie o en bicicleta.<\/li>\n<\/ul>\n<p style=\"text-align: justify;\">Tanto si eres un <strong>adolescente<\/strong> buscando un programa de verano o un <strong>para adultos<\/strong> seeking a full immersion experience, Valencia has a course that fits you.<\/p>\n<h3 style=\"text-align: justify;\"><strong>Las mejores escuelas de espa\u00f1ol en Valencia<\/strong><\/h3>\n<p style=\"text-align: justify;\">Estos son algunos de los <strong>escuelas de espa\u00f1ol m\u00e1s reconocidas y acreditadas<\/strong> in Valencia, ideal for students from all over the world:<\/p>\n<h4 style=\"text-align: justify;\"><strong>1. Don Quijote Valencia<\/strong><\/h4>\n<p style=\"text-align: justify;\">Ubicada en un hermoso edificio del siglo XV en el centro hist\u00f3rico, Don Quijote ofrece cursos intensivos de espa\u00f1ol de alta calidad para todos los niveles. La escuela combina el aprendizaje del idioma con actividades culturales como clases de cocina, clases de flamenco y excursiones.<\/p>\n<h4 style=\"text-align: justify;\"><strong>2. Escuela Taronja<\/strong><\/h4>\n<p style=\"text-align: justify;\">Taronja es famoso por su enfoque divertido y creativo de la ense\u00f1anza del espa\u00f1ol. Con semanas tem\u00e1ticas, eventos culturales diarios y un fuerte sentido de comunidad, es un favorito entre los adultos j\u00f3venes y adolescentes que buscan una experiencia atractiva.<\/p>\n<h4 style=\"text-align: justify;\"><strong>3. Hispania, Escuela de Espa\u00f1ol<\/strong><\/h4>\n<p style=\"text-align: justify;\">Hispania, una de las escuelas de espa\u00f1ol m\u00e1s premiadas de Espa\u00f1a, se centra en la ense\u00f1anza personalizada y los horarios flexibles. Es perfecta para adultos y estudiantes universitarios que quieran combinar el estudio del espa\u00f1ol con objetivos acad\u00e9micos o profesionales.<\/p>\n<h4 style=\"text-align: justify;\"><strong>4. Instituto de Idiomas AIP<\/strong><\/h4>\n<p style=\"text-align: justify;\">Situada cerca de la zona universitaria, AIP ofrece cursos tanto para adolescentes como para adultos, incluyendo preparaci\u00f3n para los ex\u00e1menes DELE y programas de inmersi\u00f3n escolar. La escuela organiza actividades semanales y viajes de fin de semana por toda Espa\u00f1a.<\/p>\n<h4 style=\"text-align: justify;\"><strong>5. Costa de Valencia<\/strong><\/h4>\n<p style=\"text-align: justify;\">Accredited by Instituto Cervantes, this school provides intensive and super-intensive Spanish courses, as well as summer camps for teenagers. It\u2019s close to the beach \u2014 ideal for students who want to enjoy Valencia\u2019s coastal lifestyle.<\/p>\n<h3 style=\"text-align: justify;\"><strong>Vivir la experiencia valenciana<\/strong><\/h3>\n<p style=\"text-align: justify;\">Learning Spanish in Valencia is more than studying \u2014 it\u2019s a complete <strong>inmersi\u00f3n cultural<\/strong>. Los estudiantes pueden:<\/p>\n<ul style=\"text-align: justify;\">\n<li>Deambular por <strong>El Carmen<\/strong>, el barrio m\u00e1s antiguo de la ciudad, lleno de arte callejero y encanto local.<\/li>\n<li>Visite el <strong>Ciudad de las Artes y las Ciencias<\/strong>, un complejo arquitect\u00f3nico de fama mundial.<\/li>\n<li>Sabor aut\u00e9ntico <strong>paella<\/strong>, que naci\u00f3 aqu\u00ed, en Valencia.<\/li>\n<li>Disfrute de una vibrante vida nocturna, conciertos al aire libre y fiestas en la playa.<\/li>\n<li>\u00danase a los lugare\u00f1os que celebran fiestas tradicionales como <strong>Las Fallas<\/strong> y <strong>La Tomatina<\/strong> (en la cercana Bu\u00f1ol).<\/li>\n<\/ul>\n<blockquote>\n<p style=\"text-align: justify;\">Valencia offers the <strong>equilibrio perfecto entre estudio y ocio<\/strong>, learn Spanish and immerse yourself in Andalusian culture \u2014 in Seville, every street, caf\u00e9, and plaza offers a chance to practice the language, experience local traditions, and make every moment truly unforgettable.<\/p>\n<\/blockquote>\n\n\t\t<\/div>\n\t<\/div>\n<section class=\"vc_cta3-container\"><div class=\"vc_general vc_do_cta3 vc_cta3 vc_cta3-style-outline vc_cta3-shape-rounded vc_cta3-align-left vc_cta3-color-classic vc_cta3-icon-size-md vc_cta3-icons-left vc_cta3-actions-right\"><div class=\"vc_cta3-icons\"><div class=\"vc_icon_element vc_icon_element-outer vc_do_icon vc_icon_element-align-left\"><div class=\"vc_icon_element-inner vc_icon_element-color-turquoise vc_icon_element-size-md vc_icon_element-style- vc_icon_element-background-color-grey\" ><span class=\"vc_icon_element-icon fa fa-solid fa-arrow-right-from-bracket\" ><\/span><\/div><\/div><\/div><div class=\"vc_cta3_content-container\"><div class=\"vc_cta3-content\"><header class=\"vc_cta3-content-header\"><h2>\u00a1Empieza tu viaje de espa\u00f1ol en Valencia hoy mismo!<\/h2><\/header><p style=\"text-align: justify;\">Whether you\u2019re an adult learner looking to advance your career, or a teenager searching for an unforgettable summer abroad, Valencia welcomes you with open arms. Come learn Spanish, live the culture, and fall in love with one of Spain\u2019s most exciting cities.<\/p>\n<\/div><div class=\"vc_cta3-actions\"><div class=\"vc_btn3-container vc_btn3-inline vc_do_btn\" ><a class=\"vc_general vc_btn3 vc_btn3-size-md vc_btn3-shape-rounded vc_btn3-style-modern vc_btn3-color-info\" href=\"https:\/\/holaspain.agency\/es\/#contact\" title=\"\">P\u00f3ngase en contacto con nosotros<\/a><\/div><\/div><\/div><\/div><\/section><\/div><\/div><\/div><\/div>\n<\/div>","protected":false},"excerpt":{"rendered":"<p>Explora las mejores escuelas de espa\u00f1ol en Valencia, una animada ciudad costera donde las playas mediterr\u00e1neas, una cultura cautivadora y un ambiente estudiantil din\u00e1mico crean el entorno de aprendizaje perfecto.<\/p>","protected":false},"author":1,"featured_media":1827,"parent":0,"menu_order":0,"comment_status":"closed","ping_status":"closed","template":"","meta":{"_seopress_robots_primary_cat":"","_seopress_titles_title":"Hola Spain %%sep%% %%post_title%%","_seopress_titles_desc":"Learn Spanish in Valencia \u2014 top schools, sunny beaches, vibrant student life, and authentic Spanish culture in the heart of the Mediterranean.","_seopress_robots_index":"","_daextam_enable_autolinks":"1","footnotes":""},"categories":[53,58],"tags":[],"class_list":["post-1228","page","type-page","status-publish","has-post-thumbnail","hentry","category-spanish-schools","category-valencian-community"],"_links":{"self":[{"href":"https:\/\/holaspain.agency\/es\/wp-json\/wp\/v2\/pages\/1228","targetHints":{"allow":["GET"]}}],"collection":[{"href":"https:\/\/holaspain.agency\/es\/wp-json\/wp\/v2\/pages"}],"about":[{"href":"https:\/\/holaspain.agency\/es\/wp-json\/wp\/v2\/types\/page"}],"author":[{"embeddable":true,"href":"https:\/\/holaspain.agency\/es\/wp-json\/wp\/v2\/users\/1"}],"replies":[{"embeddable":true,"href":"https:\/\/holaspain.agency\/es\/wp-json\/wp\/v2\/comments?post=1228"}],"version-history":[{"count":5,"href":"https:\/\/holaspain.agency\/es\/wp-json\/wp\/v2\/pages\/1228\/revisions"}],"predecessor-version":[{"id":2332,"href":"https:\/\/holaspain.agency\/es\/wp-json\/wp\/v2\/pages\/1228\/revisions\/2332"}],"wp:featuredmedia":[{"embeddable":true,"href":"https:\/\/holaspain.agency\/es\/wp-json\/wp\/v2\/media\/1827"}],"wp:attachment":[{"href":"https:\/\/holaspain.agency\/es\/wp-json\/wp\/v2\/media?parent=1228"}],"wp:term":[{"taxonomy":"category","embeddable":true,"href":"https:\/\/holaspain.agency\/es\/wp-json\/wp\/v2\/categories?post=1228"},{"taxonomy":"post_tag","embeddable":true,"href":"https:\/\/holaspain.agency\/es\/wp-json\/wp\/v2\/tags?post=1228"}],"curies":[{"name":"wp","href":"https:\/\/api.w.org\/{rel}","templated":true}]}}