{"id":1209,"date":"2016-09-05T20:12:29","date_gmt":"2016-09-05T20:12:29","guid":{"rendered":"http:\/\/demos.famethemes.com\/screenr-plus\/?page_id=18"},"modified":"2025-11-05T11:41:18","modified_gmt":"2025-11-05T11:41:18","slug":"experiencias-de-inmersion-cultural","status":"publish","type":"page","link":"https:\/\/holaspain.agency\/es\/cultural-immersion-experiences\/","title":{"rendered":"Inmersi\u00f3n y experiencias culturales"},"content":{"rendered":"<div class=\"wpb-content-wrapper\"><div class=\"vc_row wpb_row vc_row-fluid\"><div class=\"wpb_column vc_column_container vc_col-sm-12\"><div class=\"vc_column-inner\"><div class=\"wpb_wrapper\">\n\t<div class=\"wpb_text_column wpb_content_element\" >\n\t\t<div class=\"wpb_wrapper\">\n\t\t\t<h1 style=\"text-align: justify;\" data-pm-slice=\"0 0 &#091;&#093;\">Vivir la lengua y la cultura espa\u00f1olas<\/h1>\n<p style=\"text-align: justify;\" data-pm-slice=\"0 0 &#091;&#093;\">Experimenta la <a href=\"https:\/\/holaspain.agency\/es\/spanish-language-courses\/\">Lengua espa\u00f1ola<\/a> y cultura como nunca antes con HolaSpain. Nuestros programas combinan educaci\u00f3n, aventura y aut\u00e9nticas experiencias locales, dise\u00f1ados para estudiantes y adultos irlandeses que quieren aprender espa\u00f1ol mientras lo viven de verdad.<\/p>\n<h2 style=\"text-align: justify;\" data-pm-slice=\"0 0 &#091;&#093;\">Aprendizaje inmersivo del espa\u00f1ol<\/h2>\n<p style=\"text-align: justify;\" data-pm-slice=\"0 0 &#091;&#093;\">El aprendizaje del espa\u00f1ol va m\u00e1s all\u00e1 del aula. Los estudiantes participan en atractivas actividades culturales como visitas guiadas por la ciudad, visitas a lugares hist\u00f3ricos, fiestas locales y talleres interactivos. Estas experiencias permiten a los estudiantes utilizar el espa\u00f1ol en situaciones de la vida real mientras descubren las ricas tradiciones y costumbres de Espa\u00f1a.<\/p>\n<h2 style=\"text-align: justify;\" data-pm-slice=\"0 0 &#091;&#093;\">Excursiones y actividades<\/h2>\n<p style=\"text-align: justify;\" data-pm-slice=\"0 0 &#091;&#093;\">Nuestros programas incluyen excursiones cuidadosamente planificadas y actividades adaptadas a cada grupo. Desde talleres de flamenco y cocina hasta deportes, proyectos art\u00edsticos y eventos locales, los estudiantes adquieren una experiencia pr\u00e1ctica de la cultura espa\u00f1ola. Estas actividades fomentan la interacci\u00f3n con las comunidades locales y ayudan a los estudiantes a adquirir confianza en el uso de la lengua fuera del aula.<\/p>\n<h3 style=\"text-align: justify;\" data-pm-slice=\"0 0 &#091;&#093;\">Aprender a trav\u00e9s de experiencias reales<\/h3>\n<p style=\"text-align: justify;\" data-pm-slice=\"0 0 &#091;&#093;\">Cada actividad est\u00e1 dise\u00f1ada para que el aprendizaje de idiomas sea divertido, pr\u00e1ctico y significativo. Los estudiantes participan en juegos de rol, resoluci\u00f3n de problemas y ejercicios de trabajo en equipo que refuerzan sus conocimientos de espa\u00f1ol mientras exploran la cultura local. Estas experiencias de inmersi\u00f3n crean un entorno din\u00e1mico en el que los estudiantes conectan el idioma con la vida cotidiana.<\/p>\n<h3 style=\"text-align: justify;\" data-pm-slice=\"0 0 &#091;&#093;\">\u00bfPor qu\u00e9 elegir HolaSpain para una inmersi\u00f3n cultural?<\/h3>\n<ul style=\"text-align: justify;\">\n<li style=\"text-align: justify;\" data-pm-slice=\"0 0 &#091;&#093;\">Programas de inmersi\u00f3n total para estudiantes y adultos irlandeses<\/li>\n<li style=\"text-align: justify;\" data-pm-slice=\"0 0 &#091;&#093;\">Profesores nativos y gu\u00edas locales experimentados<\/li>\n<li style=\"text-align: justify;\" data-pm-slice=\"0 0 &#091;&#093;\">Combinaci\u00f3n de aprendizaje en el aula y experiencias culturales reales<\/li>\n<li style=\"text-align: justify;\" data-pm-slice=\"0 0 &#091;&#093;\">Entornos de aprendizaje seguros, favorables y atractivos<\/li>\n<li style=\"text-align: justify;\" data-pm-slice=\"0 0 &#091;&#093;\">Oportunidades para explorar Espa\u00f1a y crear recuerdos para toda la vida<\/li>\n<\/ul>\n\n\t\t<\/div>\n\t<\/div>\n<section class=\"vc_cta3-container\"><div class=\"vc_general vc_do_cta3 vc_cta3 vc_cta3-style-outline vc_cta3-shape-rounded vc_cta3-align-left vc_cta3-color-classic vc_cta3-icon-size-md vc_cta3-icons-left vc_cta3-actions-right\"><div class=\"vc_cta3-icons\"><div class=\"vc_icon_element vc_icon_element-outer vc_do_icon vc_icon_element-align-left\"><div class=\"vc_icon_element-inner vc_icon_element-color-turquoise vc_icon_element-size-md vc_icon_element-style- vc_icon_element-background-color-grey\" ><span class=\"vc_icon_element-icon fa fa-solid fa-arrow-right-from-bracket\" ><\/span><\/div><\/div><\/div><div class=\"vc_cta3_content-container\"><div class=\"vc_cta3-content\"><header class=\"vc_cta3-content-header\"><h2>Empieza hoy tu aventura espa\u00f1ola<\/h2><\/header><p>\u00bfTiene preguntas o quiere encontrar el curso de espa\u00f1ol perfecto? P\u00f3ngase en contacto con HolaSpain hoy mismo y perm\u00edtanos ayudarle a planificar su experiencia de aprendizaje en Espa\u00f1a.<\/p>\n<\/div><div class=\"vc_cta3-actions\"><div class=\"vc_btn3-container vc_btn3-inline vc_do_btn\" ><a class=\"vc_general vc_btn3 vc_btn3-size-md vc_btn3-shape-rounded vc_btn3-style-modern vc_btn3-color-info\" href=\"https:\/\/holaspain.agency\/es\/#contact\" title=\"\">P\u00f3ngase en contacto con nosotros<\/a><\/div><\/div><\/div><\/div><\/section><\/div><\/div><\/div><\/div>\n<\/div>","protected":false},"excerpt":{"rendered":"<p>Nuestros programas combinan educaci\u00f3n, aventura y aut\u00e9nticas experiencias locales, dise\u00f1ados para estudiantes j\u00f3venes y adultos que quieren aprender espa\u00f1ol vivi\u00e9ndolo de verdad.<\/p>","protected":false},"author":1,"featured_media":1317,"parent":0,"menu_order":0,"comment_status":"closed","ping_status":"closed","template":"","meta":{"_seopress_robots_primary_cat":"","_seopress_titles_title":"%%sitetitle%% %%sep%% Cultural Immersion","_seopress_titles_desc":"Experience Spanish language and culture with HolaSpain through immersive activities, excursions, and interactive learning for Irish students and adults.","_seopress_robots_index":"","_daextam_enable_autolinks":"","footnotes":""},"categories":[61],"tags":[],"class_list":["post-1209","page","type-page","status-publish","has-post-thumbnail","hentry","category-services"],"_links":{"self":[{"href":"https:\/\/holaspain.agency\/es\/wp-json\/wp\/v2\/pages\/1209","targetHints":{"allow":["GET"]}}],"collection":[{"href":"https:\/\/holaspain.agency\/es\/wp-json\/wp\/v2\/pages"}],"about":[{"href":"https:\/\/holaspain.agency\/es\/wp-json\/wp\/v2\/types\/page"}],"author":[{"embeddable":true,"href":"https:\/\/holaspain.agency\/es\/wp-json\/wp\/v2\/users\/1"}],"replies":[{"embeddable":true,"href":"https:\/\/holaspain.agency\/es\/wp-json\/wp\/v2\/comments?post=1209"}],"version-history":[{"count":10,"href":"https:\/\/holaspain.agency\/es\/wp-json\/wp\/v2\/pages\/1209\/revisions"}],"predecessor-version":[{"id":1329,"href":"https:\/\/holaspain.agency\/es\/wp-json\/wp\/v2\/pages\/1209\/revisions\/1329"}],"wp:featuredmedia":[{"embeddable":true,"href":"https:\/\/holaspain.agency\/es\/wp-json\/wp\/v2\/media\/1317"}],"wp:attachment":[{"href":"https:\/\/holaspain.agency\/es\/wp-json\/wp\/v2\/media?parent=1209"}],"wp:term":[{"taxonomy":"category","embeddable":true,"href":"https:\/\/holaspain.agency\/es\/wp-json\/wp\/v2\/categories?post=1209"},{"taxonomy":"post_tag","embeddable":true,"href":"https:\/\/holaspain.agency\/es\/wp-json\/wp\/v2\/tags?post=1209"}],"curies":[{"name":"wp","href":"https:\/\/api.w.org\/{rel}","templated":true}]}}