{"id":1208,"date":"2016-09-05T20:07:42","date_gmt":"2016-09-05T20:07:42","guid":{"rendered":"http:\/\/demos.famethemes.com\/screenr-plus\/?page_id=16"},"modified":"2025-11-17T13:39:03","modified_gmt":"2025-11-17T13:39:03","slug":"programas-de-espanol","status":"publish","type":"page","link":"https:\/\/holaspain.agency\/es\/spanish-language-programmes\/","title":{"rendered":"Programas de lengua espa\u00f1ola"},"content":{"rendered":"<div class=\"wpb-content-wrapper\"><div class=\"vc_row wpb_row vc_row-fluid\"><div class=\"wpb_column vc_column_container vc_col-sm-12\"><div class=\"vc_column-inner\"><div class=\"wpb_wrapper\">\n\t<div class=\"wpb_text_column wpb_content_element\" >\n\t\t<div class=\"wpb_wrapper\">\n\t\t\t<h1 style=\"text-align: justify;\">Estudiar espa\u00f1ol en el extranjero<\/h1>\n<h2 style=\"text-align: justify;\">Cursos de espa\u00f1ol en Espa\u00f1a para adultos<\/h2>\n<p style=\"text-align: justify;\">Los adultos pueden matricularse en cursos intensivos de espa\u00f1ol en Espa\u00f1a para acelerar su aprendizaje. Las clases son impartidas por profesores nativos experimentados, y los programas de HolaSpain son atractivos e interactivos, combinando lecciones estructuradas con pr\u00e1cticas de conversaci\u00f3n para el uso del idioma en el mundo real. Tanto si su objetivo es mejorar la fluidez, ganar confianza o prepararse para oportunidades profesionales, nuestros cursos para adultos proporcionan el entorno ideal para alcanzar sus objetivos.<\/p>\n<p style=\"text-align: justify;\">Nuestros cursos para adultos incluyen programas intensivos, clases centradas en la conversaci\u00f3n y preparaci\u00f3n de ex\u00e1menes DELE para satisfacer las necesidades de cada alumno. Los participantes pueden beneficiarse de actividades culturales, excursiones guiadas y experiencias interactivas que mejoran el aprendizaje. HolaSpain combina una ense\u00f1anza de alta calidad con programas atractivos, garantizando que los adultos progresen r\u00e1pidamente a la vez que experimentan plenamente la cultura espa\u00f1ola.<\/p>\n<h2 style=\"text-align: justify;\">Cursos de espa\u00f1ol en Espa\u00f1a para adolescentes<\/h2>\n<p style=\"text-align: justify;\">Los adolescentes pueden matricularse en cursos de espa\u00f1ol en Espa\u00f1a dise\u00f1ados para desarrollar las habilidades ling\u00fc\u00edsticas mientras se divierten y exploran la cultura local. Los programas de HolaSpain son din\u00e1micos e interactivos y combinan lecciones estructuradas con juegos, actividades en grupo y pr\u00e1cticas de conversaci\u00f3n que hacen que el aprendizaje sea ameno. Ya sea estudiando individualmente, en grupos escolares o en programas de campamentos de verano, nuestros cursos ayudan a los adolescentes a ganar confianza y fluidez en espa\u00f1ol.<\/p>\n<p style=\"text-align: justify;\">Los cursos para adolescentes incluyen campamentos de verano de espa\u00f1ol, programas para grupos de secundaria y cursos intensivos adaptados a diferentes niveles. Los estudiantes participan en clases interactivas con profesores nativos y se benefician de excursiones culturales y actividades atractivas. HolaSpain garantiza que los adolescentes progresen en su espa\u00f1ol mientras disfrutan de una experiencia memorable y culturalmente rica.<\/p>\n<h3 style=\"text-align: justify;\">Los mejores cursos de espa\u00f1ol en Espa\u00f1a<\/h3>\n<p style=\"text-align: justify;\">HolaSpain colabora con las principales escuelas de espa\u00f1ol de toda Espa\u00f1a para ofrecer cursos de alta calidad, profesores nativos y una inmersi\u00f3n cultural completa. Descubre por qu\u00e9 estudiar espa\u00f1ol con nosotros es la forma m\u00e1s eficaz y divertida de dominar el idioma.<\/p>\n<h3 style=\"text-align: justify;\">Programas de espa\u00f1ol en los principales destinos espa\u00f1oles<\/h3>\n<p style=\"text-align: justify;\">We offer schools and programmes in Madrid, Barcelona, Valencia, Seville, Malaga, Salamanca, Granada, and Alicante. Each city provides a unique environment, from vibrant urban centres and historical sites to beaches and cultural neighbourhoods. Studying Spanish in these locations allows students to immerse themselves in the language, practise in real-life situations, and enjoy a variety of cultural activities and excursions outside the classroom.<\/p>\n\n\t\t<\/div>\n\t<\/div>\n\n<div class=\"vc_grid-container-wrapper vc_clearfix vc_grid-animation-zoomIn\">\n\t<div class=\"vc_grid-container vc_clearfix wpb_content_element vc_masonry_grid\" data-initial-loading-animation=\"zoomIn\" data-vc-grid-settings=\"{&quot;page_id&quot;:1208,&quot;style&quot;:&quot;all-masonry&quot;,&quot;action&quot;:&quot;vc_get_vc_grid_data&quot;,&quot;shortcode_id&quot;:&quot;1763386692637-e3ba8c13-999a-6&quot;,&quot;tag&quot;:&quot;vc_masonry_grid&quot;}\" data-vc-request=\"https:\/\/holaspain.agency\/wp-admin\/admin-ajax.php\" data-vc-post-id=\"1208\" data-vc-public-nonce=\"9ffa800287\">\n\t\t\n\t<\/div>\n<\/div><section class=\"vc_cta3-container\"><div class=\"vc_general vc_do_cta3 vc_cta3 vc_cta3-style-outline vc_cta3-shape-rounded vc_cta3-align-left vc_cta3-color-classic vc_cta3-icon-size-md vc_cta3-icons-left vc_cta3-actions-right\"><div class=\"vc_cta3-icons\"><div class=\"vc_icon_element vc_icon_element-outer vc_do_icon vc_icon_element-align-left\"><div class=\"vc_icon_element-inner vc_icon_element-color-turquoise vc_icon_element-size-md vc_icon_element-style- vc_icon_element-background-color-grey\" ><span class=\"vc_icon_element-icon fa fa-solid fa-arrow-right-from-bracket\" ><\/span><\/div><\/div><\/div><div class=\"vc_cta3_content-container\"><div class=\"vc_cta3-content\"><header class=\"vc_cta3-content-header\"><h2>Empieza hoy tu aventura espa\u00f1ola<\/h2><\/header><p>\u00bfTiene preguntas o quiere encontrar el curso de espa\u00f1ol perfecto? P\u00f3ngase en contacto con HolaSpain hoy mismo y perm\u00edtanos ayudarle a planificar su experiencia de aprendizaje en Espa\u00f1a.<\/p>\n<\/div><div class=\"vc_cta3-actions\"><div class=\"vc_btn3-container vc_btn3-inline vc_do_btn\" ><a class=\"vc_general vc_btn3 vc_btn3-size-md vc_btn3-shape-rounded vc_btn3-style-modern vc_btn3-color-info\" href=\"https:\/\/holaspain.agency\/es\/#contact\" title=\"\">P\u00f3ngase en contacto con nosotros<\/a><\/div><\/div><\/div><\/div><\/section><\/div><\/div><\/div><\/div><div class=\"vc_row wpb_row vc_row-fluid\"><div class=\"wpb_column vc_column_container vc_col-sm-12\"><div class=\"vc_column-inner\"><div class=\"wpb_wrapper\"><\/div><\/div><\/div><\/div>\n<\/div>","protected":false},"excerpt":{"rendered":"<p>HolaSpain ofrece cursos de espa\u00f1ol para adolescentes, adultos, grupos de secundaria y grupos escolares, los cursos est\u00e1n dise\u00f1ados para ser atractivos, interactivos y eficaces.<\/p>","protected":false},"author":1,"featured_media":1266,"parent":0,"menu_order":0,"comment_status":"closed","ping_status":"closed","template":"","meta":{"_seopress_robots_primary_cat":"","_seopress_titles_title":"%%sitetitle%% %%sep%% %%post_title%%","_seopress_titles_desc":"Spanish language courses in Spain for adults and teenagers. Intensive programmes, DELE prep, summer camps, and interactive learning experiences.","_seopress_robots_index":"","_daextam_enable_autolinks":"1","footnotes":""},"categories":[61],"tags":[],"class_list":["post-1208","page","type-page","status-publish","has-post-thumbnail","hentry","category-services"],"_links":{"self":[{"href":"https:\/\/holaspain.agency\/es\/wp-json\/wp\/v2\/pages\/1208","targetHints":{"allow":["GET"]}}],"collection":[{"href":"https:\/\/holaspain.agency\/es\/wp-json\/wp\/v2\/pages"}],"about":[{"href":"https:\/\/holaspain.agency\/es\/wp-json\/wp\/v2\/types\/page"}],"author":[{"embeddable":true,"href":"https:\/\/holaspain.agency\/es\/wp-json\/wp\/v2\/users\/1"}],"replies":[{"embeddable":true,"href":"https:\/\/holaspain.agency\/es\/wp-json\/wp\/v2\/comments?post=1208"}],"version-history":[{"count":20,"href":"https:\/\/holaspain.agency\/es\/wp-json\/wp\/v2\/pages\/1208\/revisions"}],"predecessor-version":[{"id":2200,"href":"https:\/\/holaspain.agency\/es\/wp-json\/wp\/v2\/pages\/1208\/revisions\/2200"}],"wp:featuredmedia":[{"embeddable":true,"href":"https:\/\/holaspain.agency\/es\/wp-json\/wp\/v2\/media\/1266"}],"wp:attachment":[{"href":"https:\/\/holaspain.agency\/es\/wp-json\/wp\/v2\/media?parent=1208"}],"wp:term":[{"taxonomy":"category","embeddable":true,"href":"https:\/\/holaspain.agency\/es\/wp-json\/wp\/v2\/categories?post=1208"},{"taxonomy":"post_tag","embeddable":true,"href":"https:\/\/holaspain.agency\/es\/wp-json\/wp\/v2\/tags?post=1208"}],"curies":[{"name":"wp","href":"https:\/\/api.w.org\/{rel}","templated":true}]}}