{"id":1207,"date":"2016-09-05T20:01:09","date_gmt":"2016-09-05T20:01:09","guid":{"rendered":"http:\/\/demos.famethemes.com\/screenr-plus\/?page_id=15"},"modified":"2025-11-06T09:58:54","modified_gmt":"2025-11-06T09:58:54","slug":"disenado-para-todos-los-alumnos","status":"publish","type":"page","link":"https:\/\/holaspain.agency\/es\/designed-for-every-learner\/","title":{"rendered":"Dise\u00f1ado para todos los alumnos"},"content":{"rendered":"<div class=\"wpb-content-wrapper\"><div class=\"vc_row wpb_row vc_row-fluid\"><div class=\"wpb_column vc_column_container vc_col-sm-12\"><div class=\"vc_column-inner\"><div class=\"wpb_wrapper\">\n\t<div class=\"wpb_text_column wpb_content_element\" >\n\t\t<div class=\"wpb_wrapper\">\n\t\t\t<h1 style=\"text-align: justify;\">Cursos de espa\u00f1ol para todos los p\u00fablicos<\/h1>\n<p style=\"text-align: justify;\">Tanto si es un principiante como un orador avanzado, nuestro <strong>Cursos de espa\u00f1ol para adolescentes y adultos<\/strong> se adaptan a sus objetivos individuales de aprendizaje. Cada programa est\u00e1 cuidadosamente estructurado para combinar lecciones interactivas con experiencias pr\u00e1cticas, asegurando que tus conocimientos de espa\u00f1ol mejoren r\u00e1pidamente y con confianza.<\/p>\n<h2 style=\"text-align: justify;\">Programas a medida<\/h2>\n<p style=\"text-align: justify;\">Nuestros cursos est\u00e1n dise\u00f1ados para todos los niveles y edades. Desde principiantes que dan sus primeros pasos en el espa\u00f1ol hasta estudiantes avanzados que buscan fluidez, ofrecemos programas que se adaptan a su capacidad y estilo de aprendizaje.<\/p>\n<h2 style=\"text-align: justify;\">Opciones de aprendizaje flexibles<\/h2>\n<p style=\"text-align: justify;\">Elija entre cursos de corta duraci\u00f3n, programas de verano o experiencias de inmersi\u00f3n de larga duraci\u00f3n. Nuestro enfoque flexible te permite estudiar a tu ritmo mientras disfrutas de la cultura y el estilo de vida de Espa\u00f1a.<\/p>\n<h2 style=\"text-align: justify;\">Experiencia pr\u00e1ctica<\/h2>\n<p style=\"text-align: justify;\">Combinamos las clases en el aula con experiencias de la vida real, desde excursiones culturales hasta interacciones sociales con hablantes nativos, ayud\u00e1ndote a aplicar lo que aprendes en situaciones aut\u00e9nticas y a ganar confianza para hablar espa\u00f1ol.<\/p>\n<p style=\"text-align: justify;\"><strong>Encuentre el curso perfecto para usted y comience hoy mismo su viaje hacia la fluidez en Espa\u00f1a.<\/strong><\/p>\n\n\t\t<\/div>\n\t<\/div>\n<section class=\"vc_cta3-container\"><div class=\"vc_general vc_do_cta3 vc_cta3 vc_cta3-style-outline vc_cta3-shape-rounded vc_cta3-align-left vc_cta3-color-classic vc_cta3-icon-size-md vc_cta3-icons-left vc_cta3-actions-right\"><div class=\"vc_cta3-icons\"><div class=\"vc_icon_element vc_icon_element-outer vc_do_icon vc_icon_element-align-left\"><div class=\"vc_icon_element-inner vc_icon_element-color-turquoise vc_icon_element-size-md vc_icon_element-style- vc_icon_element-background-color-grey\" ><span class=\"vc_icon_element-icon fa fa-solid fa-arrow-right-from-bracket\" ><\/span><\/div><\/div><\/div><div class=\"vc_cta3_content-container\"><div class=\"vc_cta3-content\"><header class=\"vc_cta3-content-header\"><h2>Empieza hoy tu aventura espa\u00f1ola<\/h2><\/header><p>\u00bfTiene preguntas o quiere encontrar el curso de espa\u00f1ol perfecto? P\u00f3ngase en contacto con HolaSpain hoy mismo y perm\u00edtanos ayudarle a planificar su experiencia de aprendizaje en Espa\u00f1a.<\/p>\n<\/div><div class=\"vc_cta3-actions\"><div class=\"vc_btn3-container vc_btn3-inline vc_do_btn\" ><a class=\"vc_general vc_btn3 vc_btn3-size-md vc_btn3-shape-rounded vc_btn3-style-modern vc_btn3-color-info\" href=\"https:\/\/holaspain.agency\/es\/#contact\" title=\"\">P\u00f3ngase en contacto con nosotros<\/a><\/div><\/div><\/div><\/div><\/section><\/div><\/div><\/div><\/div>\n<\/div>","protected":false},"excerpt":{"rendered":"<p>Programas adaptados a todas las edades y niveles: tanto si eres principiante como si hablas espa\u00f1ol con fluidez, hacemos que aprender espa\u00f1ol resulte atractivo y eficaz para todos.<\/p>","protected":false},"author":1,"featured_media":1402,"parent":0,"menu_order":0,"comment_status":"closed","ping_status":"closed","template":"","meta":{"_seopress_robots_primary_cat":"","_seopress_titles_title":"Hola Spain %%sep%% %%post_title%%","_seopress_titles_desc":"","_seopress_robots_index":"","_daextam_enable_autolinks":"","footnotes":""},"categories":[],"tags":[],"class_list":["post-1207","page","type-page","status-publish","has-post-thumbnail","hentry"],"_links":{"self":[{"href":"https:\/\/holaspain.agency\/es\/wp-json\/wp\/v2\/pages\/1207","targetHints":{"allow":["GET"]}}],"collection":[{"href":"https:\/\/holaspain.agency\/es\/wp-json\/wp\/v2\/pages"}],"about":[{"href":"https:\/\/holaspain.agency\/es\/wp-json\/wp\/v2\/types\/page"}],"author":[{"embeddable":true,"href":"https:\/\/holaspain.agency\/es\/wp-json\/wp\/v2\/users\/1"}],"replies":[{"embeddable":true,"href":"https:\/\/holaspain.agency\/es\/wp-json\/wp\/v2\/comments?post=1207"}],"version-history":[{"count":8,"href":"https:\/\/holaspain.agency\/es\/wp-json\/wp\/v2\/pages\/1207\/revisions"}],"predecessor-version":[{"id":2026,"href":"https:\/\/holaspain.agency\/es\/wp-json\/wp\/v2\/pages\/1207\/revisions\/2026"}],"wp:featuredmedia":[{"embeddable":true,"href":"https:\/\/holaspain.agency\/es\/wp-json\/wp\/v2\/media\/1402"}],"wp:attachment":[{"href":"https:\/\/holaspain.agency\/es\/wp-json\/wp\/v2\/media?parent=1207"}],"wp:term":[{"taxonomy":"category","embeddable":true,"href":"https:\/\/holaspain.agency\/es\/wp-json\/wp\/v2\/categories?post=1207"},{"taxonomy":"post_tag","embeddable":true,"href":"https:\/\/holaspain.agency\/es\/wp-json\/wp\/v2\/tags?post=1207"}],"curies":[{"name":"wp","href":"https:\/\/api.w.org\/{rel}","templated":true}]}}