{"id":1206,"date":"2016-09-05T20:00:36","date_gmt":"2016-09-05T20:00:36","guid":{"rendered":"http:\/\/demos.famethemes.com\/screenr-plus\/?page_id=14"},"modified":"2025-10-19T13:07:05","modified_gmt":"2025-10-19T13:07:05","slug":"descubrir-conectar-y-crecer","status":"publish","type":"page","link":"https:\/\/holaspain.agency\/es\/discover-connect-and-grow\/","title":{"rendered":"Descubrir, conectar y crecer"},"content":{"rendered":"<div class=\"wpb-content-wrapper\"><div class=\"vc_row wpb_row vc_row-fluid\"><div class=\"wpb_column vc_column_container vc_col-sm-12\"><div class=\"vc_column-inner\"><div class=\"wpb_wrapper\">\n\t<div class=\"wpb_text_column wpb_content_element\" >\n\t\t<div class=\"wpb_wrapper\">\n\t\t\t<h1 style=\"text-align: justify;\">Descubrir, conectar y crecer en Espa\u00f1a<\/h1>\n<p style=\"text-align: justify;\">Sum\u00e9rjase en la vida espa\u00f1ola mientras aprende el idioma. Cada d\u00eda ofrece oportunidades para <strong>conecte con la poblaci\u00f3n local<\/strong>, Explorar ricas tradiciones y crecer personal y acad\u00e9micamente. Nuestros programas est\u00e1n dise\u00f1ados para ayudar a estudiantes de todas las edades a vivir el idioma, establecer conexiones significativas y ganar confianza en sus conocimientos de espa\u00f1ol.<\/p>\n<h2 style=\"text-align: justify;\">Conectar con la gente<\/h2>\n<p style=\"text-align: justify;\">Conoce a compa\u00f1eros de todo el mundo y participa en actividades sociales y culturales. Construye amistades que duren toda la vida mientras disfrutas de aut\u00e9nticas experiencias espa\u00f1olas en una comunidad acogedora.<\/p>\n<h2 style=\"text-align: justify;\">Descubre la cultura espa\u00f1ola<\/h2>\n<p style=\"text-align: justify;\">Desde talleres de flamenco a visitas guiadas por la ciudad y fiestas locales, se sumergir\u00e1 en las vibrantes tradiciones de Espa\u00f1a. Cada actividad est\u00e1 dise\u00f1ada para complementar tu aprendizaje del idioma y profundizar en tu comprensi\u00f3n cultural.<\/p>\n<h2 style=\"text-align: justify;\">Aumente sus conocimientos ling\u00fc\u00edsticos<\/h2>\n<p style=\"text-align: justify;\">La interacci\u00f3n diaria con hablantes nativos, las clases estructuradas y la pr\u00e1ctica en el mundo real garantizan una r\u00e1pida mejora. Tanto para principiantes como para alumnos avanzados, nuestros <strong>Programas de inmersi\u00f3n en espa\u00f1ol<\/strong> hacer que el aprendizaje sea atractivo y eficaz.<\/p>\n<p style=\"text-align: justify;\"><strong>Comience hoy mismo su aventura espa\u00f1ola: \u00a1viva, conecte y crezca en Espa\u00f1a!<\/strong><\/p>\n\n\t\t<\/div>\n\t<\/div>\n<\/div><\/div><\/div><\/div>\n<\/div>","protected":false},"excerpt":{"rendered":"<p>Explore nuevas culturas, establezca v\u00ednculos duraderos y ampl\u00ede sus conocimientos ling\u00fc\u00edsticos a trav\u00e9s de experiencias de inmersi\u00f3n en el aprendizaje del espa\u00f1ol.<\/p>","protected":false},"author":1,"featured_media":1394,"parent":0,"menu_order":0,"comment_status":"closed","ping_status":"closed","template":"","meta":{"_seopress_robots_primary_cat":"","_seopress_titles_title":"Hola Spain %%sep%% Spanish Immersion Programmes in Spain","_seopress_titles_desc":"Explore Spanish immersion programmes that combine language learning, culture, and travel. Study Spanish in Spain and live an unforgettable adventure.","_seopress_robots_index":"","_daextam_enable_autolinks":"","footnotes":""},"categories":[],"tags":[],"class_list":["post-1206","page","type-page","status-publish","has-post-thumbnail","hentry"],"_links":{"self":[{"href":"https:\/\/holaspain.agency\/es\/wp-json\/wp\/v2\/pages\/1206","targetHints":{"allow":["GET"]}}],"collection":[{"href":"https:\/\/holaspain.agency\/es\/wp-json\/wp\/v2\/pages"}],"about":[{"href":"https:\/\/holaspain.agency\/es\/wp-json\/wp\/v2\/types\/page"}],"author":[{"embeddable":true,"href":"https:\/\/holaspain.agency\/es\/wp-json\/wp\/v2\/users\/1"}],"replies":[{"embeddable":true,"href":"https:\/\/holaspain.agency\/es\/wp-json\/wp\/v2\/comments?post=1206"}],"version-history":[{"count":8,"href":"https:\/\/holaspain.agency\/es\/wp-json\/wp\/v2\/pages\/1206\/revisions"}],"predecessor-version":[{"id":1401,"href":"https:\/\/holaspain.agency\/es\/wp-json\/wp\/v2\/pages\/1206\/revisions\/1401"}],"wp:featuredmedia":[{"embeddable":true,"href":"https:\/\/holaspain.agency\/es\/wp-json\/wp\/v2\/media\/1394"}],"wp:attachment":[{"href":"https:\/\/holaspain.agency\/es\/wp-json\/wp\/v2\/media?parent=1206"}],"wp:term":[{"taxonomy":"category","embeddable":true,"href":"https:\/\/holaspain.agency\/es\/wp-json\/wp\/v2\/categories?post=1206"},{"taxonomy":"post_tag","embeddable":true,"href":"https:\/\/holaspain.agency\/es\/wp-json\/wp\/v2\/tags?post=1206"}],"curies":[{"name":"wp","href":"https:\/\/api.w.org\/{rel}","templated":true}]}}