{"id":12,"date":"2016-09-05T19:52:33","date_gmt":"2016-09-05T19:52:33","guid":{"rendered":"http:\/\/demos.famethemes.com\/screenr-plus\/?page_id=12"},"modified":"2025-11-06T09:59:08","modified_gmt":"2025-11-06T09:59:08","slug":"aprender-espanol-de-verdad","status":"publish","type":"page","link":"https:\/\/holaspain.agency\/es\/learn-spanish-the-real-way\/","title":{"rendered":"Aprender espa\u00f1ol de verdad"},"content":{"rendered":"<div class=\"wpb-content-wrapper\"><div class=\"vc_row wpb_row vc_row-fluid\"><div class=\"wpb_column vc_column_container vc_col-sm-12\"><div class=\"vc_column-inner\"><div class=\"wpb_wrapper\">\n\t<div class=\"wpb_text_column wpb_content_element\" >\n\t\t<div class=\"wpb_wrapper\">\n\t\t\t<h1 style=\"text-align: justify;\">Aprender espa\u00f1ol de verdad<\/h1>\n<p style=\"text-align: justify;\">Sum\u00e9rjase en la vida espa\u00f1ola: practique cada d\u00eda, viva la cultura y adquiera fluidez real m\u00e1s all\u00e1 del aula. Nuestros programas se centran en <strong>uso pr\u00e1ctico de la lengua<\/strong>, El curso te ayudar\u00e1 a comunicarte con confianza en situaciones cotidianas mientras experimentas el aut\u00e9ntico estilo de vida espa\u00f1ol.<\/p>\n<h2 style=\"text-align: justify;\">Inmersi\u00f3n diaria para progresar r\u00e1pidamente<\/h2>\n<p style=\"text-align: justify;\">Desde las clases de la ma\u00f1ana hasta las actividades culturales de la tarde, cada momento en Espa\u00f1a es una oportunidad para practicar su espa\u00f1ol. Hablar a diario con hablantes nativos acelera tu aprendizaje y aumenta tu confianza m\u00e1s r\u00e1pido que con los cursos tradicionales en el aula.<\/p>\n<h2 style=\"text-align: justify;\">Vivir la cultura<\/h2>\n<p style=\"text-align: justify;\">Explore las tradiciones, la cocina, las fiestas y la vida local espa\u00f1olas. Nuestros programas integran experiencias culturales con el aprendizaje de idiomas, garantizando que no s\u00f3lo hables espa\u00f1ol, sino que tambi\u00e9n comprendas el contexto y las costumbres del pa\u00eds.<\/p>\n<h2 style=\"text-align: justify;\">Fluidez pr\u00e1ctica m\u00e1s all\u00e1 del aula<\/h2>\n<p style=\"text-align: justify;\">Nuestro objetivo es que <strong>utilizar el espa\u00f1ol en situaciones de la vida real<\/strong> - desde pedir en una cafeter\u00eda hasta moverse por los mercados locales o entablar conversaci\u00f3n con los amigos. Este enfoque pr\u00e1ctico garantiza unos conocimientos ling\u00fc\u00edsticos duraderos que van mucho m\u00e1s all\u00e1 de los ex\u00e1menes o los libros de texto.<\/p>\n<p style=\"text-align: justify;\"><strong>Comience hoy mismo su viaje de inmersi\u00f3n en el espa\u00f1ol y aprenda el idioma de verdad.<\/strong><\/p>\n\n\t\t<\/div>\n\t<\/div>\n<section class=\"vc_cta3-container\"><div class=\"vc_general vc_do_cta3 vc_cta3 vc_cta3-style-outline vc_cta3-shape-rounded vc_cta3-align-left vc_cta3-color-classic vc_cta3-icon-size-md vc_cta3-icons-left vc_cta3-actions-right\"><div class=\"vc_cta3-icons\"><div class=\"vc_icon_element vc_icon_element-outer vc_do_icon vc_icon_element-align-left\"><div class=\"vc_icon_element-inner vc_icon_element-color-turquoise vc_icon_element-size-md vc_icon_element-style- vc_icon_element-background-color-grey\" ><span class=\"vc_icon_element-icon fa fa-solid fa-arrow-right-from-bracket\" ><\/span><\/div><\/div><\/div><div class=\"vc_cta3_content-container\"><div class=\"vc_cta3-content\"><header class=\"vc_cta3-content-header\"><h2>Empieza hoy tu aventura espa\u00f1ola<\/h2><\/header><p>\u00bfTiene preguntas o quiere encontrar el curso de espa\u00f1ol perfecto? P\u00f3ngase en contacto con HolaSpain hoy mismo y perm\u00edtanos ayudarle a planificar su experiencia de aprendizaje en Espa\u00f1a.<\/p>\n<\/div><div class=\"vc_cta3-actions\"><div class=\"vc_btn3-container vc_btn3-inline vc_do_btn\" ><a class=\"vc_general vc_btn3 vc_btn3-size-md vc_btn3-shape-rounded vc_btn3-style-modern vc_btn3-color-info\" href=\"https:\/\/holaspain.agency\/es\/#contact\" title=\"\">P\u00f3ngase en contacto con nosotros<\/a><\/div><\/div><\/div><\/div><\/section><\/div><\/div><\/div><\/div>\n<\/div>","protected":false},"excerpt":{"rendered":"<p>Sum\u00e9rgete en la vida espa\u00f1ola: practica cada d\u00eda, vive la cultura y adquiere fluidez real m\u00e1s all\u00e1 del aula.<\/p>","protected":false},"author":1,"featured_media":1405,"parent":0,"menu_order":0,"comment_status":"closed","ping_status":"closed","template":"","meta":{"_seopress_robots_primary_cat":"","_seopress_titles_title":"","_seopress_titles_desc":"","_seopress_robots_index":"yes","_daextam_enable_autolinks":"","footnotes":""},"categories":[],"tags":[],"class_list":["post-12","page","type-page","status-publish","has-post-thumbnail","hentry"],"_links":{"self":[{"href":"https:\/\/holaspain.agency\/es\/wp-json\/wp\/v2\/pages\/12","targetHints":{"allow":["GET"]}}],"collection":[{"href":"https:\/\/holaspain.agency\/es\/wp-json\/wp\/v2\/pages"}],"about":[{"href":"https:\/\/holaspain.agency\/es\/wp-json\/wp\/v2\/types\/page"}],"author":[{"embeddable":true,"href":"https:\/\/holaspain.agency\/es\/wp-json\/wp\/v2\/users\/1"}],"replies":[{"embeddable":true,"href":"https:\/\/holaspain.agency\/es\/wp-json\/wp\/v2\/comments?post=12"}],"version-history":[{"count":7,"href":"https:\/\/holaspain.agency\/es\/wp-json\/wp\/v2\/pages\/12\/revisions"}],"predecessor-version":[{"id":2027,"href":"https:\/\/holaspain.agency\/es\/wp-json\/wp\/v2\/pages\/12\/revisions\/2027"}],"wp:featuredmedia":[{"embeddable":true,"href":"https:\/\/holaspain.agency\/es\/wp-json\/wp\/v2\/media\/1405"}],"wp:attachment":[{"href":"https:\/\/holaspain.agency\/es\/wp-json\/wp\/v2\/media?parent=12"}],"wp:term":[{"taxonomy":"category","embeddable":true,"href":"https:\/\/holaspain.agency\/es\/wp-json\/wp\/v2\/categories?post=12"},{"taxonomy":"post_tag","embeddable":true,"href":"https:\/\/holaspain.agency\/es\/wp-json\/wp\/v2\/tags?post=12"}],"curies":[{"name":"wp","href":"https:\/\/api.w.org\/{rel}","templated":true}]}}