{"id":2393,"date":"2026-01-13T18:13:04","date_gmt":"2026-01-13T18:13:04","guid":{"rendered":"https:\/\/holaspain.agency\/?page_id=2393"},"modified":"2026-01-13T18:15:27","modified_gmt":"2026-01-13T18:15:27","slug":"langzeit-spanischkurse-fragen-und-antworten","status":"publish","type":"page","link":"https:\/\/holaspain.agency\/de\/long-term-spanish-courses-faqs\/","title":{"rendered":"FAQs zu Langzeit-Spanischkursen"},"content":{"rendered":"<div class=\"wpb-content-wrapper\"><div class=\"vc_row wpb_row vc_row-fluid\"><div class=\"wpb_column vc_column_container vc_col-sm-12\"><div class=\"vc_column-inner\"><div class=\"wpb_wrapper\">\n\t<div class=\"wpb_text_column wpb_content_element\" >\n\t\t<div class=\"wpb_wrapper\">\n\t\t\t<h1 style=\"text-align: justify;\">FAQs zum spanischen Studentenvisum und Langzeitkurs<\/h1>\n<p style=\"text-align: justify;\" data-start=\"307\" data-end=\"456\">H\u00e4ufig gestellte Fragen zu Langzeit-Spanischkursen in Spanien. Erfahren Sie mehr \u00fcber Studentenvisa, Arbeiten w\u00e4hrend des Studiums, Urlaub, Verl\u00e4ngerungen und wie Sie die beste Stadt ausw\u00e4hlen.<\/p>\n\n\t\t<\/div>\n\t<\/div>\n<div  class=\"vc_do_toggle vc_toggle vc_toggle_default vc_toggle_color_default  vc_toggle_size_md\"><div class=\"vc_toggle_title\"><h4>Warum Spanien f\u00fcr ein Langzeitstudium w\u00e4hlen?<\/h4><i class=\"vc_toggle_icon\"><\/i><\/div><div class=\"vc_toggle_content\"><p style=\"text-align: justify;\" data-start=\"317\" data-end=\"452\">Spanien ist eines der einfachsten und g\u00fcnstigsten L\u00e4nder in Europa f\u00fcr internationale Erwachsene, die legal studieren, leben und arbeiten m\u00f6chten.<\/p>\n<\/div><\/div><div  class=\"vc_do_toggle vc_toggle vc_toggle_default vc_toggle_color_default  vc_toggle_size_md\"><div class=\"vc_toggle_title\"><h4>Brauche ich ein Visum, um in Spanien zu studieren?<\/h4><i class=\"vc_toggle_icon\"><\/i><\/div><div class=\"vc_toggle_content\"><p data-start=\"505\" data-end=\"609\">Ja. Wenn Sie ein Nicht-EU-B\u00fcrger sind und l\u00e4nger als 90 Tage bleiben, ben\u00f6tigen Sie vor Ihrer Ankunft ein spanisches Studentenvisum.<\/p>\n<\/div><\/div><div  class=\"vc_do_toggle vc_toggle vc_toggle_default vc_toggle_color_default  vc_toggle_size_md\"><div class=\"vc_toggle_title\"><h4>Sind diese Programme f\u00fcr die Beantragung eines Studentenvisums g\u00fcltig?<\/h4><i class=\"vc_toggle_icon\"><\/i><\/div><div class=\"vc_toggle_content\"><p data-start=\"684\" data-end=\"781\">Ja. Alle aufgef\u00fchrten 6- und 12-monatigen Programme entsprechen den Anforderungen f\u00fcr spanische Studentenvisa.<\/p>\n<\/div><\/div><div  class=\"vc_do_toggle vc_toggle vc_toggle_default vc_toggle_color_default  vc_toggle_size_md\"><div class=\"vc_toggle_title\"><h4>Kann ich mit einem Studentenvisum in Spanien arbeiten?<\/h4><i class=\"vc_toggle_icon\"><\/i><\/div><div class=\"vc_toggle_content\"><p data-start=\"839\" data-end=\"943\">Ja, Inhaber eines Studentenvisums k\u00f6nnen in Teilzeit arbeiten, sofern die T\u00e4tigkeit mit ihrem Studienplan vereinbar ist.<\/p>\n<\/div><\/div><div  class=\"vc_do_toggle vc_toggle vc_toggle_default vc_toggle_color_default  vc_toggle_size_md\"><div class=\"vc_toggle_title\"><h4>Wie viele Stunden kann ich neben dem Studium arbeiten?<\/h4><i class=\"vc_toggle_icon\"><\/i><\/div><div class=\"vc_toggle_content\"><p data-start=\"1002\" data-end=\"1108\">In den meisten F\u00e4llen werden bis zu <strong data-start=\"1023\" data-end=\"1044\">30 Stunden pro Woche<\/strong>, je nach den geltenden Vorschriften und Ihrem Arbeitsvertrag.<\/p>\n<\/div><\/div><div  class=\"vc_do_toggle vc_toggle vc_toggle_default vc_toggle_color_default  vc_toggle_size_md\"><div class=\"vc_toggle_title\"><h4>Sind in den Langzeit-Spanischkursen Ferien enthalten?<\/h4><i class=\"vc_toggle_icon\"><\/i><\/div><div class=\"vc_toggle_content\"><p data-start=\"1172\" data-end=\"1264\">Ja. Langfristige Programme umfassen <strong data-start=\"1206\" data-end=\"1234\">offizielle Ferienzeiten<\/strong> im Rahmen des akademischen Kalenders.<\/p>\n<\/div><\/div><div  class=\"vc_do_toggle vc_toggle vc_toggle_default vc_toggle_color_default  vc_toggle_size_md\"><div class=\"vc_toggle_title\"><h4>Haben Ferien Auswirkungen auf mein Visum oder meinen rechtlichen Status?<\/h4><i class=\"vc_toggle_icon\"><\/i><\/div><div class=\"vc_toggle_content\"><p data-start=\"1325\" data-end=\"1420\">Nein. Der Urlaub ist Teil der Programmdauer und <strong data-start=\"1377\" data-end=\"1419\">Ihren Wohnsitz nicht stornieren oder beeintr\u00e4chtigen<\/strong>.<\/p>\n<\/div><\/div><div  class=\"vc_do_toggle vc_toggle vc_toggle_default vc_toggle_color_default  vc_toggle_size_md\"><div class=\"vc_toggle_title\"><h4>Kann ich w\u00e4hrend der Ferien verreisen?<\/h4><i class=\"vc_toggle_icon\"><\/i><\/div><div class=\"vc_toggle_content\"><p data-start=\"1471\" data-end=\"1574\">Ja, Sie k\u00f6nnen w\u00e4hrend der offiziellen Feiertage reisen, solange Sie die Bedingungen f\u00fcr Ihr Visum und Ihren Wohnsitz einhalten.<\/p>\n<\/div><\/div><div  class=\"vc_do_toggle vc_toggle vc_toggle_default vc_toggle_color_default  vc_toggle_size_md\"><div class=\"vc_toggle_title\"><h4>Welches Spanischniveau brauche ich f\u00fcr den Anfang?<\/h4><i class=\"vc_toggle_icon\"><\/i><\/div><div class=\"vc_toggle_content\"><p data-start=\"1630\" data-end=\"1731\">Es sind keine Spanischvorkenntnisse erforderlich. Die Kurse sind erh\u00e4ltlich bei <strong data-start=\"1690\" data-end=\"1730\">absolute Anf\u00e4nger bis Fortgeschrittene<\/strong>.<\/p>\n<\/div><\/div><div  class=\"vc_do_toggle vc_toggle vc_toggle_default vc_toggle_color_default  vc_toggle_size_md\"><div class=\"vc_toggle_title\"><h4>Gibt es eine Altersgrenze f\u00fcr diese Kurse?<\/h4><i class=\"vc_toggle_icon\"><\/i><\/div><div class=\"vc_toggle_content\"><p data-start=\"1789\" data-end=\"1863\">Nein. Diese Programme sind konzipiert f\u00fcr <strong data-start=\"1827\" data-end=\"1862\">Erwachsene Studenten ab 18 Jahren<\/strong>.<\/p>\n<\/div><\/div><div  class=\"vc_do_toggle vc_toggle vc_toggle_default vc_toggle_color_default  vc_toggle_size_md\"><div class=\"vc_toggle_title\"><h4>Welche Stadt eignet sich am besten f\u00fcr preisg\u00fcnstige Angebote?<\/h4><i class=\"vc_toggle_icon\"><\/i><\/div><div class=\"vc_toggle_content\"><p data-start=\"1928\" data-end=\"2020\">Alicante offers the <strong data-start=\"1948\" data-end=\"1984\">die g\u00fcnstigsten Langzeitpreise<\/strong>, insbesondere f\u00fcr 20-Stunden-Programme.<\/p>\n<\/div><\/div><div  class=\"vc_do_toggle vc_toggle vc_toggle_default vc_toggle_color_default  vc_toggle_size_md\"><div class=\"vc_toggle_title\"><h4>Welche Stadt bietet die besten Arbeitsm\u00f6glichkeiten und den besten Lebensstil?<\/h4><i class=\"vc_toggle_icon\"><\/i><\/div><div class=\"vc_toggle_content\"><p data-start=\"2094\" data-end=\"2192\">Valencia is a modern, international city with strong job opportunities and a high quality of life.<\/p>\n<\/div><\/div><div  class=\"vc_do_toggle vc_toggle vc_toggle_default vc_toggle_color_default  vc_toggle_size_md\"><div class=\"vc_toggle_title\"><h4>Welche Stadt ist am besten geeignet, um in die Kultur einzutauchen?<\/h4><i class=\"vc_toggle_icon\"><\/i><\/div><div class=\"vc_toggle_content\"><p data-start=\"2252\" data-end=\"2341\">Granada is a traditional university city, ideal for full language and cultural immersion.<\/p>\n<\/div><\/div><div  class=\"vc_do_toggle vc_toggle vc_toggle_default vc_toggle_color_default  vc_toggle_size_md\"><div class=\"vc_toggle_title\"><h4>Kann ich meinen Aufenthalt nach 12 Monaten verl\u00e4ngern oder erneuern?<\/h4><i class=\"vc_toggle_icon\"><\/i><\/div><div class=\"vc_toggle_content\"><p data-start=\"2405\" data-end=\"2515\">In vielen F\u00e4llen, ja. Studentenvisa k\u00f6nnen oft <strong data-start=\"2452\" data-end=\"2463\">erneuert<\/strong> wenn Sie Ihr Studium fortsetzen und die Anforderungen erf\u00fcllen.<\/p>\n<\/div><\/div><div  class=\"vc_do_toggle vc_toggle vc_toggle_default vc_toggle_color_default  vc_toggle_size_md\"><div class=\"vc_toggle_title\"><h4>Hilft HolaSpain bei der Suche nach einer Unterkunft?<\/h4><i class=\"vc_toggle_icon\"><\/i><\/div><div class=\"vc_toggle_content\"><p data-start=\"2572\" data-end=\"2690\">Ja. Unterkunftsm\u00f6glichkeiten wie Gastfamilien, Studentenwohnheime und Privatwohnungen sind auf Anfrage erh\u00e4ltlich.<\/p>\n<\/div><\/div><div  class=\"vc_do_toggle vc_toggle vc_toggle_default vc_toggle_color_default  vc_toggle_size_md\"><div class=\"vc_toggle_title\"><h4>Hilft HolaSpain bei der Beantragung von Visa?<\/h4><i class=\"vc_toggle_icon\"><\/i><\/div><div class=\"vc_toggle_content\"><p data-start=\"2752\" data-end=\"2888\">HolaSpain ber\u00e4t Sie bei der Schulanmeldung und den erforderlichen Unterlagen, damit Sie sich vor der Beantragung Ihres Visums richtig vorbereiten k\u00f6nnen.<\/p>\n<\/div><\/div><\/div><\/div><\/div><\/div>\n<\/div>","protected":false},"excerpt":{"rendered":"<p>Anerkannte Langzeit-Spanischkurse f\u00fcr Erwachsene, die 6-12 Monate in Spanien leben und studieren m\u00f6chten, mit einer Kombination aus intensivem Unterricht, kulturellem Eintauchen und umfassender Unterst\u00fctzung bei der Visumserteilung und vor Ort.<\/p>","protected":false},"author":1,"featured_media":2394,"parent":0,"menu_order":0,"comment_status":"closed","ping_status":"closed","template":"","meta":{"_seopress_robots_primary_cat":"","_seopress_titles_title":"%%sitetitle%% %%sep%% %%post_title%%","_seopress_titles_desc":"Accredited long-term Spanish courses in Spain for adults. Visa-ready programmes with 20\u201325 hours weekly, full support, and top destinations.","_seopress_robots_index":"","_daextam_enable_autolinks":"1","footnotes":""},"categories":[62],"tags":[],"class_list":["post-2393","page","type-page","status-publish","has-post-thumbnail","hentry","category-courses"],"_links":{"self":[{"href":"https:\/\/holaspain.agency\/de\/wp-json\/wp\/v2\/pages\/2393","targetHints":{"allow":["GET"]}}],"collection":[{"href":"https:\/\/holaspain.agency\/de\/wp-json\/wp\/v2\/pages"}],"about":[{"href":"https:\/\/holaspain.agency\/de\/wp-json\/wp\/v2\/types\/page"}],"author":[{"embeddable":true,"href":"https:\/\/holaspain.agency\/de\/wp-json\/wp\/v2\/users\/1"}],"replies":[{"embeddable":true,"href":"https:\/\/holaspain.agency\/de\/wp-json\/wp\/v2\/comments?post=2393"}],"version-history":[{"count":3,"href":"https:\/\/holaspain.agency\/de\/wp-json\/wp\/v2\/pages\/2393\/revisions"}],"predecessor-version":[{"id":2397,"href":"https:\/\/holaspain.agency\/de\/wp-json\/wp\/v2\/pages\/2393\/revisions\/2397"}],"wp:featuredmedia":[{"embeddable":true,"href":"https:\/\/holaspain.agency\/de\/wp-json\/wp\/v2\/media\/2394"}],"wp:attachment":[{"href":"https:\/\/holaspain.agency\/de\/wp-json\/wp\/v2\/media?parent=2393"}],"wp:term":[{"taxonomy":"category","embeddable":true,"href":"https:\/\/holaspain.agency\/de\/wp-json\/wp\/v2\/categories?post=2393"},{"taxonomy":"post_tag","embeddable":true,"href":"https:\/\/holaspain.agency\/de\/wp-json\/wp\/v2\/tags?post=2393"}],"curies":[{"name":"wp","href":"https:\/\/api.w.org\/{rel}","templated":true}]}}