{"id":2391,"date":"2026-01-13T18:05:04","date_gmt":"2026-01-13T18:05:04","guid":{"rendered":"https:\/\/holaspain.agency\/?page_id=2391"},"modified":"2026-04-09T08:01:26","modified_gmt":"2026-04-09T08:01:26","slug":"langzeit-spanischkurse-gebuhren","status":"publish","type":"page","link":"https:\/\/holaspain.agency\/de\/long-term-spanish-courses-fees\/","title":{"rendered":"Langzeit-Spanischkurse Geb\u00fchren"},"content":{"rendered":"<div class=\"wpb-content-wrapper\"><div class=\"vc_row wpb_row vc_row-fluid\"><div class=\"wpb_column vc_column_container vc_col-sm-12\"><div class=\"vc_column-inner\"><div class=\"wpb_wrapper\">\n\t<div class=\"wpb_text_column wpb_content_element\" >\n\t\t<div class=\"wpb_wrapper\">\n\t\t\t<h1 style=\"text-align: justify;\">Preise f\u00fcr Langzeit-Spanischkurse in Spanien (6 &amp; 12 Monate)<\/h1>\n<p style=\"text-align: justify;\"><em>G\u00fcltig f\u00fcr Visumantr\u00e4ge 2026-2027<\/em><\/p>\n<blockquote>\n<p style=\"text-align: justify;\">Compare long-term Spanish course prices by city (Valencia, Alicante, Salamanca, Madrid, Granada and Barcelona). All programmes below are suitable for students who need a Spanish study visa and include official holiday periods within the programme duration.<\/p>\n<\/blockquote>\n<h2 style=\"text-align: justify;\">Spanisch-Langzeitkurse - Preisvergleich nach Stadt (20h\/Woche)<\/h2>\n<table style=\"width: 100%; border-collapse: collapse; text-align: left; table-layout: fixed;\">\n<thead>\n<tr>\n<th style=\"border: 1px solid #ddd; padding: 10px; width: 20%;\">Stadt<\/th>\n<th style=\"border: 1px solid #ddd; padding: 10px; width: 15%;\">Stunden\/Woche<\/th>\n<th style=\"border: 1px solid #ddd; padding: 10px; width: 20%;\">24 Wochen<\/th>\n<th style=\"border: 1px solid #ddd; padding: 10px; width: 20%;\">48 Wochen<\/th>\n<th style=\"border: 1px solid #ddd; padding: 10px; width: 25%;\">Am besten f\u00fcr<\/th>\n<\/tr>\n<\/thead>\n<tbody>\n<tr>\n<td style=\"border: 1px solid #ddd; padding: 10px;\"><strong>Valencia<\/strong><\/td>\n<td style=\"border: 1px solid #ddd; padding: 10px;\">20h<\/td>\n<td style=\"border: 1px solid #ddd; padding: 10px;\"><span style=\"text-decoration: line-through; color: #888;\">\u20ac2,040<\/span><br \/>\n<strong style=\"color: #ad1519; font-weight: bold;\"> -10% \u20ac 1,836<\/strong><\/td>\n<td style=\"border: 1px solid #ddd; padding: 10px;\"><span style=\"text-decoration: line-through; color: #888;\">\u20ac4,080<\/span><br \/>\n<strong style=\"color: #ad1519; font-weight: bold;\"> -15% \u20ac 3,468<\/strong><\/td>\n<td style=\"border: 1px solid #ddd; padding: 10px; word-wrap: break-word;\">Bester Gesamtwert f\u00fcr ein Studentenvisum (niedrigste Gesamtkosten)<\/td>\n<\/tr>\n<tr>\n<td style=\"border: 1px solid #ddd; padding: 10px;\"><strong>Alicante<\/strong><\/td>\n<td style=\"border: 1px solid #ddd; padding: 10px;\">20h<\/td>\n<td style=\"border: 1px solid #ddd; padding: 10px;\"><strong>\u20ac2,040<\/strong><\/td>\n<td style=\"border: 1px solid #ddd; padding: 10px;\"><strong>\u20ac3,600<\/strong><\/td>\n<td style=\"border: 1px solid #ddd; padding: 10px; word-wrap: break-word;\">Strandleben + niedrigere Lebenshaltungskosten (ideal f\u00fcr l\u00e4ngere Aufenthalte)<\/td>\n<\/tr>\n<tr>\n<td style=\"border: 1px solid #ddd; padding: 10px;\"><strong>Salamanca<\/strong><\/td>\n<td style=\"border: 1px solid #ddd; padding: 10px;\">20h<\/td>\n<td style=\"border: 1px solid #ddd; padding: 10px;\">\u20ac2,740<\/td>\n<td style=\"border: 1px solid #ddd; padding: 10px;\">\u20ac5,980<\/td>\n<td style=\"border: 1px solid #ddd; padding: 10px; word-wrap: break-word;\">Schnelle Sprachfortschritte (klassische Studentenstadt)<\/td>\n<\/tr>\n<tr>\n<td style=\"border: 1px solid #ddd; padding: 10px;\"><strong>Madrid<\/strong><\/td>\n<td style=\"border: 1px solid #ddd; padding: 10px;\">20h<\/td>\n<td style=\"border: 1px solid #ddd; padding: 10px;\">\u20ac3,130<\/td>\n<td style=\"border: 1px solid #ddd; padding: 10px;\">\u20ac6,970<\/td>\n<td style=\"border: 1px solid #ddd; padding: 10px; word-wrap: break-word;\">M\u00f6glichkeiten in der Gro\u00dfstadt + Vernetzung<\/td>\n<\/tr>\n<tr>\n<td style=\"border: 1px solid #ddd; padding: 10px;\"><strong>Granada<\/strong><\/td>\n<td style=\"border: 1px solid #ddd; padding: 10px;\">20h<\/td>\n<td style=\"border: 1px solid #ddd; padding: 10px;\">\u20ac3,140<\/td>\n<td style=\"border: 1px solid #ddd; padding: 10px;\">\u20ac6,220<\/td>\n<td style=\"border: 1px solid #ddd; padding: 10px; word-wrap: break-word;\">Authentische Kultur + erschwinglicher Lebensstil<\/td>\n<\/tr>\n<tr>\n<td style=\"border: 1px solid #ddd; padding: 10px;\"><strong>Barcelona<\/strong><\/td>\n<td style=\"border: 1px solid #ddd; padding: 10px;\">20h<\/td>\n<td style=\"border: 1px solid #ddd; padding: 10px;\">\u20ac3,960<\/td>\n<td style=\"border: 1px solid #ddd; padding: 10px;\">\u20ac6,600<\/td>\n<td style=\"border: 1px solid #ddd; padding: 10px; word-wrap: break-word;\">Internationales Umfeld + Karrierestimmung<\/td>\n<\/tr>\n<\/tbody>\n<\/table>\n<h3 style=\"text-align: justify;\"><strong>Rabatt g\u00fcltig bis:<\/strong> 30\/04\/2026<br \/>\n<strong>Valencia promotion:<\/strong> <span style=\"text-decoration: line-through; color: #888;\">\u20ac2,040<\/span> <strong style=\"color: #ad1519;\">\u20ac1,836 (-10%)<\/strong> f\u00fcr 24 Wochen | <span style=\"text-decoration: line-through; color: #888;\">\u20ac4,080<\/span> <strong style=\"color: #ad1519;\">\u20ac3,468 (-15%)<\/strong> f\u00fcr 48 Wochen<\/h3>\n<p style=\"text-align: justify;\"><strong>Einzelheiten zum Paket:<\/strong><br \/>\n24 Wochen = 20 Wochen Unterricht + 4 Wochen Ferien<br \/>\n48 Wochen = 40 Wochen Unterricht + 8 Wochen Ferien<\/p>\n<h2 style=\"text-align: justify;\">Warum Valencia die beste Wahl ist (zeitlich begrenzter Rabatt)<\/h2>\n<p style=\"text-align: justify;\">Wenn Ihre Hauptpriorit\u00e4t darin besteht, die <strong>bester Preis f\u00fcr einen Kurs mit Studentenvisum<\/strong> without compromising on the lifestyle, Valencia is currently the strongest option.<br \/>\nWith the limited-time promotion, Valencia becomes the <strong>kosteng\u00fcnstigstes 20h\/Woche Langzeitprogramm<\/strong> auf dieser Liste - ideal f\u00fcr Studenten, die ein zuverl\u00e4ssiges, visumfreundliches Format und eine lebendige Stadt mit Strandzugang suchen.<\/p>\n<ul style=\"text-align: justify;\">\n<li><strong>Niedrigste Gesamtkosten:<\/strong> Valencia ist derzeit die billigste Option aufgrund der Werbeaktion (ab <strong style=\"color: #ad1519;\">\u20ac1,836<\/strong> f\u00fcr 24 Wochen).<\/li>\n<li><strong>Visumfreundliche Struktur:<\/strong> Das Programm enth\u00e4lt offizielle Ferienzeiten innerhalb der Gesamtdauer (wichtig f\u00fcr lange Aufenthalte).<\/li>\n<li><strong>Hohe Lebensqualit\u00e4t:<\/strong> Moderne Stadt, internationale Gemeinschaft und mediterraner Lebensstil.<\/li>\n<li><strong>Budgetvorteil \u00fcber die Studiengeb\u00fchren hinaus:<\/strong> Valencia bietet oft ein besseres Verh\u00e4ltnis zwischen Kosten und Lebensstil als gr\u00f6\u00dfere St\u00e4dte.<\/li>\n<\/ul>\n<h2 style=\"text-align: justify;\">Wie Sie Ihre Stadt ausw\u00e4hlen<\/h2>\n<p style=\"text-align: justify;\">Die Wahl der richtigen Stadt f\u00fcr einen Langzeit-Spanischkurs h\u00e4ngt von Ihren Priorit\u00e4ten ab: Lebensstil, Eintauchen, akademischer Rhythmus und die Art der Erfahrung, die Sie w\u00e4hrend eines 6-12-monatigen Aufenthalts machen m\u00f6chten. Hier ist ein einfacher Leitfaden, der Ihnen bei der Entscheidung helfen soll.<\/p>\n<ul style=\"text-align: justify;\">\n<li><strong>Valencia (beste Gesamtbilanz):<\/strong> Eine starke Mischung aus K\u00fcstenleben und ernsthaftem Studienalltag. Akademisch gesehen ist es eine gro\u00dfartige Option f\u00fcr Langzeitstudenten, die stetige Fortschritte mit einem konstanten Wochenrhythmus machen und gleichzeitig eine moderne mediterrane Stadt genie\u00dfen wollen.<\/li>\n<li><strong>Alicante (K\u00fcstenregion + entspannte lange Aufenthalte):<\/strong> Ideal, wenn Sie das Strandleben und einen ruhigeren Rhythmus suchen, aber trotzdem einen visumfreundlichen Studienplan haben m\u00f6chten. Ideal f\u00fcr Studenten, die eine kleinere Stadt an der K\u00fcste bevorzugen.<\/li>\n<li><strong>Salamanca (maximales Eintauchen):<\/strong> Eine der besten Entscheidungen, wenn Sie Wert auf ein tiefes Eintauchen in die Sprache und weniger Ablenkung legen. Klassische Studentenstadt-Atmosph\u00e4re, die nat\u00fcrlich schnellere Fortschritte f\u00f6rdert.<\/li>\n<li><strong>Madrid (M\u00f6glichkeiten in der Gro\u00dfstadt):<\/strong> Am besten geeignet f\u00fcr Studenten, die die Energie der Hauptstadt, die Kultur und das Networking sch\u00e4tzen. Es ist eine gute Wahl, wenn Sie ein rasantes Umfeld m\u00f6gen und w\u00e4hrend eines langen Programms diszipliniert bleiben k\u00f6nnen.<\/li>\n<li><strong>Granada (authentische Kultur + Erschwinglichkeit):<\/strong> Perfekt f\u00fcr Studenten, die eine traditionelle andalusische Erfahrung, ein starkes lokales Flair und eine studentenfreundliche Atmosph\u00e4re suchen, die l\u00e4ngere Aufenthalte unterst\u00fctzt.<\/li>\n<li><strong>Barcelona (internationaler Lebensstil):<\/strong> Am besten geeignet, wenn Sie eine sehr internationale Stadt mit einer gro\u00dfen Expat-Gemeinde suchen. Eine gute Wahl f\u00fcr Studenten, die neben ihrem Spanischstudium eine globale Atmosph\u00e4re sch\u00e4tzen.<\/li>\n<\/ul>\n<h3 style=\"text-align: justify;\">Unterst\u00fctzung f\u00fcr Studenten und Visa-Beratung<\/h3>\n<p style=\"text-align: justify;\">HolaSpain unterst\u00fctzt Sie w\u00e4hrend des gesamten Prozesses, einschlie\u00dflich der Schulanmeldung und der f\u00fcr die Beantragung eines Visums erforderlichen Unterlagen, wie z. B. ein <strong>Einschreibungsschreiben<\/strong> und <strong>Zahlungsbest\u00e4tigung<\/strong>.<br \/>\nWir begleiten Sie von der ersten Anfrage bis zu Ihrer Ankunft in Spanien.<\/p>\n<blockquote>\n<p style=\"text-align: justify;\">Diese Programme sind f\u00fcr erwachsene Lernende ab 18 Jahren gedacht, die 6 bis 12 Monate in Spanien leben und studieren m\u00f6chten. Es sind keine Spanischvorkenntnisse erforderlich.<\/p>\n<\/blockquote>\n\n\t\t<\/div>\n\t<\/div>\n<section class=\"vc_cta3-container\"><div class=\"vc_general vc_do_cta3 vc_cta3 vc_cta3-style-outline vc_cta3-shape-rounded vc_cta3-align-left vc_cta3-color-classic vc_cta3-icon-size-md vc_cta3-icons-left vc_cta3-actions-right\"><div class=\"vc_cta3-icons\"><div class=\"vc_icon_element vc_icon_element-outer vc_do_icon vc_icon_element-align-left\"><div class=\"vc_icon_element-inner vc_icon_element-color-turquoise vc_icon_element-size-md vc_icon_element-style- vc_icon_element-background-color-grey\" ><span class=\"vc_icon_element-icon fa fa-solid fa-arrow-right-from-bracket\" ><\/span><\/div><\/div><\/div><div class=\"vc_cta3_content-container\"><div class=\"vc_cta3-content\"><header class=\"vc_cta3-content-header\"><h2>Beginnen Sie Ihr spanisches Abenteuer noch heute!<\/h2><\/header><p>Haben Sie Fragen oder m\u00f6chten Sie den perfekten Spanischkurs finden? Kontaktieren Sie HolaSpain noch heute und lassen Sie uns Ihnen bei der Planung Ihrer Lernerfahrung in Spanien helfen.<\/p>\n<\/div><div class=\"vc_cta3-actions\"><div class=\"vc_btn3-container vc_btn3-inline vc_do_btn\" ><a class=\"vc_general vc_btn3 vc_btn3-size-md vc_btn3-shape-rounded vc_btn3-style-modern vc_btn3-color-info\" href=\"https:\/\/holaspain.agency\/de\/#contact\" title=\"\">Erreichen Sie uns heute<\/a><\/div><\/div><\/div><\/div><\/section><\/div><\/div><\/div><\/div>\n<\/div>","protected":false},"excerpt":{"rendered":"<p>Anerkannte Langzeit-Spanischkurse f\u00fcr Erwachsene, die 6-12 Monate in Spanien leben und studieren m\u00f6chten, mit einer Kombination aus intensivem Unterricht, kulturellem Eintauchen und umfassender Unterst\u00fctzung bei der Visumserteilung und vor Ort.<\/p>","protected":false},"author":1,"featured_media":2389,"parent":0,"menu_order":0,"comment_status":"closed","ping_status":"closed","template":"","meta":{"_seopress_robots_primary_cat":"","_seopress_titles_title":"%%sitetitle%% %%sep%% %%post_title%%","_seopress_titles_desc":"","_seopress_robots_index":"","_daextam_enable_autolinks":"1","footnotes":""},"categories":[],"tags":[],"class_list":["post-2391","page","type-page","status-publish","has-post-thumbnail","hentry"],"_links":{"self":[{"href":"https:\/\/holaspain.agency\/de\/wp-json\/wp\/v2\/pages\/2391","targetHints":{"allow":["GET"]}}],"collection":[{"href":"https:\/\/holaspain.agency\/de\/wp-json\/wp\/v2\/pages"}],"about":[{"href":"https:\/\/holaspain.agency\/de\/wp-json\/wp\/v2\/types\/page"}],"author":[{"embeddable":true,"href":"https:\/\/holaspain.agency\/de\/wp-json\/wp\/v2\/users\/1"}],"replies":[{"embeddable":true,"href":"https:\/\/holaspain.agency\/de\/wp-json\/wp\/v2\/comments?post=2391"}],"version-history":[{"count":20,"href":"https:\/\/holaspain.agency\/de\/wp-json\/wp\/v2\/pages\/2391\/revisions"}],"predecessor-version":[{"id":2633,"href":"https:\/\/holaspain.agency\/de\/wp-json\/wp\/v2\/pages\/2391\/revisions\/2633"}],"wp:featuredmedia":[{"embeddable":true,"href":"https:\/\/holaspain.agency\/de\/wp-json\/wp\/v2\/media\/2389"}],"wp:attachment":[{"href":"https:\/\/holaspain.agency\/de\/wp-json\/wp\/v2\/media?parent=2391"}],"wp:term":[{"taxonomy":"category","embeddable":true,"href":"https:\/\/holaspain.agency\/de\/wp-json\/wp\/v2\/categories?post=2391"},{"taxonomy":"post_tag","embeddable":true,"href":"https:\/\/holaspain.agency\/de\/wp-json\/wp\/v2\/tags?post=2391"}],"curies":[{"name":"wp","href":"https:\/\/api.w.org\/{rel}","templated":true}]}}