{"id":2310,"date":"2026-01-06T10:40:09","date_gmt":"2026-01-06T10:40:09","guid":{"rendered":"https:\/\/holaspain.agency\/?page_id=2310"},"modified":"2026-01-06T13:44:33","modified_gmt":"2026-01-06T13:44:33","slug":"videoanrufe-planen","status":"publish","type":"page","link":"https:\/\/holaspain.agency\/de\/schedule-your-video-call\/","title":{"rendered":"Planen Sie Ihren Videoanruf"},"content":{"rendered":"<div class=\"wpb-content-wrapper\"><div class=\"vc_row wpb_row vc_row-fluid\"><div class=\"wpb_column vc_column_container vc_col-sm-12\"><div class=\"vc_column-inner\"><div class=\"wpb_wrapper\">\n\t<div class=\"wpb_text_column wpb_content_element\" >\n\t\t<div class=\"wpb_wrapper\">\n\t\t\t<h2 style=\"text-align: justify;\" data-pm-slice=\"0 0 &#091;&#093;\">Lassen Sie uns \u00fcber Ihren Spanien-Plan sprechen<\/h2>\n<blockquote>\n<p style=\"text-align: justify;\" data-pm-slice=\"0 0 &#091;&#093;\">Denken Sie dar\u00fcber nach, nach Spanien zu ziehen, Spanisch zu lernen oder Arbeitsm\u00f6glichkeiten in Spanien zu erkunden? Der beste Weg, um klare Antworten zu erhalten, ist ein direktes Gespr\u00e4ch mit unserem Team.<\/p>\n<\/blockquote>\n<p style=\"text-align: justify;\">Buchen Sie einen kostenlosen Videoanruf mit einem Berater und erz\u00e4hlen Sie uns von Ihren Zielen. Wir helfen Ihnen, Ihre Optionen zu verstehen, erkl\u00e4ren Ihnen den Prozess Schritt f\u00fcr Schritt und zeigen Ihnen, wie wir Sie unterst\u00fctzen k\u00f6nnen - ganz ohne Verpflichtung.<\/p>\n<h3 style=\"text-align: justify;\">Was Sie in dem Gespr\u00e4ch erfahren werden:<\/h3>\n<ul>\n<li style=\"text-align: justify;\">Pers\u00f6nliche Beratung auf der Grundlage Ihrer Situation<\/li>\n<li style=\"text-align: justify;\">Klare Antworten zu Visum, Studium, Arbeit oder Umzug<\/li>\n<li style=\"text-align: justify;\">Ehrliche Ratschl\u00e4ge zu den n\u00e4chsten Schritten und Zeitpl\u00e4nen<\/li>\n<\/ul>\n<p style=\"text-align: justify;\">W\u00e4hlen Sie eine Zeit, die Ihnen passt, und buchen Sie unten Ihren Videoanruf. Wir freuen uns darauf, Sie kennenzulernen.<\/p>\n\n\t\t<\/div>\n\t<\/div>\n\n\t<div class=\"wpb_text_column wpb_content_element\" >\n\t\t<div class=\"wpb_wrapper\">\n\t\t\t<div class=\"meetings-iframe-container\" data-src=\"https:\/\/meetings-eu1.hubspot.com\/marcelo-lopez-anido?embed=true\"><\/div>\n<p><script type=\"text\/javascript\" src=\"https:\/\/static.hsappstatic.net\/MeetingsEmbed\/ex\/MeetingsEmbedCode.js\"><\/script><br \/>\n<!-- End of Meetings Embed Script --><\/p>\n\n\t\t<\/div>\n\t<\/div>\n<\/div><\/div><\/div><\/div>\n<\/div>","protected":false},"excerpt":{"rendered":"Let\u2019s Talk About Your Spain Plan Thinking about moving to Spain, studying Spanish, or exploring work opportunities in Spain? The best way to get clear answers is to talk directly with our team. Book a free video call with an advisor and tell us about your goals. We\u2019ll help you...","protected":false},"author":1,"featured_media":0,"parent":0,"menu_order":0,"comment_status":"closed","ping_status":"closed","template":"","meta":{"_seopress_robots_primary_cat":"","_seopress_titles_title":"","_seopress_titles_desc":"","_seopress_robots_index":"","_daextam_enable_autolinks":"1","footnotes":""},"categories":[],"tags":[],"class_list":["post-2310","page","type-page","status-publish","hentry"],"_links":{"self":[{"href":"https:\/\/holaspain.agency\/de\/wp-json\/wp\/v2\/pages\/2310","targetHints":{"allow":["GET"]}}],"collection":[{"href":"https:\/\/holaspain.agency\/de\/wp-json\/wp\/v2\/pages"}],"about":[{"href":"https:\/\/holaspain.agency\/de\/wp-json\/wp\/v2\/types\/page"}],"author":[{"embeddable":true,"href":"https:\/\/holaspain.agency\/de\/wp-json\/wp\/v2\/users\/1"}],"replies":[{"embeddable":true,"href":"https:\/\/holaspain.agency\/de\/wp-json\/wp\/v2\/comments?post=2310"}],"version-history":[{"count":6,"href":"https:\/\/holaspain.agency\/de\/wp-json\/wp\/v2\/pages\/2310\/revisions"}],"predecessor-version":[{"id":2326,"href":"https:\/\/holaspain.agency\/de\/wp-json\/wp\/v2\/pages\/2310\/revisions\/2326"}],"wp:attachment":[{"href":"https:\/\/holaspain.agency\/de\/wp-json\/wp\/v2\/media?parent=2310"}],"wp:term":[{"taxonomy":"category","embeddable":true,"href":"https:\/\/holaspain.agency\/de\/wp-json\/wp\/v2\/categories?post=2310"},{"taxonomy":"post_tag","embeddable":true,"href":"https:\/\/holaspain.agency\/de\/wp-json\/wp\/v2\/tags?post=2310"}],"curies":[{"name":"wp","href":"https:\/\/api.w.org\/{rel}","templated":true}]}}