{"id":2250,"date":"2025-11-24T12:59:14","date_gmt":"2025-11-24T12:59:14","guid":{"rendered":"https:\/\/holaspain.agency\/?page_id=2250"},"modified":"2026-01-13T12:12:09","modified_gmt":"2026-01-13T12:12:09","slug":"erasmus-plus-berufskurse-preise","status":"publish","type":"page","link":"https:\/\/holaspain.agency\/de\/erasmus-plus-professional-courses-prices\/","title":{"rendered":"Erasmus Plus Professional Kurse &amp; Preise"},"content":{"rendered":"<div class=\"wpb-content-wrapper\"><div class=\"vc_row wpb_row vc_row-fluid\"><div class=\"wpb_column vc_column_container vc_col-sm-12\"><div class=\"vc_column-inner\"><div class=\"wpb_wrapper\">\n\t<div class=\"wpb_text_column wpb_content_element\" >\n\t\t<div class=\"wpb_wrapper\">\n\t\t\t<h1>Erasmus+ Spanischkurse in Spanien<\/h1>\n<h2>W\u00e4hlen Sie Ihr Reiseziel: Madrid, Barcelona, Valencia, Alicante oder Granada<\/h2>\n<p>Spanish programmes for Erasmus+ students who need a minimum of 20 hours per week. Below you can compare 1-week and 2-week all-inclusive packages (course + accommodation + airport transfers).<\/p>\n<h3>1 Woche All-Inclusive-Vergleich<\/h3>\n<h5>(20h Kurs + Unterkunft + Flughafentransfer)<\/h5>\n<p>In diesem Vergleich enthaltene Unterkunft: Einzelzimmer in einer Wohngemeinschaft. Die Gesamtbetr\u00e4ge beinhalten die Anmeldung und alle anfallenden Unterkunftsgeb\u00fchren.<\/p>\n<table>\n<thead>\n<tr>\n<th>Stadt<\/th>\n<th>20h Kurs<\/th>\n<th>Unterkunft<\/th>\n<th>Anmeldegeb\u00fchr<\/th>\n<th>Unterkunftsgeb\u00fchr<\/th>\n<th>Transfers (Ankunft + Abfahrt)<\/th>\n<th>Gesamtkostenvoranschlag (all-inclusive)<\/th>\n<\/tr>\n<\/thead>\n<tbody>\n<tr>\n<td class=\"city\">Alicante<\/td>\n<td>125 \u20ac<\/td>\n<td>120 \u20ac<\/td>\n<td>60 \u20ac<\/td>\n<td>\u2014<\/td>\n<td>100 \u20ac<\/td>\n<td><strong>405 \u20ac<\/strong><\/td>\n<\/tr>\n<tr>\n<td class=\"city\">Granada<\/td>\n<td>125 \u20ac<\/td>\n<td>120 \u20ac<\/td>\n<td>60 \u20ac<\/td>\n<td>\u2014<\/td>\n<td>80 \u20ac<\/td>\n<td><strong>385 \u20ac<\/strong><\/td>\n<\/tr>\n<tr>\n<td class=\"city\">Barcelona<\/td>\n<td>135 \u20ac<\/td>\n<td>165 \u20ac<\/td>\n<td>60 \u20ac<\/td>\n<td>80 \u20ac<\/td>\n<td>180 \u20ac<\/td>\n<td><strong>620 \u20ac<\/strong><\/td>\n<\/tr>\n<tr>\n<td class=\"city\">Madrid<\/td>\n<td>170 \u20ac<\/td>\n<td>175 \u20ac<\/td>\n<td>60 \u20ac<\/td>\n<td>35 \u20ac<\/td>\n<td>130 \u20ac<\/td>\n<td><strong>570 \u20ac<\/strong><\/td>\n<\/tr>\n<tr>\n<td class=\"city\">Valencia<\/td>\n<td>162 \u20ac<\/td>\n<td>215 \u20ac<\/td>\n<td>\u2014<\/td>\n<td>\u2014<\/td>\n<td>140 \u20ac<\/td>\n<td><strong>517 \u20ac<\/strong><\/td>\n<\/tr>\n<\/tbody>\n<\/table>\n<h3>2 Wochen All-Inclusive-Vergleich<\/h3>\n<h5>(20h Kurs + Unterkunft + Flughafentransfer)<\/h5>\n<p>In diesem Vergleich enthaltene Unterkunft: Einzelzimmer in einer Wohngemeinschaft. Die Gesamtbetr\u00e4ge beinhalten die Anmeldung und alle anfallenden Unterkunftsgeb\u00fchren.<\/p>\n<table>\n<thead>\n<tr>\n<th>Stadt<\/th>\n<th>20h Kurs<\/th>\n<th>Unterkunft<\/th>\n<th>Anmeldegeb\u00fchr<\/th>\n<th>Unterkunftsgeb\u00fchr<\/th>\n<th>Transfers (Ankunft + Abfahrt)<\/th>\n<th>Gesamtkostenvoranschlag (all-inclusive)<\/th>\n<\/tr>\n<\/thead>\n<tbody>\n<tr>\n<td class=\"city\">Alicante<\/td>\n<td>250 \u20ac<\/td>\n<td>240 \u20ac<\/td>\n<td>60 \u20ac<\/td>\n<td>\u2014<\/td>\n<td>100 \u20ac<\/td>\n<td><strong>650 \u20ac<\/strong><\/td>\n<\/tr>\n<tr>\n<td class=\"city\">Granada<\/td>\n<td>250 \u20ac<\/td>\n<td>240 \u20ac<\/td>\n<td>60 \u20ac<\/td>\n<td>\u2014<\/td>\n<td>80 \u20ac<\/td>\n<td><strong>630 \u20ac<\/strong><\/td>\n<\/tr>\n<tr>\n<td class=\"city\">Barcelona<\/td>\n<td>270 \u20ac<\/td>\n<td>330 \u20ac<\/td>\n<td>60 \u20ac<\/td>\n<td>80 \u20ac<\/td>\n<td>180 \u20ac<\/td>\n<td><strong>920 \u20ac<\/strong><\/td>\n<\/tr>\n<tr>\n<td class=\"city\">Madrid<\/td>\n<td>340 \u20ac<\/td>\n<td>350 \u20ac<\/td>\n<td>60 \u20ac<\/td>\n<td>35 \u20ac<\/td>\n<td>130 \u20ac<\/td>\n<td><strong>915 \u20ac<\/strong><\/td>\n<\/tr>\n<tr>\n<td class=\"city\">Valencia<\/td>\n<td>284 \u20ac<\/td>\n<td>430 \u20ac<\/td>\n<td>\u2014<\/td>\n<td>\u2014<\/td>\n<td>140 \u20ac<\/td>\n<td><strong>854 \u20ac<\/strong><\/td>\n<\/tr>\n<\/tbody>\n<\/table>\n<h3>Erasmus+ Anforderung: 20 Stunden pro Woche<\/h3>\n<p>To meet Erasmus+ requirements, the recommended option is a 20-hour per week intensive course. A placement test and a participation certificate are provided.<\/p>\n<h2>Informationen zum Badezimmer der Unterkunft<\/h2>\n<p>Die Unterk\u00fcnfte sind in der Regel mit einem Gemeinschaftsbad ausgestattet. Wenn Sie ein privates Bad bevorzugen, k\u00f6nnen Sie es anfordern; dies h\u00e4ngt von der Verf\u00fcgbarkeit ab und kann mit zus\u00e4tzlichen Kosten verbunden sein.<\/p>\n<h2>Was ist im Erlebnis enthalten?<\/h2>\n<ul>\n<li>20 Stunden pro Woche Spanischkurs (Erasmus+-konform)<\/li>\n<li>Einstufungstest<\/li>\n<li>Teilnahmezertifikat<\/li>\n<li>T\u00e4glicher Kulturunterricht und Aktivit\u00e4ten<\/li>\n<li>Es werden Wochenendaktivit\u00e4ten angeboten (kostenlos und gegen Bezahlung). Kostenpflichtige Aktivit\u00e4ten m\u00fcssen am ersten Tag des Kurses gebucht werden.<\/li>\n<\/ul>\n<h2>\u00dcberweisungsschein<\/h2>\n<p>Flughafentransfers k\u00f6nnen als Zusatzleistung arrangiert werden, aber wir empfehlen dringend, sie mit einzuschlie\u00dfen, damit Sie sich bei der Ankunft und Abreise keine Sorgen machen m\u00fcssen. Deshalb sind die oben genannten Summen als \"all-inclusive\" angegeben.<\/p>\n<h2>Wie man bucht<\/h2>\n<ol>\n<li>W\u00e4hlen Sie Ihre Stadt und Dauer (1 oder 2 Wochen)<\/li>\n<li>Best\u00e4tigen Sie Ihr Niveau und den gew\u00fcnschten Starttermin<\/li>\n<li>Wir bitten um eine Best\u00e4tigung der Verf\u00fcgbarkeit (Kurs + Unterkunft + Transfers)<\/li>\n<li>Sie schlie\u00dfen die Registrierung und Bezahlung ab<\/li>\n<li>Sie erhalten eine offizielle Best\u00e4tigung und Dokumentation<\/li>\n<li>An Ihrem ersten Tag k\u00f6nnen Sie alle bezahlten Wochenendaktivit\u00e4ten buchen, an denen Sie teilnehmen m\u00f6chten<\/li>\n<\/ol>\n\n\t\t<\/div>\n\t<\/div>\n<section class=\"vc_cta3-container\"><div class=\"vc_general vc_do_cta3 vc_cta3 vc_cta3-style-outline vc_cta3-shape-rounded vc_cta3-align-left vc_cta3-color-classic vc_cta3-icon-size-md vc_cta3-icons-left vc_cta3-actions-right\"><div class=\"vc_cta3-icons\"><div class=\"vc_icon_element vc_icon_element-outer vc_do_icon vc_icon_element-align-left\"><div class=\"vc_icon_element-inner vc_icon_element-color-turquoise vc_icon_element-size-md vc_icon_element-style- vc_icon_element-background-color-grey\" ><span class=\"vc_icon_element-icon fa fa-solid fa-arrow-right-from-bracket\" ><\/span><\/div><\/div><\/div><div class=\"vc_cta3_content-container\"><div class=\"vc_cta3-content\"><header class=\"vc_cta3-content-header\"><h2>Sind Sie bereit, Ihre Erasmus+ Reise zu planen?<\/h2><\/header><p style=\"text-align: justify;\" data-pm-slice=\"0 0 &#091;&#093;\">Nennen Sie uns Ihre bevorzugte Stadt, das Startdatum und die Dauer, und wir senden Ihnen ein individuelles All-inclusive-Angebot. Wir unterst\u00fctzen Sie Schritt f\u00fcr Schritt mit Verf\u00fcgbarkeit, Buchung, Anreisedetails und allem, was Sie brauchen, um beruhigt loslegen zu k\u00f6nnen.<\/p>\n<\/div><div class=\"vc_cta3-actions\"><div class=\"vc_btn3-container vc_btn3-inline vc_do_btn\" ><a class=\"vc_general vc_btn3 vc_btn3-size-md vc_btn3-shape-rounded vc_btn3-style-modern vc_btn3-color-info\" href=\"https:\/\/holaspain.agency\/de\/#contact\" title=\"\">Erreichen Sie uns heute<\/a><\/div><\/div><\/div><\/div><\/section><\/div><\/div><\/div><\/div>\n<\/div>","protected":false},"excerpt":{"rendered":"<p>All-inclusive Erasmus+ Spanish courses in Spain. Study 20h\/week in Madrid, Barcelona, Valencia, Alicante or Granada with accommodation, activities and transfers.<\/p>","protected":false},"author":1,"featured_media":2372,"parent":0,"menu_order":0,"comment_status":"closed","ping_status":"closed","template":"","meta":{"_seopress_robots_primary_cat":"","_seopress_titles_title":"%%sitetitle%% %%sep%% Erasmus+ \u2013 Courses and Prices","_seopress_titles_desc":"All-inclusive Erasmus+ courses in Spain. Study 20h\/week in Madrid, Barcelona, Valencia, Alicante or Granada with accommodation, activities and transfers.","_seopress_robots_index":"","_daextam_enable_autolinks":"1","footnotes":""},"categories":[],"tags":[],"class_list":["post-2250","page","type-page","status-publish","has-post-thumbnail","hentry"],"_links":{"self":[{"href":"https:\/\/holaspain.agency\/de\/wp-json\/wp\/v2\/pages\/2250","targetHints":{"allow":["GET"]}}],"collection":[{"href":"https:\/\/holaspain.agency\/de\/wp-json\/wp\/v2\/pages"}],"about":[{"href":"https:\/\/holaspain.agency\/de\/wp-json\/wp\/v2\/types\/page"}],"author":[{"embeddable":true,"href":"https:\/\/holaspain.agency\/de\/wp-json\/wp\/v2\/users\/1"}],"replies":[{"embeddable":true,"href":"https:\/\/holaspain.agency\/de\/wp-json\/wp\/v2\/comments?post=2250"}],"version-history":[{"count":14,"href":"https:\/\/holaspain.agency\/de\/wp-json\/wp\/v2\/pages\/2250\/revisions"}],"predecessor-version":[{"id":2375,"href":"https:\/\/holaspain.agency\/de\/wp-json\/wp\/v2\/pages\/2250\/revisions\/2375"}],"wp:featuredmedia":[{"embeddable":true,"href":"https:\/\/holaspain.agency\/de\/wp-json\/wp\/v2\/media\/2372"}],"wp:attachment":[{"href":"https:\/\/holaspain.agency\/de\/wp-json\/wp\/v2\/media?parent=2250"}],"wp:term":[{"taxonomy":"category","embeddable":true,"href":"https:\/\/holaspain.agency\/de\/wp-json\/wp\/v2\/categories?post=2250"},{"taxonomy":"post_tag","embeddable":true,"href":"https:\/\/holaspain.agency\/de\/wp-json\/wp\/v2\/tags?post=2250"}],"curies":[{"name":"wp","href":"https:\/\/api.w.org\/{rel}","templated":true}]}}