{"id":2240,"date":"2025-11-24T11:15:15","date_gmt":"2025-11-24T11:15:15","guid":{"rendered":"https:\/\/holaspain.agency\/?page_id=2240"},"modified":"2026-02-03T14:31:36","modified_gmt":"2026-02-03T14:31:36","slug":"sportliche-immersionsprogramme-in-spanien","status":"publish","type":"page","link":"https:\/\/holaspain.agency\/de\/sports-immersion-programmes-in-spain\/","title":{"rendered":"Sport-Immersions-Programme in Spanien"},"content":{"rendered":"<div class=\"wpb-content-wrapper\"><div class=\"vc_row wpb_row vc_row-fluid\"><div class=\"wpb_column vc_column_container vc_col-sm-12\"><div class=\"vc_column-inner\"><div class=\"wpb_wrapper\">\n\t<div class=\"wpb_text_column wpb_content_element\" >\n\t\t<div class=\"wpb_wrapper\">\n\t\t\t<h1 style=\"text-align: justify;\">Sport-Immersions-Programme in Spanien<\/h1>\n<p style=\"text-align: justify;\"><em>Trainieren, wetteifern und verbessern Sie Ihre F\u00e4higkeiten im Herzen Spaniens<\/em><\/p>\n<blockquote>\n<p style=\"text-align: justify;\">Fahren Sie mit Ihrem Team oder Ihrer Gruppe nach Spanien zu einem <strong>intensives Sporterlebnis<\/strong> die darauf abzielen, F\u00e4higkeiten, Teamarbeit und Selbstvertrauen zu entwickeln. Unsere Programme konzentrieren sich ganz auf <strong>Fu\u00dfball, Basketball und andere Mannschaftssportarten<\/strong>, Dabei wird professionelles Coaching mit strukturierten Trainingseinheiten und echten Wettbewerbsspielen kombiniert.<\/p>\n<\/blockquote>\n<h2 style=\"text-align: justify;\">Warum HolaSpain Sportprogramme w\u00e4hlen<\/h2>\n<ul style=\"text-align: justify;\">\n<li><strong>Fachkundiger Trainerstab<\/strong> mit Berufserfahrung<\/li>\n<li><strong>Strukturierte Ausbildungspl\u00e4ne<\/strong> zur Entwicklung von F\u00e4higkeiten und taktischem Verst\u00e4ndnis<\/li>\n<li><strong>Teambildende Aktivit\u00e4ten<\/strong> den Zusammenhalt und die Kommunikation zu verbessern<\/li>\n<li><strong>Wettk\u00e4mpfe und Turniere<\/strong> gegen lokale Mannschaften<\/li>\n<li><strong>Ma\u00dfgeschneiderte Programme<\/strong> f\u00fcr alle Niveaus, vom Anf\u00e4nger bis zum Fortgeschrittenen<\/li>\n<li><strong>Sichere und \u00fcberwachte Umgebung<\/strong> mit verf\u00fcgbarer medizinischer Unterst\u00fctzung<\/li>\n<\/ul>\n<h3 style=\"text-align: justify;\">Programm-Optionen<\/h3>\n<ul style=\"text-align: justify;\">\n<li>Fu\u00dfball- und Basketball-Sommercamps<\/li>\n<li>Programme zur Spielerentwicklung<\/li>\n<li>Teamreisen und Coaching-Programme<\/li>\n<li>Assistenztrainer und Praktika in der Sportindustrie<\/li>\n<li>Wochenendturniere und Freundschaftsspiele<\/li>\n<\/ul>\n<h2 style=\"text-align: justify;\">Standorte<\/h2>\n<p style=\"text-align: justify;\">Trainieren und spielen Sie in spanischen Spitzenst\u00e4dten wie <strong>Valencia<\/strong>, mit Zugang zu Einrichtungen von Weltklasse, professionellen Stadien und Trainingszentren. Kombinieren Sie intensives Training mit echter Spielerfahrung in einer sicheren und inspirierenden Umgebung.<\/p>\n<h2 style=\"text-align: justify;\">Warum Sch\u00fcler unsere Sportprogramme lieben<\/h2>\n<ul style=\"text-align: justify;\">\n<li>Verbesserung der technischen und taktischen F\u00e4higkeiten<\/li>\n<li>Aufbau von Teamarbeit und F\u00fchrung<\/li>\n<li>Spanische Sportkultur hautnah erleben<\/li>\n<li>Treffen Sie Gleichgesinnte aus ganz Europa<\/li>\n<li>Genie\u00dfen Sie strukturierte, anspruchsvolle und unterhaltsame Sitzungen<\/li>\n<\/ul>\n<blockquote>\n<p style=\"text-align: justify;\">Verpassen Sie nicht die Chance, Ihrem Team ein unvergessliches Erlebnis in Spanien zu bieten. Mit HolaSpain's <strong>Experten-Coaching, ma\u00dfgeschneiderte Programme und umfassende Unterst\u00fctzung<\/strong>, werden Ihre Spieler <strong>h\u00e4rter trainieren, intelligenter spielen und als Team wachsen<\/strong>. <strong>Kontaktieren Sie uns heute<\/strong> um Ihren Platz zu sichern und Ihr Team auf die n\u00e4chste Stufe zu bringen.<\/p>\n<\/blockquote>\n\n\t\t<\/div>\n\t<\/div>\n<section class=\"vc_cta3-container\"><div class=\"vc_general vc_do_cta3 vc_cta3 vc_cta3-style-outline vc_cta3-shape-rounded vc_cta3-align-left vc_cta3-color-classic vc_cta3-icon-size-md vc_cta3-icons-left vc_cta3-actions-right\"><div class=\"vc_cta3-icons\"><div class=\"vc_icon_element vc_icon_element-outer vc_do_icon vc_icon_element-align-left\"><div class=\"vc_icon_element-inner vc_icon_element-color-turquoise vc_icon_element-size-md vc_icon_element-style- vc_icon_element-background-color-grey\" ><span class=\"vc_icon_element-icon fa fa-solid fa-arrow-right-from-bracket\" ><\/span><\/div><\/div><\/div><div class=\"vc_cta3_content-container\"><div class=\"vc_cta3-content\"><header class=\"vc_cta3-content-header\"><h2>Sind Sie bereit, Ihr Team zu verst\u00e4rken?<\/h2><\/header><p style=\"text-align: justify;\"><strong>Fordern Sie noch heute Beispielprogramme, Zeitpl\u00e4ne und Preise an. HolaSpain bietet ma\u00dfgeschneiderte Sportprogramme, professionelles Coaching und volle Unterst\u00fctzung von der Ankunft bis zur Abreise, damit Ihr Team ein unvergessliches und nahtloses Erlebnis hat.<\/strong><\/p>\n<\/div><div class=\"vc_cta3-actions\"><div class=\"vc_btn3-container vc_btn3-inline vc_do_btn\" ><a class=\"vc_general vc_btn3 vc_btn3-size-md vc_btn3-shape-rounded vc_btn3-style-modern vc_btn3-color-info\" href=\"https:\/\/holaspain.agency\/de\/#contact\" title=\"\">Erreichen Sie uns heute<\/a><\/div><\/div><\/div><\/div><\/section><\/div><\/div><\/div><\/div>\n<\/div>","protected":false},"excerpt":{"rendered":"<p>Schenken Sie Ihrer Jugendmannschaft ein unvergessliches Sporterlebnis in Spanien mit HolaSpain: professionelles Coaching, ma\u00dfgeschneidertes Training und volle Unterst\u00fctzung von Anfang bis Ende.<\/p>","protected":false},"author":1,"featured_media":2242,"parent":0,"menu_order":0,"comment_status":"closed","ping_status":"closed","template":"","meta":{"_seopress_robots_primary_cat":"","_seopress_titles_title":"%%sitetitle%% %%sep%% Sports immersion programmes","_seopress_titles_desc":"Sports immersion programmes in Spain for youth teams. Custom training, professional coaching, and full support with HolaSpain.","_seopress_robots_index":"","_daextam_enable_autolinks":"1","footnotes":""},"categories":[62],"tags":[],"class_list":["post-2240","page","type-page","status-publish","has-post-thumbnail","hentry","category-courses"],"_links":{"self":[{"href":"https:\/\/holaspain.agency\/de\/wp-json\/wp\/v2\/pages\/2240","targetHints":{"allow":["GET"]}}],"collection":[{"href":"https:\/\/holaspain.agency\/de\/wp-json\/wp\/v2\/pages"}],"about":[{"href":"https:\/\/holaspain.agency\/de\/wp-json\/wp\/v2\/types\/page"}],"author":[{"embeddable":true,"href":"https:\/\/holaspain.agency\/de\/wp-json\/wp\/v2\/users\/1"}],"replies":[{"embeddable":true,"href":"https:\/\/holaspain.agency\/de\/wp-json\/wp\/v2\/comments?post=2240"}],"version-history":[{"count":3,"href":"https:\/\/holaspain.agency\/de\/wp-json\/wp\/v2\/pages\/2240\/revisions"}],"predecessor-version":[{"id":2244,"href":"https:\/\/holaspain.agency\/de\/wp-json\/wp\/v2\/pages\/2240\/revisions\/2244"}],"wp:featuredmedia":[{"embeddable":true,"href":"https:\/\/holaspain.agency\/de\/wp-json\/wp\/v2\/media\/2242"}],"wp:attachment":[{"href":"https:\/\/holaspain.agency\/de\/wp-json\/wp\/v2\/media?parent=2240"}],"wp:term":[{"taxonomy":"category","embeddable":true,"href":"https:\/\/holaspain.agency\/de\/wp-json\/wp\/v2\/categories?post=2240"},{"taxonomy":"post_tag","embeddable":true,"href":"https:\/\/holaspain.agency\/de\/wp-json\/wp\/v2\/tags?post=2240"}],"curies":[{"name":"wp","href":"https:\/\/api.w.org\/{rel}","templated":true}]}}