{"id":2185,"date":"2025-11-17T13:17:46","date_gmt":"2025-11-17T13:17:46","guid":{"rendered":"https:\/\/holaspain.agency\/?page_id=2185"},"modified":"2025-11-17T13:54:06","modified_gmt":"2025-11-17T13:54:06","slug":"ubergangsjahr-spanien","status":"publish","type":"page","link":"https:\/\/holaspain.agency\/de\/transition-year-spain\/","title":{"rendered":"\u00dcbergangsjahr Spanien"},"content":{"rendered":"<div class=\"wpb-content-wrapper\"><div class=\"vc_row wpb_row vc_row-fluid\"><div class=\"wpb_column vc_column_container vc_col-sm-12\"><div class=\"vc_column-inner\"><div class=\"wpb_wrapper\">\n\t<div class=\"wpb_text_column wpb_content_element\" >\n\t\t<div class=\"wpb_wrapper\">\n\t\t\t<h1>\u00dcbergangsjahr Spanien - Leben, Lernen und Gedeihen<\/h1>\n<p><em>Erleben Sie das spanische Schulleben, vertiefen Sie Ihre Sprachkenntnisse und entdecken Sie eine neue Kultur. W\u00e4hlen Sie zwischen Tages- oder Internatsaufenthalten von 4 Wochen bis zu einem ganzen Schuljahr.<\/em><\/p>\n<blockquote><p>\nDer Besuch einer spanischen Sekundarschule ist eine lebensver\u00e4ndernde Erfahrung. Die spanische Kultur, das Essen, das Klima und die herzliche Gemeinschaft machen es zur perfekten Umgebung, um Ihr Spanisch zu verbessern und gleichzeitig wie ein Einheimischer zu leben.\n<\/p><\/blockquote>\n<h2>Programm\u00fcbersicht - High School in Spanien<\/h2>\n<p>Das Programm Transition Year Spain vermittelt irische Sch\u00fcler (15-17 Jahre) an etablierte spanische Sekundarschulen. Jeder Praktikumsplatz wird individuell auf die Interessen, das Sprachniveau und den gew\u00fcnschten Ort abgestimmt. Die Aufenthalte reichen von 4 Wochen bis zu einem ganzen akademischen Jahr, und wir begrenzen die Anzahl der irischen Sch\u00fcler pro Schule, um ein vollst\u00e4ndiges Eintauchen zu gew\u00e4hrleisten.<\/p>\n<h3>Hauptmerkmale des Programms TY Spanien<\/h3>\n<ul>\n<li>Individuelle Unterbringung in einer spanischen Tages- oder Internatsschule<\/li>\n<li>Unterkunft mit Vollpension (Gastfamilie oder Pension)<\/li>\n<li>Alle Studiengeb\u00fchren und Schulgelder inbegriffen<\/li>\n<li>Lokaler Koordinator im Land und 24\/7-Notfallunterst\u00fctzung<\/li>\n<li>Flughafen-\/Zugtransfers und Orientierungsveranstaltungen auf Anfrage<\/li>\n<li>Zertifikat am Ende des Programms<\/li>\n<\/ul>\n<h2>Voraussetzungen f\u00fcr ein Studium in Spanien<\/h2>\n<p>Sie passen gut zu uns, wenn:<\/p>\n<ul>\n<li>Du bist 15-17 Jahre alt<\/li>\n<li>Sie haben mindestens 2 Jahre lang Spanisch gelernt<\/li>\n<li>Sie sind motiviert, Spanisch zu sprechen und offen f\u00fcr neue kulturelle Erfahrungen<\/li>\n<\/ul>\n<h2>Top-Standorte in ganz Spanien<\/h2>\n<p>Wir bieten Praktika in vielen beliebten spanischen St\u00e4dten an, darunter:<br \/>\n<strong>Madrid - Valencia - Alicante - Sevilla - Salamanca - C\u00e1diz - Barcelona<\/strong><br \/>\nWenn m\u00f6glich, garantieren wir die Vermittlung an einen der beiden von Ihnen gew\u00e4hlten Standorte.<\/p>\n<h2>Tagesschule oder Internat?<\/h2>\n<h3>Tagesschule in Spanien<\/h3>\n<ul>\n<li>Wohnen Sie bei einer sorgf\u00e4ltig ausgew\u00e4hlten Gastfamilie<\/li>\n<li>Fr\u00fchst\u00fcck und Abendessen zu Hause, Mittagessen in der Schule<\/li>\n<li>Schulen, die in der Regel nicht weiter als 20 Minuten von der Gastfamilie entfernt sind<\/li>\n<li>Ideal f\u00fcr alle, die ein famili\u00e4res Umfeld suchen<\/li>\n<\/ul>\n<h3>Internat in Spanien<\/h3>\n<ul>\n<li>Aufenthalt im Internat von Montag bis Freitag (kleine Schlafs\u00e4le)<\/li>\n<li>Wochenenden und Ferien in der gleichen engagierten Gastfamilie<\/li>\n<li>Perfekt f\u00fcr Studenten, die Struktur und Betreuung vor Ort bevorzugen<\/li>\n<\/ul>\n<h2>Spanische Gastfamilien<\/h2>\n<p>Unsere Gastfamilien sind umfassend gepr\u00fcft, erfahren und werden regelm\u00e4\u00dfig vom lokalen Koordinator besucht. Sie hei\u00dfen dich in ihrem Haus willkommen, helfen dir bei der Anpassung und unterst\u00fctzen deine Fortschritte in der spanischen Sprache. Die meisten Sch\u00fcler kn\u00fcpfen lebenslange Bindungen zu ihren Gastfamilien.<\/p>\n<h2>Bewerbungsprozess<\/h2>\n<ol>\n<li><strong>Erstes Treffen<\/strong> - Besuchen Sie unser B\u00fcro in Dublin oder treffen Sie sich per Skype, um die M\u00f6glichkeiten auszuloten und Fragen zu stellen.<\/li>\n<li><strong>Anmeldung<\/strong> - Reichen Sie das Formular, zwei Schulzeugnisse und einen kurzen Absatz auf Spanisch f\u00fcr Ihre Gastfamilie ein.<\/li>\n<li><strong>Platzierung in der Schule<\/strong> - Unser Partner bewirbt sich bei der Schule und weist ihr eine passende Gastfamilie zu.<\/li>\n<li><strong>Kontakt vor der Ankunft<\/strong> - Den Sch\u00fclern wird empfohlen, sich vor der Reise mit ihrer Gastfamilie in Verbindung zu setzen.<\/li>\n<li><strong>Orientierung<\/strong> - Sie finden in Dublin oder \u00fcber Skype statt und behandeln Regeln, Sicherheits- und Vorbereitungstipps.<\/li>\n<li><strong>Reise &amp; Anreise<\/strong> - Sie werden am Flughafen oder Bahnhof von Ihrer Gastfamilie oder Ihrem lokalen Koordinator empfangen.<\/li>\n<\/ol>\n<h2>Termine und Reisen - Volle Flexibilit\u00e4t<\/h2>\n<p>Keine Gruppenabfahrten oder festen Termine. Die Sch\u00fcler w\u00e4hlen ihre Reisedaten selbst aus und werden individuell untergebracht, um ein vollst\u00e4ndiges Eintauchen in das Land zu gew\u00e4hrleisten. Nur 0-3 irische Sch\u00fcler aus unserer Organisation werden gleichzeitig in einer Schule untergebracht.<\/p>\n<p>Je l\u00e4nger Sie bleiben, desto gr\u00f6\u00dfer sind die Fortschritte in Ihrem Sprachgebrauch. Viele Sch\u00fcler machen nach mehreren Monaten erhebliche Fortschritte.<\/p>\n<h2>Was ist inbegriffen?<\/h2>\n<ul>\n<li>Platzierung in einer spanischen Tagesschule oder einem Internat<\/li>\n<li>Unterkunft mit Vollpension<\/li>\n<li>Alle Studiengeb\u00fchren<\/li>\n<li>Zugewiesener lokaler Koordinator in Spanien<\/li>\n<li>Begr\u00fc\u00dfung am Flughafen oder Bahnhof und Transfer<\/li>\n<li>Orientierung vor der Abreise<\/li>\n<li>24-Stunden-Notfallbetreuung<\/li>\n<li>Begleitung und Unterst\u00fctzung w\u00e4hrend Ihres Aufenthalts<\/li>\n<li>Bescheinigung \u00fcber den Abschluss<\/li>\n<\/ul>\n<h2>Informationen f\u00fcr Eltern<\/h2>\n<p>Wir wissen, dass dies eine wichtige Entscheidung ist, und deshalb werden die Eltern von Anfang an einbezogen. Sicherheit, Unterst\u00fctzung und Kommunikation stehen an erster Stelle. Die Gastfamilien werden \u00fcberpr\u00fcft, es gibt Verfahren f\u00fcr Notf\u00e4lle, und der lokale Koordinator ist w\u00e4hrend des gesamten Programms Ihr erster Ansprechpartner.<\/p>\n\n\t\t<\/div>\n\t<\/div>\n<div  class=\"vc_do_toggle vc_toggle vc_toggle_default vc_toggle_color_default  vc_toggle_size_md\"><div class=\"vc_toggle_title\"><h4>Wie lange kann ich bleiben?<\/h4><i class=\"vc_toggle_icon\"><\/i><\/div><div class=\"vc_toggle_content\"><p>Von <strong data-start=\"5369\" data-end=\"5380\">4 Wochen<\/strong> zu einer <strong data-start=\"5386\" data-end=\"5408\">ganzes Studienjahr<\/strong>. L\u00e4ngere Aufenthalte f\u00fchren in der Regel zu besseren sprachlichen Ergebnissen.<\/p>\n<\/div><\/div><div  class=\"vc_do_toggle vc_toggle vc_toggle_default vc_toggle_color_default  vc_toggle_size_md\"><div class=\"vc_toggle_title\"><h4>Kann ich einen bestimmten Standort oder eine bestimmte Schule anfordern?<\/h4><i class=\"vc_toggle_icon\"><\/i><\/div><div class=\"vc_toggle_content\"><p>Ja - wir fragen Sie nach Ihren Standortpr\u00e4ferenzen und versuchen, Sie in einer der beiden von Ihnen bevorzugten Regionen unterzubringen.<\/p>\n<\/div><\/div><div  class=\"vc_do_toggle vc_toggle vc_toggle_default vc_toggle_color_default  vc_toggle_size_md\"><div class=\"vc_toggle_title\"><h4>Wird es an meiner Schule andere irische Sch\u00fcler geben?<\/h4><i class=\"vc_toggle_icon\"><\/i><\/div><div class=\"vc_toggle_content\"><p>Wir begrenzen die Zahl der irischen Sch\u00fcler pro Schule (in der Regel maximal 3-4), um die Immersion zu erhalten.<\/p>\n<\/div><\/div><div  class=\"vc_do_toggle vc_toggle vc_toggle_default vc_toggle_color_default  vc_toggle_size_md\"><div class=\"vc_toggle_title\"><h4>Muss ich flie\u00dfend Spanisch sprechen?<\/h4><i class=\"vc_toggle_icon\"><\/i><\/div><div class=\"vc_toggle_content\"><p>Nein. Sie sollten mindestens <strong data-start=\"5850\" data-end=\"5861\">2 Jahre<\/strong> zu lernen und motiviert zu sein, Spanisch zu benutzen.<\/p>\n<\/div><\/div><div  class=\"vc_do_toggle vc_toggle vc_toggle_default vc_toggle_color_default  vc_toggle_size_md\"><div class=\"vc_toggle_title\"><h4>Welche Unterst\u00fctzung gibt es in Spanien?<\/h4><i class=\"vc_toggle_icon\"><\/i><\/div><div class=\"vc_toggle_content\"><p>Jeder Sch\u00fcler hat einen zugewiesenen lokalen Koordinator und einen 24\/7-Notfallkontakt.<\/p>\n<\/div><\/div><div  class=\"vc_do_toggle vc_toggle vc_toggle_default vc_toggle_color_default  vc_toggle_size_md\"><div class=\"vc_toggle_title\"><h4>Kann ich weiterhin Sport treiben oder Musik machen?<\/h4><i class=\"vc_toggle_icon\"><\/i><\/div><div class=\"vc_toggle_content\"><p>Ja - wir versuchen, die Praktika auf Ihre Interessen abzustimmen, damit Sie mit Sport, Musik oder anderen Aktivit\u00e4ten Schritt halten k\u00f6nnen.<\/p>\n<\/div><\/div><section class=\"vc_cta3-container\"><div class=\"vc_general vc_do_cta3 vc_cta3 vc_cta3-style-outline vc_cta3-shape-rounded vc_cta3-align-left vc_cta3-color-classic vc_cta3-icon-size-md vc_cta3-icons-left vc_cta3-actions-right\"><div class=\"vc_cta3-icons\"><div class=\"vc_icon_element vc_icon_element-outer vc_do_icon vc_icon_element-align-left\"><div class=\"vc_icon_element-inner vc_icon_element-color-turquoise vc_icon_element-size-md vc_icon_element-style- vc_icon_element-background-color-grey\" ><span class=\"vc_icon_element-icon fa fa-solid fa-arrow-right-from-bracket\" ><\/span><\/div><\/div><\/div><div class=\"vc_cta3_content-container\"><div class=\"vc_cta3-content\"><header class=\"vc_cta3-content-header\"><h2>Beginnen Sie Ihr \u00dcbergangsjahr in Spanien!<\/h2><\/header><p>Wenn Sie weitere Informationen \u00fcber Schulen, Gastfamilien oder Reisedaten w\u00fcnschen, hilft Ihnen unser Team gerne bei der Planung eines sicheren, lohnenden und individuellen \u00dcbergangsjahres im Ausland.<\/p>\n<\/div><div class=\"vc_cta3-actions\"><div class=\"vc_btn3-container vc_btn3-inline vc_do_btn\" ><a class=\"vc_general vc_btn3 vc_btn3-size-md vc_btn3-shape-rounded vc_btn3-style-modern vc_btn3-color-info\" href=\"https:\/\/holaspain.agency\/de\/#contact\" title=\"\">Erreichen Sie uns heute<\/a><\/div><\/div><\/div><\/div><\/section><\/div><\/div><\/div><\/div>\n<\/div>","protected":false},"excerpt":{"rendered":"<p>Schenken Sie Ihrem Kind ein lohnendes \u00dcbergangsjahr im Ausland. Unser TY Spanien-Programm bietet sichere Pl\u00e4tze, f\u00fcrsorgliche Gastfamilien, vertrauensw\u00fcrdige Schulen und pers\u00f6nliche Unterst\u00fctzung w\u00e4hrend des gesamten Aufenthalts.<\/p>","protected":false},"author":1,"featured_media":2186,"parent":0,"menu_order":0,"comment_status":"closed","ping_status":"closed","template":"","meta":{"_seopress_robots_primary_cat":"","_seopress_titles_title":"%%sitetitle%% %%sep%% Study in a Spanish Secondary School","_seopress_titles_desc":"Transition Year Spain programme for Irish students to study in a Spanish secondary school, live with a host family and improve Spanish with full support.","_seopress_robots_index":"","_daextam_enable_autolinks":"1","footnotes":""},"categories":[62],"tags":[],"class_list":["post-2185","page","type-page","status-publish","has-post-thumbnail","hentry","category-courses"],"_links":{"self":[{"href":"https:\/\/holaspain.agency\/de\/wp-json\/wp\/v2\/pages\/2185","targetHints":{"allow":["GET"]}}],"collection":[{"href":"https:\/\/holaspain.agency\/de\/wp-json\/wp\/v2\/pages"}],"about":[{"href":"https:\/\/holaspain.agency\/de\/wp-json\/wp\/v2\/types\/page"}],"author":[{"embeddable":true,"href":"https:\/\/holaspain.agency\/de\/wp-json\/wp\/v2\/users\/1"}],"replies":[{"embeddable":true,"href":"https:\/\/holaspain.agency\/de\/wp-json\/wp\/v2\/comments?post=2185"}],"version-history":[{"count":11,"href":"https:\/\/holaspain.agency\/de\/wp-json\/wp\/v2\/pages\/2185\/revisions"}],"predecessor-version":[{"id":2201,"href":"https:\/\/holaspain.agency\/de\/wp-json\/wp\/v2\/pages\/2185\/revisions\/2201"}],"wp:featuredmedia":[{"embeddable":true,"href":"https:\/\/holaspain.agency\/de\/wp-json\/wp\/v2\/media\/2186"}],"wp:attachment":[{"href":"https:\/\/holaspain.agency\/de\/wp-json\/wp\/v2\/media?parent=2185"}],"wp:term":[{"taxonomy":"category","embeddable":true,"href":"https:\/\/holaspain.agency\/de\/wp-json\/wp\/v2\/categories?post=2185"},{"taxonomy":"post_tag","embeddable":true,"href":"https:\/\/holaspain.agency\/de\/wp-json\/wp\/v2\/tags?post=2185"}],"curies":[{"name":"wp","href":"https:\/\/api.w.org\/{rel}","templated":true}]}}