{"id":2124,"date":"2025-11-10T16:04:06","date_gmt":"2025-11-10T16:04:06","guid":{"rendered":"https:\/\/holaspain.agency\/?page_id=2124"},"modified":"2026-01-13T14:03:37","modified_gmt":"2026-01-13T14:03:37","slug":"spanischreisen-fur-schulgruppen","status":"publish","type":"page","link":"https:\/\/holaspain.agency\/de\/spanish-trips-for-school-groups\/","title":{"rendered":"Spanischreisen f\u00fcr Schulklassen"},"content":{"rendered":"<div class=\"wpb-content-wrapper\"><div class=\"vc_row wpb_row vc_row-fluid\"><div class=\"wpb_column vc_column_container vc_col-sm-8\"><div class=\"vc_column-inner\"><div class=\"wpb_wrapper\">\n\t<div class=\"wpb_text_column wpb_content_element\" >\n\t\t<div class=\"wpb_wrapper\">\n\t\t\t<h1 style=\"text-align: justify;\">Spanischreisen f\u00fcr Schulklassen<\/h1>\n<p style=\"text-align: justify;\"><em>Ma\u00dfgeschneiderte Programme f\u00fcr weiterf\u00fchrende Schulen - Gruppenreisen - P\u00e4dagogische Vertiefung<\/em><\/p>\n\n\t\t<\/div>\n\t<\/div>\n<\/div><\/div><\/div><div class=\"wpb_column vc_column_container vc_col-sm-4\"><div class=\"vc_column-inner\"><div class=\"wpb_wrapper\"><div class=\"vc_btn3-container vc_btn3-inline vc_do_btn\" ><a class=\"vc_general vc_btn3 vc_btn3-size-md vc_btn3-shape-rounded vc_btn3-style-modern vc_btn3-color-juicy-pink\" href=\"https:\/\/holaspain.agency\/wp-content\/uploads\/2026\/01\/holaspain-brochure-for-school-groups.pdf\" title=\"\" target=\"_blank\">Download unserer Brosch\u00fcre f\u00fcr Schulgruppen<\/a><\/div><\/div><\/div><\/div><\/div><div class=\"vc_row wpb_row vc_row-fluid\"><div class=\"wpb_column vc_column_container vc_col-sm-12\"><div class=\"vc_column-inner\"><div class=\"wpb_wrapper\">\n\t<div class=\"wpb_text_column wpb_content_element\" >\n\t\t<div class=\"wpb_wrapper\">\n\t\t\t<p style=\"text-align: justify;\">HolaSpain organisiert akkreditierte Programme zum Eintauchen in die spanische Sprache f\u00fcr Schulgruppen. Jede Reise kombiniert dynamischen Sprachunterricht mit kulturellen, sozialen und p\u00e4dagogischen Erfahrungen, um die Sch\u00fcler zu motivieren und ihr Spanisch in realen Kontexten zu st\u00e4rken.<\/p>\n<h2 style=\"text-align: justify;\">Programmoptionen - Schulgruppen-Spanischkurse<\/h2>\n<ul style=\"text-align: justify;\">\n<li><strong>1-w\u00f6chiges Eintauchen<\/strong> - Ideal f\u00fcr Schulausfl\u00fcge und erste kulturelle Erfahrungen im Ausland.<\/li>\n<li><strong>2-Wochen-Programm<\/strong> - Ausgewogenes Sprachenlernen und kulturelles Entdecken.<\/li>\n<li><strong>3-w\u00f6chiger verl\u00e4ngerter Aufenthalt<\/strong> - Vertiefte sprachliche Fortschritte und vollst\u00e4ndige Integration in das spanische Leben.<\/li>\n<\/ul>\n<p style=\"text-align: justify;\">Die Kurse umfassen in der Regel <strong>15 bis 20 Stunden Spanischunterricht pro Woche<\/strong>, in Kombination mit kulturellen Workshops, Ausfl\u00fcgen und betreuten Aktivit\u00e4ten.<\/p>\n<h3 style=\"text-align: justify;\">Was in jedem Programm enthalten ist<\/h3>\n<ul style=\"text-align: justify;\">\n<li>Spanischunterricht (alle Stufen) mit qualifizierten muttersprachlichen Lehrern<\/li>\n<li>T\u00e4gliche Kultur- und Freizeitaktivit\u00e4ten<\/li>\n<li>Unterbringung mit Vollpension bei Gastfamilien oder in Wohnheimen<\/li>\n<li>Flughafentransfers, lokale Transporte und gef\u00fchrte Ausfl\u00fcge<\/li>\n<li>24\/7 Betreuung vor Ort und Unterst\u00fctzung im Notfall<\/li>\n<li>Teilnahmezertifikat f\u00fcr jeden Sch\u00fcler<\/li>\n<\/ul>\n<h3 style=\"text-align: justify;\">Lernergebnisse - Bildung und kulturelles Eintauchen<\/h3>\n<ul style=\"text-align: justify;\">\n<li>Verbessern Sie Ihre spanischen Kommunikationsf\u00e4higkeiten durch praktische \u00dcbungen<\/li>\n<li>Entwicklung von kulturellem Bewusstsein und Unabh\u00e4ngigkeit in einem sicheren Umfeld<\/li>\n<li>Erleben Sie authentische spanische Traditionen, Gastronomie und das t\u00e4gliche Leben<\/li>\n<li>Aufbau von Teamwork und Selbstvertrauen au\u00dferhalb des Klassenzimmers<\/li>\n<\/ul>\n<h3 style=\"text-align: justify;\">Reiseziele f\u00fcr Schulgruppen in Spanien<\/h3>\n<p style=\"text-align: justify;\">HolaSpain arbeitet mit akkreditierten Schulen in <strong>Alicante, Valencia, Madrid, Barcelona, Malaga, Salamanca, Sevilla und Granada<\/strong>. Jedes Reiseziel bietet ein sicheres Umfeld, ein reiches kulturelles Erbe und hochwertige Bildungseinrichtungen.<\/p>\n<h3 style=\"text-align: justify;\">Koordinierung und Unterst\u00fctzung der Gruppe<\/h3>\n<p style=\"text-align: justify;\">Von der ersten Anfrage bis zur R\u00fcckkehr der Gruppe k\u00fcmmert sich HolaSpain um jedes Detail - Kursplanung, Dokumentation, Transfers, Unterkunft und Notfallhilfe. Ein lokaler Koordinator ist rund um die Uhr verf\u00fcgbar, um einen reibungslosen und sicheren Ablauf f\u00fcr Sch\u00fcler und Lehrer zu gew\u00e4hrleisten.<\/p>\n<blockquote>\n<p style=\"text-align: justify;\">Diese Programme richten sich an weiterf\u00fchrende Schulen, Hochschulen und Bildungseinrichtungen, die authentische Sprachaufenthalte in Spanien suchen. Alle Programme sind flexibel und k\u00f6nnen an das Alter, das Niveau und die Bildungsziele der jeweiligen Gruppe angepasst werden. Verf\u00fcgbar f\u00fcr Erasmus+ und PCTO. .<\/p>\n<\/blockquote>\n\n\t\t<\/div>\n\t<\/div>\n<section class=\"vc_cta3-container\"><div class=\"vc_general vc_do_cta3 vc_cta3 vc_cta3-style-outline vc_cta3-shape-rounded vc_cta3-align-left vc_cta3-color-classic vc_cta3-icon-size-md vc_cta3-icons-left vc_cta3-actions-right\"><div class=\"vc_cta3-icons\"><div class=\"vc_icon_element vc_icon_element-outer vc_do_icon vc_icon_element-align-left\"><div class=\"vc_icon_element-inner vc_icon_element-color-turquoise vc_icon_element-size-md vc_icon_element-style- vc_icon_element-background-color-grey\" ><span class=\"vc_icon_element-icon fa fa-solid fa-arrow-right-from-bracket\" ><\/span><\/div><\/div><\/div><div class=\"vc_cta3_content-container\"><div class=\"vc_cta3-content\"><header class=\"vc_cta3-content-header\"><h2>Beginnen Sie Ihr spanisches Abenteuer noch heute!<\/h2><\/header><p>Haben Sie Fragen oder m\u00f6chten Sie den perfekten Spanischkurs finden? Kontaktieren Sie HolaSpain noch heute und lassen Sie uns Ihnen bei der Planung Ihrer Lernerfahrung in Spanien helfen.<\/p>\n<\/div><div class=\"vc_cta3-actions\"><div class=\"vc_btn3-container vc_btn3-inline vc_do_btn\" ><a class=\"vc_general vc_btn3 vc_btn3-size-md vc_btn3-shape-rounded vc_btn3-style-modern vc_btn3-color-info\" href=\"https:\/\/holaspain.agency\/de\/#contact\" title=\"\">Erreichen Sie uns heute<\/a><\/div><\/div><\/div><\/div><\/section><\/div><\/div><\/div><\/div>\n<\/div>","protected":false},"excerpt":{"rendered":"<p>Ma\u00dfgeschneiderte Ausfl\u00fcge f\u00fcr Schulgruppen mit Spanischunterricht, kulturellen Besichtigungen und realen Erlebnissen. Jedes Programm passt sich an das Alter und das Niveau der Gruppe an und gew\u00e4hrleistet volle Sicherheit und Koordination.<\/p>","protected":false},"author":1,"featured_media":2149,"parent":0,"menu_order":0,"comment_status":"closed","ping_status":"closed","template":"","meta":{"_seopress_robots_primary_cat":"","_seopress_titles_title":"%%sitetitle%% %%sep%% %%post_title%%","_seopress_titles_desc":"Spanish trips for school groups. Learn Spanish in Spain with lessons, activities, host families, and full supervision.","_seopress_robots_index":"","_daextam_enable_autolinks":"1","footnotes":""},"categories":[62],"tags":[],"class_list":["post-2124","page","type-page","status-publish","has-post-thumbnail","hentry","category-courses"],"_links":{"self":[{"href":"https:\/\/holaspain.agency\/de\/wp-json\/wp\/v2\/pages\/2124","targetHints":{"allow":["GET"]}}],"collection":[{"href":"https:\/\/holaspain.agency\/de\/wp-json\/wp\/v2\/pages"}],"about":[{"href":"https:\/\/holaspain.agency\/de\/wp-json\/wp\/v2\/types\/page"}],"author":[{"embeddable":true,"href":"https:\/\/holaspain.agency\/de\/wp-json\/wp\/v2\/users\/1"}],"replies":[{"embeddable":true,"href":"https:\/\/holaspain.agency\/de\/wp-json\/wp\/v2\/comments?post=2124"}],"version-history":[{"count":11,"href":"https:\/\/holaspain.agency\/de\/wp-json\/wp\/v2\/pages\/2124\/revisions"}],"predecessor-version":[{"id":2384,"href":"https:\/\/holaspain.agency\/de\/wp-json\/wp\/v2\/pages\/2124\/revisions\/2384"}],"wp:featuredmedia":[{"embeddable":true,"href":"https:\/\/holaspain.agency\/de\/wp-json\/wp\/v2\/media\/2149"}],"wp:attachment":[{"href":"https:\/\/holaspain.agency\/de\/wp-json\/wp\/v2\/media?parent=2124"}],"wp:term":[{"taxonomy":"category","embeddable":true,"href":"https:\/\/holaspain.agency\/de\/wp-json\/wp\/v2\/categories?post=2124"},{"taxonomy":"post_tag","embeddable":true,"href":"https:\/\/holaspain.agency\/de\/wp-json\/wp\/v2\/tags?post=2124"}],"curies":[{"name":"wp","href":"https:\/\/api.w.org\/{rel}","templated":true}]}}