{"id":2123,"date":"2025-11-10T16:04:04","date_gmt":"2025-11-10T16:04:04","guid":{"rendered":"https:\/\/holaspain.agency\/?page_id=2123"},"modified":"2026-02-05T18:23:18","modified_gmt":"2026-02-05T18:23:18","slug":"langzeit-spanischkurse-fur-erwachsene","status":"publish","type":"page","link":"https:\/\/holaspain.agency\/de\/long-term-spanish-courses-for-adults\/","title":{"rendered":"Langzeit-Spanischkurse f\u00fcr Erwachsene"},"content":{"rendered":"<div class=\"wpb-content-wrapper\"><div class=\"vc_row wpb_row vc_row-fluid\"><div class=\"wpb_column vc_column_container vc_col-sm-12\"><div class=\"vc_column-inner\"><div class=\"wpb_wrapper\">\n\t<div class=\"wpb_text_column wpb_content_element\" >\n\t\t<div class=\"wpb_wrapper\">\n\t\t\t<h1 style=\"text-align: justify;\">Langzeit-Spanischkurse in Spanien f\u00fcr Erwachsene<\/h1>\n<p style=\"text-align: justify;\"><em>G\u00fcltig f\u00fcr Visumantr\u00e4ge 2026-2027<\/em><\/p>\n<blockquote>\n<p style=\"text-align: justify;\">HolaSpain bietet akkreditierte Langzeit-Spanischkurse in Spanien f\u00fcr Studenten, die ein Studienvisum ben\u00f6tigen. Unsere Programme kombinieren Sprachunterricht, kulturelles Eintauchen und umfassende Unterst\u00fctzung vor und w\u00e4hrend Ihres Aufenthalts in Spanien.<\/p>\n<\/blockquote>\n\n\t\t<\/div>\n\t<\/div>\n<\/div><\/div><\/div><\/div><div class=\"vc_row wpb_row vc_row-fluid\"><div class=\"wpb_column vc_column_container vc_col-sm-12\"><div class=\"vc_column-inner\"><div class=\"wpb_wrapper\">\n\t<div class=\"wpb_text_column wpb_content_element\" >\n\t\t<div class=\"wpb_wrapper\">\n\t\t\t<h2 style=\"text-align: justify;\">Programmoptionen - Langzeit-Spanischkurse<\/h2>\n<ul style=\"text-align: justify;\">\n<li><strong>Halbj\u00e4hriger Kurs<\/strong> - 22 Wochen Unterricht + 4 Wochen Ferien<\/li>\n<li><strong>Ganzj\u00e4hriger Kurs<\/strong> - 44 Wochen Unterricht + 8 Wochen Ferien<\/li>\n<\/ul>\n<p style=\"text-align: justify;\">Die Kurse sind verf\u00fcgbar mit <strong>20 oder 25 Stunden pro Woche<\/strong>, abh\u00e4ngig von Ihren Lernzielen und Visabestimmungen.<\/p>\n<h3 style=\"text-align: justify;\">Was ist in Ihrem Spanischkurs inbegriffen?<\/h3>\n<ul style=\"text-align: justify;\">\n<li>Intensiver Unterricht (alle Stufen) mit qualifizierten Lehrern<\/li>\n<li>Teilnahmebescheinigung und Abschlusszeugnis<\/li>\n<li>Unterst\u00fctzung bei lokalen Transporten und kulturellen Ausfl\u00fcgen<\/li>\n<li>24\/7-Support vor Ort und Visumsberatung<\/li>\n<li>Unterkunft und Flughafentransfer auf Anfrage<\/li>\n<\/ul>\n<h3 style=\"text-align: justify;\">Lernergebnisse - Spanisch lernen in Spanien<\/h3>\n<ul style=\"text-align: justify;\">\n<li>Selbstvertrauen entwickeln, um in Alltagssituationen Spanisch zu sprechen<\/li>\n<li>Verbesserung von Grammatik, Wortschatz und Aussprache<\/li>\n<li>Verstehen der spanischen Kultur und Traditionen<\/li>\n<li>Vorbereitung auf offizielle Pr\u00fcfungen wie DELE oder SIELE (fakultativ)<\/li>\n<\/ul>\n<h3 style=\"text-align: justify;\">Unterkunftsm\u00f6glichkeiten f\u00fcr Studenten<\/h3>\n<ul style=\"text-align: justify;\">\n<li>Sorgf\u00e4ltig ausgew\u00e4hlt <strong>Gastfamilien<\/strong> f\u00fcr vollst\u00e4ndiges Eintauchen<\/li>\n<li><strong>Studentenwohnheime<\/strong> mit Aufsicht und gemeinsamen Einrichtungen<\/li>\n<li>Privatwohnungen auf Anfrage verf\u00fcgbar<\/li>\n<\/ul>\n<h3 style=\"text-align: justify;\">Studienaufenthalte in Spanien<\/h3>\n<p style=\"text-align: justify;\">W\u00e4hlen Sie aus den besten Reisezielen in ganz Spanien, darunter <strong>Alicante, Valencia, Madrid, Barcelona, Malaga, Salamanca und Sevilla<\/strong>. Alle Partnerschulen sind anerkannt und zentral gelegen und bieten moderne Einrichtungen und ein einladendes Umfeld.<\/p>\n<h3 style=\"text-align: justify;\">Unterst\u00fctzung f\u00fcr Studenten und Visa-Beratung<\/h3>\n<p style=\"text-align: justify;\">HolaSpain bietet alle erforderlichen Dokumente f\u00fcr die Beantragung eines Visums, einschlie\u00dflich der offiziellen <strong>Einschreibungsschreiben<\/strong> und <strong>Zahlungsbest\u00e4tigung<\/strong>. Unser Team unterst\u00fctzt Sie w\u00e4hrend des gesamten Prozesses bis zu Ihrer Ankunft in Spanien.<\/p>\n<blockquote>\n<p style=\"text-align: justify;\">Diese Programme sind f\u00fcr erwachsene Lernende ab 18 Jahren gedacht, die 6 bis 12 Monate in Spanien leben und studieren m\u00f6chten. Es sind keine Spanischvorkenntnisse erforderlich. Verf\u00fcgbar f\u00fcr Bildungsurlaub, Erasmus+ und CSN (Centrala studiest\u00f6dsn\u00e4mnden).<\/p>\n<\/blockquote>\n\n\t\t<\/div>\n\t<\/div>\n<\/div><\/div><\/div><\/div><div class=\"vc_row wpb_row vc_row-fluid\"><div class=\"wpb_column vc_column_container vc_col-sm-6\"><div class=\"vc_column-inner\"><div class=\"wpb_wrapper\"><div class=\"vc_btn3-container vc_btn3-center vc_do_btn\" ><a class=\"vc_general vc_btn3 vc_btn3-size-lg vc_btn3-shape-rounded vc_btn3-style-modern vc_btn3-color-black\" href=\"https:\/\/holaspain.agency\/de\/langzeit-spanischkurse-gebuhren\/\" title=\"Langzeit-Spanischkurse Geb\u00fchren\">Preise vergleichen und die beste Option erhalten<\/a><\/div><\/div><\/div><\/div><div class=\"wpb_column vc_column_container vc_col-sm-6\"><div class=\"vc_column-inner\"><div class=\"wpb_wrapper\"><div class=\"vc_btn3-container vc_btn3-center vc_do_btn\" ><a class=\"vc_general vc_btn3 vc_btn3-size-lg vc_btn3-shape-rounded vc_btn3-style-modern vc_btn3-color-black\" href=\"https:\/\/holaspain.agency\/de\/langzeit-spanischkurse-fragen-und-antworten\/\" title=\"Langzeit-Spanischkurse Geb\u00fchren\">Antworten zu Mein Studienplan in Spanien erhalten<\/a><\/div><\/div><\/div><\/div><\/div><div class=\"vc_row wpb_row vc_row-fluid\"><div class=\"wpb_column vc_column_container vc_col-sm-12\"><div class=\"vc_column-inner\"><div class=\"wpb_wrapper\"><section class=\"vc_cta3-container\"><div class=\"vc_general vc_do_cta3 vc_cta3 vc_cta3-style-outline vc_cta3-shape-rounded vc_cta3-align-left vc_cta3-color-classic vc_cta3-icon-size-md vc_cta3-icons-left vc_cta3-actions-right\"><div class=\"vc_cta3-icons\"><div class=\"vc_icon_element vc_icon_element-outer vc_do_icon vc_icon_element-align-left\"><div class=\"vc_icon_element-inner vc_icon_element-color-turquoise vc_icon_element-size-md vc_icon_element-style- vc_icon_element-background-color-grey\" ><span class=\"vc_icon_element-icon fa fa-solid fa-arrow-right-from-bracket\" ><\/span><\/div><\/div><\/div><div class=\"vc_cta3_content-container\"><div class=\"vc_cta3-content\"><header class=\"vc_cta3-content-header\"><h2>Beginnen Sie Ihr spanisches Abenteuer noch heute!<\/h2><\/header><p>Haben Sie Fragen oder m\u00f6chten Sie den perfekten Spanischkurs finden? Kontaktieren Sie HolaSpain noch heute und lassen Sie uns Ihnen bei der Planung Ihrer Lernerfahrung in Spanien helfen.<\/p>\n<\/div><div class=\"vc_cta3-actions\"><div class=\"vc_btn3-container vc_btn3-inline vc_do_btn\" ><a class=\"vc_general vc_btn3 vc_btn3-size-md vc_btn3-shape-rounded vc_btn3-style-modern vc_btn3-color-info\" href=\"https:\/\/holaspain.agency\/de\/#contact\" title=\"\">Erreichen Sie uns heute<\/a><\/div><\/div><\/div><\/div><\/section><\/div><\/div><\/div><\/div>\n<\/div>","protected":false},"excerpt":{"rendered":"<p>Anerkannte Langzeit-Spanischkurse f\u00fcr Erwachsene, die 6-12 Monate in Spanien leben und studieren m\u00f6chten, mit einer Kombination aus intensivem Unterricht, kulturellem Eintauchen und umfassender Unterst\u00fctzung bei der Visumserteilung und vor Ort.<\/p>","protected":false},"author":1,"featured_media":2143,"parent":0,"menu_order":0,"comment_status":"closed","ping_status":"closed","template":"","meta":{"_seopress_robots_primary_cat":"","_seopress_titles_title":"%%sitetitle%% %%sep%% %%post_title%%","_seopress_titles_desc":"Accredited long-term Spanish courses in Spain for adults. Visa-ready programmes with 20\u201325 hours weekly, full support, and top destinations.","_seopress_robots_index":"","_daextam_enable_autolinks":"1","footnotes":""},"categories":[62],"tags":[],"class_list":["post-2123","page","type-page","status-publish","has-post-thumbnail","hentry","category-courses"],"_links":{"self":[{"href":"https:\/\/holaspain.agency\/de\/wp-json\/wp\/v2\/pages\/2123","targetHints":{"allow":["GET"]}}],"collection":[{"href":"https:\/\/holaspain.agency\/de\/wp-json\/wp\/v2\/pages"}],"about":[{"href":"https:\/\/holaspain.agency\/de\/wp-json\/wp\/v2\/types\/page"}],"author":[{"embeddable":true,"href":"https:\/\/holaspain.agency\/de\/wp-json\/wp\/v2\/users\/1"}],"replies":[{"embeddable":true,"href":"https:\/\/holaspain.agency\/de\/wp-json\/wp\/v2\/comments?post=2123"}],"version-history":[{"count":21,"href":"https:\/\/holaspain.agency\/de\/wp-json\/wp\/v2\/pages\/2123\/revisions"}],"predecessor-version":[{"id":2497,"href":"https:\/\/holaspain.agency\/de\/wp-json\/wp\/v2\/pages\/2123\/revisions\/2497"}],"wp:featuredmedia":[{"embeddable":true,"href":"https:\/\/holaspain.agency\/de\/wp-json\/wp\/v2\/media\/2143"}],"wp:attachment":[{"href":"https:\/\/holaspain.agency\/de\/wp-json\/wp\/v2\/media?parent=2123"}],"wp:term":[{"taxonomy":"category","embeddable":true,"href":"https:\/\/holaspain.agency\/de\/wp-json\/wp\/v2\/categories?post=2123"},{"taxonomy":"post_tag","embeddable":true,"href":"https:\/\/holaspain.agency\/de\/wp-json\/wp\/v2\/tags?post=2123"}],"curies":[{"name":"wp","href":"https:\/\/api.w.org\/{rel}","templated":true}]}}