{"id":2122,"date":"2025-11-10T16:04:03","date_gmt":"2025-11-10T16:04:03","guid":{"rendered":"https:\/\/holaspain.agency\/?page_id=2122"},"modified":"2025-11-24T12:17:17","modified_gmt":"2025-11-24T12:17:17","slug":"short-term-spanish-courses-for-adults","status":"publish","type":"page","link":"https:\/\/holaspain.agency\/de\/short-term-spanish-courses-for-adults\/","title":{"rendered":"Kurzzeit-Spanischkurse f\u00fcr Erwachsene"},"content":{"rendered":"<div class=\"wpb-content-wrapper\"><div class=\"vc_row wpb_row vc_row-fluid\"><div class=\"wpb_column vc_column_container vc_col-sm-12\"><div class=\"vc_column-inner\"><div class=\"wpb_wrapper\">\n\t<div class=\"wpb_text_column wpb_content_element\" >\n\t\t<div class=\"wpb_wrapper\">\n\t\t\t<h1 style=\"text-align: justify;\">Kurzzeit-Spanischkurse in Spanien f\u00fcr Erwachsene<\/h1>\n<p style=\"text-align: justify;\"><em>Flexible Starttermine - 1 bis 12 Wochen - Alle Stufen<\/em><\/p>\n<blockquote>\n<p style=\"text-align: justify;\">HolaSpain bietet akkreditierte Kurzzeit-Spanischkurse in Spanien f\u00fcr Erwachsene an, die ihre Spanischkenntnisse durch eine intensive Erfahrung schnell verbessern m\u00f6chten. Unsere Kurse sind ideal f\u00fcr Ferien, Studienaufenthalte oder berufliche Weiterbildung und verbinden praktisches Sprachenlernen mit kultureller Entdeckung.<\/p>\n<\/blockquote>\n<h2 style=\"text-align: justify;\">Programmoptionen - Kurzzeit-Spanischkurse<\/h2>\n<ul style=\"text-align: justify;\">\n<li><strong>1-4 w\u00f6chige Kurse<\/strong> - Ideal f\u00fcr Anf\u00e4nger oder Reisende, die eine intensive Einf\u00fchrung in die spanische Sprache suchen.<\/li>\n<li><strong>5-8-w\u00f6chige Kurse<\/strong> - Ausgewogenes Lerntempo f\u00fcr stetige Fortschritte in Grammatik, Wortschatz und Sprachgewandtheit.<\/li>\n<li><strong>9-12 Wochen-Kurse<\/strong> - Tieferes Eintauchen f\u00fcr diejenigen, die eine fortgeschrittene Kommunikationsebene erreichen wollen.<\/li>\n<\/ul>\n<p style=\"text-align: justify;\">Die Kurse sind verf\u00fcgbar mit <strong>20 oder 25 Stunden pro Woche<\/strong>, abh\u00e4ngig von Ihren Lernzielen und der gew\u00fcnschten Intensit\u00e4t.<\/p>\n<h3 style=\"text-align: justify;\">Was ist in Ihrem Spanischkurs inbegriffen?<\/h3>\n<ul style=\"text-align: justify;\">\n<li>Dynamischer Unterricht (alle Stufen) mit qualifizierten muttersprachlichen Lehrern<\/li>\n<li>Teilnahmebescheinigung und erreichte Stufe<\/li>\n<li>W\u00f6chentliche kulturelle und soziale Aktivit\u00e4ten<\/li>\n<li>Unterst\u00fctzung, Orientierung und Anleitung vor Ort w\u00e4hrend Ihres Aufenthalts<\/li>\n<li>Unterkunft und Flughafentransfer auf Anfrage<\/li>\n<\/ul>\n<h3 style=\"text-align: justify;\">Lernergebnisse - Spanisch lernen in Spanien<\/h3>\n<ul style=\"text-align: justify;\">\n<li>Erwerben Sie praktische Kommunikationsf\u00e4higkeiten f\u00fcr reale Situationen<\/li>\n<li>Selbstvertrauen beim Sprechen, H\u00f6ren und Verstehen aufbauen<\/li>\n<li>Verbesserung von Grammatik, Aussprache und kulturellem Verst\u00e4ndnis<\/li>\n<li>Optionale Vorbereitung auf die DELE- oder SIELE-Pr\u00fcfungen<\/li>\n<\/ul>\n<h3 style=\"text-align: justify;\">Studienaufenthalte in Spanien<\/h3>\n<p style=\"text-align: justify;\">W\u00e4hlen Sie aus den besten Reisezielen in ganz Spanien, darunter <strong>Alicante, Valencia, Madrid, Barcelona, Malaga, Salamanca und Sevilla<\/strong>. Alle Partnerschulen sind anerkannt und zentral gelegen und bieten moderne Einrichtungen und ein einladendes Umfeld.<\/p>\n<h3 style=\"text-align: justify;\">Unterkunftsm\u00f6glichkeiten f\u00fcr Studenten<\/h3>\n<ul style=\"text-align: justify;\">\n<li><strong>Gastfamilien<\/strong> f\u00fcr ein vollst\u00e4ndiges kulturelles und sprachliches Eintauchen<\/li>\n<li><strong>Studentenwohnheime<\/strong> mit gemeinsamen Einrichtungen und Betreuung<\/li>\n<li>Privatwohnungen auf Anfrage erh\u00e4ltlich<\/li>\n<\/ul>\n<h3 style=\"text-align: justify;\">Studentenbetreuung und Einschreibung<\/h3>\n<p style=\"text-align: justify;\">HolaSpain bietet umfassende Unterst\u00fctzung vor und w\u00e4hrend Ihres Aufenthalts, einschlie\u00dflich Beratung vor Ihrer Ankunft, Unterkunftsvermittlung und Koordination vor Ort. Unser Team stellt sicher, dass jedes Detail abgedeckt ist, damit Sie sich auf Ihre Lernerfahrung in Spanien konzentrieren k\u00f6nnen.<\/p>\n<blockquote>\n<p style=\"text-align: justify;\">Diese Kurzzeitprogramme stehen erwachsenen Lernenden ab 18 Jahren offen, vom Anf\u00e4nger bis zum Fortgeschrittenen. Die Kurse k\u00f6nnen jeden Montag beginnen, das ganze Jahr \u00fcber. Verf\u00fcgbar f\u00fcr Bildungsurlaub, Erasmus+ und CSN (Centrala studiest\u00f6dsn\u00e4mnden).<\/p>\n<\/blockquote>\n\n\t\t<\/div>\n\t<\/div>\n<section class=\"vc_cta3-container\"><div class=\"vc_general vc_do_cta3 vc_cta3 vc_cta3-style-outline vc_cta3-shape-rounded vc_cta3-align-left vc_cta3-color-classic vc_cta3-icon-size-md vc_cta3-icons-left vc_cta3-actions-right\"><div class=\"vc_cta3-icons\"><div class=\"vc_icon_element vc_icon_element-outer vc_do_icon vc_icon_element-align-left\"><div class=\"vc_icon_element-inner vc_icon_element-color-turquoise vc_icon_element-size-md vc_icon_element-style- vc_icon_element-background-color-grey\" ><span class=\"vc_icon_element-icon fa fa-solid fa-arrow-right-from-bracket\" ><\/span><\/div><\/div><\/div><div class=\"vc_cta3_content-container\"><div class=\"vc_cta3-content\"><header class=\"vc_cta3-content-header\"><h2>Beginnen Sie Ihr spanisches Abenteuer noch heute!<\/h2><\/header><p>Haben Sie Fragen oder m\u00f6chten Sie den perfekten Spanischkurs finden? Kontaktieren Sie HolaSpain noch heute und lassen Sie uns Ihnen bei der Planung Ihrer Lernerfahrung in Spanien helfen.<\/p>\n<\/div><div class=\"vc_cta3-actions\"><div class=\"vc_btn3-container vc_btn3-inline vc_do_btn\" ><a class=\"vc_general vc_btn3 vc_btn3-size-md vc_btn3-shape-rounded vc_btn3-style-modern vc_btn3-color-info\" href=\"https:\/\/holaspain.agency\/de\/#contact\" title=\"\">Erreichen Sie uns heute<\/a><\/div><\/div><\/div><\/div><\/section><\/div><\/div><\/div><\/div>\n<\/div>","protected":false},"excerpt":{"rendered":"<p>Kurzzeit-Spanischkurse f\u00fcr Erwachsene, die eine flexible, intensive Erfahrung in Spanien suchen. Von einer Woche bis zu zwei Monaten, genie\u00dfen Sie dynamischen Unterricht, kulturelle Ausfl\u00fcge und eine komfortable Unterkunft.<\/p>","protected":false},"author":1,"featured_media":2142,"parent":0,"menu_order":0,"comment_status":"closed","ping_status":"closed","template":"","meta":{"_seopress_robots_primary_cat":"","_seopress_titles_title":"%%sitetitle%% %%sep%% %%post_title%%","_seopress_titles_desc":"Short accredited Spanish courses in Spain for adults. Study 1\u201312 weeks with immersive lessons, culture and full local support.","_seopress_robots_index":"","_daextam_enable_autolinks":"1","footnotes":""},"categories":[62],"tags":[],"class_list":["post-2122","page","type-page","status-publish","has-post-thumbnail","hentry","category-courses"],"_links":{"self":[{"href":"https:\/\/holaspain.agency\/de\/wp-json\/wp\/v2\/pages\/2122","targetHints":{"allow":["GET"]}}],"collection":[{"href":"https:\/\/holaspain.agency\/de\/wp-json\/wp\/v2\/pages"}],"about":[{"href":"https:\/\/holaspain.agency\/de\/wp-json\/wp\/v2\/types\/page"}],"author":[{"embeddable":true,"href":"https:\/\/holaspain.agency\/de\/wp-json\/wp\/v2\/users\/1"}],"replies":[{"embeddable":true,"href":"https:\/\/holaspain.agency\/de\/wp-json\/wp\/v2\/comments?post=2122"}],"version-history":[{"count":5,"href":"https:\/\/holaspain.agency\/de\/wp-json\/wp\/v2\/pages\/2122\/revisions"}],"predecessor-version":[{"id":2248,"href":"https:\/\/holaspain.agency\/de\/wp-json\/wp\/v2\/pages\/2122\/revisions\/2248"}],"wp:featuredmedia":[{"embeddable":true,"href":"https:\/\/holaspain.agency\/de\/wp-json\/wp\/v2\/media\/2142"}],"wp:attachment":[{"href":"https:\/\/holaspain.agency\/de\/wp-json\/wp\/v2\/media?parent=2122"}],"wp:term":[{"taxonomy":"category","embeddable":true,"href":"https:\/\/holaspain.agency\/de\/wp-json\/wp\/v2\/categories?post=2122"},{"taxonomy":"post_tag","embeddable":true,"href":"https:\/\/holaspain.agency\/de\/wp-json\/wp\/v2\/tags?post=2122"}],"curies":[{"name":"wp","href":"https:\/\/api.w.org\/{rel}","templated":true}]}}