{"id":21,"date":"2016-09-05T20:27:12","date_gmt":"2016-09-05T20:27:12","guid":{"rendered":"http:\/\/demos.famethemes.com\/screenr-plus\/?page_id=21"},"modified":"2025-11-05T11:41:28","modified_gmt":"2025-11-05T11:41:28","slug":"masgeschneiderte-dienstleistungen-fur-schulgruppen","status":"publish","type":"page","link":"https:\/\/holaspain.agency\/de\/tailored-services-for-schools-groups\/","title":{"rendered":"Ma\u00dfgeschneiderte Dienstleistungen f\u00fcr Schulgruppen"},"content":{"rendered":"<div class=\"wpb-content-wrapper\"><div class=\"vc_row wpb_row vc_row-fluid\"><div class=\"wpb_column vc_column_container vc_col-sm-12\"><div class=\"vc_column-inner\"><div class=\"wpb_wrapper\">\n\t<div class=\"wpb_text_column wpb_content_element\" >\n\t\t<div class=\"wpb_wrapper\">\n\t\t\t<h1>Ma\u00dfgeschneiderte Dienstleistungen f\u00fcr Schulgruppen<\/h1>\n<h2>Ma\u00dfgeschneiderte Gruppenprogramme f\u00fcr weiterf\u00fchrende Schulen<\/h2>\n<p>Hola Spain bietet <strong>ma\u00dfgeschneiderte Dienstleistungen f\u00fcr Schulen<\/strong>, Wir bieten eine unvergessliche Erfahrung des Eintauchens in die spanische Sprache f\u00fcr Sch\u00fclergruppen der Sekundarstufe. Unsere Programme kombinieren Sprachunterricht, kulturelle Aktivit\u00e4ten und umfassende Unterst\u00fctzung, um sicherzustellen, dass jeder Sch\u00fcler profitiert und seinen Aufenthalt genie\u00dft.<\/p>\n<h2>Warum Hola Spain f\u00fcr Schulgruppen w\u00e4hlen?<\/h2>\n<ul>\n<li>Erfahrung mit der Aufnahme internationaler Schulgruppen<\/li>\n<li>Sichere und \u00fcberwachte Unterkunftsm\u00f6glichkeiten<\/li>\n<li>Vollst\u00e4ndiges Eintauchen in die spanische Sprache und Kultur<\/li>\n<li>Flexible, auf die Bed\u00fcrfnisse der Schulen zugeschnittene Programme<\/li>\n<\/ul>\n<h2>Unterkunftsm\u00f6glichkeiten f\u00fcr Studentengruppen<\/h2>\n<h3>Gastfamilien - Nat\u00fcrlich Spanisch lernen<\/h3>\n<p>Aufenthalt bei sorgf\u00e4ltig ausgew\u00e4hlten <strong>Spanische Gastfamilien<\/strong> das Alltagsleben in Spanien zu erleben. Die Teilnehmer verbessern ihre Sprachkenntnisse bei gemeinsamen Mahlzeiten, Aktivit\u00e4ten und Gespr\u00e4chen in einer hilfreichen Umgebung.<\/p>\n<h3>Studentenwohnheime - Komfort und Unabh\u00e4ngigkeit<\/h3>\n<p>Unser <strong>Studentenwohnheime in Spanien<\/strong> sind ideal f\u00fcr Schulgruppen, die unabh\u00e4ngig sein und gleichzeitig in einer sicheren, strukturierten Umgebung bleiben wollen. Die Wohnheime bieten Gemeinschaftszimmer, Gemeinschaftsr\u00e4ume und Zugang zu Gruppenaktivit\u00e4ten.<\/p>\n<h3>Wohngemeinschaften - Flexibilit\u00e4t f\u00fcr Gruppen<\/h3>\n<p>F\u00fcr \u00e4ltere Sch\u00fcler oder Gruppen, die Flexibilit\u00e4t suchen, <strong>Gemeinschaftswohnungen<\/strong> bieten ein Gleichgewicht aus Unabh\u00e4ngigkeit und Gemeinschaft. Die Wohnungen sind voll ausgestattet und zentral gelegen, sodass Aktivit\u00e4ten und Kurse leicht zu erreichen sind.<\/p>\n<h2>Unterst\u00fctzungsdienste f\u00fcr Schulgruppen<\/h2>\n<p>Hola Spanien stellt sicher, dass jede Gruppe umfassende <strong>Unterst\u00fctzungsdienste<\/strong> w\u00e4hrend ihres gesamten Aufenthalts:<\/p>\n<ul>\n<li><strong>Abholung vom Flughafen und R\u00fccktransport<\/strong> f\u00fcr reibungslose An- und Abfl\u00fcge<\/li>\n<li><strong>24\/7 Notfallsupport<\/strong> f\u00fcr alle Studenten<\/li>\n<li><strong>Engagierte Gruppenkoordinatoren<\/strong> Zeitpl\u00e4ne und Aktivit\u00e4ten zu verwalten<\/li>\n<li><strong>Kulturelle Ausfl\u00fcge und Workshops<\/strong> auf die Interessen der Gruppe zugeschnitten<\/li>\n<\/ul>\n\n\t\t<\/div>\n\t<\/div>\n<section class=\"vc_cta3-container\"><div class=\"vc_general vc_do_cta3 vc_cta3 vc_cta3-style-outline vc_cta3-shape-rounded vc_cta3-align-left vc_cta3-color-classic vc_cta3-icon-size-md vc_cta3-icons-left vc_cta3-actions-right\"><div class=\"vc_cta3-icons\"><div class=\"vc_icon_element vc_icon_element-outer vc_do_icon vc_icon_element-align-left\"><div class=\"vc_icon_element-inner vc_icon_element-color-turquoise vc_icon_element-size-md vc_icon_element-style- vc_icon_element-background-color-grey\" ><span class=\"vc_icon_element-icon fa fa-solid fa-arrow-right-from-bracket\" ><\/span><\/div><\/div><\/div><div class=\"vc_cta3_content-container\"><div class=\"vc_cta3-content\"><header class=\"vc_cta3-content-header\"><h2>Planen Sie das Spanisch-Immersionsprogramm Ihrer Schule<\/h2><\/header><p style=\"text-align: justify;\">Ganz gleich, ob Ihre Schule einen Kurztrip oder ein l\u00e4ngeres Studienprogramm plant, Hola Spain bietet umfassende <strong>ma\u00dfgeschneiderte L\u00f6sungen f\u00fcr Schulgruppen<\/strong>. Wir helfen Ihnen, die perfekte Kombination aus Sprachunterricht, kulturellen Erfahrungen und Betreuung zu finden, damit jeder Sch\u00fcler eine sichere, unterhaltsame und lehrreiche Erfahrung macht.<\/p>\n<\/div><div class=\"vc_cta3-actions\"><div class=\"vc_btn3-container vc_btn3-inline vc_do_btn\" ><a class=\"vc_general vc_btn3 vc_btn3-size-md vc_btn3-shape-rounded vc_btn3-style-modern vc_btn3-color-info\" href=\"https:\/\/holaspain.agency\/de\/#contact\" title=\"\">Erreichen Sie uns heute<\/a><\/div><\/div><\/div><\/div><\/section><\/div><\/div><\/div><\/div>\n<\/div>","protected":false},"excerpt":{"rendered":"<p>Unsere Programme kombinieren Sprachunterricht, kulturelle Aktivit\u00e4ten und eine umfassende Betreuung, damit jeder Sch\u00fcler von seinem Aufenthalt profitiert und ihn genie\u00dfen kann.<\/p>","protected":false},"author":1,"featured_media":1404,"parent":0,"menu_order":0,"comment_status":"closed","ping_status":"closed","template":"","meta":{"_seopress_robots_primary_cat":"","_seopress_titles_title":"%%sitetitle%% %%sep%% %%post_title%%","_seopress_titles_desc":"Tailored Services for Schools Groups \u2014 Hola Spain helps secondary schools send student groups for a safe, immersive Spanish experience.","_seopress_robots_index":"","_daextam_enable_autolinks":"","footnotes":""},"categories":[61],"tags":[],"class_list":["post-21","page","type-page","status-publish","has-post-thumbnail","hentry","category-services"],"_links":{"self":[{"href":"https:\/\/holaspain.agency\/de\/wp-json\/wp\/v2\/pages\/21","targetHints":{"allow":["GET"]}}],"collection":[{"href":"https:\/\/holaspain.agency\/de\/wp-json\/wp\/v2\/pages"}],"about":[{"href":"https:\/\/holaspain.agency\/de\/wp-json\/wp\/v2\/types\/page"}],"author":[{"embeddable":true,"href":"https:\/\/holaspain.agency\/de\/wp-json\/wp\/v2\/users\/1"}],"replies":[{"embeddable":true,"href":"https:\/\/holaspain.agency\/de\/wp-json\/wp\/v2\/comments?post=21"}],"version-history":[{"count":7,"href":"https:\/\/holaspain.agency\/de\/wp-json\/wp\/v2\/pages\/21\/revisions"}],"predecessor-version":[{"id":1708,"href":"https:\/\/holaspain.agency\/de\/wp-json\/wp\/v2\/pages\/21\/revisions\/1708"}],"wp:featuredmedia":[{"embeddable":true,"href":"https:\/\/holaspain.agency\/de\/wp-json\/wp\/v2\/media\/1404"}],"wp:attachment":[{"href":"https:\/\/holaspain.agency\/de\/wp-json\/wp\/v2\/media?parent=21"}],"wp:term":[{"taxonomy":"category","embeddable":true,"href":"https:\/\/holaspain.agency\/de\/wp-json\/wp\/v2\/categories?post=21"},{"taxonomy":"post_tag","embeddable":true,"href":"https:\/\/holaspain.agency\/de\/wp-json\/wp\/v2\/tags?post=21"}],"curies":[{"name":"wp","href":"https:\/\/api.w.org\/{rel}","templated":true}]}}