{"id":2034,"date":"2025-11-06T10:06:46","date_gmt":"2025-11-06T10:06:46","guid":{"rendered":"https:\/\/holaspain.agency\/?page_id=2034"},"modified":"2026-01-20T10:40:23","modified_gmt":"2026-01-20T10:40:23","slug":"spanisch-immersion-kurse-spanien","status":"publish","type":"page","link":"https:\/\/holaspain.agency\/de\/spanish-immersion-courses-spain\/","title":{"rendered":"Immersionskurse Spanien"},"content":{"rendered":"<div class=\"wpb-content-wrapper\"><div class=\"vc_row wpb_row vc_row-fluid\"><div class=\"wpb_column vc_column_container vc_col-sm-12\"><div class=\"vc_column-inner\"><div class=\"wpb_wrapper\">\n\t<div class=\"wpb_text_column wpb_content_element\" >\n\t\t<div class=\"wpb_wrapper\">\n\t\t\t<h1 style=\"text-align: justify;\">Spanisch lernen in Spanien mit umfassender Unterst\u00fctzung und kulturellem Eintauchen<\/h1>\n<h2 style=\"text-align: justify;\">Spanische Sprachprogramme f\u00fcr alle Altersgruppen und Niveaus<\/h2>\n<p style=\"text-align: justify;\">HolaSpain bringt Sie mit akkreditierten Spanischkursen in ganz Spanien zusammen, die auf Jugendliche, Erwachsene, Schulgruppen und Berufst\u00e4tige zugeschnitten sind. Unsere Programme gehen \u00fcber das Lernen im Klassenzimmer hinaus, indem sie praktische Kommunikations\u00fcbungen, kulturelle Erkundungen und umfassende logistische Unterst\u00fctzung integrieren.<\/p>\n<h3 style=\"text-align: justify;\">Spanischkurse mit Aktivit\u00e4ten und voller Unterst\u00fctzung<\/h3>\n<p style=\"text-align: justify;\">Egal, ob Sie Anf\u00e4nger sind oder bereits \u00fcber Spanischkenntnisse verf\u00fcgen, unsere Partnerschulen bieten interaktiven Unterricht in Top-Destinationen wie Madrid, Barcelona, Sevilla, Malaga und Salamanca. Ihre Erfahrung wird durch kulturelle Aktivit\u00e4ten, Unterkunftsoptionen und engagierte Unterst\u00fctzung von Anfang bis Ende bereichert.<\/p>\n<h2 style=\"text-align: justify;\">Spanisch lernen in Spanien: Kurse, Visum, Unterkunft und Serviceleistungen<\/h2>\n<p style=\"text-align: justify;\">HolaSpain bietet ein komplettes Servicepaket: Sprachkurse, Unterkunftsvermittlung, Beratung f\u00fcr Studentenvisa f\u00fcr Nicht-EU-Lernende, Unterst\u00fctzung bei der Krankenversicherung, kulturelle Immersionsprogramme und ma\u00dfgeschneiderte Dienstleistungen f\u00fcr Schulgruppen. Wir k\u00fcmmern uns um die Details - Sie konzentrieren sich auf das Lernen und Erleben der spanischen Sprache.<\/p>\n<h3 style=\"text-align: justify;\">All-Inclusive-Spanisch-Studienaufenthalte in Spanien<\/h3>\n<p style=\"text-align: justify;\">Von der Bewerbung bis zur Ankunft unterst\u00fctzt HolaSpain Studenten, Fachkr\u00e4fte und Gruppen mit individueller Beratung. Finanzierungsoptionen wie Erasmus+, Bildungsurlaub, PCTO und CSN sind in Zusammenarbeit mit unseren akkreditierten Schulen ebenfalls verf\u00fcgbar. Entdecken Sie eine nahtlose und bereichernde Art und Weise, Spanisch zu lernen und gleichzeitig die Kultur und den Lebensstil Spaniens kennenzulernen.<\/p>\n\n\t\t<\/div>\n\t<\/div>\n\n<div class=\"vc_grid-container-wrapper vc_clearfix vc_grid-animation-none\">\n\t<div class=\"vc_grid-container vc_clearfix wpb_content_element vc_masonry_grid\" data-initial-loading-animation=\"none\" data-vc-grid-settings=\"{&quot;page_id&quot;:2034,&quot;style&quot;:&quot;all-masonry&quot;,&quot;action&quot;:&quot;vc_get_vc_grid_data&quot;,&quot;shortcode_id&quot;:&quot;1768905610451-5efb7850-0f42-4&quot;,&quot;tag&quot;:&quot;vc_masonry_grid&quot;}\" data-vc-request=\"https:\/\/holaspain.agency\/wp-admin\/admin-ajax.php\" data-vc-post-id=\"2034\" data-vc-public-nonce=\"9ffa800287\">\n\t\t\n\t<\/div>\n<\/div><\/div><\/div><\/div><\/div>\n<\/div>","protected":false},"excerpt":{"rendered":"Spanisch lernen in Spanien mit umfassender Unterst\u00fctzung und kulturellem Eintauchen Spanische Sprachprogramme f\u00fcr alle Altersgruppen und Niveaus HolaSpain verbindet Sie mit akkreditierten Spanischkursen in ganz Spanien, die auf Jugendliche, Erwachsene, Schulgruppen und Berufst\u00e4tige zugeschnitten sind. Unsere Programme gehen \u00fcber das Lernen im Klassenzimmer hinaus, indem sie reale Kommunikationspraxis, kulturelle Erkundung und...","protected":false},"author":1,"featured_media":2038,"parent":0,"menu_order":0,"comment_status":"closed","ping_status":"closed","template":"","meta":{"_seopress_robots_primary_cat":"","_seopress_titles_title":"%%sitetitle%% %%sep%% %%post_title%%","_seopress_titles_desc":"Spanish immersion courses in Spain with cultural activities, accommodation, and full support. Learn Spanish and live the culture with HolaSpain.","_seopress_robots_index":"","_daextam_enable_autolinks":"1","footnotes":""},"categories":[],"tags":[],"class_list":["post-2034","page","type-page","status-publish","has-post-thumbnail","hentry"],"_links":{"self":[{"href":"https:\/\/holaspain.agency\/de\/wp-json\/wp\/v2\/pages\/2034","targetHints":{"allow":["GET"]}}],"collection":[{"href":"https:\/\/holaspain.agency\/de\/wp-json\/wp\/v2\/pages"}],"about":[{"href":"https:\/\/holaspain.agency\/de\/wp-json\/wp\/v2\/types\/page"}],"author":[{"embeddable":true,"href":"https:\/\/holaspain.agency\/de\/wp-json\/wp\/v2\/users\/1"}],"replies":[{"embeddable":true,"href":"https:\/\/holaspain.agency\/de\/wp-json\/wp\/v2\/comments?post=2034"}],"version-history":[{"count":10,"href":"https:\/\/holaspain.agency\/de\/wp-json\/wp\/v2\/pages\/2034\/revisions"}],"predecessor-version":[{"id":2418,"href":"https:\/\/holaspain.agency\/de\/wp-json\/wp\/v2\/pages\/2034\/revisions\/2418"}],"wp:featuredmedia":[{"embeddable":true,"href":"https:\/\/holaspain.agency\/de\/wp-json\/wp\/v2\/media\/2038"}],"wp:attachment":[{"href":"https:\/\/holaspain.agency\/de\/wp-json\/wp\/v2\/media?parent=2034"}],"wp:term":[{"taxonomy":"category","embeddable":true,"href":"https:\/\/holaspain.agency\/de\/wp-json\/wp\/v2\/categories?post=2034"},{"taxonomy":"post_tag","embeddable":true,"href":"https:\/\/holaspain.agency\/de\/wp-json\/wp\/v2\/tags?post=2034"}],"curies":[{"name":"wp","href":"https:\/\/api.w.org\/{rel}","templated":true}]}}