{"id":2007,"date":"2025-11-06T09:39:41","date_gmt":"2025-11-06T09:39:41","guid":{"rendered":"https:\/\/holaspain.agency\/?page_id=2007"},"modified":"2025-11-07T10:15:27","modified_gmt":"2025-11-07T10:15:27","slug":"spanisch-studieren-europa-programme","status":"publish","type":"page","link":"https:\/\/holaspain.agency\/de\/study-spanish-europe-programmes\/","title":{"rendered":"Spanisch lernen - Europ\u00e4ische Programme"},"content":{"rendered":"<div class=\"wpb-content-wrapper\"><div class=\"vc_row wpb_row vc_row-fluid\"><div class=\"wpb_column vc_column_container vc_col-sm-12\"><div class=\"vc_column-inner\"><div class=\"wpb_wrapper\">\n\t<div class=\"wpb_text_column wpb_content_element\" >\n\t\t<div class=\"wpb_wrapper\">\n\t\t\t<h1 style=\"text-align: justify;\">Spanisch lernen in Spanien mit vollst\u00e4ndig akkreditierten europ\u00e4ischen Programmen<\/h1>\n<h2 style=\"text-align: justify;\">Ma\u00dfgeschneiderte Spanisch-Sprachprogramme f\u00fcr Studenten und Berufst\u00e4tige in ganz Europa<\/h2>\n<h3 style=\"text-align: justify;\">Spanisch lernen mit Erasmus+, Bildungsurlaub, PCTO &amp; CSN Unterst\u00fctzung<\/h3>\n<p style=\"text-align: justify;\">HolaSpain arbeitet mit erstklassigen spanischen Sprachschulen zusammen, um ma\u00dfgeschneiderte Programme f\u00fcr Lernende mit unterschiedlichem Hintergrund anzubieten - von EU-finanzierter Mobilit\u00e4t bis hin zu <strong>Erasmus+<\/strong>, zum bezahlten Bildungsurlaub \u00fcber das deutsche <strong>Bildungsurlaub<\/strong>, Berufswege f\u00fcr italienische Sch\u00fcler durch <strong>PCTO<\/strong>, und <strong>CSN<\/strong>-zugelassene Kurse f\u00fcr schwedische Bewerber. Jedes Programm bietet ein zertifiziertes Sprachtraining in Kombination mit einer umfassenden Ausbildung.<\/p>\n\n\t\t<\/div>\n\t<\/div>\n\n<div class=\"vc_grid-container-wrapper vc_clearfix vc_grid-animation-zoomIn\">\n\t<div class=\"vc_grid-container vc_clearfix wpb_content_element vc_masonry_grid\" data-initial-loading-animation=\"zoomIn\" data-vc-grid-settings=\"{&quot;page_id&quot;:2007,&quot;style&quot;:&quot;all-masonry&quot;,&quot;action&quot;:&quot;vc_get_vc_grid_data&quot;,&quot;shortcode_id&quot;:&quot;1762434783339-4eae8123-4c63-6&quot;,&quot;tag&quot;:&quot;vc_masonry_grid&quot;}\" data-vc-request=\"https:\/\/holaspain.agency\/wp-admin\/admin-ajax.php\" data-vc-post-id=\"2007\" data-vc-public-nonce=\"9ffa800287\">\n\t\t\n\t<\/div>\n<\/div><section class=\"vc_cta3-container\"><div class=\"vc_general vc_do_cta3 vc_cta3 vc_cta3-style-outline vc_cta3-shape-rounded vc_cta3-align-left vc_cta3-color-classic vc_cta3-icon-size-md vc_cta3-icons-left vc_cta3-actions-right\"><div class=\"vc_cta3-icons\"><div class=\"vc_icon_element vc_icon_element-outer vc_do_icon vc_icon_element-align-left\"><div class=\"vc_icon_element-inner vc_icon_element-color-turquoise vc_icon_element-size-md vc_icon_element-style- vc_icon_element-background-color-grey\" ><span class=\"vc_icon_element-icon fa fa-solid fa-arrow-right-from-bracket\" ><\/span><\/div><\/div><\/div><div class=\"vc_cta3_content-container\"><div class=\"vc_cta3-content\"><header class=\"vc_cta3-content-header\"><h2>Beginnen Sie Ihr spanisches Abenteuer noch heute!<\/h2><\/header><p>Haben Sie Fragen oder m\u00f6chten Sie den perfekten Spanischkurs finden? Kontaktieren Sie HolaSpain noch heute und lassen Sie uns Ihnen bei der Planung Ihrer Lernerfahrung in Spanien helfen.<\/p>\n<\/div><div class=\"vc_cta3-actions\"><div class=\"vc_btn3-container vc_btn3-inline vc_do_btn\" ><a class=\"vc_general vc_btn3 vc_btn3-size-md vc_btn3-shape-rounded vc_btn3-style-modern vc_btn3-color-info\" href=\"https:\/\/holaspain.agency\/de\/#contact\" title=\"\">Erreichen Sie uns heute<\/a><\/div><\/div><\/div><\/div><\/section><\/div><\/div><\/div><\/div>\n<\/div>","protected":false},"excerpt":{"rendered":"Spanisch lernen in Spanien mit vollst\u00e4ndig akkreditierten europ\u00e4ischen Programmen Ma\u00dfgeschneiderte spanische Sprachprogramme f\u00fcr Studenten und Berufst\u00e4tige in ganz Europa Spanisch lernen mit Erasmus+, Bildungsurlaub, PCTO &amp; CSN Unterst\u00fctzung HolaSpain arbeitet mit erstklassigen spanischen Sprachschulen zusammen, um ma\u00dfgeschneiderte Programme f\u00fcr Lernende aller Hintergr\u00fcnde anzubieten - von EU-gef\u00f6rderter Mobilit\u00e4t durch Erasmus+,...","protected":false},"author":1,"featured_media":2033,"parent":0,"menu_order":0,"comment_status":"closed","ping_status":"closed","template":"","meta":{"_seopress_robots_primary_cat":"","_seopress_titles_title":"%%sitetitle%% %%sep%% %%post_title%%","_seopress_titles_desc":"Learn Spanish in Spain with Erasmus+, Bildungsurlaub, PCTO & CSN programs. Certified courses, cultural immersion, and tailored learning for European students.","_seopress_robots_index":"","_daextam_enable_autolinks":"","footnotes":""},"categories":[],"tags":[],"class_list":["post-2007","page","type-page","status-publish","has-post-thumbnail","hentry"],"_links":{"self":[{"href":"https:\/\/holaspain.agency\/de\/wp-json\/wp\/v2\/pages\/2007","targetHints":{"allow":["GET"]}}],"collection":[{"href":"https:\/\/holaspain.agency\/de\/wp-json\/wp\/v2\/pages"}],"about":[{"href":"https:\/\/holaspain.agency\/de\/wp-json\/wp\/v2\/types\/page"}],"author":[{"embeddable":true,"href":"https:\/\/holaspain.agency\/de\/wp-json\/wp\/v2\/users\/1"}],"replies":[{"embeddable":true,"href":"https:\/\/holaspain.agency\/de\/wp-json\/wp\/v2\/comments?post=2007"}],"version-history":[{"count":15,"href":"https:\/\/holaspain.agency\/de\/wp-json\/wp\/v2\/pages\/2007\/revisions"}],"predecessor-version":[{"id":2115,"href":"https:\/\/holaspain.agency\/de\/wp-json\/wp\/v2\/pages\/2007\/revisions\/2115"}],"wp:featuredmedia":[{"embeddable":true,"href":"https:\/\/holaspain.agency\/de\/wp-json\/wp\/v2\/media\/2033"}],"wp:attachment":[{"href":"https:\/\/holaspain.agency\/de\/wp-json\/wp\/v2\/media?parent=2007"}],"wp:term":[{"taxonomy":"category","embeddable":true,"href":"https:\/\/holaspain.agency\/de\/wp-json\/wp\/v2\/categories?post=2007"},{"taxonomy":"post_tag","embeddable":true,"href":"https:\/\/holaspain.agency\/de\/wp-json\/wp\/v2\/tags?post=2007"}],"curies":[{"name":"wp","href":"https:\/\/api.w.org\/{rel}","templated":true}]}}