{"id":1985,"date":"2025-11-05T11:52:11","date_gmt":"2025-11-05T11:52:11","guid":{"rendered":"https:\/\/holaspain.agency\/?page_id=1985"},"modified":"2026-02-05T18:45:02","modified_gmt":"2026-02-05T18:45:02","slug":"studentische-krankenversicherung-in-spanien-erforderlich-langzeitstudenten","status":"publish","type":"page","link":"https:\/\/holaspain.agency\/de\/student-health-insurance-required-in-spain-long-term-students\/","title":{"rendered":"Krankenversicherung f\u00fcr Studenten"},"content":{"rendered":"<div class=\"wpb-content-wrapper\"><div class=\"vc_row wpb_row vc_row-fluid\"><div class=\"wpb_column vc_column_container vc_col-sm-12\"><div class=\"vc_column-inner\"><div class=\"wpb_wrapper\">\n\t<div class=\"wpb_text_column wpb_content_element\" >\n\t\t<div class=\"wpb_wrapper\">\n\t\t\t<h1 style=\"text-align: justify;\">Krankenversicherungspflicht f\u00fcr Studenten in Spanien (Langzeitstudenten)<\/h1>\n<blockquote>\n<p style=\"text-align: justify;\">Wenn Sie vorhaben, l\u00e4nger als 90 Tage in Spanien zu studieren, ist der Abschluss einer g\u00fcltigen Krankenversicherung f\u00fcr Studenten in der Regel ein obligatorischer Bestandteil des Visums f\u00fcr einen Langzeitaufenthalt.<\/p>\n<\/blockquote>\n<h2 style=\"text-align: justify;\">Warum man in Spanien eine Krankenversicherung f\u00fcr Studenten braucht<\/h2>\n<p style=\"text-align: justify;\">Spanien verlangt von internationalen Studenten, die sich l\u00e4nger als 90 Tage in Spanien aufhalten, den Nachweis, dass sie w\u00e4hrend ihres Aufenthalts \u00fcber einen angemessenen Krankenversicherungsschutz verf\u00fcgen.<\/p>\n<p style=\"text-align: justify;\">Damit soll sichergestellt werden, dass die Studierenden bei Bedarf medizinische Versorgung in Anspruch nehmen k\u00f6nnen, ohne das \u00f6ffentliche Gesundheitssystem zu belasten.<\/p>\n<p style=\"text-align: justify;\">Die Krankenversicherung f\u00fcr Studenten ist daher ein Schl\u00fcsselelement Ihres Visumantrags und ein wesentlicher Bestandteil der Planung eines sicheren und vorschriftsm\u00e4\u00dfigen Langzeitaufenthalts in Spanien.<\/p>\n<h2 style=\"text-align: justify;\">Krankenversicherung f\u00fcr Studenten in Spanien f\u00fcr Langzeitstudien erforderlich<\/h2>\n<p style=\"text-align: justify;\">F\u00fcr internationale Studierende, die an Sprachkursen, Universit\u00e4tsprogrammen oder akademischen Aufenthalten in Spanien teilnehmen, muss die Krankenversicherung in der Regel die gesamte Dauer des Aufenthalts abdecken und ab dem Zeitpunkt der Einreise g\u00fcltig sein.<\/p>\n<p style=\"text-align: justify;\">Die Beh\u00f6rden erwarten in der Regel den Nachweis, dass der Student w\u00e4hrend des gesamten Studiums im Falle von Krankheit, Unfall oder Notf\u00e4llen Zugang zu medizinischer Hilfe haben wird.<\/p>\n<h2 style=\"text-align: justify;\">Krankenversicherung f\u00fcr Studenten in Spanien: Was das Visum normalerweise erwartet<\/h2>\n<ul style=\"text-align: justify;\">\n<li><strong>Versicherungsschutz f\u00fcr die gesamte Dauer<\/strong> f\u00fcr Ihr Studium und Ihren Aufenthalt in Spanien<\/li>\n<li><strong>Deckung von Krankheitskosten in Spanien<\/strong> f\u00fcr Unf\u00e4lle und unvorhergesehene Krankheiten<\/li>\n<li><strong>Notfallhilfe<\/strong> und Zugang zu medizinischer Versorgung im Bedarfsfall<\/li>\n<li><strong>Offizielle Versicherungsbescheinigung<\/strong> zur Vorlage bei Ihrem Antrag auf ein Studentenvisum<\/li>\n<\/ul>\n<h3 style=\"text-align: justify;\">Visum f\u00fcr einen Langzeitaufenthalt in Spanien: Versicherungsbescheinigung<\/h3>\n<p style=\"text-align: justify;\">Eine eindeutige und korrekt ausgestellte Versicherungsbescheinigung ist ein wichtiges Dokument f\u00fcr die Beantragung eines Visums f\u00fcr einen Langzeitaufenthalt in Spanien.<\/p>\n<p style=\"text-align: justify;\">Diese Bescheinigung best\u00e4tigt, dass der Student die von den Botschaften, Konsulaten, Akademien und Universit\u00e4ten geforderte Krankenversicherung erf\u00fcllt.<\/p>\n<h2 style=\"text-align: justify;\">Krankenversicherung f\u00fcr Studenten in Spanien: h\u00e4ufige Missverst\u00e4ndnisse<\/h2>\n<ul style=\"text-align: justify;\">\n<li>Annahme, dass eine Reiseversicherung f\u00fcr ein Langzeit-Studentenvisum ausreichend ist<\/li>\n<li>Abschluss einer Versicherung f\u00fcr weniger Monate als die tats\u00e4chliche Kursdauer<\/li>\n<li>Keine offizielle Versicherungsbescheinigung zur Vorlage verf\u00fcgbar<\/li>\n<li>Der Glaube, dass alle medizinischen Situationen automatisch und bedingungslos abgedeckt sind<\/li>\n<\/ul>\n<h3 style=\"text-align: justify;\">Langzeit-Studentenversicherung Spanien: passend zu Ihrem Aufenthalt<\/h3>\n<p style=\"text-align: justify;\">Um Probleme bei der Beantragung des Visums zu vermeiden, sollte die Krankenversicherung f\u00fcr Studenten immer f\u00fcr die gesamte Dauer des geplanten Aufenthalts in Spanien gelten. Jede L\u00fccke im Versicherungsschutz kann zu Verz\u00f6gerungen oder Nachfragen nach zus\u00e4tzlichen Unterlagen f\u00fchren.<\/p>\n<h2 style=\"text-align: justify;\">Studentenkrankenversicherung f\u00fcr Spanien mit Unterst\u00fctzung von HolaSpain<\/h2>\n<p style=\"text-align: justify;\">HolaSpain unterst\u00fctzt internationale Studenten, indem es ihnen hilft, die Anforderungen an die Krankenversicherung in Spanien zu verstehen und sicherstellt, dass ihr Versicherungsschutz und ihre Unterlagen korrekt mit den Erwartungen an ein Langzeit-Studentenvisum \u00fcbereinstimmen.<\/p>\n<p style=\"text-align: justify;\">Unsere Aufgabe ist es, die Studierenden klar und verantwortungsbewusst durch den Prozess zu f\u00fchren, damit sie sich auf ihr Studium konzentrieren k\u00f6nnen, weil sie wissen, dass diese wesentliche Anforderung ordnungsgem\u00e4\u00df erf\u00fcllt wird.<\/p>\n<h3 style=\"text-align: justify;\">Studentenvisum Spanien Krankenversicherung: vor der Reise<\/h3>\n<p style=\"text-align: justify;\">Wir empfehlen dringend, rechtzeitig vor der Reise nach Spanien eine Krankenversicherung f\u00fcr Studenten abzuschlie\u00dfen,<br \/>\nvor allem, wenn sie f\u00fcr die Beantragung eines Visums oder die Einschreibung in eine Schule erforderlich sind.<\/p>\n<blockquote>\n<p style=\"text-align: justify;\">Mit HolaSpain verstehen internationale Studenten, warum eine Krankenversicherung in Spanien erforderlich ist, und erhalten die richtige Beratung f\u00fcr einen gesetzeskonformen Langzeitaufenthalt.<\/p>\n<\/blockquote>\n\n\t\t<\/div>\n\t<\/div>\n<section class=\"vc_cta3-container\"><div class=\"vc_general vc_do_cta3 vc_cta3 vc_cta3-style-outline vc_cta3-shape-rounded vc_cta3-align-left vc_cta3-color-classic vc_cta3-icon-size-md vc_cta3-icons-left vc_cta3-actions-right\"><div class=\"vc_cta3-icons\"><div class=\"vc_icon_element vc_icon_element-outer vc_do_icon vc_icon_element-align-left\"><div class=\"vc_icon_element-inner vc_icon_element-color-turquoise vc_icon_element-size-md vc_icon_element-style- vc_icon_element-background-color-grey\" ><span class=\"vc_icon_element-icon fa fa-solid fa-arrow-right-from-bracket\" ><\/span><\/div><\/div><\/div><div class=\"vc_cta3_content-container\"><div class=\"vc_cta3-content\"><header class=\"vc_cta3-content-header\"><h2>Beginnen Sie Ihr spanisches Abenteuer noch heute!<\/h2><\/header><p>\nHaben Sie Fragen oder m\u00f6chten Sie den perfekten Spanischkurs finden? Kontaktieren Sie HolaSpain noch heute und lassen Sie uns Ihnen bei der Planung Ihrer Lernerfahrung in Spanien helfen.<\/p>\n<\/div><div class=\"vc_cta3-actions\"><div class=\"vc_btn3-container vc_btn3-inline vc_do_btn\" ><a class=\"vc_general vc_btn3 vc_btn3-size-md vc_btn3-shape-rounded vc_btn3-style-modern vc_btn3-color-info\" href=\"https:\/\/holaspain.agency\/de\/#contact\" title=\"\">Erreichen Sie uns heute<\/a><\/div><\/div><\/div><\/div><\/section><\/div><\/div><\/div><\/div>\n<\/div>","protected":false},"excerpt":{"rendered":"<p>Student health insurance is usually required for long-term study in Spain. HolaSpain helps you arrange correct coverage and provides an official certificate for your student visa application.<\/p>","protected":false},"author":1,"featured_media":1992,"parent":0,"menu_order":0,"comment_status":"closed","ping_status":"closed","template":"","meta":{"_seopress_robots_primary_cat":"","_seopress_titles_title":"%%sitetitle%% %%sep%% Student health insurance required in Spain","_seopress_titles_desc":"Student health insurance required in Spain for long-term students. Get the correct coverage and an official certificate for your Spain student visa.","_seopress_robots_index":"","_daextam_enable_autolinks":"1","footnotes":""},"categories":[61],"tags":[],"class_list":["post-1985","page","type-page","status-publish","has-post-thumbnail","hentry","category-services"],"_links":{"self":[{"href":"https:\/\/holaspain.agency\/de\/wp-json\/wp\/v2\/pages\/1985","targetHints":{"allow":["GET"]}}],"collection":[{"href":"https:\/\/holaspain.agency\/de\/wp-json\/wp\/v2\/pages"}],"about":[{"href":"https:\/\/holaspain.agency\/de\/wp-json\/wp\/v2\/types\/page"}],"author":[{"embeddable":true,"href":"https:\/\/holaspain.agency\/de\/wp-json\/wp\/v2\/users\/1"}],"replies":[{"embeddable":true,"href":"https:\/\/holaspain.agency\/de\/wp-json\/wp\/v2\/comments?post=1985"}],"version-history":[{"count":39,"href":"https:\/\/holaspain.agency\/de\/wp-json\/wp\/v2\/pages\/1985\/revisions"}],"predecessor-version":[{"id":2500,"href":"https:\/\/holaspain.agency\/de\/wp-json\/wp\/v2\/pages\/1985\/revisions\/2500"}],"wp:featuredmedia":[{"embeddable":true,"href":"https:\/\/holaspain.agency\/de\/wp-json\/wp\/v2\/media\/1992"}],"wp:attachment":[{"href":"https:\/\/holaspain.agency\/de\/wp-json\/wp\/v2\/media?parent=1985"}],"wp:term":[{"taxonomy":"category","embeddable":true,"href":"https:\/\/holaspain.agency\/de\/wp-json\/wp\/v2\/categories?post=1985"},{"taxonomy":"post_tag","embeddable":true,"href":"https:\/\/holaspain.agency\/de\/wp-json\/wp\/v2\/tags?post=1985"}],"curies":[{"name":"wp","href":"https:\/\/api.w.org\/{rel}","templated":true}]}}