{"id":1974,"date":"2025-11-05T11:12:43","date_gmt":"2025-11-05T11:12:43","guid":{"rendered":"https:\/\/holaspain.agency\/?page_id=1974"},"modified":"2026-02-12T16:00:44","modified_gmt":"2026-02-12T16:00:44","slug":"studentenvisum-fur-spanien","status":"publish","type":"page","link":"https:\/\/holaspain.agency\/de\/student-visa-for-spain\/","title":{"rendered":"Studentenvisum f\u00fcr Spanien"},"content":{"rendered":"<div class=\"wpb-content-wrapper\"><div class=\"vc_row wpb_row vc_row-fluid\"><div class=\"wpb_column vc_column_container vc_col-sm-12\"><div class=\"vc_column-inner\"><div class=\"wpb_wrapper\">\n\t<div class=\"wpb_text_column wpb_content_element\" >\n\t\t<div class=\"wpb_wrapper\">\n\t\t\t<h1 style=\"text-align: justify;\">Studentenvisum f\u00fcr Spanien<\/h1>\n<blockquote>\n<p style=\"text-align: justify;\">Nicht-EU-Studenten, die l\u00e4nger als 90 Tage in Spanien studieren m\u00f6chten, ben\u00f6tigen in der Regel ein Visum f\u00fcr Langzeitstudenten (Typ D). HolaSpain hilft Ihnen bei der Auswahl einer anerkannten Schule, bei der Beschaffung der offiziellen Einschreibeunterlagen und bei der Vorbereitung Ihrer Bewerbung, damit Sie sich auf das Erlernen der spanischen Sprache konzentrieren und das Leben in Spanien genie\u00dfen k\u00f6nnen.<\/p>\n<\/blockquote>\n<p style=\"text-align: justify;\" data-pm-slice=\"0 0 &#091;&#093;\">Wir arbeiten ausschlie\u00dflich mit <strong>Vom Instituto Cervantes akkreditierte Spanisch-Sprachschulen<\/strong>, and we coordinate the documentation typically required for student visa applications. Our partner schools provide high-quality Spanish courses and support throughout the pre-arrival visa process.<\/p>\n<h2 style=\"text-align: justify;\">Wer braucht ein Studentenvisum?<\/h2>\n<h4 style=\"text-align: justify;\">Kurzaufenthalte (unter 90 Tagen)<\/h4>\n<p style=\"text-align: justify;\">F\u00fcr Aufenthalte von weniger als 90 Tagen h\u00e4ngt die Visumpflicht von Ihrer Staatsangeh\u00f6rigkeit ab. Einige Reisende k\u00f6nnen visumfrei in den Schengen-Raum einreisen, w\u00e4hrend andere ein Visum f\u00fcr einen Kurzaufenthalt (Schengen) beantragen m\u00fcssen. Erkundigen Sie sich vor Ihrer Reise bei Ihrem spanischen Konsulat nach den aktuellen Anforderungen.<\/p>\n<h5 style=\"text-align: justify;\">Visumspflicht (amtlicher Hinweis)<\/h5>\n<p style=\"text-align: justify;\">Anstatt sich auf informelle L\u00e4nderlisten zu verlassen, empfehlen wir, die offiziellen EU-Listen der Staatsangeh\u00f6rigen zu pr\u00fcfen, die f\u00fcr Kurzaufenthalte ein Schengen-Visum ben\u00f6tigen (oder auch nicht), und sich \u00fcber etwaige konsulatsspezifische Vorschriften zu informieren, wo Sie sich bewerben.<\/p>\n<h5 style=\"text-align: justify;\">ETIAS (k\u00fcnftig erforderlich f\u00fcr einige visumfreie Reisende)<\/h5>\n<p style=\"text-align: justify;\">ETIAS ist <strong>noch nicht betriebsbereit<\/strong>. Sobald dies umgesetzt ist, ben\u00f6tigen Reisende aus bestimmten visumfreien L\u00e4ndern f\u00fcr Kurzaufenthalte ein genehmigtes ETIAS. Wenn Sie in Zukunft eine Reise planen, sollten Sie sich vor Ihrer Reise \u00fcber den aktuellen ETIAS-Status und die Anforderungen informieren.<\/p>\n<h4 style=\"text-align: justify;\">Lange Aufenthalte (\u00fcber 90 Tage)<\/h4>\n<p style=\"text-align: justify;\">Wenn Sie planen, l\u00e4nger als 90 Tage zu studieren, ben\u00f6tigen Sie in der Regel eine <strong>Studentenvisum Typ D<\/strong> um nach Spanien einzureisen und f\u00fcr die Dauer Ihres Studiums legal zu bleiben. Die genauen Anforderungen und Unterlagen k\u00f6nnen von Konsulat zu Konsulat und von Studiengang zu Studiengang variieren.<\/p>\n<h2 style=\"text-align: justify;\">Anforderungen an den Kurs<\/h2>\n<p style=\"text-align: justify;\">Um sich f\u00fcr ein Studentenvisum zu qualifizieren, m\u00fcssen Sie an einer der folgenden Schulen eingeschrieben sein <strong>Vollzeitprogramm<\/strong>. F\u00fcr Spanischkurse erwarten viele Konsulate in der Regel eine <strong>intensiver Zeitplan (oft etwa 20 Stunden pro Woche)<\/strong>, Die genauen Kriterien k\u00f6nnen jedoch je nach Konsulat und Art des Programms variieren. Die Partner von HolaSpain bieten Intensivkurse an, die darauf ausgerichtet sind, die \u00fcblichen Erwartungen der Konsulate f\u00fcr Antr\u00e4ge auf einen Langzeitaufenthalt zu erf\u00fcllen.<\/p>\n<h3 style=\"text-align: justify;\">Erforderliche Dokumente (typisch)<\/h3>\n<ul style=\"text-align: justify;\">\n<li>Ausgef\u00fclltes Visumantragsformular (wie von Ihrem Konsulat verlangt)<\/li>\n<li>G\u00fcltiger Reisepass (g\u00fcltig f\u00fcr den gesamten geplanten Aufenthalt; m\u00f6glicherweise gelten konsulatsspezifische G\u00fcltigkeitsvorschriften)<\/li>\n<li>Offizielles Zulassungs-\/Einschreibungsschreiben der spanischen Schule<\/li>\n<li>Nachweis finanzieller Mittel (die Anforderungen variieren; viele Konsulate verweisen auf IPREM-basierte Kriterien)<\/li>\n<li>In Spanien g\u00fcltige private Krankenversicherung (umfassender Versicherungsschutz; die Konsulate verlangen oft keine Zuzahlungen f\u00fcr den Antragsteller)<\/li>\n<li>\u00dcberpr\u00fcfung des strafrechtlichen Hintergrunds (polizeiliches F\u00fchrungszeugnis), falls f\u00fcr Ihren Fall und die Dauer erforderlich<\/li>\n<li>Passfotos und entsprechende Konsulatsgeb\u00fchren<\/li>\n<\/ul>\n<h2 style=\"text-align: justify;\">Wie HolaSpain hilft - Schritt f\u00fcr Schritt<\/h2>\n<ol style=\"text-align: justify;\">\n<li>Kontaktieren Sie HolaSpain und w\u00e4hlen Sie Ihre Schule, Stadt und Kursdaten.<\/li>\n<li>Wir best\u00e4tigen die Verf\u00fcgbarkeit und die Einschreibeoptionen mit der Schule und senden die Rechnung, um fortzufahren.<\/li>\n<li>Sie leisten die Zahlung, um Ihren Platz zu reservieren, und erhalten eine Zahlungsbest\u00e4tigung.<\/li>\n<li>Wir koordinieren die Einschreibeunterlagen, die in der Regel f\u00fcr die Beantragung beim Konsulat ben\u00f6tigt werden (Zulassungsschreiben, Programmdetails und Rechnung\/Beleg).<\/li>\n<li>Sie reichen Ihren Visumantrag bei dem spanischen Konsulat\/der spanischen Botschaft ein, das\/die f\u00fcr Ihren Wohnsitz zust\u00e4ndig ist.<\/li>\n<li>Nach der Visabewilligung arrangieren Sie Ihre Reise und Unterkunft; wir k\u00f6nnen Ihnen bei der Suche nach einer Unterkunft und dem Flughafentransfer behilflich sein.<\/li>\n<\/ol>\n<h4 style=\"text-align: justify;\">Bearbeitungszeit und Zeitplan<\/h4>\n<p style=\"text-align: justify;\">Die Bearbeitungszeiten sind von Konsulat zu Konsulat und von Jahreszeit zu Jahreszeit sehr unterschiedlich. Generell gilt: Stellen Sie Ihren Antrag so fr\u00fch wie m\u00f6glich bei Ihrem Konsulat und planen Sie zus\u00e4tzliche Zeit f\u00fcr Termine, die Legalisierung von Dokumenten\/Apostillen (falls erforderlich) und m\u00f6gliche Verz\u00f6gerungen ein.<\/p>\n<h4 style=\"text-align: justify;\">Nach Ankunft in Spanien (TIE)<\/h4>\n<p style=\"text-align: justify;\">Wenn Ihr genehmigter Aufenthalt l\u00e4nger ist als <strong>6 Monate<\/strong>, m\u00fcssen Sie in der Regel einen Antrag auf eine <strong>TIE (Ausweis f\u00fcr Ausl\u00e4nder)<\/strong> nach der Ankunft in Spanien. Dies geschieht \u00fcber die zust\u00e4ndigen Polizei- und Einwanderungsbeh\u00f6rden und erfordert einen Termin.<\/p>\n<h4 style=\"text-align: justify;\">Arbeit und Praktika<\/h4>\n<p style=\"text-align: justify;\">Die Sch\u00fcler k\u00f6nnen arbeiten, solange es sich um <strong>mit ihrem Studium vereinbar sind<\/strong>. Im Allgemeinen sollten die Arbeiten nicht mehr als <strong>30 Stunden pro Woche<\/strong>. Der konkrete Weg (automatische Erlaubnis oder zus\u00e4tzliche Genehmigung) kann von der Art des Studiums und Ihrer individuellen Situation abh\u00e4ngen, daher empfehlen wir Ihnen, sich \u00fcber die Bedingungen zu informieren, an die Ihre Genehmigung gekn\u00fcpft ist.<\/p>\n<h4 style=\"text-align: justify;\">Verl\u00e4ngern oder erneuern Sie Ihre Genehmigung<\/h4>\n<p style=\"text-align: justify;\">Oft ist es m\u00f6glich, einen Studentenaufenthalt von Spanien aus zu verl\u00e4ngern, wenn Sie die Voraussetzungen weiterhin erf\u00fcllen (z. B. fortlaufende Immatrikulation und akademische Fortschritte). HolaSpain kann Sie bei Verl\u00e4ngerungen und den damit verbundenen administrativen Schritten unterst\u00fctzen.<\/p>\n\n\t\t<\/div>\n\t<\/div>\n\n<div class=\"vc_grid-container-wrapper vc_clearfix vc_grid-animation-none\">\n\t<div class=\"vc_grid-container vc_clearfix wpb_content_element vc_masonry_grid\" data-initial-loading-animation=\"none\" data-vc-grid-settings=\"{&quot;page_id&quot;:1974,&quot;style&quot;:&quot;all-masonry&quot;,&quot;action&quot;:&quot;vc_get_vc_grid_data&quot;,&quot;shortcode_id&quot;:&quot;1770912021257-9600c44d-59dd-10&quot;,&quot;tag&quot;:&quot;vc_masonry_grid&quot;}\" data-vc-request=\"https:\/\/holaspain.agency\/wp-admin\/admin-ajax.php\" data-vc-post-id=\"1974\" data-vc-public-nonce=\"9ffa800287\">\n\t\t\n\t<\/div>\n<\/div><section class=\"vc_cta3-container\"><div class=\"vc_general vc_do_cta3 vc_cta3 vc_cta3-style-outline vc_cta3-shape-rounded vc_cta3-align-left vc_cta3-color-classic vc_cta3-icon-size-md vc_cta3-icons-left vc_cta3-actions-right\"><div class=\"vc_cta3-icons\"><div class=\"vc_icon_element vc_icon_element-outer vc_do_icon vc_icon_element-align-left\"><div class=\"vc_icon_element-inner vc_icon_element-color-turquoise vc_icon_element-size-md vc_icon_element-style- vc_icon_element-background-color-grey\" ><span class=\"vc_icon_element-icon fa fa-solid fa-arrow-right-from-bracket\" ><\/span><\/div><\/div><\/div><div class=\"vc_cta3_content-container\"><div class=\"vc_cta3-content\"><header class=\"vc_cta3-content-header\"><h2>Beginnen Sie Ihr spanisches Abenteuer noch heute!<\/h2><\/header><p>Haben Sie Fragen oder m\u00f6chten Sie den perfekten Spanischkurs finden? Kontaktieren Sie HolaSpain noch heute und lassen Sie uns Ihnen bei der Planung Ihrer Lernerfahrung in Spanien helfen.<\/p>\n<\/div><div class=\"vc_cta3-actions\"><div class=\"vc_btn3-container vc_btn3-inline vc_do_btn\" ><a class=\"vc_general vc_btn3 vc_btn3-size-md vc_btn3-shape-rounded vc_btn3-style-modern vc_btn3-color-info\" href=\"https:\/\/holaspain.agency\/de\/#contact\" title=\"\">Erreichen Sie uns heute<\/a><\/div><\/div><\/div><\/div><\/section><\/div><\/div><\/div><\/div>\n<\/div>","protected":false},"excerpt":{"rendered":"<p>Nicht-EU-Studenten, die sich l\u00e4nger als 90 Tage in Spanien aufhalten, ben\u00f6tigen ein Langzeit-Studentenvisum (Typ D). HolaSpain begleitet Sie durch den Papierkram und das konsularische Verfahren, damit Sie sich auf das Studieren und Genie\u00dfen Spaniens konzentrieren k\u00f6nnen.<\/p>","protected":false},"author":1,"featured_media":1982,"parent":0,"menu_order":0,"comment_status":"closed","ping_status":"closed","template":"","meta":{"_seopress_robots_primary_cat":"","_seopress_titles_title":"%%sitetitle%% %%sep%% %%post_title%%","_seopress_titles_desc":"Complete guide to applying for a student visa for Spain. Learn about requirements, documents, and steps to successfully obtain your visa and study in Spain.","_seopress_robots_index":"","_daextam_enable_autolinks":"1","footnotes":""},"categories":[61],"tags":[],"class_list":["post-1974","page","type-page","status-publish","has-post-thumbnail","hentry","category-services"],"_links":{"self":[{"href":"https:\/\/holaspain.agency\/de\/wp-json\/wp\/v2\/pages\/1974","targetHints":{"allow":["GET"]}}],"collection":[{"href":"https:\/\/holaspain.agency\/de\/wp-json\/wp\/v2\/pages"}],"about":[{"href":"https:\/\/holaspain.agency\/de\/wp-json\/wp\/v2\/types\/page"}],"author":[{"embeddable":true,"href":"https:\/\/holaspain.agency\/de\/wp-json\/wp\/v2\/users\/1"}],"replies":[{"embeddable":true,"href":"https:\/\/holaspain.agency\/de\/wp-json\/wp\/v2\/comments?post=1974"}],"version-history":[{"count":17,"href":"https:\/\/holaspain.agency\/de\/wp-json\/wp\/v2\/pages\/1974\/revisions"}],"predecessor-version":[{"id":2526,"href":"https:\/\/holaspain.agency\/de\/wp-json\/wp\/v2\/pages\/1974\/revisions\/2526"}],"wp:featuredmedia":[{"embeddable":true,"href":"https:\/\/holaspain.agency\/de\/wp-json\/wp\/v2\/media\/1982"}],"wp:attachment":[{"href":"https:\/\/holaspain.agency\/de\/wp-json\/wp\/v2\/media?parent=1974"}],"wp:term":[{"taxonomy":"category","embeddable":true,"href":"https:\/\/holaspain.agency\/de\/wp-json\/wp\/v2\/categories?post=1974"},{"taxonomy":"post_tag","embeddable":true,"href":"https:\/\/holaspain.agency\/de\/wp-json\/wp\/v2\/tags?post=1974"}],"curies":[{"name":"wp","href":"https:\/\/api.w.org\/{rel}","templated":true}]}}