{"id":1956,"date":"2025-11-05T10:46:53","date_gmt":"2025-11-05T10:46:53","guid":{"rendered":"https:\/\/holaspain.agency\/?page_id=1956"},"modified":"2025-11-06T09:44:43","modified_gmt":"2025-11-06T09:44:43","slug":"csn-centrala-studiestodsnamnden","status":"publish","type":"page","link":"https:\/\/holaspain.agency\/de\/csn-centrala-studiestodsnamnden\/","title":{"rendered":"CSN - Centrala studiest\u00f6dsn\u00e4mnden"},"content":{"rendered":"<div class=\"wpb-content-wrapper\"><div class=\"vc_row wpb_row vc_row-fluid\"><div class=\"wpb_column vc_column_container vc_col-sm-12\"><div class=\"vc_column-inner\"><div class=\"wpb_wrapper\">\n\t<div class=\"wpb_text_column wpb_content_element\" >\n\t\t<div class=\"wpb_wrapper\">\n\t\t\t<h1 style=\"text-align: justify;\">CSN - Spanisch lernen in Spanien mit finanzieller Unterst\u00fctzung<\/h1>\n<blockquote>\n<p style=\"text-align: justify;\">Mit Unterst\u00fctzung von CSN (Centrala studiest\u00f6dsn\u00e4mnden) k\u00f6nnen schwedische Studenten Spanisch in Spanien lernen und gleichzeitig finanzielle Unterst\u00fctzung erhalten. HolaSpain arbeitet mit akkreditierten spanischen Schulen zusammen, die von CSN anerkannte Intensivsprachkurse anbieten. So k\u00f6nnen Sie Spanisch lernen, Credits erwerben und vollst\u00e4ndig in die spanische Kultur eintauchen - und das alles mit finanzieller Unterst\u00fctzung durch Schwedens nationales Studentenhilfesystem.<\/p>\n<\/blockquote>\n<h2 style=\"text-align: justify;\">Warum HolaSpain f\u00fcr CSN-finanzierte Studien w\u00e4hlen?<\/h2>\n<ul style=\"text-align: justify;\">\n<li>CSN-anerkannte Kurse in mehreren spanischen St\u00e4dten<\/li>\n<li>Intensive Programme mit 20-30 Unterrichtsstunden pro Woche<\/li>\n<li>Verf\u00fcgbar f\u00fcr alle Niveaus - vom Anf\u00e4nger bis zum Fortgeschrittenen<\/li>\n<li>Studieren in Top-Destinationen wie Madrid, Valencia, Malaga und Cadiz<\/li>\n<li>Professionelle Beratung bei CSN-Antr\u00e4gen und Schulanmeldungen<\/li>\n<\/ul>\n<h2 style=\"text-align: justify;\">Wie man sich f\u00fcr CSN zum Studium in Spanien bewirbt<\/h2>\n<ol style=\"text-align: justify;\">\n<li>W\u00e4hlen Sie Ihren Spanischkurs und Ihr Reiseziel mit HolaSpain<\/li>\n<li>Reichen Sie Ihre Immatrikulationsunterlagen bei CSN zur Genehmigung ein<\/li>\n<li>Erhalten Sie Ihre Studienbeihilfe (bidrag) und Ihr Darlehen (l\u00e5n) von CSN<\/li>\n<li>Beginnen Sie Ihren Spanischkurs und erleben Sie das Leben im Ausland, w\u00e4hrend Sie lernen<\/li>\n<\/ol>\n<h3 style=\"text-align: justify;\">Anerkannte Spanisch-Sprachschulen f\u00fcr CSN<\/h3>\n<p style=\"text-align: justify;\">HolaSpain arbeitet mit anerkannten Spanisch-Sprachschulen zusammen, die die Anforderungen f\u00fcr die finanzielle Unterst\u00fctzung durch CSN erf\u00fcllen. Unsere Programme kombinieren qualitativ hochwertigen Unterricht mit kulturellen Aktivit\u00e4ten und helfen Ihnen, Ihre Sprachkenntnisse zu verbessern, w\u00e4hrend Sie die lokalen Traditionen, das Essen und das Alltagsleben in Spanien genie\u00dfen.<\/p>\n<blockquote>\n<p style=\"text-align: justify;\">Investieren Sie in Ihre Zukunft, erweitern Sie Ihren Horizont und lernen Sie Spanisch in einer dynamischen, intensiven Umgebung - mit der finanziellen Unterst\u00fctzung von CSN. HolaSpain macht ein Studium in Spanien einfach, bereichernd und unvergesslich.<\/p>\n<\/blockquote>\n\n\t\t<\/div>\n\t<\/div>\n<section class=\"vc_cta3-container\"><div class=\"vc_general vc_do_cta3 vc_cta3 vc_cta3-style-outline vc_cta3-shape-rounded vc_cta3-align-left vc_cta3-color-classic vc_cta3-icon-size-md vc_cta3-icons-left vc_cta3-actions-right\"><div class=\"vc_cta3-icons\"><div class=\"vc_icon_element vc_icon_element-outer vc_do_icon vc_icon_element-align-left\"><div class=\"vc_icon_element-inner vc_icon_element-color-turquoise vc_icon_element-size-md vc_icon_element-style- vc_icon_element-background-color-grey\" ><span class=\"vc_icon_element-icon fa fa-solid fa-arrow-right-from-bracket\" ><\/span><\/div><\/div><\/div><div class=\"vc_cta3_content-container\"><div class=\"vc_cta3-content\"><header class=\"vc_cta3-content-header\"><h2>Beginnen Sie Ihr spanisches Abenteuer noch heute!<\/h2><\/header><p>Haben Sie Fragen oder m\u00f6chten Sie den perfekten Spanischkurs finden? Kontaktieren Sie HolaSpain noch heute und lassen Sie uns Ihnen bei der Planung Ihrer Lernerfahrung in Spanien helfen.<\/p>\n<\/div><div class=\"vc_cta3-actions\"><div class=\"vc_btn3-container vc_btn3-inline vc_do_btn\" ><a class=\"vc_general vc_btn3 vc_btn3-size-md vc_btn3-shape-rounded vc_btn3-style-modern vc_btn3-color-info\" href=\"https:\/\/holaspain.agency\/de\/#contact\" title=\"\">Erreichen Sie uns heute<\/a><\/div><\/div><\/div><\/div><\/section><\/div><\/div><\/div><\/div>\n<\/div>","protected":false},"excerpt":{"rendered":"<p>Mit Unterst\u00fctzung von CSN (Centrala studiest\u00f6dsn\u00e4mnden) k\u00f6nnen schwedische Studenten Spanisch in Spanien lernen und gleichzeitig finanzielle Unterst\u00fctzung erhalten. HolaSpain arbeitet mit akkreditierten spanischen Schulen zusammen, die von CSN anerkannte Intensivsprachkurse anbieten. So k\u00f6nnen Sie Spanisch lernen, Credits erwerben und vollst\u00e4ndig in die spanische Kultur eintauchen - und das alles mit finanzieller Unterst\u00fctzung durch Schwedens nationales Studentenhilfesystem.<\/p>","protected":false},"author":1,"featured_media":1960,"parent":0,"menu_order":0,"comment_status":"closed","ping_status":"closed","template":"","meta":{"_seopress_robots_primary_cat":"","_seopress_titles_title":"%%sitetitle%% %%sep%% %%post_title%%","_seopress_titles_desc":"Study Spanish in Spain with CSN support. HolaSpain offers CSN-approved intensive courses in cities like Madrid and Valencia for Swedish students.","_seopress_robots_index":"","_daextam_enable_autolinks":"","footnotes":""},"categories":[60],"tags":[],"class_list":["post-1956","page","type-page","status-publish","has-post-thumbnail","hentry","category-eu-programmes"],"_links":{"self":[{"href":"https:\/\/holaspain.agency\/de\/wp-json\/wp\/v2\/pages\/1956","targetHints":{"allow":["GET"]}}],"collection":[{"href":"https:\/\/holaspain.agency\/de\/wp-json\/wp\/v2\/pages"}],"about":[{"href":"https:\/\/holaspain.agency\/de\/wp-json\/wp\/v2\/types\/page"}],"author":[{"embeddable":true,"href":"https:\/\/holaspain.agency\/de\/wp-json\/wp\/v2\/users\/1"}],"replies":[{"embeddable":true,"href":"https:\/\/holaspain.agency\/de\/wp-json\/wp\/v2\/comments?post=1956"}],"version-history":[{"count":5,"href":"https:\/\/holaspain.agency\/de\/wp-json\/wp\/v2\/pages\/1956\/revisions"}],"predecessor-version":[{"id":2015,"href":"https:\/\/holaspain.agency\/de\/wp-json\/wp\/v2\/pages\/1956\/revisions\/2015"}],"wp:featuredmedia":[{"embeddable":true,"href":"https:\/\/holaspain.agency\/de\/wp-json\/wp\/v2\/media\/1960"}],"wp:attachment":[{"href":"https:\/\/holaspain.agency\/de\/wp-json\/wp\/v2\/media?parent=1956"}],"wp:term":[{"taxonomy":"category","embeddable":true,"href":"https:\/\/holaspain.agency\/de\/wp-json\/wp\/v2\/categories?post=1956"},{"taxonomy":"post_tag","embeddable":true,"href":"https:\/\/holaspain.agency\/de\/wp-json\/wp\/v2\/tags?post=1956"}],"curies":[{"name":"wp","href":"https:\/\/api.w.org\/{rel}","templated":true}]}}