{"id":19,"date":"2016-09-05T20:18:10","date_gmt":"2016-09-05T20:18:10","guid":{"rendered":"http:\/\/demos.famethemes.com\/screenr-plus\/?page_id=19"},"modified":"2025-11-05T11:41:23","modified_gmt":"2025-11-05T11:41:23","slug":"unterkunfts-und-unterstutzungsdienste","status":"publish","type":"page","link":"https:\/\/holaspain.agency\/de\/accommodation-and-support-services\/","title":{"rendered":"Unterkunft und Unterst\u00fctzungsdienste"},"content":{"rendered":"<div class=\"wpb-content-wrapper\"><div class=\"vc_row wpb_row vc_row-fluid\"><div class=\"wpb_column vc_column_container vc_col-sm-12\"><div class=\"vc_column-inner\"><div class=\"wpb_wrapper\">\n\t<div class=\"wpb_text_column wpb_content_element\" >\n\t\t<div class=\"wpb_wrapper\">\n\t\t\t<h1>Unterkunft und Unterst\u00fctzungsdienste<\/h1>\n<h2>F\u00fchlen Sie sich wie zu Hause, w\u00e4hrend Sie Spanisch lernen<\/h2>\n<p>Die Wahl des richtigen Aufenthaltsortes kann Ihre Studienerfahrung im Ausland ver\u00e4ndern. Unter <strong>Hola Spanien<\/strong>, Wir sorgen daf\u00fcr, dass sich jeder Sch\u00fcler sicher und wohl f\u00fchlt und wirklich in das spanische Leben eintaucht. Ganz gleich, ob Sie die W\u00e4rme einer einheimischen Familie, die Unabh\u00e4ngigkeit eines Studentenwohnheims oder die Flexibilit\u00e4t einer Wohngemeinschaft bevorzugen, wir helfen Ihnen, das perfekte Zuhause fernab der Heimat zu finden.<\/p>\n<h2>Unterkunftsarten in Spanien<\/h2>\n<h3>1. Gastfamilien - Leben auf die spanische Art<\/h3>\n<p>Der Aufenthalt bei einer <strong>Spanische Gastfamilie<\/strong> ist die authentischste Art, die lokale Kultur zu erleben. Sie werden an den Mahlzeiten, Gespr\u00e4chen und Traditionen teilhaben und dabei nat\u00fcrlich jeden Tag Ihr Spanisch \u00fcben.<\/p>\n<ul>\n<li>Voll- oder Halbpension m\u00f6glich<\/li>\n<li>Sorgf\u00e4ltig ausgew\u00e4hlte und regelm\u00e4\u00dfig \u00fcberpr\u00fcfte Familien<\/li>\n<li>Ideal f\u00fcr Erwachsene, Teenager und Erstbesucher<\/li>\n<\/ul>\n<h3>2. Studentenwohnheime - eine soziale und unabh\u00e4ngige Option<\/h3>\n<p>Unser modernes <strong>Studentenwohnheime in Spanien<\/strong> bieten die perfekte Mischung aus Gemeinschaft und Unabh\u00e4ngigkeit. Lernen Sie neue Freunde aus der ganzen Welt kennen und genie\u00dfen Sie die erstklassigen Einrichtungen in der N\u00e4he Ihrer Spanischschule.<\/p>\n<ul>\n<li>Privat- oder Mehrbettzimmer<\/li>\n<li>Gemeinschaftsr\u00e4ume, K\u00fcchen und Arbeitsr\u00e4ume<\/li>\n<li>Wi-Fi, W\u00e4sche und w\u00f6chentliche Reinigung inklusive<\/li>\n<\/ul>\n<h3>3. Wohngemeinschaften - Freiheit und Flexibilit\u00e4t<\/h3>\n<p>Wenn Sie mehr Unabh\u00e4ngigkeit bevorzugen, ist unser <strong>Gemeinschaftswohnungen<\/strong> sind ideal. Wohnen Sie mit anderen internationalen Studenten zusammen, genie\u00dfen Sie Privatsph\u00e4re und erkunden Sie Spanien in Ihrem eigenen Rhythmus.<\/p>\n<ul>\n<li>Vollst\u00e4ndig ausgestattete K\u00fcchen und komfortable Wohnbereiche<\/li>\n<li>Flexible Aufenthaltsdauer<\/li>\n<li>Perfekt f\u00fcr Langzeitstudenten und digitale Nomaden<\/li>\n<\/ul>\n<h2>Unterst\u00fctzungsdienste f\u00fcr Studenten in Spanien<\/h2>\n<p>Hola Spain bietet eine vollst\u00e4ndige Palette von <strong>studentische Hilfsdienste<\/strong> um Ihren Aufenthalt reibungslos, angenehm und sorgenfrei zu gestalten - von Ihrer Ankunft bis zu Ihrem letzten Tag in Spanien.<\/p>\n<ul>\n<li><strong>Abholung vom Flughafen und Transferhilfe<\/strong> f\u00fcr eine sichere Ankunft<\/li>\n<li><strong>24\/7 Notfallkontakt<\/strong> f\u00fcr den Seelenfrieden<\/li>\n<li><strong>Orientierungssitzungen<\/strong> damit Sie sich schnell anpassen k\u00f6nnen<\/li>\n<li><strong>Lokale Beratung und Aktivit\u00e4ten<\/strong> um Sie mit der spanischen Kultur vertraut zu machen<\/li>\n<\/ul>\n<h2>Warum Hola Spain Unterkunft w\u00e4hlen<\/h2>\n<ul>\n<li>Vertrauensw\u00fcrdiges und gepr\u00fcftes Wohnungsnetz<\/li>\n<li>Sichere, zentrale und einladende Umgebungen<\/li>\n<li>Ma\u00dfgeschneiderte Angebote f\u00fcr Erwachsene, Teenager und Gruppen<\/li>\n<li>Vollst\u00e4ndiges Eintauchen in die Kultur und laufende Unterst\u00fctzung<\/li>\n<\/ul>\n\n\t\t<\/div>\n\t<\/div>\n<section class=\"vc_cta3-container\"><div class=\"vc_general vc_do_cta3 vc_cta3 vc_cta3-style-outline vc_cta3-shape-rounded vc_cta3-align-left vc_cta3-color-classic vc_cta3-icon-size-md vc_cta3-icons-left vc_cta3-actions-right\"><div class=\"vc_cta3-icons\"><div class=\"vc_icon_element vc_icon_element-outer vc_do_icon vc_icon_element-align-left\"><div class=\"vc_icon_element-inner vc_icon_element-color-turquoise vc_icon_element-size-md vc_icon_element-style- vc_icon_element-background-color-grey\" ><span class=\"vc_icon_element-icon fa fa-solid fa-arrow-right-from-bracket\" ><\/span><\/div><\/div><\/div><div class=\"vc_cta3_content-container\"><div class=\"vc_cta3-content\"><header class=\"vc_cta3-content-header\"><h2>Beginnen Sie Ihr spanisches Abenteuer noch heute!<\/h2><\/header><p>Haben Sie Fragen oder m\u00f6chten Sie den perfekten Spanischkurs finden? Kontaktieren Sie HolaSpain noch heute und lassen Sie uns Ihnen bei der Planung Ihrer Lernerfahrung in Spanien helfen.<\/p>\n<\/div><div class=\"vc_cta3-actions\"><div class=\"vc_btn3-container vc_btn3-inline vc_do_btn\" ><a class=\"vc_general vc_btn3 vc_btn3-size-md vc_btn3-shape-rounded vc_btn3-style-modern vc_btn3-color-info\" href=\"https:\/\/holaspain.agency\/de\/#contact\" title=\"\">Erreichen Sie uns heute<\/a><\/div><\/div><\/div><\/div><\/section><\/div><\/div><\/div><\/div>\n<\/div>","protected":false},"excerpt":{"rendered":"<p>Ganz gleich, ob Sie die W\u00e4rme einer einheimischen Familie, die Unabh\u00e4ngigkeit eines Studentenwohnheims oder die Flexibilit\u00e4t einer Wohngemeinschaft bevorzugen, wir helfen Ihnen dabei, das perfekte Zuhause fernab der Heimat zu finden.<\/p>","protected":false},"author":1,"featured_media":1318,"parent":0,"menu_order":0,"comment_status":"closed","ping_status":"closed","template":"","meta":{"_seopress_robots_primary_cat":"","_seopress_titles_title":"%%sitetitle%% %%sep%% %%post_title%%","_seopress_titles_desc":"Live the Spanish Way \u2014 Hola Spain helps students find the best accommodation and host families while they study Spanish in Spain.","_seopress_robots_index":"","_daextam_enable_autolinks":"","footnotes":""},"categories":[61],"tags":[],"class_list":["post-19","page","type-page","status-publish","has-post-thumbnail","hentry","category-services"],"_links":{"self":[{"href":"https:\/\/holaspain.agency\/de\/wp-json\/wp\/v2\/pages\/19","targetHints":{"allow":["GET"]}}],"collection":[{"href":"https:\/\/holaspain.agency\/de\/wp-json\/wp\/v2\/pages"}],"about":[{"href":"https:\/\/holaspain.agency\/de\/wp-json\/wp\/v2\/types\/page"}],"author":[{"embeddable":true,"href":"https:\/\/holaspain.agency\/de\/wp-json\/wp\/v2\/users\/1"}],"replies":[{"embeddable":true,"href":"https:\/\/holaspain.agency\/de\/wp-json\/wp\/v2\/comments?post=19"}],"version-history":[{"count":10,"href":"https:\/\/holaspain.agency\/de\/wp-json\/wp\/v2\/pages\/19\/revisions"}],"predecessor-version":[{"id":1709,"href":"https:\/\/holaspain.agency\/de\/wp-json\/wp\/v2\/pages\/19\/revisions\/1709"}],"wp:featuredmedia":[{"embeddable":true,"href":"https:\/\/holaspain.agency\/de\/wp-json\/wp\/v2\/media\/1318"}],"wp:attachment":[{"href":"https:\/\/holaspain.agency\/de\/wp-json\/wp\/v2\/media?parent=19"}],"wp:term":[{"taxonomy":"category","embeddable":true,"href":"https:\/\/holaspain.agency\/de\/wp-json\/wp\/v2\/categories?post=19"},{"taxonomy":"post_tag","embeddable":true,"href":"https:\/\/holaspain.agency\/de\/wp-json\/wp\/v2\/tags?post=19"}],"curies":[{"name":"wp","href":"https:\/\/api.w.org\/{rel}","templated":true}]}}