{"id":1874,"date":"2025-11-04T12:59:24","date_gmt":"2025-11-04T12:59:24","guid":{"rendered":"https:\/\/holaspain.agency\/?page_id=1874"},"modified":"2025-11-06T09:44:32","modified_gmt":"2025-11-06T09:44:32","slug":"bildungsurlaub-spanisch-lernen-in-spanien","status":"publish","type":"page","link":"https:\/\/holaspain.agency\/de\/bildungsurlaub-learn-spanish-in-spain\/","title":{"rendered":"Bildungsurlaub - Spanisch lernen in Spanien"},"content":{"rendered":"<div class=\"wpb-content-wrapper\"><div class=\"vc_row wpb_row vc_row-fluid\"><div class=\"wpb_column vc_column_container vc_col-sm-12\"><div class=\"vc_column-inner\"><div class=\"wpb_wrapper\">\n\t<div class=\"wpb_text_column wpb_content_element\" >\n\t\t<div class=\"wpb_wrapper\">\n\t\t\t<h1 style=\"text-align: justify;\">Bildungsurlaub - Spanisch lernen in Spanien im bezahlten Urlaub<\/h1>\n<blockquote>\n<p style=\"text-align: justify;\">Bildungsurlaub ist Ihre Chance, in Deutschland eine Auszeit von der Arbeit zu nehmen und Spanisch zu lernen, w\u00e4hrend Sie die lebendige Kultur Spaniens entdecken. Die intensiven Spanischprogramme von HolaSpain mit 30 Unterrichtseinheiten pro Woche sind in den meisten deutschen Bundesl\u00e4ndern f\u00fcr den Bildungsurlaub voll anerkannt und machen es f\u00fcr Arbeitnehmer einfach, berufliches Wachstum mit kultureller Bereicherung zu verbinden.<\/p>\n<\/blockquote>\n<h2 style=\"text-align: justify;\">Warum HolaSpain f\u00fcr Bildungsurlaub w\u00e4hlen?<\/h2>\n<ul style=\"text-align: justify;\">\n<li>Programme in \u00fcber 10 Bundesl\u00e4ndern anerkannt<\/li>\n<li>30 Stunden Unterricht pro Woche - Erf\u00fcllung der offiziellen Kriterien<\/li>\n<li>Kurse f\u00fcr alle Niveaus, vom Anf\u00e4nger bis zum Fortgeschrittenen<\/li>\n<li>Lernen Sie in beliebten St\u00e4dten: Barcelona, Malaga, Valencia, Seville, und mehr<\/li>\n<\/ul>\n<h2 style=\"text-align: justify;\">Wie man sich f\u00fcr Bildungsurlaub bewirbt<\/h2>\n<ol style=\"text-align: justify;\">\n<li>Fordern Sie bei Ihrem Arbeitgeber ein Urlaubsantragsformular an<\/li>\n<li>W\u00e4hlen Sie Ihr Reiseziel und Ihr Startdatum<\/li>\n<li>HolaSpain liefert die offiziellen Anerkennungsdokumente f\u00fcr Ihren Staat<\/li>\n<li>Buchen Sie eine Unterkunft und genie\u00dfen Sie den mediterranen Lebensstil, w\u00e4hrend Sie lernen<\/li>\n<\/ol>\n<h3 style=\"text-align: justify;\">Anerkannte Spanischkurse f\u00fcr Bildungsurlaub<\/h3>\n<p style=\"text-align: justify;\">Unsere Spanischkurse sind vollst\u00e4ndig akkreditiert und erf\u00fcllen die Bildungsstandards, die f\u00fcr Bildungsurlaub erforderlich sind. Ganz gleich, ob Sie sich beruflich weiterentwickeln, einen Kultururlaub machen oder sich pers\u00f6nlich bereichern m\u00f6chten, HolaSpain bringt Sie mit f\u00fchrenden Sprachschulen in Spanien zusammen, die ansprechenden Unterricht, muttersprachliche Lehrer und eindringliche kulturelle Erfahrungen bieten.<\/p>\n<blockquote>\n<p style=\"text-align: justify;\">Entwickeln Sie Ihre Karriere, bereichern Sie Ihren Geist und lernen Sie eine neue Kultur kennen - und das alles, w\u00e4hrend Sie Spanisch in der Sonne lernen. Lassen Sie HolaSpain Ihnen helfen, Ihren Bildungsurlaub einfach, angenehm und unvergesslich zu gestalten.<\/p>\n<\/blockquote>\n\n\t\t<\/div>\n\t<\/div>\n<section class=\"vc_cta3-container\"><div class=\"vc_general vc_do_cta3 vc_cta3 vc_cta3-style-outline vc_cta3-shape-rounded vc_cta3-align-left vc_cta3-color-classic vc_cta3-icon-size-md vc_cta3-icons-left vc_cta3-actions-right\"><div class=\"vc_cta3-icons\"><div class=\"vc_icon_element vc_icon_element-outer vc_do_icon vc_icon_element-align-left\"><div class=\"vc_icon_element-inner vc_icon_element-color-turquoise vc_icon_element-size-md vc_icon_element-style- vc_icon_element-background-color-grey\" ><span class=\"vc_icon_element-icon fa fa-solid fa-arrow-right-from-bracket\" ><\/span><\/div><\/div><\/div><div class=\"vc_cta3_content-container\"><div class=\"vc_cta3-content\"><header class=\"vc_cta3-content-header\"><h2>Beginnen Sie Ihr spanisches Abenteuer noch heute!<\/h2><\/header><p>Haben Sie Fragen oder m\u00f6chten Sie den perfekten Spanischkurs finden? Kontaktieren Sie HolaSpain noch heute und lassen Sie uns Ihnen bei der Planung Ihrer Lernerfahrung in Spanien helfen.<\/p>\n<\/div><div class=\"vc_cta3-actions\"><div class=\"vc_btn3-container vc_btn3-inline vc_do_btn\" ><a class=\"vc_general vc_btn3 vc_btn3-size-md vc_btn3-shape-rounded vc_btn3-style-modern vc_btn3-color-info\" href=\"https:\/\/holaspain.agency\/de\/#contact\" title=\"\">Erreichen Sie uns heute<\/a><\/div><\/div><\/div><\/div><\/section><\/div><\/div><\/div><\/div>\n<\/div>","protected":false},"excerpt":{"rendered":"<p>Bildungsurlaub ist Ihre Chance, in Deutschland eine Auszeit von der Arbeit zu nehmen und Spanisch zu lernen, w\u00e4hrend Sie die lebendige Kultur Spaniens entdecken. Die intensiven Spanischprogramme von HolaSpain mit 30 Unterrichtseinheiten pro Woche sind in den meisten deutschen Bundesl\u00e4ndern f\u00fcr den Bildungsurlaub voll anerkannt und machen es f\u00fcr Arbeitnehmer einfach, berufliches Wachstum mit kultureller Bereicherung zu verbinden.<\/p>","protected":false},"author":1,"featured_media":1869,"parent":0,"menu_order":0,"comment_status":"closed","ping_status":"closed","template":"","meta":{"_seopress_robots_primary_cat":"","_seopress_titles_title":"%%sitetitle%% %%sep%% %%post_title%%","_seopress_titles_desc":"Take your Bildungsurlaub in Spain. Learn Spanish in accredited schools while enjoying cultural immersion during your paid educational leave.","_seopress_robots_index":"","_daextam_enable_autolinks":"","footnotes":""},"categories":[60],"tags":[],"class_list":["post-1874","page","type-page","status-publish","has-post-thumbnail","hentry","category-eu-programmes"],"_links":{"self":[{"href":"https:\/\/holaspain.agency\/de\/wp-json\/wp\/v2\/pages\/1874","targetHints":{"allow":["GET"]}}],"collection":[{"href":"https:\/\/holaspain.agency\/de\/wp-json\/wp\/v2\/pages"}],"about":[{"href":"https:\/\/holaspain.agency\/de\/wp-json\/wp\/v2\/types\/page"}],"author":[{"embeddable":true,"href":"https:\/\/holaspain.agency\/de\/wp-json\/wp\/v2\/users\/1"}],"replies":[{"embeddable":true,"href":"https:\/\/holaspain.agency\/de\/wp-json\/wp\/v2\/comments?post=1874"}],"version-history":[{"count":8,"href":"https:\/\/holaspain.agency\/de\/wp-json\/wp\/v2\/pages\/1874\/revisions"}],"predecessor-version":[{"id":2014,"href":"https:\/\/holaspain.agency\/de\/wp-json\/wp\/v2\/pages\/1874\/revisions\/2014"}],"wp:featuredmedia":[{"embeddable":true,"href":"https:\/\/holaspain.agency\/de\/wp-json\/wp\/v2\/media\/1869"}],"wp:attachment":[{"href":"https:\/\/holaspain.agency\/de\/wp-json\/wp\/v2\/media?parent=1874"}],"wp:term":[{"taxonomy":"category","embeddable":true,"href":"https:\/\/holaspain.agency\/de\/wp-json\/wp\/v2\/categories?post=1874"},{"taxonomy":"post_tag","embeddable":true,"href":"https:\/\/holaspain.agency\/de\/wp-json\/wp\/v2\/tags?post=1874"}],"curies":[{"name":"wp","href":"https:\/\/api.w.org\/{rel}","templated":true}]}}