{"id":1873,"date":"2025-11-04T12:59:29","date_gmt":"2025-11-04T12:59:29","guid":{"rendered":"https:\/\/holaspain.agency\/?page_id=1873"},"modified":"2025-11-06T09:45:09","modified_gmt":"2025-11-06T09:45:09","slug":"pcto-spanisch-und-kulturelles-eintauchen-in-spanien","status":"publish","type":"page","link":"https:\/\/holaspain.agency\/de\/pcto-spanish-and-cultural-immersion-in-spain\/","title":{"rendered":"PCTO - Spanisch und kulturelles Eintauchen in Spanien"},"content":{"rendered":"<div class=\"wpb-content-wrapper\"><div class=\"vc_row wpb_row vc_row-fluid\"><div class=\"wpb_column vc_column_container vc_col-sm-12\"><div class=\"vc_column-inner\"><div class=\"wpb_wrapper\">\n\t<div class=\"wpb_text_column wpb_content_element\" >\n\t\t<div class=\"wpb_wrapper\">\n\t\t\t<h1 style=\"text-align: justify;\">PCTO - Spanisch lernen f\u00fcr italienische Schulen<\/h1>\n<blockquote>\n<p style=\"text-align: justify;\">PCTO-Programme (Percorsi per le Competenze Trasversali e l'Orientamento) sind eine hervorragende M\u00f6glichkeit f\u00fcr italienische Sch\u00fcler, ihr Spanisch zu verbessern und internationale Erfahrungen zu sammeln. HolaSpain bietet ma\u00dfgeschneiderte PCTO-Programme an, die Spanischkurse mit kulturellen Aktivit\u00e4ten und beruflichen Lernm\u00f6glichkeiten in Spanien kombinieren.<\/p>\n<\/blockquote>\n<h2 style=\"text-align: justify;\">H\u00f6hepunkte unserer PCTO-Programme<\/h2>\n<ul style=\"text-align: justify;\">\n<li>Ma\u00dfgeschneidert f\u00fcr italienische Schulgruppen<\/li>\n<li>Das ganze Jahr \u00fcber in St\u00e4dten in ganz Spanien verf\u00fcgbar<\/li>\n<li>Sprachunterricht, kulturelle Workshops und Bildungsbesuche inklusive<\/li>\n<li>Optionen f\u00fcr zus\u00e4tzliche Soft-Skills-Schulungen und Unternehmensbesuche vor Ort<\/li>\n<\/ul>\n<h2 style=\"text-align: justify;\">Wie PCTO mit HolaSpain arbeitet<\/h2>\n<ol style=\"text-align: justify;\">\n<li>Schulen w\u00e4hlen bevorzugten Zielort und Programmdauer<\/li>\n<li>HolaSpain erstellt ein ma\u00dfgeschneidertes Angebot mit p\u00e4dagogischen und kulturellen Aktivit\u00e4ten<\/li>\n<li>Wir helfen mit Logistik, Lehrmaterial und Koordination<\/li>\n<li>Die Sch\u00fcler nehmen am Spanischunterricht teil und erleben die Kultur hautnah<\/li>\n<\/ol>\n<h3 style=\"text-align: justify;\">PCTO Spanisch-Programme in Spanien<\/h3>\n<p style=\"text-align: justify;\">Unsere PCTO-Programme geben italienischen Sch\u00fclern die M\u00f6glichkeit, wichtige Lebenskompetenzen zu entwickeln - von Kommunikation und Teamwork bis hin zu interkulturellem Bewusstsein. Mit ansprechendem Spanischunterricht, kulturellen Ausfl\u00fcgen und optionalen beruflichen Erfahrungen f\u00f6rdern diese Programme sowohl das akademische als auch das pers\u00f6nliche Wachstum in inspirierenden spanischen Umgebungen wie Malaga, Valencia und Madrid.<\/p>\n<blockquote>\n<p style=\"text-align: justify;\">Geben Sie Ihren Sch\u00fclern die M\u00f6glichkeit, in einer authentischen spanischen Umgebung zu leben, zu lernen und zu wachsen. Von Sprachvertrauen bis hin zu globalem Bewusstsein - die durch PCTO in Spanien erworbenen F\u00e4higkeiten gehen \u00fcber das Klassenzimmer hinaus und st\u00e4rken die Zukunft der jungen Lernenden.<\/p>\n<\/blockquote>\n\n\t\t<\/div>\n\t<\/div>\n<section class=\"vc_cta3-container\"><div class=\"vc_general vc_do_cta3 vc_cta3 vc_cta3-style-outline vc_cta3-shape-rounded vc_cta3-align-left vc_cta3-color-classic vc_cta3-icon-size-md vc_cta3-icons-left vc_cta3-actions-right\"><div class=\"vc_cta3-icons\"><div class=\"vc_icon_element vc_icon_element-outer vc_do_icon vc_icon_element-align-left\"><div class=\"vc_icon_element-inner vc_icon_element-color-turquoise vc_icon_element-size-md vc_icon_element-style- vc_icon_element-background-color-grey\" ><span class=\"vc_icon_element-icon fa fa-solid fa-arrow-right-from-bracket\" ><\/span><\/div><\/div><\/div><div class=\"vc_cta3_content-container\"><div class=\"vc_cta3-content\"><header class=\"vc_cta3-content-header\"><h2>Beginnen Sie Ihr spanisches Abenteuer noch heute!<\/h2><\/header><p>Haben Sie Fragen oder m\u00f6chten Sie den perfekten Spanischkurs finden? Kontaktieren Sie HolaSpain noch heute und lassen Sie uns Ihnen bei der Planung Ihrer Lernerfahrung in Spanien helfen.<\/p>\n<\/div><div class=\"vc_cta3-actions\"><div class=\"vc_btn3-container vc_btn3-inline vc_do_btn\" ><a class=\"vc_general vc_btn3 vc_btn3-size-md vc_btn3-shape-rounded vc_btn3-style-modern vc_btn3-color-info\" href=\"https:\/\/holaspain.agency\/de\/#contact\" title=\"\">Erreichen Sie uns heute<\/a><\/div><\/div><\/div><\/div><\/section><\/div><\/div><\/div><\/div>\n<\/div>","protected":false},"excerpt":{"rendered":"<p>PCTO-Programme (Percorsi per le Competenze Trasversali e l'Orientamento) sind eine hervorragende M\u00f6glichkeit f\u00fcr italienische Sch\u00fcler, ihr Spanisch zu verbessern und internationale Erfahrungen zu sammeln. HolaSpain bietet ma\u00dfgeschneiderte PCTO-Programme an, die Spanischkurse mit kulturellen Aktivit\u00e4ten und beruflichen Lernm\u00f6glichkeiten in Spanien kombinieren.<\/p>","protected":false},"author":1,"featured_media":1870,"parent":0,"menu_order":0,"comment_status":"closed","ping_status":"closed","template":"","meta":{"_seopress_robots_primary_cat":"","_seopress_titles_title":"%%sitetitle%% %%sep%% %%post_title%%","_seopress_titles_desc":"PCTO in Spain for Italian students. Learn Spanish and gain cultural and vocational experience with tailored school programs across Spain.","_seopress_robots_index":"","_daextam_enable_autolinks":"","footnotes":""},"categories":[60],"tags":[],"class_list":["post-1873","page","type-page","status-publish","has-post-thumbnail","hentry","category-eu-programmes"],"_links":{"self":[{"href":"https:\/\/holaspain.agency\/de\/wp-json\/wp\/v2\/pages\/1873","targetHints":{"allow":["GET"]}}],"collection":[{"href":"https:\/\/holaspain.agency\/de\/wp-json\/wp\/v2\/pages"}],"about":[{"href":"https:\/\/holaspain.agency\/de\/wp-json\/wp\/v2\/types\/page"}],"author":[{"embeddable":true,"href":"https:\/\/holaspain.agency\/de\/wp-json\/wp\/v2\/users\/1"}],"replies":[{"embeddable":true,"href":"https:\/\/holaspain.agency\/de\/wp-json\/wp\/v2\/comments?post=1873"}],"version-history":[{"count":13,"href":"https:\/\/holaspain.agency\/de\/wp-json\/wp\/v2\/pages\/1873\/revisions"}],"predecessor-version":[{"id":2017,"href":"https:\/\/holaspain.agency\/de\/wp-json\/wp\/v2\/pages\/1873\/revisions\/2017"}],"wp:featuredmedia":[{"embeddable":true,"href":"https:\/\/holaspain.agency\/de\/wp-json\/wp\/v2\/media\/1870"}],"wp:attachment":[{"href":"https:\/\/holaspain.agency\/de\/wp-json\/wp\/v2\/media?parent=1873"}],"wp:term":[{"taxonomy":"category","embeddable":true,"href":"https:\/\/holaspain.agency\/de\/wp-json\/wp\/v2\/categories?post=1873"},{"taxonomy":"post_tag","embeddable":true,"href":"https:\/\/holaspain.agency\/de\/wp-json\/wp\/v2\/tags?post=1873"}],"curies":[{"name":"wp","href":"https:\/\/api.w.org\/{rel}","templated":true}]}}