{"id":1871,"date":"2025-11-04T12:56:45","date_gmt":"2025-11-04T12:56:45","guid":{"rendered":"https:\/\/holaspain.agency\/?page_id=1871"},"modified":"2026-01-13T12:20:23","modified_gmt":"2026-01-13T12:20:23","slug":"erasmus-studieren-spanisch-in-spanien","status":"publish","type":"page","link":"https:\/\/holaspain.agency\/de\/erasmus-study-spanish-in-spain\/","title":{"rendered":"Erasmus+ - Spanisch lernen in Spanien"},"content":{"rendered":"<div class=\"wpb-content-wrapper\"><div class=\"vc_row wpb_row vc_row-fluid\"><div class=\"wpb_column vc_column_container vc_col-sm-12\"><div class=\"vc_column-inner\"><div class=\"wpb_wrapper\">\n\t<div class=\"wpb_text_column wpb_content_element\" >\n\t\t<div class=\"wpb_wrapper\">\n\t\t\t<h1 style=\"text-align: justify;\">Erasmus+ - Spanisch lernen und Spanien entdecken<\/h1>\n<blockquote>\n<p style=\"text-align: justify;\">Nehmen Sie an einer lebensver\u00e4ndernden Spracherfahrung mit Erasmus+ in Spanien teil. HolaSpain bietet akkreditierte Spanisch-Sprachprogramme zur Unterst\u00fctzung von Erasmus+-Mobilit\u00e4tsprojekten f\u00fcr Sch\u00fcler, Lehrer und Mitarbeiter. Ganz gleich, ob Sie Ihr Spanisch f\u00fcr akademische, berufliche oder pers\u00f6nliche Ziele verbessern m\u00f6chten, unsere Partnerschulen in ganz Spanien erf\u00fcllen die h\u00f6chsten Qualit\u00e4tsstandards.<\/p>\n<\/blockquote>\n<h2 style=\"text-align: justify;\">Warum Erasmus+ zum Spanischlernen w\u00e4hlen?<\/h2>\n<ul style=\"text-align: justify;\">\n<li>Zugang zu EU-finanzierten Kursen in ganz Spanien mit einfacher Teilnahmeberechtigung<\/li>\n<li>Kulturelle Erfahrungen sammeln und dabei lernen<\/li>\n<li>Kurse, die auf Ihr Niveau zugeschnitten sind, von Anf\u00e4ngern bis zu Fortgeschrittenen<\/li>\n<li>Unterst\u00fctzung beim Papierkram und bei Erasmus+ Lernvereinbarungen<\/li>\n<\/ul>\n<h2 style=\"text-align: justify;\">Wer kann sich bewerben?<\/h2>\n<p style=\"text-align: justify;\">Die Erasmus+ Mobilit\u00e4t steht Studierenden, Lehrkr\u00e4ften und Mitarbeitern von f\u00f6rderf\u00e4higen Schulen oder Organisationen offen, die an einem aktiven Erasmus+ Projekt teilnehmen. Sind Sie nicht sicher, ob Sie sich qualifizieren? Unser Team kann Sie durch den Prozess begleiten.<\/p>\n<h2 style=\"text-align: justify;\">Wie man anf\u00e4ngt<\/h2>\n<ol style=\"text-align: justify;\">\n<li>Kontaktieren Sie Ihren Erasmus+ Koordinator oder Ihre Entsendeorganisation<\/li>\n<li>W\u00e4hlen Sie Ihren bevorzugten Standort und Ihre Sprachschule in Spanien<\/li>\n<li>Lassen Sie sich von HolaSpain bei Buchung, Papierkram und Logistik unterst\u00fctzen<\/li>\n<\/ol>\n<h3 style=\"text-align: justify;\">Erasmus+ Spanischkurse in Spanien<\/h3>\n<p style=\"text-align: justify;\">Our Erasmus+ eligible Spanish courses are perfect for anyone looking to build language confidence while immersing in authentic Spanish culture. Offered by partner schools in cities like Barcelona, Valencia, Alicante, Granada, and Madrid, these programs combine dynamic lessons with cultural activities and local experiences \u2014 ensuring your Erasmus+ stay is both educational and unforgettable. <strong>Pr\u00fcfen Sie unsere Geb\u00fchren f\u00fcr Erwachsene <a href=\"https:\/\/holaspain.agency\/de\/erasmus-plus-berufskurse-preise\/\">hier<\/a><\/strong><\/p>\n<blockquote>\n<p style=\"text-align: justify;\">Ob Sie Ihr Studium vertiefen, Ihre Weltsicht erweitern oder neue F\u00e4higkeiten f\u00fcr die Zukunft erwerben - Spanisch lernen mit Erasmus+ ver\u00e4ndert das Leben. Wir helfen Ihnen, Ihre Mobilit\u00e4tserfahrung unvergesslich zu machen. Spanien wartet auf Sie!<\/p>\n<\/blockquote>\n\n\t\t<\/div>\n\t<\/div>\n<section class=\"vc_cta3-container\"><div class=\"vc_general vc_do_cta3 vc_cta3 vc_cta3-style-outline vc_cta3-shape-rounded vc_cta3-align-left vc_cta3-color-classic vc_cta3-icon-size-md vc_cta3-icons-left vc_cta3-actions-right\"><div class=\"vc_cta3-icons\"><div class=\"vc_icon_element vc_icon_element-outer vc_do_icon vc_icon_element-align-left\"><div class=\"vc_icon_element-inner vc_icon_element-color-turquoise vc_icon_element-size-md vc_icon_element-style- vc_icon_element-background-color-grey\" ><span class=\"vc_icon_element-icon fa fa-solid fa-arrow-right-from-bracket\" ><\/span><\/div><\/div><\/div><div class=\"vc_cta3_content-container\"><div class=\"vc_cta3-content\"><header class=\"vc_cta3-content-header\"><h2>Beginnen Sie Ihr spanisches Abenteuer noch heute!<\/h2><\/header><p>Haben Sie Fragen oder m\u00f6chten Sie den perfekten Spanischkurs finden? Kontaktieren Sie HolaSpain noch heute und lassen Sie uns Ihnen bei der Planung Ihrer Lernerfahrung in Spanien helfen.<\/p>\n<\/div><div class=\"vc_cta3-actions\"><div class=\"vc_btn3-container vc_btn3-inline vc_do_btn\" ><a class=\"vc_general vc_btn3 vc_btn3-size-md vc_btn3-shape-rounded vc_btn3-style-modern vc_btn3-color-info\" href=\"https:\/\/holaspain.agency\/de\/#contact\" title=\"\">Erreichen Sie uns heute<\/a><\/div><\/div><\/div><\/div><\/section><\/div><\/div><\/div><\/div>\n<\/div>","protected":false},"excerpt":{"rendered":"<p>Nehmen Sie an einer lebensver\u00e4ndernden Spracherfahrung mit Erasmus+ in Spanien teil. HolaSpain bietet akkreditierte Spanisch-Sprachprogramme zur Unterst\u00fctzung von Erasmus+-Mobilit\u00e4tsprojekten f\u00fcr Sch\u00fcler, Lehrer und Mitarbeiter. Ganz gleich, ob Sie Ihr Spanisch f\u00fcr akademische, berufliche oder pers\u00f6nliche Ziele verbessern m\u00f6chten, unsere Partnerschulen in ganz Spanien erf\u00fcllen die h\u00f6chsten Qualit\u00e4tsstandards.<\/p>","protected":false},"author":1,"featured_media":1867,"parent":0,"menu_order":0,"comment_status":"closed","ping_status":"closed","template":"","meta":{"_seopress_robots_primary_cat":"","_seopress_titles_title":"%%sitetitle%% %%sep%% %%post_title%%","_seopress_titles_desc":"Learn Spanish in Spain with Erasmus+. HolaSpain connects you with accredited schools offering language programs fully compatible with Erasmus+ funding.","_seopress_robots_index":"","_daextam_enable_autolinks":"1","footnotes":""},"categories":[60],"tags":[],"class_list":["post-1871","page","type-page","status-publish","has-post-thumbnail","hentry","category-eu-programmes"],"_links":{"self":[{"href":"https:\/\/holaspain.agency\/de\/wp-json\/wp\/v2\/pages\/1871","targetHints":{"allow":["GET"]}}],"collection":[{"href":"https:\/\/holaspain.agency\/de\/wp-json\/wp\/v2\/pages"}],"about":[{"href":"https:\/\/holaspain.agency\/de\/wp-json\/wp\/v2\/types\/page"}],"author":[{"embeddable":true,"href":"https:\/\/holaspain.agency\/de\/wp-json\/wp\/v2\/users\/1"}],"replies":[{"embeddable":true,"href":"https:\/\/holaspain.agency\/de\/wp-json\/wp\/v2\/comments?post=1871"}],"version-history":[{"count":12,"href":"https:\/\/holaspain.agency\/de\/wp-json\/wp\/v2\/pages\/1871\/revisions"}],"predecessor-version":[{"id":2379,"href":"https:\/\/holaspain.agency\/de\/wp-json\/wp\/v2\/pages\/1871\/revisions\/2379"}],"wp:featuredmedia":[{"embeddable":true,"href":"https:\/\/holaspain.agency\/de\/wp-json\/wp\/v2\/media\/1867"}],"wp:attachment":[{"href":"https:\/\/holaspain.agency\/de\/wp-json\/wp\/v2\/media?parent=1871"}],"wp:term":[{"taxonomy":"category","embeddable":true,"href":"https:\/\/holaspain.agency\/de\/wp-json\/wp\/v2\/categories?post=1871"},{"taxonomy":"post_tag","embeddable":true,"href":"https:\/\/holaspain.agency\/de\/wp-json\/wp\/v2\/tags?post=1871"}],"curies":[{"name":"wp","href":"https:\/\/api.w.org\/{rel}","templated":true}]}}