{"id":1803,"date":"2025-11-04T11:11:32","date_gmt":"2025-11-04T11:11:32","guid":{"rendered":"https:\/\/holaspain.agency\/?page_id=1803"},"modified":"2025-11-06T09:56:19","modified_gmt":"2025-11-06T09:56:19","slug":"partnerschulen","status":"publish","type":"page","link":"https:\/\/holaspain.agency\/de\/partner-schools\/","title":{"rendered":"Partnerschulen"},"content":{"rendered":"<div class=\"wpb-content-wrapper\"><div class=\"vc_row wpb_row vc_row-fluid\"><div class=\"wpb_column vc_column_container vc_col-sm-12\"><div class=\"vc_column-inner\"><div class=\"wpb_wrapper\">\n\t<div class=\"wpb_text_column wpb_content_element\" >\n\t\t<div class=\"wpb_wrapper\">\n\t\t\t<h1 style=\"text-align: justify;\">Die besten Spanischschulen in Spanien<\/h1>\n<h2 style=\"text-align: justify;\">Spanisch lernen im Ausland mit vertrauensw\u00fcrdigen Partnern<\/h2>\n<p style=\"text-align: justify;\">Entdecken Sie die besten Spanisch-Sprachschulen in ganz Spanien, von pulsierenden St\u00e4dten bis zu sonnigen K\u00fcstenst\u00e4dten. Unser <strong>vertrauensw\u00fcrdige Partnerschulen<\/strong> bieten hochwertige Spanischkurse, kulturelles Eintauchen und eine einladende Umgebung f\u00fcr Sch\u00fcler aller Altersgruppen. Mit erfahrenen Lehrern und au\u00dfergew\u00f6hnlichen Einrichtungen ist jede Schule bestrebt, Ihnen zu helfen, Ihre Sprachziele zu erreichen und gleichzeitig das authentische spanische Leben zu erleben.<\/p>\n<h3 style=\"text-align: justify;\">Warum sollten Sie unsere Partnerschulen w\u00e4hlen?<\/h3>\n<p style=\"text-align: justify;\">Egal, ob Sie Anf\u00e4nger oder Fortgeschrittener sind, unsere Schulen bieten Ihnen personalisierte Programme, spannende kulturelle Aktivit\u00e4ten und die M\u00f6glichkeit, Kontakte f\u00fcrs Leben zu kn\u00fcpfen. W\u00e4hlen Sie Ihr ideales Reiseziel und lernen Sie Spanisch auf unterhaltsame und effektive Weise!<\/p>\n\n\t\t<\/div>\n\t<\/div>\n\n<div class=\"vc_grid-container-wrapper vc_clearfix vc_grid-animation-none\">\n\t<div class=\"vc_grid-container vc_clearfix wpb_content_element vc_masonry_grid\" data-initial-loading-animation=\"none\" data-vc-grid-settings=\"{&quot;page_id&quot;:1803,&quot;style&quot;:&quot;all-masonry&quot;,&quot;action&quot;:&quot;vc_get_vc_grid_data&quot;,&quot;shortcode_id&quot;:&quot;1762422560406-03955a6f-0c84-6&quot;,&quot;tag&quot;:&quot;vc_masonry_grid&quot;}\" data-vc-request=\"https:\/\/holaspain.agency\/wp-admin\/admin-ajax.php\" data-vc-post-id=\"1803\" data-vc-public-nonce=\"9ffa800287\">\n\t\t\n\t<\/div>\n<\/div><\/div><\/div><\/div><\/div>\n<\/div>","protected":false},"excerpt":{"rendered":"Top-Sprachschulen in Spanien Lernen Sie Spanisch im Ausland mit vertrauensw\u00fcrdigen Partnern Entdecken Sie die besten Spanisch-Sprachschulen in ganz Spanien, von pulsierenden St\u00e4dten bis zu sonnigen K\u00fcstenst\u00e4dten. Unsere vertrauensw\u00fcrdigen Partnerschulen bieten qualitativ hochwertige Spanischkurse, kulturelles Eintauchen und eine einladende Umgebung f\u00fcr Sch\u00fcler aller Altersgruppen. Mit erfahrenen Lehrern und au\u00dfergew\u00f6hnlichen Einrichtungen,...","protected":false},"author":1,"featured_media":2025,"parent":0,"menu_order":0,"comment_status":"closed","ping_status":"closed","template":"","meta":{"_seopress_robots_primary_cat":"","_seopress_titles_title":"%%sitetitle%% %%sep%% %%post_title%%","_seopress_titles_desc":"Discover top Spanish language schools across Spain. Learn Spanish through quality courses, cultural immersion, and unforgettable local experiences.","_seopress_robots_index":"","_daextam_enable_autolinks":"","footnotes":""},"categories":[],"tags":[],"class_list":["post-1803","page","type-page","status-publish","has-post-thumbnail","hentry"],"_links":{"self":[{"href":"https:\/\/holaspain.agency\/de\/wp-json\/wp\/v2\/pages\/1803","targetHints":{"allow":["GET"]}}],"collection":[{"href":"https:\/\/holaspain.agency\/de\/wp-json\/wp\/v2\/pages"}],"about":[{"href":"https:\/\/holaspain.agency\/de\/wp-json\/wp\/v2\/types\/page"}],"author":[{"embeddable":true,"href":"https:\/\/holaspain.agency\/de\/wp-json\/wp\/v2\/users\/1"}],"replies":[{"embeddable":true,"href":"https:\/\/holaspain.agency\/de\/wp-json\/wp\/v2\/comments?post=1803"}],"version-history":[{"count":25,"href":"https:\/\/holaspain.agency\/de\/wp-json\/wp\/v2\/pages\/1803\/revisions"}],"predecessor-version":[{"id":2024,"href":"https:\/\/holaspain.agency\/de\/wp-json\/wp\/v2\/pages\/1803\/revisions\/2024"}],"wp:featuredmedia":[{"embeddable":true,"href":"https:\/\/holaspain.agency\/de\/wp-json\/wp\/v2\/media\/2025"}],"wp:attachment":[{"href":"https:\/\/holaspain.agency\/de\/wp-json\/wp\/v2\/media?parent=1803"}],"wp:term":[{"taxonomy":"category","embeddable":true,"href":"https:\/\/holaspain.agency\/de\/wp-json\/wp\/v2\/categories?post=1803"},{"taxonomy":"post_tag","embeddable":true,"href":"https:\/\/holaspain.agency\/de\/wp-json\/wp\/v2\/tags?post=1803"}],"curies":[{"name":"wp","href":"https:\/\/api.w.org\/{rel}","templated":true}]}}