{"id":1780,"date":"2025-11-04T10:24:43","date_gmt":"2025-11-04T10:24:43","guid":{"rendered":"https:\/\/holaspain.agency\/?post_type=portfolio&#038;p=1780"},"modified":"2026-01-09T16:03:53","modified_gmt":"2026-01-09T16:03:53","slug":"spanischschulen-in-cadiz","status":"publish","type":"page","link":"https:\/\/holaspain.agency\/de\/spanish-schools-in-cadiz\/","title":{"rendered":"Spanischschulen in Cadiz"},"content":{"rendered":"<div class=\"wpb-content-wrapper\"><div class=\"vc_row wpb_row vc_row-fluid\"><div class=\"wpb_column vc_column_container vc_col-sm-12\"><div class=\"vc_column-inner\"><div class=\"wpb_wrapper\">\n\t<div class=\"wpb_text_column wpb_content_element\" >\n\t\t<div class=\"wpb_wrapper\">\n\t\t\t<h1 style=\"text-align: justify;\">Spanisch lernen im Ausland<\/h1>\n<h3 style=\"text-align: justify;\"><strong>Spanisch lernen in C\u00e1diz - Geschichte, Str\u00e4nde und Sprache an der Costa de la Luz<\/strong><\/h3>\n<blockquote>\n<p style=\"text-align: justify;\">Wenn Sie davon tr\u00e4umen, Spanisch in einer Stadt mit andalusischem Charme und Blick auf den Atlantik zu lernen, <strong>Cadiz<\/strong> ist das perfekte Reiseziel. Das Hotel liegt in S\u00fcdspanien entlang der atemberaubenden <strong>Costa de la Luz<\/strong>, Cadiz offers <strong>erstklassige Spanischschulen<\/strong>, ein reiches kulturelles Erbe und einen entspannten Lebensstil am Meer.<\/p>\n<\/blockquote>\n<h3 style=\"text-align: justify;\"><strong>Warum Spanisch lernen in C\u00e1diz?<\/strong><\/h3>\n<p><iframe loading=\"lazy\" title=\"Spanisch lernen in C\u00e1diz \ud83c\uddea\ud83c\uddf8 | Authentische Kultur &amp; Eintauchen\" width=\"790\" height=\"444\" src=\"https:\/\/www.youtube.com\/embed\/pSogHnStMjk?feature=oembed\" frameborder=\"0\" allow=\"accelerometer; autoplay; clipboard-write; encrypted-media; gyroscope; picture-in-picture; web-share\" referrerpolicy=\"strict-origin-when-cross-origin\" allowfullscreen><\/iframe><\/p>\n<p style=\"text-align: justify;\">With more than 3,000 years of history, Cadiz is considered the oldest city in Western Europe \u2014 yet it remains lively and youthful in spirit. It\u2019s the perfect place to <strong>Spanisch lernen in einer authentisch spanischen Umgebung<\/strong>, weit weg von der Hektik der gr\u00f6\u00dferen Touristenst\u00e4dte.<\/p>\n<p style=\"text-align: justify;\">Students choose Cadiz because:<\/p>\n<ul style=\"text-align: justify;\">\n<li>Es ist ein <strong>authentisch, sicher und freundlich<\/strong> Stadt, ideal f\u00fcr ein echtes Eintauchen in die Sprache.<\/li>\n<li>Es ist die Heimat von <strong>hoch akkreditierte Spanischschulen<\/strong> mit erfahrenen Lehrern.<\/li>\n<li>Seine <strong>Atlantisches Klima<\/strong> und endlose Str\u00e4nde bieten einen entspannten, gesunden Lebensstil.<\/li>\n<li>Es verf\u00fcgt \u00fcber eine <strong>reiches Kulturerbe<\/strong> und tiefen andalusischen Traditionen.<\/li>\n<li>Sie ist erschwinglicher als gr\u00f6\u00dfere St\u00e4dte und bietet dennoch alles, was ein Student braucht.<\/li>\n<\/ul>\n<p style=\"text-align: justify;\">Cadiz offers the perfect combination of <strong>Spanisch lernen, lokales Leben und andalusische Kultur<\/strong> - und das alles in einer atemberaubenden K\u00fcstenlandschaft.<\/p>\n<h2 style=\"text-align: justify;\"><strong>Die besten Spanischschulen in Cadiz<\/strong><\/h2>\n<p style=\"text-align: justify;\">Hier sind einige der wichtigsten <strong>anerkannte und akkreditierte Spanischschulen<\/strong> in Cadiz that offer high-quality Spanish courses:<\/p>\n<h4 style=\"text-align: justify;\"><strong>Dreifaltigkeitsschule<\/strong><\/h4>\n<p style=\"text-align: justify;\">Die Trinity School bietet eine Reihe von Spanischkursen f\u00fcr Erwachsene und Jugendliche an, darunter Intensivprogramme und Einzelunterricht, wobei der Schwerpunkt auf kommunikativer Praxis und kulturellen Aktivit\u00e4ten liegt.<\/p>\n<h4 style=\"text-align: justify;\"><strong>CLIC IH Cadiz<\/strong><\/h4>\n<p style=\"text-align: justify;\">Part of the International House network, CLIC IH Cadiz provides modern facilities, DELE preparation, and summer programs for young learners, combining academic rigour with cultural immersion.<\/p>\n<h4 style=\"text-align: justify;\"><strong>Escuela Hispalense<\/strong><\/h4>\n<p style=\"text-align: justify;\">Die Escuela Hispalense ist bekannt f\u00fcr ihren pers\u00f6nlichen Ansatz und die kleinen Klassengr\u00f6\u00dfen. Die Schule bietet Intensivkurse, Pr\u00fcfungsvorbereitung und zahlreiche kulturelle Aktivit\u00e4ten, die den Sch\u00fclern helfen, sich in das lokale Leben zu integrieren.<\/p>\n<h4 style=\"text-align: justify;\"><strong>K2 Internacional<\/strong><\/h4>\n<p style=\"text-align: justify;\">Das im historischen Zentrum gelegene K2 Internacional verbindet hochwertigen Sprachunterricht mit einzigartigen kulturellen Erlebnissen wie Flamenco-Workshops und Surfkursen und ist daher bei Sch\u00fclern, die auf der Suche nach Abenteuern sind, sehr beliebt.<\/p>\n<h4 style=\"text-align: justify;\"><strong>Spanisch in C\u00e1diz<\/strong><\/h4>\n<p style=\"text-align: justify;\">Near Victoria Beach, Spanish in Cadiz offers intensive courses, private lessons, and cultural programs. The school is praised for its friendly atmosphere and experienced native teachers.<\/p>\n<h4 style=\"text-align: justify;\"><strong>Tenidiome<\/strong><\/h4>\n<p style=\"text-align: justify;\">Tenidiomas bietet flexible Kursoptionen, darunter Teilzeit- und Intensivprogramme, sowie kulturelle Aktivit\u00e4ten und Unterst\u00fctzung bei der Unterbringung, um ein reibungsloses und intensives Studienerlebnis zu gew\u00e4hrleisten.<\/p>\n<h3 style=\"text-align: justify;\"><strong>Die Erfahrung von C\u00e1diz leben<\/strong><\/h3>\n<p style=\"text-align: justify;\">Studying Spanish in Cadiz is not just about the classroom \u2014 it\u2019s about <strong>den andalusischen Lebensstil kennenlernen<\/strong> by the sea. In Cadiz, you can:<\/p>\n<ul style=\"text-align: justify;\">\n<li>Verirren Sie sich in den engen Gassen des <strong>alte Stadt<\/strong>, einer der sch\u00f6nsten in Spanien.<\/li>\n<li>Entspannen Sie sich an sonnigen Str\u00e4nden wie <strong>La Caleta<\/strong> oder <strong>Santa Mar\u00eda del Mar<\/strong> nach dem Unterricht.<\/li>\n<li>Genie\u00dfen Sie traditionelle <strong>Tapas und gebratener Fisch<\/strong> in den \u00f6rtlichen Kneipen.<\/li>\n<li>Erleben Sie die weltber\u00fchmte <strong>Karneval von Cadiz<\/strong>, eines der kultigsten Feste Spaniens.<\/li>\n<li>Besuchen Sie historische Juwelen wie das <strong>Kathedrale von C\u00e1diz<\/strong> und das R\u00f6mische Theater.<\/li>\n<\/ul>\n<blockquote>\n<p style=\"text-align: justify;\">Cadiz is a unique place to learn Spanish surrounded by history, ocean views, and the joyful spirit of Andalusia. <strong>Erleben Sie die spanische Sprache in einer K\u00fcstenstadt wie keine andere<\/strong>, wo jede Stra\u00dfe, jedes Gespr\u00e4ch und jede Erfahrung Sie n\u00e4her an die authentische spanische Kultur heranf\u00fchrt.<\/p>\n<\/blockquote>\n\n\t\t<\/div>\n\t<\/div>\n<section class=\"vc_cta3-container\"><div class=\"vc_general vc_do_cta3 vc_cta3 vc_cta3-style-outline vc_cta3-shape-rounded vc_cta3-align-left vc_cta3-color-classic vc_cta3-icon-size-md vc_cta3-icons-left vc_cta3-actions-right\"><div class=\"vc_cta3-icons\"><div class=\"vc_icon_element vc_icon_element-outer vc_do_icon vc_icon_element-align-left\"><div class=\"vc_icon_element-inner vc_icon_element-color-turquoise vc_icon_element-size-md vc_icon_element-style- vc_icon_element-background-color-grey\" ><span class=\"vc_icon_element-icon fa fa-solid fa-arrow-right-from-bracket\" ><\/span><\/div><\/div><\/div><div class=\"vc_cta3_content-container\"><div class=\"vc_cta3-content\"><header class=\"vc_cta3-content-header\"><h2>Beginnen Sie Ihre Spanischreise in C\u00e1diz noch heute!<\/h2><\/header><p style=\"text-align: justify;\">Whether you\u2019re an adult learner craving complete cultural immersion or a teenager searching for a fun and secure summer adventure, Cadiz has it all \u2014 top-notch language schools, stunning beaches, and the vibrant spirit of southern Spain.<\/p>\n<\/div><div class=\"vc_cta3-actions\"><div class=\"vc_btn3-container vc_btn3-inline vc_do_btn\" ><a class=\"vc_general vc_btn3 vc_btn3-size-md vc_btn3-shape-rounded vc_btn3-style-modern vc_btn3-color-info\" href=\"https:\/\/holaspain.agency\/de\/#contact\" title=\"\">Erreichen Sie uns heute<\/a><\/div><\/div><\/div><\/div><\/section><\/div><\/div><\/div><\/div>\n<\/div>","protected":false},"excerpt":{"rendered":"<p>Lernen Sie Spanisch in Cadiz, der \u00e4ltesten Stadt Europas. Tauchen Sie ein in vertrauensw\u00fcrdige Schulen, goldene Str\u00e4nde und den entspannten K\u00fcstencharme, der S\u00fcdspanien ausmacht.<\/p>","protected":false},"author":1,"featured_media":1821,"parent":0,"menu_order":0,"comment_status":"closed","ping_status":"closed","template":"","meta":{"_seopress_robots_primary_cat":"","_seopress_titles_title":"Hola Spain %%sep%% %%post_title%%","_seopress_titles_desc":"Study Spanish in Cadiz with accredited schools by the sea. Enjoy history, beaches, and Andalusian culture on the Costa de la Luz.","_seopress_robots_index":"","_daextam_enable_autolinks":"1","footnotes":""},"categories":[54,53],"tags":[],"class_list":["post-1780","page","type-page","status-publish","has-post-thumbnail","hentry","category-andalucia","category-spanish-schools"],"_links":{"self":[{"href":"https:\/\/holaspain.agency\/de\/wp-json\/wp\/v2\/pages\/1780","targetHints":{"allow":["GET"]}}],"collection":[{"href":"https:\/\/holaspain.agency\/de\/wp-json\/wp\/v2\/pages"}],"about":[{"href":"https:\/\/holaspain.agency\/de\/wp-json\/wp\/v2\/types\/page"}],"author":[{"embeddable":true,"href":"https:\/\/holaspain.agency\/de\/wp-json\/wp\/v2\/users\/1"}],"replies":[{"embeddable":true,"href":"https:\/\/holaspain.agency\/de\/wp-json\/wp\/v2\/comments?post=1780"}],"version-history":[{"count":8,"href":"https:\/\/holaspain.agency\/de\/wp-json\/wp\/v2\/pages\/1780\/revisions"}],"predecessor-version":[{"id":2334,"href":"https:\/\/holaspain.agency\/de\/wp-json\/wp\/v2\/pages\/1780\/revisions\/2334"}],"wp:featuredmedia":[{"embeddable":true,"href":"https:\/\/holaspain.agency\/de\/wp-json\/wp\/v2\/media\/1821"}],"wp:attachment":[{"href":"https:\/\/holaspain.agency\/de\/wp-json\/wp\/v2\/media?parent=1780"}],"wp:term":[{"taxonomy":"category","embeddable":true,"href":"https:\/\/holaspain.agency\/de\/wp-json\/wp\/v2\/categories?post=1780"},{"taxonomy":"post_tag","embeddable":true,"href":"https:\/\/holaspain.agency\/de\/wp-json\/wp\/v2\/tags?post=1780"}],"curies":[{"name":"wp","href":"https:\/\/api.w.org\/{rel}","templated":true}]}}