{"id":1350,"date":"2025-10-18T11:51:57","date_gmt":"2025-10-18T11:51:57","guid":{"rendered":"https:\/\/holaspain.agency\/?post_type=portfolio&#038;p=1350"},"modified":"2026-01-07T14:42:04","modified_gmt":"2026-01-07T14:42:04","slug":"spanish-schools-in-alicante","status":"publish","type":"page","link":"https:\/\/holaspain.agency\/de\/spanish-schools-in-alicante\/","title":{"rendered":"Spanischschulen in Alicante"},"content":{"rendered":"<div class=\"wpb-content-wrapper\"><div class=\"vc_row wpb_row vc_row-fluid\"><div class=\"wpb_column vc_column_container vc_col-sm-12\"><div class=\"vc_column-inner\"><div class=\"wpb_wrapper\">\n\t<div class=\"wpb_text_column wpb_content_element\" >\n\t\t<div class=\"wpb_wrapper\">\n\t\t\t<h1 style=\"text-align: justify;\">Spanisch lernen im Ausland<\/h1>\n<h3 style=\"text-align: justify;\"><strong>Spanisch lernen in Alicante - Sonne, Meer und Sprache an der Costa Blanca<\/strong><\/h3>\n<blockquote>\n<p style=\"text-align: justify;\">Wenn Sie davon tr\u00e4umen, am Mittelmeer Spanisch zu lernen, <strong>Alicante<\/strong> ist der perfekte Ort, um dies zu verwirklichen. Das Hotel liegt an Spaniens wundersch\u00f6ner <strong>Costa Blanca<\/strong>, Alicante combines <strong>hervorragende Spanischschulen<\/strong>, ein entspannter Lebensstil am Strand und eine warme, einladende Atmosph\u00e4re.<\/p>\n<\/blockquote>\n<h3 style=\"text-align: justify;\"><strong>Warum Spanisch lernen in Alicante<\/strong><\/h3>\n<p><iframe loading=\"lazy\" title=\"Spanisch lernen in Alicante \ud83c\uddea\ud83c\uddf8 | Sonne, Lebensqualit\u00e4t &amp; echtes Eintauchen\" width=\"790\" height=\"444\" src=\"https:\/\/www.youtube.com\/embed\/F-J4PsbmAhg?feature=oembed\" frameborder=\"0\" allow=\"accelerometer; autoplay; clipboard-write; encrypted-media; gyroscope; picture-in-picture; web-share\" referrerpolicy=\"strict-origin-when-cross-origin\" allowfullscreen><\/iframe><\/p>\n<p style=\"text-align: justify;\"><span style=\"font-size: 0.9375rem;\">Mit mehr als 300 Sonnentagen im Jahr bietet diese charmante K\u00fcstenstadt ein ideales Umfeld f\u00fcr\u00a0<\/span><strong style=\"font-size: 0.9375rem;\">Spanisch lernen, Freunde finden und das Leben unter der mediterranen Sonne genie\u00dfen<\/strong><span style=\"font-size: 0.9375rem;\">\u00a0- perfekt f\u00fcr beide\u00a0<\/span><strong style=\"font-size: 0.9375rem;\">Teenager<\/strong><span style=\"font-size: 0.9375rem;\">\u00a0und\u00a0<\/span><strong style=\"font-size: 0.9375rem;\">erwachsene Lernende<\/strong><span style=\"font-size: 0.9375rem;\">.<\/span><\/p>\n<p style=\"text-align: justify;\">Alicante is one of Spain\u2019s most popular student cities, offering a great mix of <strong>Kultur, Str\u00e4nde und Erschwinglichkeit<\/strong>.<\/p>\n<p style=\"text-align: justify;\">Sie ist gro\u00df genug, um alles zu haben, was man braucht, und doch klein genug, um freundlich und \u00fcbersichtlich zu sein.<\/p>\n<p style=\"text-align: justify;\">Students choose Alicante because:<\/p>\n<ul style=\"text-align: justify;\">\n<li>Sie hat <strong>erstklassige Spanischschulen<\/strong> akkreditiert durch das Instituto Cervantes.<\/li>\n<li>Die <strong>die Lebenshaltungskosten sind niedriger<\/strong> als in Gro\u00dfst\u00e4dten wie Madrid oder Barcelona.<\/li>\n<li>Die <strong>Mediterranes Klima<\/strong> und die K\u00fcstenlandschaft schaffen eine entspannte, angenehme Atmosph\u00e4re.<\/li>\n<li>Es ist ein <strong>sichere, studentenfreundliche Stadt<\/strong> mit einer internationalen Gemeinschaft.<\/li>\n<li>Die Einheimischen sind offen und freundlich - ideal, um jeden Tag Spanisch zu \u00fcben.<\/li>\n<\/ul>\n<p style=\"text-align: justify;\">Alicante offers the ideal combination of <strong>Lernen, Freizeit und authentische spanische Kultur<\/strong> - und das alles an einem wundersch\u00f6nen Ort am Meer.<\/p>\n<h3 style=\"text-align: justify;\"><strong>Die besten Spanischschulen in Alicante<\/strong><\/h3>\n<p style=\"text-align: justify;\">Hier sind einige der <strong>die angesehensten und anerkanntesten Spanischschulen<\/strong> in Alicante, offering high-quality courses for students of all ages:<\/p>\n<h4 style=\"text-align: justify;\"><strong>1. Enforex Alicante<\/strong><\/h4>\n<p style=\"text-align: justify;\">Located near the beach and the old town, Enforex Alicante offers a perfect balance between study and relaxation. The school provides intensive and super-intensive Spanish courses, DELE preparation, and summer programs for teenagers, all taught by experienced native teachers.<\/p>\n<h4 style=\"text-align: justify;\"><strong>2. Proyecto Espa\u00f1ol Alicante<\/strong><\/h4>\n<p style=\"text-align: justify;\">Proyecto Espa\u00f1ol ist bei internationalen Studenten sehr beliebt und verbindet g\u00fcnstige Preise mit exzellentem Unterricht. Die Schule bietet flexible Programme, Optionen f\u00fcr eine Universit\u00e4tslaufbahn und kulturelle Aktivit\u00e4ten wie Ausfl\u00fcge, Kochkurse und Sprachaustausch an.<\/p>\n<h4 style=\"text-align: justify;\"><strong>3. Colegio Internacional Alicante<\/strong><\/h4>\n<p style=\"text-align: justify;\">Diese freundliche und etablierte Schule ist vom Instituto Cervantes akkreditiert und f\u00fcr ihren pers\u00f6nlichen Ansatz und ihre hohen Unterrichtsstandards bekannt. Sie bietet eine breite Palette von Kursen f\u00fcr Erwachsene, Universit\u00e4tsstudenten und j\u00fcngere Lernende an.<\/p>\n<h4 style=\"text-align: justify;\"><strong>4. Estudio Sampere Alicante<\/strong><\/h4>\n<p style=\"text-align: justify;\">Diese Schule, die zur renommierten Sampere-Gruppe geh\u00f6rt, bietet erstklassige Spanischkurse in einem modernen und entspannten Umfeld. Die Sch\u00fcler genie\u00dfen kleine Klassen, kulturelles Eintauchen und professionelle Mitarbeiter, die ihnen helfen, echte Fortschritte zu erzielen.<\/p>\n<h4 style=\"text-align: justify;\"><strong>5. ELE USAL Alicante<\/strong><\/h4>\n<p style=\"text-align: justify;\">Affiliated with the University of Salamanca, ELE USAL Alicante combines academic excellence with modern teaching methods. It\u2019s ideal for students seeking university-level Spanish education on the coast.<\/p>\n<h3 style=\"text-align: justify;\"><strong>Das Erlebnis Alicante leben<\/strong><\/h3>\n<p style=\"text-align: justify;\">Studying Spanish in Alicante is about more than just lessons \u2014 it\u2019s about <strong>den mediterranen Lebensstil leben<\/strong>. Sie k\u00f6nnen:<\/p>\n<ul style=\"text-align: justify;\">\n<li>Spaziergang entlang der <strong>Explanada de Espa\u00f1a<\/strong>, eine sch\u00f6ne, von Palmen ges\u00e4umte Strandpromenade.<\/li>\n<li>Erforschen Sie die <strong>Burg Santa B\u00e1rbara<\/strong> mit seinem atemberaubenden Blick \u00fcber die Stadt.<\/li>\n<li>Genie\u00dfen Sie sonnige Nachmittage auf <strong>Postiguet Strand<\/strong> nach dem Unterricht.<\/li>\n<li>Geschmack traditionell <strong>Paella<\/strong> und frische Meeresfr\u00fcchte in lokalen Restaurants.<\/li>\n<li>Lebhaftes Mitmachen <strong>Feste<\/strong> wie <strong>Las Hogueras de San Juan<\/strong>, eines der aufregendsten Sommerfeste Spaniens.<\/li>\n<\/ul>\n<blockquote>\n<p style=\"text-align: justify;\">Alicante\u2019s mix of beach life, culture, and friendly locals makes it an unforgettable destination for learning Spanish.\u00a0Learn Spanish and enjoy the sunny charm of Alicante \u2014 from golden beaches and lively promenades to local markets and caf\u00e9s, every moment is a chance to practice the language, embrace Mediterranean culture, and make your experience unforgettable.<\/p>\n<\/blockquote>\n\n\t\t<\/div>\n\t<\/div>\n<section class=\"vc_cta3-container\"><div class=\"vc_general vc_do_cta3 vc_cta3 vc_cta3-style-outline vc_cta3-shape-rounded vc_cta3-align-left vc_cta3-color-classic vc_cta3-icon-size-md vc_cta3-icons-left vc_cta3-actions-right\"><div class=\"vc_cta3-icons\"><div class=\"vc_icon_element vc_icon_element-outer vc_do_icon vc_icon_element-align-left\"><div class=\"vc_icon_element-inner vc_icon_element-color-turquoise vc_icon_element-size-md vc_icon_element-style- vc_icon_element-background-color-grey\" ><span class=\"vc_icon_element-icon fa fa-solid fa-arrow-right-from-bracket\" ><\/span><\/div><\/div><\/div><div class=\"vc_cta3_content-container\"><div class=\"vc_cta3-content\"><header class=\"vc_cta3-content-header\"><h2>Beginnen Sie Ihre Spanischreise in Alicante noch heute!<\/h2><\/header><p style=\"text-align: justify;\">Egal, ob Sie als Erwachsener eintauchen wollen oder als Jugendlicher einen unterhaltsamen und sicheren Sommer im Ausland verbringen m\u00f6chten, <strong>Alicante offers everything you need<\/strong> - hervorragende Schulen, Sonnenschein und der Charme der spanischen K\u00fcste.<\/p>\n<\/div><div class=\"vc_cta3-actions\"><div class=\"vc_btn3-container vc_btn3-inline vc_do_btn\" ><a class=\"vc_general vc_btn3 vc_btn3-size-md vc_btn3-shape-rounded vc_btn3-style-modern vc_btn3-color-info\" href=\"https:\/\/holaspain.agency\/de\/#contact\" title=\"\">Erreichen Sie uns heute<\/a><\/div><\/div><\/div><\/div><\/section><\/div><\/div><\/div><\/div>\n<\/div>","protected":false},"excerpt":{"rendered":"<p>Lernen Sie Spanisch in Alicante - ein sonnenverw\u00f6hntes K\u00fcstenjuwel mit hervorragenden Schulen, Sandstr\u00e4nden und einer entspannten Atmosph\u00e4re, die sich f\u00fcr Sch\u00fcler aller Altersgruppen eignet.<\/p>","protected":false},"author":1,"featured_media":1819,"parent":0,"menu_order":0,"comment_status":"closed","ping_status":"closed","template":"","meta":{"_seopress_robots_primary_cat":"","_seopress_titles_title":"Hola Spain %%sep%% %%post_title%%","_seopress_titles_desc":"Learn Spanish in Alicante \u2014 enjoy the Mediterranean sun, beaches, and vibrant student life while practicing the language in a friendly coastal city.","_seopress_robots_index":"","_daextam_enable_autolinks":"1","footnotes":""},"categories":[53,58],"tags":[],"class_list":["post-1350","page","type-page","status-publish","has-post-thumbnail","hentry","category-spanish-schools","category-valencian-community"],"_links":{"self":[{"href":"https:\/\/holaspain.agency\/de\/wp-json\/wp\/v2\/pages\/1350","targetHints":{"allow":["GET"]}}],"collection":[{"href":"https:\/\/holaspain.agency\/de\/wp-json\/wp\/v2\/pages"}],"about":[{"href":"https:\/\/holaspain.agency\/de\/wp-json\/wp\/v2\/types\/page"}],"author":[{"embeddable":true,"href":"https:\/\/holaspain.agency\/de\/wp-json\/wp\/v2\/users\/1"}],"replies":[{"embeddable":true,"href":"https:\/\/holaspain.agency\/de\/wp-json\/wp\/v2\/comments?post=1350"}],"version-history":[{"count":7,"href":"https:\/\/holaspain.agency\/de\/wp-json\/wp\/v2\/pages\/1350\/revisions"}],"predecessor-version":[{"id":2329,"href":"https:\/\/holaspain.agency\/de\/wp-json\/wp\/v2\/pages\/1350\/revisions\/2329"}],"wp:featuredmedia":[{"embeddable":true,"href":"https:\/\/holaspain.agency\/de\/wp-json\/wp\/v2\/media\/1819"}],"wp:attachment":[{"href":"https:\/\/holaspain.agency\/de\/wp-json\/wp\/v2\/media?parent=1350"}],"wp:term":[{"taxonomy":"category","embeddable":true,"href":"https:\/\/holaspain.agency\/de\/wp-json\/wp\/v2\/categories?post=1350"},{"taxonomy":"post_tag","embeddable":true,"href":"https:\/\/holaspain.agency\/de\/wp-json\/wp\/v2\/tags?post=1350"}],"curies":[{"name":"wp","href":"https:\/\/api.w.org\/{rel}","templated":true}]}}