{"id":1228,"date":"2016-09-06T18:12:04","date_gmt":"2016-09-06T18:12:04","guid":{"rendered":"http:\/\/demos.famethemes.com\/screenr-plus\/?post_type=portfolio&#038;p=1198"},"modified":"2026-01-08T15:44:41","modified_gmt":"2026-01-08T15:44:41","slug":"spanischschulen-in-valencia","status":"publish","type":"page","link":"https:\/\/holaspain.agency\/de\/spanish-schools-in-valencia\/","title":{"rendered":"Spanischschulen in Valencia"},"content":{"rendered":"<div class=\"wpb-content-wrapper\"><div class=\"vc_row wpb_row vc_row-fluid\"><div class=\"wpb_column vc_column_container vc_col-sm-12\"><div class=\"vc_column-inner\"><div class=\"wpb_wrapper\">\n\t<div class=\"wpb_text_column wpb_content_element\" >\n\t\t<div class=\"wpb_wrapper\">\n\t\t\t<h1>Spanisch lernen im Ausland<\/h1>\n<h3 style=\"text-align: justify;\"><strong>Spanisch lernen in Valencia - Wo sich Kultur, Sonne und Lernen treffen<\/strong><\/h3>\n<blockquote>\n<p style=\"text-align: justify;\">Wenn Sie auf der Suche nach dem perfekten Ort sind, um Spanisch in Spanien zu lernen, <strong>Valencia<\/strong> bietet alles: ausgezeichnete Spanischschulen, Mittelmeerstr\u00e4nde, eine lebhafte Studentenatmosph\u00e4re und authentische spanische Kultur.<\/p>\n<\/blockquote>\n<p style=\"text-align: justify;\">Bekannt f\u00fcr seine <strong>moderne Atmosph\u00e4re, sch\u00f6ne Altstadt und das ber\u00fchmte \u201cFallas\u201d-Festival<\/strong>, Valencia combines history, art, and fun \u2014 making it one of the top destinations for international students who want to <strong>Spanisch lernen und das Leben in Spanien genie\u00dfen<\/strong>.<\/p>\n<h3 style=\"text-align: justify;\"><strong>Warum Spanisch lernen in Valencia<\/strong><\/h3>\n<p><iframe loading=\"lazy\" title=\"Spanisch lernen in Valencia \ud83c\uddea\ud83c\uddf8 | Lebensqualit\u00e4t &amp; Eintauchen\" width=\"790\" height=\"444\" src=\"https:\/\/www.youtube.com\/embed\/KG9szRBUHsE?feature=oembed\" frameborder=\"0\" allow=\"accelerometer; autoplay; clipboard-write; encrypted-media; gyroscope; picture-in-picture; web-share\" referrerpolicy=\"strict-origin-when-cross-origin\" allowfullscreen><\/iframe><\/p>\n<p style=\"text-align: justify;\">Valencia is Spain\u2019s <strong>drittgr\u00f6\u00dfte Stadt<\/strong>, Die Stadt liegt an der Ostk\u00fcste und bietet mehr als 300 Sonnentage im Jahr. Sie ist gro\u00df genug, um aufregend zu sein, und doch klein genug, um sich wohl und freundlich zu f\u00fchlen. In der Stadt verbinden sich Tradition und Innovation - Sie finden hier <strong>antike r\u00f6mische Ruinen, die futuristische Stadt der K\u00fcnste und Wissenschaften<\/strong>, und unz\u00e4hlige Tapas-Bars und Caf\u00e9s, in denen Sie t\u00e4glich Ihr Spanisch \u00fcben k\u00f6nnen.<\/p>\n<p style=\"text-align: justify;\">Students love Valencia because:<\/p>\n<ul style=\"text-align: justify;\">\n<li>Es ist <strong>erschwinglich<\/strong> im Vergleich zu Madrid oder Barcelona.<\/li>\n<li>Sie hat <strong>erstklassige Spanisch-Sprachschulen<\/strong> mit erfahrenen Lehrern.<\/li>\n<li>Es gibt eine <strong>aktive internationale Gemeinschaft<\/strong> der Lernenden.<\/li>\n<li>Sie k\u00f6nnen <strong>am Strand leben<\/strong> und erkunden Sie die Stadt bequem zu Fu\u00df oder mit dem Fahrrad.<\/li>\n<\/ul>\n<p style=\"text-align: justify;\">Ob Sie ein <strong>Teenager<\/strong> Suche nach einem Sommerprogramm oder einem <strong>Erwachsene<\/strong> seeking a full immersion experience, Valencia has a course that fits you.<\/p>\n<h3 style=\"text-align: justify;\"><strong>Die besten Spanischschulen in Valencia<\/strong><\/h3>\n<p style=\"text-align: justify;\">Hier sind einige der <strong>die meisten anerkannten und akkreditierten spanischen Schulen<\/strong> in Valencia, ideal for students from all over the world:<\/p>\n<h4 style=\"text-align: justify;\"><strong>1. Don Quijote Valencia<\/strong><\/h4>\n<p style=\"text-align: justify;\">Don Quijote ist in einem wundersch\u00f6nen Geb\u00e4ude aus dem 15. Jahrhundert im historischen Zentrum untergebracht und bietet qualitativ hochwertige Spanisch-Intensivkurse f\u00fcr alle Niveaus an. Die Schule kombiniert das Erlernen der Sprache mit kulturellen Aktivit\u00e4ten wie Kochkursen, Flamenco-Unterricht und Ausfl\u00fcgen.<\/p>\n<h4 style=\"text-align: justify;\"><strong>2. Taronja-Schule<\/strong><\/h4>\n<p style=\"text-align: justify;\">Taronja ist ber\u00fchmt f\u00fcr seinen unterhaltsamen und kreativen Ansatz beim Unterrichten von Spanisch. Mit Themenwochen, t\u00e4glichen kulturellen Veranstaltungen und einem ausgepr\u00e4gten Gemeinschaftssinn ist es ein Favorit unter jungen Erwachsenen und Teenagern, die auf der Suche nach einer spannenden Erfahrung sind.<\/p>\n<h4 style=\"text-align: justify;\"><strong>3. Hispania, Escuela de Espa\u00f1ol<\/strong><\/h4>\n<p style=\"text-align: justify;\">Hispania ist eine der am meisten ausgezeichneten Spanischschulen in Spanien und konzentriert sich auf personalisierten Unterricht und flexible Stundenpl\u00e4ne. Sie ist perfekt f\u00fcr Erwachsene und Universit\u00e4tsstudenten, die Spanischlernen mit akademischen oder beruflichen Zielen verbinden m\u00f6chten.<\/p>\n<h4 style=\"text-align: justify;\"><strong>4. AIP-Sprachinstitut<\/strong><\/h4>\n<p style=\"text-align: justify;\">Die in der N\u00e4he der Universit\u00e4t gelegene AIP bietet Kurse f\u00fcr Jugendliche und Erwachsene an, darunter auch Vorbereitungskurse f\u00fcr die DELE-Pr\u00fcfungen und Programme zum Eintauchen in die Schule. Die Schule organisiert w\u00f6chentliche Aktivit\u00e4ten und Wochenendausfl\u00fcge in ganz Spanien.<\/p>\n<h4 style=\"text-align: justify;\"><strong>5. Costa de Valencia<\/strong><\/h4>\n<p style=\"text-align: justify;\">Accredited by Instituto Cervantes, this school provides intensive and super-intensive Spanish courses, as well as summer camps for teenagers. It\u2019s close to the beach \u2014 ideal for students who want to enjoy Valencia\u2019s coastal lifestyle.<\/p>\n<h3 style=\"text-align: justify;\"><strong>Die valencianische Erfahrung leben<\/strong><\/h3>\n<p style=\"text-align: justify;\">Learning Spanish in Valencia is more than studying \u2014 it\u2019s a complete <strong>kulturelles Eintauchen<\/strong>. Studenten k\u00f6nnen:<\/p>\n<ul style=\"text-align: justify;\">\n<li>Wanderung durch <strong>El Carmen<\/strong>, Das \u00e4lteste Viertel der Stadt ist voll von Stra\u00dfenkunst und lokalem Charme.<\/li>\n<li>Besuchen Sie die <strong>Stadt der K\u00fcnste und Wissenschaften<\/strong>, ein weltber\u00fchmter architektonischer Komplex.<\/li>\n<li>Authentischer Geschmack <strong>Paella<\/strong>, die hier in Valencia geboren wurde.<\/li>\n<li>Genie\u00dfen Sie das pulsierende Nachtleben, Open-Air-Konzerte und Strandpartys.<\/li>\n<li>Feiern Sie mit den Einheimischen traditionelle Feste wie <strong>Las Fallas<\/strong> und <strong>Die Tomatensorte<\/strong> (im nahe gelegenen Bu\u00f1ol).<\/li>\n<\/ul>\n<blockquote>\n<p style=\"text-align: justify;\">Valencia offers the <strong>perfekte Balance zwischen Studium und Freizeit<\/strong>, learn Spanish and immerse yourself in Andalusian culture \u2014 in Seville, every street, caf\u00e9, and plaza offers a chance to practice the language, experience local traditions, and make every moment truly unforgettable.<\/p>\n<\/blockquote>\n\n\t\t<\/div>\n\t<\/div>\n<section class=\"vc_cta3-container\"><div class=\"vc_general vc_do_cta3 vc_cta3 vc_cta3-style-outline vc_cta3-shape-rounded vc_cta3-align-left vc_cta3-color-classic vc_cta3-icon-size-md vc_cta3-icons-left vc_cta3-actions-right\"><div class=\"vc_cta3-icons\"><div class=\"vc_icon_element vc_icon_element-outer vc_do_icon vc_icon_element-align-left\"><div class=\"vc_icon_element-inner vc_icon_element-color-turquoise vc_icon_element-size-md vc_icon_element-style- vc_icon_element-background-color-grey\" ><span class=\"vc_icon_element-icon fa fa-solid fa-arrow-right-from-bracket\" ><\/span><\/div><\/div><\/div><div class=\"vc_cta3_content-container\"><div class=\"vc_cta3-content\"><header class=\"vc_cta3-content-header\"><h2>Beginnen Sie Ihre Spanischreise in Valencia noch heute!<\/h2><\/header><p style=\"text-align: justify;\">Whether you\u2019re an adult learner looking to advance your career, or a teenager searching for an unforgettable summer abroad, Valencia welcomes you with open arms. Come learn Spanish, live the culture, and fall in love with one of Spain\u2019s most exciting cities.<\/p>\n<\/div><div class=\"vc_cta3-actions\"><div class=\"vc_btn3-container vc_btn3-inline vc_do_btn\" ><a class=\"vc_general vc_btn3 vc_btn3-size-md vc_btn3-shape-rounded vc_btn3-style-modern vc_btn3-color-info\" href=\"https:\/\/holaspain.agency\/de\/#contact\" title=\"\">Erreichen Sie uns heute<\/a><\/div><\/div><\/div><\/div><\/section><\/div><\/div><\/div><\/div>\n<\/div>","protected":false},"excerpt":{"rendered":"<p>Entdecken Sie die besten Spanischschulen in Valencia - einer lebhaften K\u00fcstenstadt, in der mediterrane Str\u00e4nde, eine faszinierende Kultur und eine dynamische Studentenatmosph\u00e4re das perfekte Lernumfeld schaffen.<\/p>","protected":false},"author":1,"featured_media":1827,"parent":0,"menu_order":0,"comment_status":"closed","ping_status":"closed","template":"","meta":{"_seopress_robots_primary_cat":"","_seopress_titles_title":"Hola Spain %%sep%% %%post_title%%","_seopress_titles_desc":"Learn Spanish in Valencia \u2014 top schools, sunny beaches, vibrant student life, and authentic Spanish culture in the heart of the Mediterranean.","_seopress_robots_index":"","_daextam_enable_autolinks":"1","footnotes":""},"categories":[53,58],"tags":[],"class_list":["post-1228","page","type-page","status-publish","has-post-thumbnail","hentry","category-spanish-schools","category-valencian-community"],"_links":{"self":[{"href":"https:\/\/holaspain.agency\/de\/wp-json\/wp\/v2\/pages\/1228","targetHints":{"allow":["GET"]}}],"collection":[{"href":"https:\/\/holaspain.agency\/de\/wp-json\/wp\/v2\/pages"}],"about":[{"href":"https:\/\/holaspain.agency\/de\/wp-json\/wp\/v2\/types\/page"}],"author":[{"embeddable":true,"href":"https:\/\/holaspain.agency\/de\/wp-json\/wp\/v2\/users\/1"}],"replies":[{"embeddable":true,"href":"https:\/\/holaspain.agency\/de\/wp-json\/wp\/v2\/comments?post=1228"}],"version-history":[{"count":5,"href":"https:\/\/holaspain.agency\/de\/wp-json\/wp\/v2\/pages\/1228\/revisions"}],"predecessor-version":[{"id":2332,"href":"https:\/\/holaspain.agency\/de\/wp-json\/wp\/v2\/pages\/1228\/revisions\/2332"}],"wp:featuredmedia":[{"embeddable":true,"href":"https:\/\/holaspain.agency\/de\/wp-json\/wp\/v2\/media\/1827"}],"wp:attachment":[{"href":"https:\/\/holaspain.agency\/de\/wp-json\/wp\/v2\/media?parent=1228"}],"wp:term":[{"taxonomy":"category","embeddable":true,"href":"https:\/\/holaspain.agency\/de\/wp-json\/wp\/v2\/categories?post=1228"},{"taxonomy":"post_tag","embeddable":true,"href":"https:\/\/holaspain.agency\/de\/wp-json\/wp\/v2\/tags?post=1228"}],"curies":[{"name":"wp","href":"https:\/\/api.w.org\/{rel}","templated":true}]}}