{"id":1227,"date":"2016-09-06T18:11:23","date_gmt":"2016-09-06T18:11:23","guid":{"rendered":"http:\/\/demos.famethemes.com\/screenr-plus\/?post_type=portfolio&#038;p=1197"},"modified":"2026-01-07T15:28:37","modified_gmt":"2026-01-07T15:28:37","slug":"spanish-schools-in-barcelona","status":"publish","type":"page","link":"https:\/\/holaspain.agency\/de\/spanish-schools-in-barcelona\/","title":{"rendered":"Spanischschulen in Barcelona"},"content":{"rendered":"<div class=\"wpb-content-wrapper\"><div class=\"vc_row wpb_row vc_row-fluid\"><div class=\"wpb_column vc_column_container vc_col-sm-12\"><div class=\"vc_column-inner\"><div class=\"wpb_wrapper\">\n\t<div class=\"wpb_text_column wpb_content_element\" >\n\t\t<div class=\"wpb_wrapper\">\n\t\t\t<h1 style=\"text-align: justify;\">Spanisch lernen im Ausland<\/h1>\n<h3 style=\"text-align: justify;\"><strong>Spanisch lernen in Barcelona - Wo Sprache, Kunst und das Mittelmeer aufeinandertreffen<\/strong><\/h3>\n<blockquote>\n<p style=\"text-align: justify;\">Wenn Sie davon tr\u00e4umen, Spanisch in einer Stadt voller Kreativit\u00e4t, Kultur und K\u00fcstencharme zu lernen, <strong>Barcelona<\/strong> ist das perfekte Reiseziel. Ber\u00fchmt f\u00fcr seine <strong>Gaud\u00ed-Architektur, kosmopolitischer Lebensstil und Mittelmeerstr\u00e4nde<\/strong>, Barcelona offers an inspiring environment to <strong>Spanisch lernen und gleichzeitig eine der lebendigsten St\u00e4dte Europas genie\u00dfen<\/strong>.<\/p>\n<\/blockquote>\n<h3 style=\"text-align: justify;\"><strong>Warum Spanisch lernen in Barcelona<\/strong><\/h3>\n<p><iframe loading=\"lazy\" title=\"Spanisch lernen in Barcelona \ud83c\uddea\ud83c\uddf8 | Kultur, Stadtleben &amp; Eintauchen\" width=\"790\" height=\"444\" src=\"https:\/\/www.youtube.com\/embed\/ooLzWz08nEo?feature=oembed\" frameborder=\"0\" allow=\"accelerometer; autoplay; clipboard-write; encrypted-media; gyroscope; picture-in-picture; web-share\" referrerpolicy=\"strict-origin-when-cross-origin\" allowfullscreen><\/iframe><\/p>\n<p style=\"text-align: justify;\"><span style=\"font-size: 0.9375rem;\">Ob Sie ein\u00a0<\/span><strong style=\"font-size: 0.9375rem;\">Teenager auf der Suche nach einem unvergesslichen Sommer im Ausland<\/strong><span style=\"font-size: 0.9375rem;\">\u00a0oder ein\u00a0<\/span><strong style=\"font-size: 0.9375rem;\">erwachsener Lerner<\/strong><span style=\"font-size: 0.9375rem;\">\u00a0Barcelona kombiniert akademische Exzellenz mit einer aufregenden internationalen Atmosph\u00e4re, wenn man ein Vollimmersionsprogramm sucht.<\/span><\/p>\n<p style=\"text-align: justify;\">Barcelona is Spain\u2019s <strong>zweitgr\u00f6\u00dfte Stadt<\/strong> und eines der beliebtesten Ziele f\u00fcr internationale Studenten.<br \/>\nEs ist ein Ort, an dem Tradition auf Innovation trifft - wo man morgens Spanisch lernen, nachmittags ein Museum von Weltrang besuchen und abends am Strand entspannen kann.<\/p>\n<p style=\"text-align: justify;\">Students love Barcelona because:<\/p>\n<ul style=\"text-align: justify;\">\n<li>Sie bietet <strong>erstklassige Spanischschulen<\/strong> akkreditiert durch das Instituto Cervantes.<\/li>\n<li>Es ist ein <strong>zweisprachige Stadt<\/strong>, wo Sie sowohl Spanisch als auch Katalanisch h\u00f6ren k\u00f6nnen, was Ihre kulturelle Erfahrung bereichert.<\/li>\n<li>Die <strong>Mediterranes Klima<\/strong> und Lebensstil sorgen f\u00fcr entspanntes und angenehmes Lernen.<\/li>\n<li>Es ist <strong>international, k\u00fcnstlerisch und voller Leben<\/strong> - perfekt, um weltweit Freunde zu finden.<\/li>\n<li>Es ist immer etwas los - von Festivals \u00fcber Lebensmittelm\u00e4rkte bis hin zu Konzerten.<\/li>\n<\/ul>\n<p style=\"text-align: justify;\">In Barcelona, you\u2019ll not only learn Spanish \u2014 you\u2019ll <strong>es leben<\/strong> durch Kunst, Kultur und Alltagsgespr\u00e4che.<\/p>\n<h3 style=\"text-align: justify;\"><strong>Die besten Spanischschulen in Barcelona<\/strong><\/h3>\n<p style=\"text-align: justify;\">Hier sind einige der <strong>best and most accredited Spanish schools in Barcelona<\/strong>, und bietet Programme f\u00fcr alle Altersgruppen und Niveaus an:<\/p>\n<h4 style=\"text-align: justify;\"><strong>1. Enforex Barcelona<\/strong><\/h4>\n<p style=\"text-align: justify;\">In der N\u00e4he des ber\u00fchmten Passeig de Gr\u00e0cia gelegen, bietet Enforex moderne Einrichtungen, erfahrene Lehrer und ein multikulturelles Umfeld. Die Sch\u00fcler k\u00f6nnen zwischen Intensivkursen, DELE-Pr\u00fcfungsvorbereitung und Sommerprogrammen f\u00fcr Jugendliche w\u00e4hlen.<\/p>\n<h4 style=\"text-align: justify;\"><strong>2. Don Quijote Barcelona<\/strong><\/h4>\n<p style=\"text-align: justify;\">Don Quijote ist eine der f\u00fchrenden Sprachschulen Spaniens und bietet flexible Programme, kleine Klassen und ein umfassendes kulturelles Angebot. Sie ist ideal f\u00fcr Erwachsene, Universit\u00e4tsstudenten und j\u00fcngere Lernende, die schnell Fortschritte machen und gleichzeitig die Stadt genie\u00dfen m\u00f6chten.<\/p>\n<h4 style=\"text-align: justify;\"><strong>3. Speakeasy Barcelona<\/strong><\/h4>\n<p style=\"text-align: justify;\">Eine hoch bewertete moderne Schule mit einer entspannten, freundlichen Atmosph\u00e4re. Speakeasy bietet Intensiv- und Halbintensivkurse, Online-Kurse und kulturelle Veranstaltungen - perfekt f\u00fcr internationale Studenten, die Qualit\u00e4t und Gemeinschaft suchen.<\/p>\n<h4 style=\"text-align: justify;\"><strong>4. Barcelona ausdehnen<\/strong><\/h4>\n<p style=\"text-align: justify;\">Expanish ist vom Instituto Cervantes akkreditiert und konzentriert sich auf interaktives Lernen und vollst\u00e4ndiges Eintauchen in die Sprache. Die Schule organisiert Sprachaustausch, Kochworkshops und Exkursionen, was sie zu einem beliebten Ort f\u00fcr Erwachsene und Gap-Year-Studenten macht.<\/p>\n<h4 style=\"text-align: justify;\"><strong>5. Linguaschulen Barcelona<\/strong><\/h4>\n<p style=\"text-align: justify;\">Linguaschools befindet sich in einem sch\u00f6nen modernistischen Geb\u00e4ude in der N\u00e4he des Stadtzentrums und bietet Kurse in kleinen Gruppen und pers\u00f6nliche Betreuung an. Sie ist bekannt f\u00fcr ihre einladende Atmosph\u00e4re und die hervorragende Unterrichtsqualit\u00e4t.<\/p>\n<h3 style=\"text-align: justify;\"><strong>Die Erfahrung von Barcelona erleben<\/strong><\/h3>\n<p style=\"text-align: justify;\">Learning Spanish in Barcelona is a cultural adventure. You can:<\/p>\n<ul style=\"text-align: justify;\">\n<li>Erforschen Sie die <strong>Sagrada Fam\u00edlia<\/strong> und andere Meisterwerke von Gaud\u00ed.<\/li>\n<li>Wandern Sie durch das <strong>Gotisches Viertel<\/strong> und entdecken Sie versteckte Pl\u00e4tze und Caf\u00e9s.<\/li>\n<li>Entspannen Sie sich auf <strong>Strand Barceloneta<\/strong> nach dem Unterricht.<\/li>\n<li>Genie\u00dfen Sie Tapas-Abende in <strong>El Born<\/strong> oder die Aussicht auf den Sonnenuntergang von <strong>Montju\u00efc-H\u00fcgel<\/strong>.<\/li>\n<li>Erleben Sie lokale Feste wie <strong>La Merc\u00e8<\/strong> oder <strong>Sant Jordi<\/strong>, und entdecken Sie die katalanischen Traditionen und die spanische Kultur.<\/li>\n<\/ul>\n<blockquote>\n<p style=\"text-align: justify;\">Barcelona offers the perfect mix of <strong>Aufregung in der Stadt und Entspannung am Meer<\/strong>, making every day of your Spanish course unforgettable.\u00a0Learn Spanish and experience the vibrant energy of Barcelona \u2014 from bustling streets and iconic architecture to seaside caf\u00e9s, every moment is an opportunity to practice the language, embrace Catalan culture, and make your stay unforgettable.<\/p>\n<\/blockquote>\n\n\t\t<\/div>\n\t<\/div>\n<section class=\"vc_cta3-container\"><div class=\"vc_general vc_do_cta3 vc_cta3 vc_cta3-style-outline vc_cta3-shape-rounded vc_cta3-align-left vc_cta3-color-classic vc_cta3-icon-size-md vc_cta3-icons-left vc_cta3-actions-right\"><div class=\"vc_cta3-icons\"><div class=\"vc_icon_element vc_icon_element-outer vc_do_icon vc_icon_element-align-left\"><div class=\"vc_icon_element-inner vc_icon_element-color-turquoise vc_icon_element-size-md vc_icon_element-style- vc_icon_element-background-color-grey\" ><span class=\"vc_icon_element-icon fa fa-solid fa-arrow-right-from-bracket\" ><\/span><\/div><\/div><\/div><div class=\"vc_cta3_content-container\"><div class=\"vc_cta3-content\"><header class=\"vc_cta3-content-header\"><h2>Beginnen Sie Ihre Spanischreise in Barcelona noch heute!<\/h2><\/header><p style=\"text-align: justify;\">Egal, ob Sie Spanisch zum Reisen, f\u00fcr die Arbeit oder zum Spa\u00df lernen wollen, <strong>Barcelona is the ideal place to learn and live the language<\/strong>. Mit ihren hervorragenden Schulen, dem sonnigen Wetter und ihrer kreativen Energie l\u00e4dt die Stadt dazu ein, Spanisch durch Erfahrungen zu entdecken, an die Sie sich immer erinnern werden.<\/p>\n<\/div><div class=\"vc_cta3-actions\"><div class=\"vc_btn3-container vc_btn3-inline vc_do_btn\" ><a class=\"vc_general vc_btn3 vc_btn3-size-md vc_btn3-shape-rounded vc_btn3-style-modern vc_btn3-color-info\" href=\"https:\/\/holaspain.agency\/de\/#contact\" title=\"\">Erreichen Sie uns heute<\/a><\/div><\/div><\/div><\/div><\/section><\/div><\/div><\/div><\/div>\n<\/div>","protected":false},"excerpt":{"rendered":"<p>Tauchen Sie in Barcelona in die spanische Sprache ein - eine Stadt der Kreativit\u00e4t, der Kultur und der Sch\u00f6nheit des Meeres, die hervorragende Schulen in einem wahrhaft kosmopolitischen Umfeld bietet.<\/p>","protected":false},"author":1,"featured_media":1820,"parent":0,"menu_order":0,"comment_status":"closed","ping_status":"closed","template":"","meta":{"_seopress_robots_primary_cat":"","_seopress_titles_title":"Hola Spain %%sep%% %%post_title%%","_seopress_titles_desc":"Learn Spanish in Barcelona \u2014 immerse yourself in art, culture, and Mediterranean life while practicing the language in a vibrant, sunny city.","_seopress_robots_index":"","_daextam_enable_autolinks":"1","footnotes":""},"categories":[55,53],"tags":[],"class_list":["post-1227","page","type-page","status-publish","has-post-thumbnail","hentry","category-barcelona-spanish-schools","category-spanish-schools"],"_links":{"self":[{"href":"https:\/\/holaspain.agency\/de\/wp-json\/wp\/v2\/pages\/1227","targetHints":{"allow":["GET"]}}],"collection":[{"href":"https:\/\/holaspain.agency\/de\/wp-json\/wp\/v2\/pages"}],"about":[{"href":"https:\/\/holaspain.agency\/de\/wp-json\/wp\/v2\/types\/page"}],"author":[{"embeddable":true,"href":"https:\/\/holaspain.agency\/de\/wp-json\/wp\/v2\/users\/1"}],"replies":[{"embeddable":true,"href":"https:\/\/holaspain.agency\/de\/wp-json\/wp\/v2\/comments?post=1227"}],"version-history":[{"count":5,"href":"https:\/\/holaspain.agency\/de\/wp-json\/wp\/v2\/pages\/1227\/revisions"}],"predecessor-version":[{"id":2330,"href":"https:\/\/holaspain.agency\/de\/wp-json\/wp\/v2\/pages\/1227\/revisions\/2330"}],"wp:featuredmedia":[{"embeddable":true,"href":"https:\/\/holaspain.agency\/de\/wp-json\/wp\/v2\/media\/1820"}],"wp:attachment":[{"href":"https:\/\/holaspain.agency\/de\/wp-json\/wp\/v2\/media?parent=1227"}],"wp:term":[{"taxonomy":"category","embeddable":true,"href":"https:\/\/holaspain.agency\/de\/wp-json\/wp\/v2\/categories?post=1227"},{"taxonomy":"post_tag","embeddable":true,"href":"https:\/\/holaspain.agency\/de\/wp-json\/wp\/v2\/tags?post=1227"}],"curies":[{"name":"wp","href":"https:\/\/api.w.org\/{rel}","templated":true}]}}